{"id":9208,"date":"2021-11-08T11:08:55","date_gmt":"2021-11-08T04:08:55","guid":{"rendered":"https:\/\/www.konicaminolta.vn\/business\/?page_id=9208"},"modified":"2021-11-23T13:43:08","modified_gmt":"2021-11-23T06:43:08","slug":"workplace-hub","status":"publish","type":"page","link":"https:\/\/www.konicaminolta.vn\/business\/intelligent-connected-workplace\/workplace-hub\/","title":{"rendered":"Trung t\u00e2m l\u00e0m vi\u1ec7c"},"content":{"rendered":"<div class=\"wpb-content-wrapper\"><p>[vc_row][vc_column][rev_slider_vc alias=&#8221;wph-slider&#8221;][vc_empty_space height=&#8221;16px&#8221;][\/vc_column][\/vc_row][vc_row][vc_column][vc_column_text]<\/p>\n<h3 style = \"text-align: center;\"> <span style = \"font-size: 18pt;\"> \u0110\u1ed1i \u0111\u1ea7u v\u1edbi v\u1ea5n \u0111\u1ec1 CNTT: M\u1ed9t n\u01a1i l\u00e0m vi\u1ec7c hi\u1ec7n \u0111\u1ea1i, \u0111\u01a1n gi\u1ea3n CNTT do Konica Minolta qu\u1ea3n l\u00fd <\/span><\/h3>\n<p>[\/vc_column_text][vc_empty_space][\/vc_column][\/vc_row][vc_row][vc_column width=&#8221;1\/2&#8243;][vc_column_text]<\/p>\n<p style = \"text-align: left;\"> C\u01a1 s\u1edf h\u1ea1 t\u1ea7ng CNTT t\u1ea1i n\u01a1i l\u00e0m vi\u1ec7c \u0111ang ph\u00e1t tri\u1ec3n nhanh ch\u00f3ng. H\u1ec7 th\u1ed1ng c\u0169 g\u1eb7p ph\u1ea7n m\u1ec1m m\u1edbi. T\u0103ng r\u1ee7i ro b\u1ea3o m\u1eadt. Thi\u1ebfu th\u1eddi gian v\u00e0 ngu\u1ed3n l\u1ef1c n\u1ed9i b\u1ed9 \u0111\u1ec3 gi\u00e1m s\u00e1t, b\u1ea3o tr\u00ec ph\u1ea7n c\u1ee9ng, ph\u1ea7n m\u1ec1m v\u00e0 \u1ee9ng d\u1ee5ng.<\/p>\n<p style = \"text-align: left;\"> Nghe quen kh\u00f4ng?<\/p>\n<p style = \"text-align: left;\"> L\u00e0 m\u1ed9t doanh nghi\u1ec7p v\u1eeba ho\u1eb7c nh\u1ecf, b\u1ea1n c\u00f3 r\u1ea5t nhi\u1ec1u vi\u1ec7c ph\u1ea3i l\u00e0m. CNTT c\u00f3 th\u1ec3 l\u00e0 \u0111\u1ed9ng l\u1ef1c l\u1edbn nh\u1ea5t cho c\u00f4ng vi\u1ec7c c\u1ee7a b\u1ea1n, n\u00f3 c\u0169ng c\u00f3 th\u1ec3 tr\u1edf th\u00e0nh n\u00fat th\u1eaft c\u1ed5 chai t\u1ed3i t\u1ec7 nh\u1ea5t \u0111\u1ed1i v\u1edbi m\u1ecdi doanh nghi\u1ec7p. Th\u00f4ng th\u01b0\u1eddng, CNTT thay \u0111\u1ed5i qu\u00e1 nhanh v\u00e0 kh\u00f3 theo k\u1ecbp c\u00e1c y\u00eau c\u1ea7u c\u1ee7a m\u00f4i tr\u01b0\u1eddng l\u00e0m vi\u1ec7c hi\u1ec7n \u0111\u1ea1i.<\/p>\n<p>[\/vc_column_text][vc_empty_space][vc_separator][vc_empty_space][vc_btn title=&#8221;L\u00ean l\u1ecbch tr\u00ecnh di\u1ec5n&#8221; style=&#8221;flat&#8221; shape=&#8221;square&#8221; color=&#8221;info&#8221; link=&#8221;url:https%3A%2F%2Fwww.konicaminolta.sg%2Fbusiness%2Fcontact-us%2F||target:%20_blank|&#8221;][vc_empty_space][\/vc_column][vc_column width=&#8221;1\/2&#8243;][vc_single_image image=&#8221;9210&#8243; img_size=&#8221;full&#8221; alignment=&#8221;center&#8221; css_animation=&#8221;right-to-left&#8221;][\/vc_column][\/vc_row][vc_row][vc_column][vc_empty_space height=&#8221;64px&#8221;][vc_separator][vc_column_text 0=&#8221;&#8221;]<\/p>\n<h3 style = \"text-align: center;\"> <span style = \"font-size: 18pt;\"> Nh\u1eefng th\u00e1ch th\u1ee9c li\u00ean quan \u0111\u1ebfn CNTT d\u00e0nh cho doanh nghi\u1ec7p <\/span><\/h3>\n<p>[\/vc_column_text][vc_column_text 0=&#8221;&#8221;]<\/p>\n<p style = \"text-align: center;\"> Ch\u00fang t\u00f4i \u0111\u00e3 x\u00e1c \u0111\u1ecbnh 5 th\u00e1ch th\u1ee9c v\u00e0 m\u1ed1i \u0111e d\u1ecda h\u00e0ng \u0111\u1ea7u li\u00ean quan \u0111\u1ebfn CNTT c\u1ee7a c\u00e1c t\u1ed5 ch\u1ee9c v\u1eeba v\u00e0 nh\u1ecf nh\u01b0 c\u1ee7a b\u1ea1n:<\/p>\n<p>[\/vc_column_text][vc_empty_space 0=&#8221;&#8221;][vc_row_inner 0=&#8221;&#8221;][vc_column_inner width=&#8221;2\/6&#8243;][vc_column_text 0=&#8221;&#8221;]<\/p>\n<h1 style=\"text-align: center;\"><span style=\"font-size: 36pt;\"><big><strong>54%<\/strong><\/big><\/span><\/h1>\n<p style=\"text-align: center;\">cho r\u1eb1ng CNTT c\u1ee7a h\u1ecd kh\u00f4ng \u0111\u1ee7 linh ho\u1ea1t \u0111\u1ec3 theo k\u1ecbp v\u1edbi ho\u1ea1t \u0111\u1ed9ng kinh doanh \u0111ang ph\u00e1t tri\u1ec3n c\u1ee7a h\u1ecd<\/p>\n<p>[\/vc_column_text][\/vc_column_inner][vc_column_inner width=&#8221;1\/6&#8243;][vc_column_text 0=&#8221;&#8221;]<\/p>\n<h1 style=\"text-align: center;\"><span style=\"font-size: 36pt;\"><big><strong>43%<\/strong><\/big><\/span><\/h1>\n<p style=\"text-align: center;\">lo l\u1eafng v\u1ec1 t\u00ednh b\u1ea3o m\u1eadt c\u1ee7a d\u1eef li\u1ec7u v\u00e0 h\u1ec7 th\u1ed1ng c\u1ee7a h\u1ecd<\/p>\n<p>[\/vc_column_text][\/vc_column_inner][vc_column_inner width=&#8221;1\/6&#8243;][vc_column_text 0=&#8221;&#8221;]<\/p>\n<h1 style=\"text-align: center;\"><span style=\"font-size: 36pt;\"><big><strong>39%<\/strong><\/big><\/span><\/h1>\n<p style=\"text-align: center;\">c\u1ea3m th\u1ea5y r\u1eb1ng vi\u1ec7c qu\u1ea3n l\u00fd ph\u1ee9c t\u1ea1p CNTT c\u1ee7a h\u1ecd l\u00e0m gi\u1ea3m n\u0103ng su\u1ea5t<\/p>\n<p>[\/vc_column_text][\/vc_column_inner][vc_column_inner width=&#8221;1\/6&#8243;][vc_column_text 0=&#8221;&#8221;]<\/p>\n<h1 style=\"text-align: center;\"><span style=\"font-size: 36pt;\"><big><strong>22%<\/strong><\/big><\/span><\/h1>\n<p style=\"text-align: center;\">g\u1eb7p kh\u00f3 kh\u0103n trong vi\u1ec7c d\u1ef1 \u0111o\u00e1n chi ph\u00ed CNTT v\u0103n ph\u00f2ng c\u00f3 kh\u1ea3 n\u0103ng cao<\/p>\n<p>[\/vc_column_text][\/vc_column_inner][vc_column_inner width=&#8221;1\/6&#8243;][vc_column_text 0=&#8221;&#8221;]<\/p>\n<h1 style=\"text-align: center;\"><span style=\"font-size: 36pt;\"><big><strong>14%<\/strong><\/big><\/span><\/h1>\n<p style=\"text-align: center;\">c\u1ea7n c\u00e1c c\u00f4ng c\u1ee5 m\u1edbi \u0111\u1ec3 h\u1ed7 tr\u1ee3 l\u00e0m vi\u1ec7c t\u1eeb xa ngay b\u00e2y gi\u1edd<\/p>\n<p>[\/vc_column_text][\/vc_column_inner][vc_column_inner width=&#8221;1\/6&#8243;][\/vc_column_inner][\/vc_row_inner][vc_empty_space 0=&#8221;&#8221;][vc_separator 0=&#8221;&#8221;][\/vc_column][\/vc_row][vc_row el_id=&#8221;product_one&#8221;][vc_column width=&#8221;1\/6&#8243;][\/vc_column][vc_column width=&#8221;2\/3&#8243;][vc_column_text 0=&#8221;&#8221;]<\/p>\n<h3 style=\"text-align: center;\"><span style=\"font-size: 18pt;\">G\u1eb7p g\u1ee1 Workplace Hub<\/span><\/h3>\n<p>[\/vc_column_text][vc_column_text]<\/p>\n<p style=\"text-align: center;\">Workplace Hub c\u00f3 s\u1eb5n d\u01b0\u1edbi d\u1ea1ng phi\u00ean b\u1ea3n ch\u1ec9 d\u00e0nh cho m\u00e1y ch\u1ee7 cho ph\u00f2ng m\u00e1y ch\u1ee7 c\u1ee7a b\u1ea1n ho\u1eb7c k\u1ebft h\u1ee3p v\u1edbi MFP \u0111\u1ec3 t\u1eadn d\u1ee5ng t\u1ed1t nh\u1ea5t kh\u00f4ng gian v\u0103n ph\u00f2ng nh\u1ecf.<\/p>\n<p>[\/vc_column_text][vc_single_image image=&#8221;9212&#8243; img_size=&#8221;full&#8221; alignment=&#8221;center&#8221; css_animation=&#8221;fadeIn&#8221;][vc_empty_space height=&#8221;16px&#8221;][vc_btn title=&#8221;T\u1ea3i Brochure&#8221; style=&#8221;flat&#8221; shape=&#8221;square&#8221; color=&#8221;info&#8221; align=&#8221;center&#8221; link=&#8221;url:https%3A%2F%2Fwww.konicaminolta.sg%2Fbusiness%2Fdownload-form%2F%3Fd_link%3Dhttps%3A%2F%2Fwww.konicaminolta.sg%2Fbusiness%2Fwp-content%2Fuploads%2F2021%2F09%2FWorkplace%2520Hub%2520Smart%2520Core%2520Brochure%2520Direct%2520Sales_bsa_LR.pdf||target:%20_blank|rel:nofollow&#8221;][\/vc_column][vc_column width=&#8221;1\/6&#8243;][\/vc_column][\/vc_row][vc_row][vc_column][vc_row_inner][vc_column_inner][vc_empty_space][vc_separator][\/vc_column_inner][\/vc_row_inner][vc_column_text]<\/p>\n<h3 style=\"text-align: center;\"><span style=\"font-size: 18pt;\">S\u01a1 l\u01b0\u1ee3c v\u1ec1 l\u1ee3i \u00edch c\u1ee7a b\u1ea1n<\/span><\/h3>\n<p>[\/vc_column_text][vc_empty_space height=&#8221;16px&#8221;][\/vc_column][\/vc_row][vc_row][vc_column width=&#8221;1\/6&#8243;][vc_single_image image=&#8221;9214&#8243; img_size=&#8221;100&#215;100&#8243; alignment=&#8221;center&#8221; css_animation=&#8221;left-to-right&#8221;][vc_column_text]<\/p>\n<p style = \"text-align: center;\"> <strong> Y\u00ean t\u00e2m <\/strong><br \/>\nHo\u00e0n to\u00e0n t\u1eadp trung v\u00e0o c\u00e1c nhi\u1ec7m v\u1ee5 c\u1ed1t l\u00f5i c\u1ee7a b\u1ea1n<\/p>\n<p>[\/vc_column_text][\/vc_column][vc_column width=&#8221;1\/6&#8243;][vc_single_image image=&#8221;9215&#8243; img_size=&#8221;100&#215;100&#8243; alignment=&#8221;center&#8221; css_animation=&#8221;left-to-right&#8221;][vc_column_text]<\/p>\n<p style = \"text-align: center;\"> <strong> B\u1ea3o m\u1eadt <\/strong><br \/>\nT\u00edch h\u1ee3p m\u1ea1ng an to\u00e0n, m\u00e3 h\u00f3a d\u1eef li\u1ec7u, t\u01b0\u1eddng l\u1eeda<\/p>\n<p>[\/vc_column_text][\/vc_column][vc_column width=&#8221;1\/6&#8243;][vc_single_image image=&#8221;9216&#8243; img_size=&#8221;100&#215;100&#8243; alignment=&#8221;center&#8221; css_animation=&#8221;left-to-right&#8221;][vc_column_text]<\/p>\n<p style = \"text-align: center;\"> <strong> Kh\u1ea3 n\u0103ng m\u1edf r\u1ed9ng <\/strong><br \/>\nC\u00e1c d\u1ecbch v\u1ee5 m\u00f4-\u0111un (\u0111\u01b0\u1ee3c qu\u1ea3n l\u00fd) v\u00e0 c\u00e1c \u1ee9ng d\u1ee5ng kinh doanh<\/p>\n<p>[\/vc_column_text][\/vc_column][vc_column width=&#8221;1\/6&#8243;][vc_single_image image=&#8221;9217&#8243; img_size=&#8221;100&#215;100&#8243; alignment=&#8221;center&#8221; css_animation=&#8221;left-to-right&#8221;][vc_column_text]<\/p>\n<p style = \"text-align: center;\"> <strong> L\u1eadp k\u1ebf ho\u1ea1ch kinh doanh ch\u00ednh x\u00e1c <\/strong><br \/>\nM\u1ed9t h\u1ee3p \u0111\u1ed3ng, m\u1ed9t gi\u00e1 c\u1ed1 \u0111\u1ecbnh<\/p>\n<p>[\/vc_column_text][\/vc_column][vc_column width=&#8221;1\/6&#8243;][vc_single_image image=&#8221;9218&#8243; img_size=&#8221;100&#215;100&#8243; alignment=&#8221;center&#8221; css_animation=&#8221;left-to-right&#8221;][vc_column_text]<\/p>\n<p style = \"text-align: center;\"> <strong> H\u1ed7 tr\u1ee3 nhanh <\/strong><br \/>\nC\u00e1c chuy\u00ean gia CNTT th\u00e2n thi\u1ebft v\u1edbi b\u1ea1n<\/p>\n<p>[\/vc_column_text][\/vc_column][vc_column width=&#8221;1\/6&#8243;][vc_single_image image=&#8221;9219&#8243; img_size=&#8221;100&#215;100&#8243; alignment=&#8221;center&#8221; css_animation=&#8221;left-to-right&#8221;][vc_column_text]<\/p>\n<p style = \"text-align: center;\"> <strong> N\u0103ng su\u1ea5t <\/strong><br \/>\nC\u1ed9ng t\u00e1c nh\u00f3m hi\u1ec7u qu\u1ea3 h\u01a1n<\/p>\n<p>[\/vc_column_text][\/vc_column][\/vc_row][vc_row][vc_column][vc_empty_space height=&#8221;16px&#8221;][vc_separator][vc_column_text]<\/p>\n<h3 style=\"text-align: center;\"><span style=\"font-size: 18pt;\">Managed Services makes management of your IT infrastructure a thing of the past<\/span><\/h3>\n<p>[\/vc_column_text][vc_column_text]<\/p>\n<p style = \"text-align: center;\"> Khi th\u1eddi \u0111\u1ea1i v\u00e0 gi\u1edbi h\u1ea1n c\u00f4ng ngh\u1ec7 c\u1ee7a b\u1ea1n b\u1eaft \u0111\u1ea7u tr\u1edf th\u00e0nh h\u1ea1n ch\u1ebf trong vi\u1ec7c cung c\u1ea5p c\u00e1c s\u1ea3n ph\u1ea9m v\u00e0 d\u1ecbch v\u1ee5 \u0111\u1eb7c bi\u1ec7t, \u0111\u00e3 \u0111\u1ebfn l\u00fac ph\u1ea3i h\u00e0nh \u0111\u1ed9ng. Ch\u00fang t\u00f4i tr\u00fat b\u1ecf g\u00e1nh n\u1eb7ng n\u00e0y t\u1eeb b\u1ea1n, cung c\u1ea5p d\u1ecbch v\u1ee5 \u0111\u1ea7u cu\u1ed1i v\u1edbi l\u1ee3i \u00edch c\u1ee7a c\u00e1c gi\u1ea3i ph\u00e1p in \u1ea5n v\u00e0 quy tr\u00ecnh l\u00e0m vi\u1ec7c c\u0169ng nh\u01b0 c\u00e1c d\u1ecbch v\u1ee5 \u0111\u01b0\u1ee3c qu\u1ea3n l\u00fd xu\u1ea5t s\u1eafc.<\/p>\n<p style = \"text-align: center;\"> <strong> C\u00f4ng c\u1ee5 qu\u1ea3n l\u00fd h\u00f3a \u0111\u01a1n, qu\u1ea3n l\u00fd in ho\u1eb7c c\u1ed9ng t\u00e1c c\u1ea7n thi\u1ebft? Ch\u00fang t\u00f4i \u0111\u00e3 h\u1ed7 tr\u1ee3 b\u1ea1n! <\/strong><\/p>\n<p style = \"text-align: center;\"> Workplace Hub t\u00edch h\u1ee3p CNTT v\u00e0 c\u00e1c \u1ee9ng d\u1ee5ng c\u1ee7a b\u1ea1n th\u00e0nh m\u1ed9t gi\u1ea3i ph\u00e1p t\u1ea5t c\u1ea3 trong m\u1ed9t v\u00e0 lu\u00f4n c\u1eadp nh\u1eadt.<\/p>\n<p>[\/vc_column_text][vc_empty_space height=&#8221;16px&#8221;][\/vc_column][\/vc_row][vc_row content_placement=&#8221;middle&#8221; disable_element=&#8221;yes&#8221; css=&#8221;.vc_custom_1625619252631{background-color: #ddf2ff !important;}&#8221;][vc_column width=&#8221;2\/3&#8243;][vc_empty_space height=&#8221;16px&#8221;][vc_video link=&#8221;https:\/\/www.youtube.com\/embed\/UcmzZ3AcMNI&#8221; el_width=&#8221;90&#8243;][\/vc_column][vc_column width=&#8221;1\/3&#8243;][vc_column_text]<\/p>\n<p style=\"text-align: left;\"><span style=\"font-size: 12pt;\"><strong>Simplicity instead of complexity: Workplace Hub frees you up from daily IT hassles<\/strong><\/span><\/p>\n<p>[\/vc_column_text][vc_column_text]<\/p>\n<p style=\"text-align: left;\"><span style=\"font-size: 10pt;\">The life of a manager is exciting, filled with challenge, success, but also unpleasant surprises such as computer problems. But IT is mostly not the manager&#8217;s key task. Signing a maintenance contract with an IT service provider may be a suitable and cost-effective option.<\/span><\/p>\n<p>[\/vc_column_text][\/vc_column][vc_column][vc_empty_space][\/vc_column][\/vc_row][vc_row disable_element=&#8221;yes&#8221; css=&#8221;.vc_custom_1625467178565{background-color: #ffffff !important;}&#8221;][vc_column][vc_row_inner][vc_column_inner][vc_empty_space height=&#8221;16px&#8221;][vc_separator][\/vc_column_inner][\/vc_row_inner][vc_column_text]<\/p>\n<h3 style=\"text-align: center;\"><span style=\"font-size: 18pt;\">The importance of IT security: Be prepared for attacks and vulnerabilities of your systems<\/span><\/h3>\n<p>[\/vc_column_text][vc_column_text]<\/p>\n<p style=\"text-align: center;\">Nobody wants to enter the office in the morning and discovering you and your customers&#8217; data are lost. Time needed to get this solved on your own? Too long. A nightmare for every small business.<\/p>\n<p style=\"text-align: center;\">In the example of our Workplace Hub customer from Europe, after a crypto-virus attack, the only solution was to replace their entire IT.<\/p>\n<p style=\"text-align: center;\">With Workplace Hub, worry less about security and let it do the hard work for you.<\/p>\n<p>[\/vc_column_text][vc_empty_space height=&#8221;16px&#8221;][vc_tta_tabs style=&#8221;modern&#8221; spacing=&#8221;&#8221; alignment=&#8221;center&#8221; active_section=&#8221;1&#8243; css=&#8221;.vc_custom_1622516064379{background-color: #ffffff !important;border-radius: 5px !important;}&#8221;][vc_tta_section title=&#8221;Cyber Security&#8221; tab_id=&#8221;1620377340961-3ec17625-b486&#8243;][vc_empty_space height=&#8221;16px&#8221;][vc_column_text]<\/p>\n<p style=\"text-align: center;\">Industry-leading firewall technology to protect your network<\/p>\n<p>[\/vc_column_text][\/vc_tta_section][vc_tta_section title=&#8221;Data Security&#8221; tab_id=&#8221;1620377341009-d964d5a5-f7d7&#8243;][vc_empty_space height=&#8221;16px&#8221;][vc_column_text]<\/p>\n<p style=\"text-align: center;\">End-to-end encryption ensures your data cannot be exploited<\/p>\n<p>[\/vc_column_text][\/vc_tta_section][vc_tta_section title=&#8221;Backup&#8221; tab_id=&#8221;1620377489767-1d85e027-4831&#8243;][vc_empty_space height=&#8221;16px&#8221;][vc_column_text]<\/p>\n<p style=\"text-align: center;\">Your data is never lost and can be restored within hours in case of a breakdown<\/p>\n<p>[\/vc_column_text][\/vc_tta_section][vc_tta_section title=&#8221;Proximity&#8221; tab_id=&#8221;1620377511853-0834034b-92fb&#8221;][vc_empty_space height=&#8221;16px&#8221;][vc_column_text]<\/p>\n<p style=\"text-align: center;\">IT experts close by to help you get back on track quickly<\/p>\n<p>[\/vc_column_text][\/vc_tta_section][vc_tta_section title=&#8221;Expertise&#8221; tab_id=&#8221;1620377546573-cf6aac78-ac17&#8243;][vc_empty_space height=&#8221;16px&#8221;][vc_column_text]<\/p>\n<p style=\"text-align: center;\">Over 20 years experience in security<\/p>\n<p>[\/vc_column_text][\/vc_tta_section][\/vc_tta_tabs][\/vc_column][\/vc_row][vc_row][vc_column][vc_empty_space height=&#8221;16px&#8221;][vc_row_inner][vc_column_inner width=&#8221;1\/4&#8243;][\/vc_column_inner][vc_column_inner width=&#8221;1\/4&#8243;][vc_btn title=&#8221;T\u1ea3i Brochure&#8221; style=&#8221;flat&#8221; shape=&#8221;square&#8221; color=&#8221;info&#8221; align=&#8221;center&#8221; button_block=&#8221;true&#8221; link=&#8221;url:https%3A%2F%2Fwww.konicaminolta.sg%2Fbusiness%2Fdownload-form%2F%3Fd_link%3Dhttps%3A%2F%2Fwww.konicaminolta.sg%2Fbusiness%2Fwp-content%2Fuploads%2F2021%2F09%2FWorkplace%2520Hub%2520Smart%2520Core%2520Brochure%2520Direct%2520Sales_bsa_LR.pdf||target:%20_blank|rel:nofollow&#8221;][\/vc_column_inner][vc_column_inner width=&#8221;1\/4&#8243;][vc_btn title=&#8221;L\u00ean l\u1ecbch tr\u00ecnh di\u1ec5n&#8221; style=&#8221;flat&#8221; shape=&#8221;square&#8221; color=&#8221;info&#8221; align=&#8221;center&#8221; button_block=&#8221;true&#8221; link=&#8221;url:https%3A%2F%2Fwww.konicaminolta.sg%2Fbusiness%2Fcontact-us%2F||target:%20_blank|&#8221;][\/vc_column_inner][vc_column_inner width=&#8221;1\/4&#8243;][\/vc_column_inner][\/vc_row_inner][vc_empty_space height=&#8221;16px&#8221;][\/vc_column][\/vc_row][vc_row][vc_column][vc_row_inner][vc_column_inner][vc_empty_space height=&#8221;16px&#8221;][\/vc_column_inner][\/vc_row_inner][vc_separator][vc_column_text]<\/p>\n<h3 style=\"text-align: center;\"><span style=\"font-size: 18pt;\">H\u1ee3p t\u00e1c v\u1edbi<\/span><\/h3>\n<p>[\/vc_column_text][vc_empty_space height=&#8221;16px&#8221;][vc_row_inner content_placement=&#8221;middle&#8221;][vc_column_inner width=&#8221;1\/3&#8243;][\/vc_column_inner][vc_column_inner width=&#8221;1\/3&#8243;][vc_single_image image=&#8221;9221&#8243; img_size=&#8221;full&#8221; alignment=&#8221;center&#8221; css_animation=&#8221;left-to-right&#8221;][\/vc_column_inner][vc_column_inner width=&#8221;1\/3&#8243;][\/vc_column_inner][\/vc_row_inner][vc_empty_space][\/vc_column][\/vc_row][vc_row disable_element=&#8221;yes&#8221;][vc_column][vc_row_inner][vc_column_inner][vc_column_text el_class=&#8221;success_section&#8221;]<\/p>\n<h2 style=\"text-align: center;\">Use Cases<\/h2>\n<p>[\/vc_column_text][\/vc_column_inner][\/vc_row_inner][vc_row_inner el_class=&#8221;success_section&#8221;][vc_column_inner width=&#8221;1\/3&#8243;][vc_single_image image=&#8221;8141&#8243; img_size=&#8221;full&#8221; alignment=&#8221;center&#8221; onclick=&#8221;custom_link&#8221; link=&#8221;https:\/\/www.konicaminolta.sg\/business\/blog\/rethink-workplace-operations-through-smart-monitoring\/&#8221;][vc_column_text]<a href=\"https:\/\/www.konicaminolta.sg\/business\/blog\/workplace-automation-navigating-the-future-of-work\/\"><strong>Workplace Automation: Navigating the future of work<\/strong><\/a>[\/vc_column_text][vc_column_text]<\/p>\n<p style=\"text-align: justify;\">Automation and artificial intelligence (AI) are changing the nature of work.<\/p>\n<p>[\/vc_column_text][vc_btn title=&#8221;Read more&#8221; style=&#8221;flat&#8221; shape=&#8221;square&#8221; color=&#8221;white&#8221; size=&#8221;xs&#8221; align=&#8221;left&#8221; link=&#8221;url:https%3A%2F%2Fwww.konicaminolta.sg%2Fbusiness%2Fblog%2Fworkplace-automation-navigating-the-future-of-work%2F|||&#8221;][\/vc_column_inner][vc_column_inner width=&#8221;1\/3&#8243;][\/vc_column_inner][vc_column_inner width=&#8221;1\/3&#8243;][\/vc_column_inner][\/vc_row_inner][\/vc_column][\/vc_row][vc_row][vc_column][vc_empty_space][\/vc_column][\/vc_row][vc_row][vc_column][vc_raw_js]JTNDc2NyaXB0JTNFJTIwJTBBalF1ZXJ5JTI4JTIwJTIyJTIzYmVuZWZpdF9zZWN0aW9uJTIyJTIwJTI5LndyYXBBbGwlMjglMjAlMjIlM0NkaXYlMjBjbGFzcyUzRCUyN2JlbmVmaXQlMjclMjAlMkYlM0UlMjIlMjklMEElMjAlMjAlMjBqUXVlcnklMjglMjAlMjIuc3VjY2Vzc19zZWN0aW9uJTIyJTIwJTI5LndyYXBBbGwlMjglMjAlMjIlM0NkaXYlMjBjbGFzcyUzRCUyN3N1Y2Nlc3MlMjclMjAlMkYlM0UlMjIlMjAlMjklMEElMjAlMjAlMjAlMjAlMjAlMjAlMEElM0MlMkZzY3JpcHQlM0U=[\/vc_raw_js][\/vc_column][\/vc_row][vc_row][vc_column][\/vc_column][\/vc_row]<\/p>\n<\/div>","protected":false},"excerpt":{"rendered":"<p>[vc_row][vc_column][rev_slider_vc alias=&#8221;wph-slider&#8221;][vc_empty_space height=&#8221;16px&#8221;][\/vc_column][\/vc_row][vc_row][vc_column][vc_column_text] \u0110\u1ed1i \u0111\u1ea7u v\u1edbi v\u1ea5n \u0111\u1ec1 CNTT: M\u1ed9t n\u01a1i l\u00e0m vi\u1ec7c hi\u1ec7n \u0111\u1ea1i, \u0111\u01a1n gi\u1ea3n CNTT do Konica Minolta qu\u1ea3n l\u00fd [\/vc_column_text][vc_empty_space][\/vc_column][\/vc_row][vc_row][vc_column width=&#8221;1\/2&#8243;][vc_column_text] C\u01a1 s\u1edf h\u1ea1 t\u1ea7ng CNTT t\u1ea1i n\u01a1i l\u00e0m vi\u1ec7c \u0111ang ph\u00e1t tri\u1ec3n nhanh ch\u00f3ng. H\u1ec7 th\u1ed1ng c\u0169 g\u1eb7p ph\u1ea7n m\u1ec1m m\u1edbi. T\u0103ng r\u1ee7i ro b\u1ea3o m\u1eadt. Thi\u1ebfu th\u1eddi gian v\u00e0<\/p>\n","protected":false},"author":1,"featured_media":0,"parent":9183,"menu_order":0,"comment_status":"closed","ping_status":"closed","template":"","meta":{"footnotes":""},"class_list":["post-9208","page","type-page","status-publish","hentry"],"_links":{"self":[{"href":"https:\/\/www.konicaminolta.vn\/business\/wp-json\/wp\/v2\/pages\/9208","targetHints":{"allow":["GET"]}}],"collection":[{"href":"https:\/\/www.konicaminolta.vn\/business\/wp-json\/wp\/v2\/pages"}],"about":[{"href":"https:\/\/www.konicaminolta.vn\/business\/wp-json\/wp\/v2\/types\/page"}],"author":[{"embeddable":true,"href":"https:\/\/www.konicaminolta.vn\/business\/wp-json\/wp\/v2\/users\/1"}],"replies":[{"embeddable":true,"href":"https:\/\/www.konicaminolta.vn\/business\/wp-json\/wp\/v2\/comments?post=9208"}],"version-history":[{"count":4,"href":"https:\/\/www.konicaminolta.vn\/business\/wp-json\/wp\/v2\/pages\/9208\/revisions"}],"predecessor-version":[{"id":9329,"href":"https:\/\/www.konicaminolta.vn\/business\/wp-json\/wp\/v2\/pages\/9208\/revisions\/9329"}],"up":[{"embeddable":true,"href":"https:\/\/www.konicaminolta.vn\/business\/wp-json\/wp\/v2\/pages\/9183"}],"wp:attachment":[{"href":"https:\/\/www.konicaminolta.vn\/business\/wp-json\/wp\/v2\/media?parent=9208"}],"curies":[{"name":"wp","href":"https:\/\/api.w.org\/{rel}","templated":true}]}}