{"id":9228,"date":"2021-11-08T13:43:58","date_gmt":"2021-11-08T06:43:58","guid":{"rendered":"https:\/\/www.konicaminolta.vn\/business\/?page_id=9228"},"modified":"2021-11-24T16:22:52","modified_gmt":"2021-11-24T09:22:52","slug":"komi-doc","status":"publish","type":"page","link":"https:\/\/www.konicaminolta.vn\/business\/komi-doc\/","title":{"rendered":"Komi Doc"},"content":{"rendered":"<div class=\"wpb-content-wrapper\"><p>[vc_row css=&#8221;.vc_custom_1511255800822{margin-top: -75px !important;}&#8221;][vc_column][rev_slider_vc alias=&#8221;document-management-solution&#8221;][\/vc_column][\/vc_row][vc_row][vc_column][vc_empty_space height=&#8221;15px&#8221;][\/vc_column][\/vc_row][vc_row full_width=&#8221;stretch_row&#8221;][vc_column width=&#8221;2\/3&#8243;][vc_tta_tabs shape=&#8221;square&#8221; color=&#8221;white&#8221; spacing=&#8221;3&#8243; active_section=&#8221;1&#8243; pagination_style=&#8221;outline-square&#8221; pagination_color=&#8221;white&#8221;][vc_tta_section title=&#8221;T\u00ednh n\u0103ng &amp; Nh\u1eefng l\u1ee3i \u00edch&#8221; tab_id=&#8221;1498066910571-031a6d46-cdde7bd8-b542d72d-65ee083e-a85f&#8221;][vc_empty_space][vc_row_inner][vc_column_inner][vc_column_text]N\u1ec1n t\u1ea3ng \u0111\u00e1m m\u00e2y Komi Doc gi\u00fap h\u1ee3p l\u00fd h\u00f3a c\u00e1c quy tr\u00ecnh kinh doanh c\u1ee7a b\u1ea1n v\u1edbi c\u00e1c gi\u1ea3i ph\u00e1p c\u1ed9ng t\u00e1c v\u00e0 quy tr\u00ecnh l\u00e0m vi\u1ec7c, gi\u1ea3i ph\u00f3ng ti\u1ec1m n\u0103ng k\u1ef9 thu\u1eadt s\u1ed1 c\u1ee7a b\u1ea1n; chuy\u1ec3n c\u00e1c quy tr\u00ecnh d\u1ef1a tr\u00ean gi\u1ea5y t\u1edd c\u1ee7a b\u1ea1n th\u00e0nh quy tr\u00ecnh l\u00e0m vi\u1ec7c \u0111i\u1ec7n t\u1eed \u0111\u1ec3 qu\u1ea3n l\u00fd ho\u1ea1t \u0111\u1ed9ng c\u1ee7a b\u1ea1n hi\u1ec7u qu\u1ea3 h\u01a1n[\/vc_column_text][vc_single_image image=&#8221;9350&#8243; img_size=&#8221;full&#8221;][vc_single_image image=&#8221;9351&#8243; img_size=&#8221;full&#8221;][\/vc_column_inner][\/vc_row_inner][vc_btn title=&#8221;T\u00ecm hi\u1ec3u th\u00eam \u2192&#8221; color=&#8221;primary&#8221; align=&#8221;center&#8221; button_block=&#8221;true&#8221; link=&#8221;url:https%3A%2F%2Fasia-info.konicaminolta.sg%2Fkomi-doc||target:%20_blank|&#8221;][\/vc_tta_section][vc_tta_section title=&#8221;B\u1ea1n c\u00f3 bi\u1ebft&#8221; tab_id=&#8221;1594023114663-c1a2fab7-a0a8&#8243;][vc_empty_space][vc_row_inner][vc_column_inner width=&#8221;1\/2&#8243;][vc_column_text]C\u00e1c chuy\u00ean gia trung b\u00ecnh d\u00e0nh 18 ph\u00fat \u0111\u1ec3 t\u00ecm ki\u1ebfm m\u1ed9t t\u00e0i li\u1ec7u, chi\u1ebfm t\u1edbi <b> g\u1ea7n 50% <\/b> t\u1ed5ng th\u1eddi gian c\u1ee7a h\u1ecd cho c\u00f4ng vi\u1ec7c.[\/vc_column_text][vc_single_image image=&#8221;9352&#8243; img_size=&#8221;full&#8221; alignment=&#8221;center&#8221;][\/vc_column_inner][vc_column_inner width=&#8221;1\/2&#8243;][vc_column_text]T\u0103ng n\u0103ng su\u1ea5t l\u00ean 21% v\u1edbi s\u1ef1 ra \u0111\u1eddi c\u1ee7a Gi\u1ea3i ph\u00e1p qu\u1ea3n l\u00fd t\u00e0i li\u1ec7u[\/vc_column_text][vc_single_image image=&#8221;9353&#8243; img_size=&#8221;full&#8221; alignment=&#8221;center&#8221;][\/vc_column_inner][vc_column_inner][vc_column_text]Theo m\u1ed9t nghi\u00ean c\u1ee9u c\u1ee7a <i> Nitro <\/i>, 50% th\u1eddi gian c\u1ee7a nh\u00e2n vi\u00ean tri th\u1ee9c b\u1ecb m\u1ea5t trong vi\u1ec7c chu\u1ea9n b\u1ecb t\u00e0i li\u1ec7u v\u00e0 21,3% m\u1ea5t n\u0103ng su\u1ea5t t\u1ed5ng th\u1ec3 do c\u00e1c v\u1ea5n \u0111\u1ec1 v\u1ec1 t\u00e0i li\u1ec7u. G\u1ea7n 92% c\u00e1c chuy\u00ean gia, nh\u1eefng ng\u01b0\u1eddi s\u1eed d\u1ee5ng email \u0111\u1ec3 c\u1ed9ng t\u00e1c c\u00f3 nguy c\u01a1 m\u1ea5t c\u00e1c t\u1ec7p v\u00e0 45% c\u00e1c c\u00f4ng ty b\u00e1o c\u00e1o r\u1eb1ng ph\u1ea3i m\u1ea5t m\u1ed9t tu\u1ea7n \u0111\u1ec3 c\u00f3 h\u1ee3p \u0111\u1ed3ng \u0111\u01b0\u1ee3c k\u00fd v\u00e0 g\u1eedi l\u1ea1i.[\/vc_column_text][\/vc_column_inner][vc_column_inner][vc_single_image image=&#8221;9354&#8243; img_size=&#8221;full&#8221;][\/vc_column_inner][\/vc_row_inner][vc_btn title=&#8221;T\u00ecm hi\u1ec3u th\u00eam \u2192&#8221; color=&#8221;primary&#8221; align=&#8221;center&#8221; button_block=&#8221;true&#8221; link=&#8221;url:https%3A%2F%2Fasia-info.konicaminolta.sg%2Fkomi-doc||target:%20_blank|&#8221;][\/vc_tta_section][vc_tta_section title=&#8221;Nghi\u00ean c\u1ee9u \u0111i\u1ec3n h\u00ecnh&#8221; tab_id=&#8221;1498066939920-e3c0d1df-43057bd8-b542d72d-65ee083e-a85f&#8221;][vc_row_inner][vc_column_inner][vc_empty_space][vc_column_text]<\/p>\n<p style = \"text-align: justify;\"> Garnier Thiebaut l\u00e0 nh\u00e0 s\u1ea3n xu\u1ea5t kh\u0103n tr\u1ea3i gi\u01b0\u1eddng c\u1ee7a Ph\u00e1p l\u00e2u \u0111\u1eddi nh\u1ea5t t\u1ea1i Ph\u00e1p t\u1eeb n\u0103m 1833. H\u1ecd \u0111\u00e3 l\u00e0 kh\u00e1ch h\u00e0ng c\u1ee7a Konica Minolta France trong h\u01a1n 10 n\u0103m.<\/p>\n<p>[\/vc_column_text][\/vc_column_inner][\/vc_row_inner][vc_row_inner][vc_column_inner width=&#8221;1\/2&#8243;][vc_column_text css_animation=&#8221;fadeInLeft&#8221;]<\/p>\n<h5> <b> Th\u00e1ch th\u1ee9c kinh doanh <\/b><\/h5>\n<ul>\n<li> X\u1eed l\u00fd h\u00f3a \u0111\u01a1n<\/li>\n<li> H\u1ea1n ch\u1ebf v\u1ec1 kh\u00f4ng gian do h\u1ed3 s\u01a1 gi\u1ea5y.<\/li>\n<\/ul>\n<p>[\/vc_column_text][\/vc_column_inner][vc_column_inner width=&#8221;1\/2&#8243;][vc_column_text css_animation=&#8221;fadeInRight&#8221;]<\/p>\n<h5> <b> L\u1ee3i \u00edch sau khi s\u1eed d\u1ee5ng N\u1ec1n t\u1ea3ng \u0111\u00e1m m\u00e2y Komi Doc <\/b><\/h5>\n<ul>\n<li> C\u1ea3i thi\u1ec7n n\u0103ng su\u1ea5t nh\u1edd t\u00ednh n\u0103ng thu th\u1eadp v\u00e0 x\u1eed l\u00fd h\u00f3a \u0111\u01a1n t\u1ef1 \u0111\u1ed9ng.<\/li>\n<li> Qu\u1ea3n l\u00fd t\u1ed1t h\u01a1n gi\u1edbi h\u1ea1n kh\u00f4ng gian v\u1eadt l\u00fd cho h\u1ed3 s\u01a1 gi\u1ea5y.<\/li>\n<\/ul>\n<p>[\/vc_column_text][\/vc_column_inner][vc_column_inner][vc_column_text]<video controls=\"controls\" width=\"100%\" height=\"auto\"><source src=\"https:\/\/www.konicaminolta.sg\/business\/wp-content\/uploads\/KOMO%20Docu%20Video_Casestudy.mp4\" type=\"video\/mp4\" autoplay=\"autoplay\" \/><\/video>[\/vc_column_text][\/vc_column_inner][\/vc_row_inner][vc_btn title=&#8221;T\u00ecm hi\u1ec3u th\u00eam \u2192&#8221; color=&#8221;primary&#8221; align=&#8221;center&#8221; button_block=&#8221;true&#8221; link=&#8221;url:https%3A%2F%2Fasia-info.konicaminolta.sg%2Fkomi-doc||target:%20_blank|&#8221;][\/vc_tta_section][vc_tta_section title=&#8221;Brochure&#8221; tab_id=&#8221;1498066910623-b21e9775-9bf87bd8-b542d72d-65ee083e-a85f&#8221;][vc_row_inner][vc_column_inner][vc_empty_space][\/vc_column_inner][\/vc_row_inner][vc_row_inner][vc_column_inner][vc_column_text]<i>\u25ba<\/i> <a href=\"https:\/\/www.konicaminolta.sg\/business\/download-form\/?d_link=https:\/\/www.konicaminolta.sg\/business\/wp-content\/uploads\/2020\/07\/KOMI-Doc-Brochure-1.pdf&amp;p_name=KOMI Doc\" target=\"_blank\" rel=\"noopener noreferrer\">Download brochure<\/a>[\/vc_column_text][\/vc_column_inner][\/vc_row_inner][vc_row_inner content_placement=&#8221;middle&#8221;][vc_column_inner width=&#8221;1\/2&#8243;][vc_single_image image=&#8221;9241&#8243; img_size=&#8221;full&#8221; onclick=&#8221;custom_link&#8221; img_link_target=&#8221;_blank&#8221;][\/vc_column_inner][vc_column_inner width=&#8221;1\/2&#8243;][\/vc_column_inner][\/vc_row_inner][vc_btn title=&#8221;T\u00ecm hi\u1ec3u th\u00eam \u2192&#8221; color=&#8221;primary&#8221; align=&#8221;center&#8221; button_block=&#8221;true&#8221; link=&#8221;url:https%3A%2F%2Fasia-info.konicaminolta.sg%2Fkomi-doc||target:%20_blank|&#8221;][\/vc_tta_section][vc_tta_section title=&#8221;Video&#8221; tab_id=&#8221;1498066977504-9af86552-9f657bd8-b542d72d-65ee083e-a85f&#8221;][vc_empty_space][vc_row_inner][vc_column_inner][vc_column_text]<\/p>\n<p style = \"text-align: justify;\"> Qu\u1ea3n l\u00fd t\u00e0i li\u1ec7u gi\u1ea5y c\u00f3 th\u1ec3 l\u00e0 m\u1ed9t qu\u00e1 tr\u00ecnh ph\u1ee9c t\u1ea1p v\u00e0 kh\u00f3 kh\u0103n v\u00ec n\u00f3 t\u1ed1n k\u00e9m v\u00e0 t\u00e0i li\u1ec7u c\u00f3 th\u1ec3 d\u1ec5 b\u1ecb th\u1ea5t l\u1ea1c v\u00e0 y\u00eau c\u1ea7u kh\u00f4ng gian l\u01b0u tr\u1eef v\u1eadt l\u00fd l\u1edbn. Ngo\u00e0i ra, c\u00e1c quy tr\u00ecnh tr\u00ean gi\u1ea5y c\u0169ng c\u00f3 th\u1ec3 c\u1ea3n tr\u1edf s\u1ef1 c\u1ed9ng t\u00e1c v\u00e0 n\u0103ng su\u1ea5t. Trong video n\u00e0y, h\u00e3y t\u00ecm hi\u1ec3u c\u00e1ch h\u1ec7 th\u1ed1ng tr\u1ef1c quan, li\u1ec1n m\u1ea1ch c\u1ee7a KOMI Doc h\u1ee3p l\u00fd h\u00f3a c\u00e1c quy tr\u00ecnh kinh doanh c\u1ee7a b\u1ea1n v\u1edbi quy tr\u00ecnh l\u00e0m vi\u1ec7c v\u00e0 c\u1ed9ng t\u00e1c, thay \u0111\u1ed5i c\u00e1ch b\u1ea1n l\u00e0m vi\u1ec7c.<\/p>\n<p>[\/vc_column_text][vc_empty_space height=&#8221;20px&#8221;][vc_column_text]<\/p>\n<h4>KOMI Doc<\/h4>\n<p>[\/vc_column_text][vc_column_text]<iframe loading=\"lazy\" src=\"https:\/\/www.youtube.com\/embed\/40zPRLMe5q4\" width=\"100%\" height=\"295\" frameborder=\"0\" allowfullscreen=\"allowfullscreen\"><\/iframe>[\/vc_column_text][vc_empty_space height=&#8221;20px&#8221;][vc_column_text]<\/p>\n<h4>KOMI IWS<\/h4>\n<p>[\/vc_column_text][vc_column_text]<iframe loading=\"lazy\" src=\"https:\/\/www.youtube.com\/embed\/sfpxB_Ak4mM\" width=\"100%\" height=\"295\" frameborder=\"0\" allowfullscreen=\"allowfullscreen\"><\/iframe>[\/vc_column_text][\/vc_column_inner][\/vc_row_inner][vc_btn title=&#8221;T\u00ecm hi\u1ec3u th\u00eam \u2192&#8221; color=&#8221;primary&#8221; align=&#8221;center&#8221; button_block=&#8221;true&#8221; link=&#8221;url:https%3A%2F%2Fasia-info.konicaminolta.sg%2Fkomi-doc||target:%20_blank|&#8221;][\/vc_tta_section][\/vc_tta_tabs][vc_empty_space][\/vc_column][vc_column width=&#8221;1\/3&#8243;][vc_widget_sidebar sidebar_id=&#8221;consulting-left-sidebar&#8221;][\/vc_column][\/vc_row]<\/p>\n<\/div>","protected":false},"excerpt":{"rendered":"<p>[vc_row css=&#8221;.vc_custom_1511255800822{margin-top: -75px !important;}&#8221;][vc_column][rev_slider_vc alias=&#8221;document-management-solution&#8221;][\/vc_column][\/vc_row][vc_row][vc_column][vc_empty_space height=&#8221;15px&#8221;][\/vc_column][\/vc_row][vc_row full_width=&#8221;stretch_row&#8221;][vc_column width=&#8221;2\/3&#8243;][vc_tta_tabs shape=&#8221;square&#8221; color=&#8221;white&#8221; spacing=&#8221;3&#8243; active_section=&#8221;1&#8243; pagination_style=&#8221;outline-square&#8221; pagination_color=&#8221;white&#8221;][vc_tta_section title=&#8221;T\u00ednh n\u0103ng &amp; Nh\u1eefng l\u1ee3i \u00edch&#8221; tab_id=&#8221;1498066910571-031a6d46-cdde7bd8-b542d72d-65ee083e-a85f&#8221;][vc_empty_space][vc_row_inner][vc_column_inner][vc_column_text]N\u1ec1n t\u1ea3ng \u0111\u00e1m m\u00e2y Komi Doc gi\u00fap h\u1ee3p l\u00fd h\u00f3a c\u00e1c quy tr\u00ecnh kinh doanh c\u1ee7a b\u1ea1n v\u1edbi c\u00e1c gi\u1ea3i ph\u00e1p c\u1ed9ng t\u00e1c v\u00e0 quy tr\u00ecnh l\u00e0m vi\u1ec7c, gi\u1ea3i ph\u00f3ng ti\u1ec1m n\u0103ng k\u1ef9 thu\u1eadt s\u1ed1<\/p>\n","protected":false},"author":1,"featured_media":0,"parent":0,"menu_order":0,"comment_status":"closed","ping_status":"closed","template":"","meta":{"footnotes":""},"class_list":["post-9228","page","type-page","status-publish","hentry"],"_links":{"self":[{"href":"https:\/\/www.konicaminolta.vn\/business\/wp-json\/wp\/v2\/pages\/9228","targetHints":{"allow":["GET"]}}],"collection":[{"href":"https:\/\/www.konicaminolta.vn\/business\/wp-json\/wp\/v2\/pages"}],"about":[{"href":"https:\/\/www.konicaminolta.vn\/business\/wp-json\/wp\/v2\/types\/page"}],"author":[{"embeddable":true,"href":"https:\/\/www.konicaminolta.vn\/business\/wp-json\/wp\/v2\/users\/1"}],"replies":[{"embeddable":true,"href":"https:\/\/www.konicaminolta.vn\/business\/wp-json\/wp\/v2\/comments?post=9228"}],"version-history":[{"count":4,"href":"https:\/\/www.konicaminolta.vn\/business\/wp-json\/wp\/v2\/pages\/9228\/revisions"}],"predecessor-version":[{"id":9355,"href":"https:\/\/www.konicaminolta.vn\/business\/wp-json\/wp\/v2\/pages\/9228\/revisions\/9355"}],"wp:attachment":[{"href":"https:\/\/www.konicaminolta.vn\/business\/wp-json\/wp\/v2\/media?parent=9228"}],"curies":[{"name":"wp","href":"https:\/\/api.w.org\/{rel}","templated":true}]}}