{"id":10058,"date":"2023-01-31T11:35:51","date_gmt":"2023-01-31T04:38:04","guid":{"rendered":"https:\/\/www.konicaminolta.vn\/business\/?post_type=product&#038;p=10058"},"modified":"2023-10-30T10:35:43","modified_gmt":"2023-10-30T03:35:43","slug":"accurioprint-2100","status":"publish","type":"product","link":"https:\/\/www.konicaminolta.vn\/business\/product\/accurioprint-2100\/","title":{"rendered":"AccurioPrint 2100"},"content":{"rendered":"<p style=\"text-align: center;\"><span style=\"color: #0062c2;\"><strong>\u0110\u1ea6U V\u00c0O V\u00c0 \u0110\u1ea6U RA \u0110\u01af\u1ee2C S\u1eaeP X\u1ebeP H\u1ee2P L\u00dd \u0110\u1ec2 IN \u0110\u01a0N S\u1eaeC D\u00c0NH CHO PH\u00c2N KH\u00daC S\u1ea2N XU\u1ea4T<\/strong><\/span><\/p>\n<p><img loading=\"lazy\" decoding=\"async\" class=\"aligncenter size-large wp-image-10061\" src=\"https:\/\/www.konicaminolta.vn\/business\/wp-content\/uploads\/2023\/01\/ap2100-intro-1536x701-1.jpg\" alt=\"\" width=\"1024\" height=\"467\" srcset=\"https:\/\/www.konicaminolta.vn\/business\/wp-content\/uploads\/2023\/01\/ap2100-intro-1536x701-1.jpg 1536w, https:\/\/www.konicaminolta.vn\/business\/wp-content\/uploads\/2023\/01\/ap2100-intro-1536x701-1-300x137.jpg 300w, https:\/\/www.konicaminolta.vn\/business\/wp-content\/uploads\/2023\/01\/ap2100-intro-1536x701-1-768x351.jpg 768w, https:\/\/www.konicaminolta.vn\/business\/wp-content\/uploads\/2023\/01\/ap2100-intro-1536x701-1-1024x467.jpg 1024w, https:\/\/www.konicaminolta.vn\/business\/wp-content\/uploads\/2023\/01\/ap2100-intro-1536x701-1-600x274.jpg 600w\" sizes=\"auto, (max-width: 1024px) 100vw, 1024px\" \/><\/p>\n<p style=\"text-align: justify;\">M\u00e1y in k\u1ef9 thu\u1eadt s\u1ed1 t\u1ed1c \u0111\u1ed9 cao \u0111\u01a1n s\u1eafc m\u1edbi c\u1ee7a Konica Minolta \u2013 <strong>AccurioPrint 2100<\/strong>\u00a0l\u00e0 s\u1ef1 l\u1ef1a ch\u1ecdn ho\u00e0n h\u1ea3o cho c\u00e1c c\u01a1 s\u1edf in \u1ea5n trung t\u00e2m trong nh\u00e0, d\u1ecbch v\u1ee5 in tr\u1ea3 ph\u00ed b\u00ean ngo\u00e0i ho\u1eb7c m\u00f4i tr\u01b0\u1eddng v\u0103n ph\u00f2ng. N\u00f3 \u0111\u01b0\u1ee3c x\u00e2y d\u1ef1ng b\u1eb1ng c\u00f4ng ngh\u1ec7 ti\u00ean ti\u1ebfn v\u1edbi c\u00e1c t\u00ednh n\u0103ng \u1ea5n t\u01b0\u1ee3ng gi\u00fap t\u0103ng l\u1ee3i nhu\u1eadn cho kh\u00e1ch h\u00e0ng, h\u1ee3p l\u00fd h\u00f3a c\u00e1c quy tr\u00ecnh c\u00f4ng vi\u1ec7c v\u00e0 n\u00e2ng cao n\u0103ng su\u1ea5t.<\/p>\n<p><img loading=\"lazy\" decoding=\"async\" class=\"aligncenter size-full wp-image-10062\" src=\"https:\/\/www.konicaminolta.vn\/business\/wp-content\/uploads\/2023\/01\/AP2100-3-1.jpg\" alt=\"\" width=\"600\" height=\"480\" srcset=\"https:\/\/www.konicaminolta.vn\/business\/wp-content\/uploads\/2023\/01\/AP2100-3-1.jpg 600w, https:\/\/www.konicaminolta.vn\/business\/wp-content\/uploads\/2023\/01\/AP2100-3-1-300x240.jpg 300w\" sizes=\"auto, (max-width: 600px) 100vw, 600px\" \/><\/p>\n<p style=\"text-align: justify;\"><span style=\"color: #c0167b;\"><strong>N\u00c2NG CAO KH\u1ea2 N\u0102NG IN \u1ea4N V\u00c0 HO\u00c0N THI\u1ec6N \u1ea4N PH\u1ea8M<\/strong><\/span><\/p>\n<p style=\"text-align: justify;\">AccurioPrint 2100 ti\u1ebft ki\u1ec7m chi ph\u00ed ch\u1ea1y \u1edf c\u00e1c trang kh\u1ed5 A4 m\u1ed7i ph\u00fat v\u00e0 c\u00f3 th\u1ec3 t\u1ea1o ra kh\u1ed1i l\u01b0\u1ee3ng cao nh\u1ea5t h\u00e0ng th\u00e1ng l\u00ean t\u1edbi 2,25 tri\u1ec7u trang kh\u1ed5 letter m\u1ed7i th\u00e1ng. N\u00f3 h\u1ed7 tr\u1ee3 nhi\u1ec1u lo\u1ea1i ph\u01b0\u01a1ng ti\u1ec7n kh\u00e1c nhau, l\u00ean \u0111\u1ebfn 350 g\/m\u00b2 v\u00e0 in hai m\u1eb7t l\u00ean \u0111\u1ebfn 300 g\/m\u00b2, c\u0169ng nh\u01b0 kh\u1ea3 n\u0103ng x\u1ebfp ch\u1ed3ng l\u00ean \u0111\u1ebfn 4.200 t\u1edd v\u00e0 nhi\u1ec1u t\u00f9y ch\u1ecdn ho\u00e0n thi\u1ec7n kh\u00e1c nhau. C\u00e1c t\u00ednh n\u0103ng kh\u00e1c bao g\u1ed3m giao di\u1ec7n ng\u01b0\u1eddi d\u00f9ng chung v\u1edbi m\u00e1y m\u00e0u, ch\u1ee9c n\u0103ng k\u1ebft n\u1ed1i v\u0103n ph\u00f2ng n\u00e2ng cao v\u00e0 m\u00e1y qu\u00e9t m\u00e0u k\u00e9p t\u1ed1c \u0111\u1ed9 cao.<\/p>\n<p style=\"text-align: justify;\"><span style=\"color: #c0167b;\"><strong>\u0110\u1ed4I M\u1edaI IN \u1ea4N S\u00c1NG T\u1ea0O<\/strong><\/span><\/p>\n<p style=\"text-align: justify;\">AccurioPrint 2100 \u0111\u01b0\u1ee3c thi\u1ebft k\u1ebf v\u1edbi c\u00f4ng ngh\u1ec7 c\u1ea3i ti\u1ebfn m\u1edbi nh\u1ea5t \u0111\u1ec3 \u0111\u00e1p \u1ee9ng m\u1ecdi nhu c\u1ea7u c\u1ee7a kh\u00e1ch h\u00e0ng trong m\u1ed9t quy tr\u00ecnh:<\/p>\n<ul>\n<li style=\"text-align: justify;\"><strong>C\u1ea3m bi\u1ebfn ph\u00e1t hi\u1ec7n ph\u01b0\u01a1ng ti\u1ec7n th\u00f4ng minh (IM-101)<\/strong> h\u1ed7 tr\u1ee3 ph\u00e1t hi\u1ec7n ph\u01b0\u01a1ng ti\u1ec7n v\u00e0 \u0111\u1ec1 xu\u1ea5t c\u00e0i \u0111\u1eb7t gi\u1ea5y ph\u00f9 h\u1ee3p t\u1eeb danh m\u1ee5c<\/li>\n<li style=\"text-align: justify;\"><strong>Quy tr\u00ecnh k\u1ef9 thu\u1eadt s\u1ed1 ch\u1ee7 \u0111\u1ed9ng t\u0103ng c\u01b0\u1eddng m\u00e0n h\u00ecnh (S.E.A.D)<\/strong>, k\u1ebft h\u1ee3p m\u1ed9t lo\u1ea1t c\u00e1c c\u1ea3i ti\u1ebfn k\u1ef9 thu\u1eadt \u0111\u1ec3 \u0111\u1ea3m b\u1ea3o kh\u1ea3 n\u0103ng t\u00e1i t\u1ea1o m\u00e0u th\u1ef1c s\u1ef1 \u0111\u1eb7c bi\u1ec7t \u1edf t\u1ed1c \u0111\u1ed9 cao nh\u1ea5t<\/li>\n<\/ul>\n<p style=\"text-align: justify;\"><span style=\"color: #c0167b;\"><strong>CHUY\u00caN NGHI\u1ec6P H\u00d3A QUY TR\u00ccNH L\u00c0M VI\u1ec6C M\u1ed8T C\u00c1CH LI\u1ec0N M\u1ea0CH V\u00c0 HI\u1ec6U QU\u1ea2<\/strong><\/span><\/p>\n<p style=\"text-align: justify;\">B\u1ed9 gi\u1ea3i ph\u00e1p k\u1ef9 thu\u1eadt s\u1ed1 d\u00e0nh cho in \u1ea5n chuy\u00ean nghi\u1ec7p c\u1ee7a Konica Minolta, AccurioPro, \u0111\u01b0\u1ee3c t\u1ea1o ra \u0111\u1ec3 t\u1ed1i \u01b0u h\u00f3a quy tr\u00ecnh v\u00e0 ho\u1ea1t \u0111\u1ed9ng s\u1ea3n xu\u1ea5t in \u1ea5n. B\u1ed9 ph\u1ea7n m\u1ec1m to\u00e0n di\u1ec7n cung c\u1ea5p kh\u1ea3 n\u0103ng qu\u1ea3n l\u00fd t\u1eadp trung, ph\u1ea7n m\u1ec1m x\u1eed l\u00fd quy tr\u00ecnh c\u00f4ng vi\u1ec7c t\u1ef1 \u0111\u1ed9ng, qu\u1ea3n l\u00fd m\u00e0u s\u1eafc, t\u00edch h\u1ee3p li\u1ec1n m\u1ea1ch c\u00e1c c\u00f4ng ngh\u1ec7 in kh\u00e1c nhau v\u00e0 k\u1ebft n\u1ed1i \u0111\u1ea7y \u0111\u1ee7 t\u1ea5t c\u1ea3 c\u00e1c h\u1ec7 th\u1ed1ng in Konica Minolta \u0111\u01b0\u1ee3c s\u1eed d\u1ee5ng t\u1eeb \u0111\u1ea7u v\u00e0o \u0111\u1ebfn \u0111\u1ea7u ra.<\/p>\n<ul>\n<li style=\"text-align: justify;\">AccurioPro Flux<\/li>\n<li style=\"text-align: justify;\">AccurioPro Print Manager<\/li>\n<li style=\"text-align: justify;\">AccurioPro Hot Folder<\/li>\n<li style=\"text-align: justify;\">AccurioPro Color Manager<\/li>\n<\/ul>\n<p style=\"text-align: justify;\"><span style=\"color: #c0167b;\"><strong>T\u1ed0I \u0110A H\u00d3A \u0110\u1ea6U T\u01af C\u1ee6A B\u1ea0N<\/strong><\/span><\/p>\n<p style=\"text-align: justify;\">Ph\u00e1t tri\u1ec3n doanh nghi\u1ec7p c\u1ee7a b\u1ea1n v\u00e0 t\u1eadn d\u1ee5ng t\u1ed1i \u0111a kho\u1ea3n \u0111\u1ea7u t\u01b0 c\u1ee7a b\u1ea1n l\u00e0 \u0111i\u1ec1u m\u00e0 d\u00f2ng AccurioPrint 2100 h\u1ee9a h\u1eb9n. K\u1ebft h\u1ee3p v\u1edbi m\u1ed9t trong nh\u1eefng d\u1ecbch v\u1ee5 ph\u1ea7n m\u1ec1m c\u1ee7a ch\u00fang t\u00f4i, b\u1ea1n c\u00f3 th\u1ec3 t\u1ef1 \u0111\u1ed9ng h\u00f3a quy tr\u00ecnh l\u00e0m vi\u1ec7c c\u1ee7a m\u00ecnh v\u00e0 \u0111\u1ea1t \u0111\u01b0\u1ee3c th\u1eddi gian quay v\u00f2ng ng\u1eafn nh\u1ea5t. T\u00ednh linh ho\u1ea1t c\u1ee7a ph\u01b0\u01a1ng ti\u1ec7n \u0111a n\u0103ng v\u00e0 n\u0103ng su\u1ea5t cao khi\u1ebfn AccurioPrint 2100 tr\u1edf th\u00e0nh m\u1ed9t kho\u1ea3n \u0111\u1ea7u t\u01b0 v\u1eefng ch\u1eafc v\u00e0 sinh l\u1ee3i cho t\u01b0\u01a1ng lai.<\/p>\n","protected":false},"excerpt":{"rendered":"<p><strong>L\u1ef0A CH\u1eccN M\u1edaI C\u1ee6A IN TR\u1eaeNG \u0110EN D\u00c0NH CHO PH\u00c2N KH\u00daC S\u1ea2N XU\u1ea4T<\/strong><\/p>\n<p style=\"text-align: justify;\">M\u00e1y in k\u1ef9 thu\u1eadt s\u1ed1 \u0111\u01a1n s\u1eafc AccurioPrint 2100 mang l\u1ea1i gi\u00e1 tr\u1ecb \u0111\u00edch th\u1ef1c cho m\u00f4i tr\u01b0\u1eddng s\u1ea3n xu\u1ea5t in \u1ea5n c\u1ee7a b\u1ea1n. K\u00edch th\u01b0\u1edbc nh\u1ecf g\u1ecdn c\u1ee7a n\u00f3 gi\u00fap cho c\u00f4ng ty ti\u1ebft ki\u1ec7m kh\u00f4ng gian tr\u01b0ng b\u00e0y v\u00e0 l\u00e0m cho ph\u00f9 h\u1ee3p v\u1edbi m\u00f4i tr\u01b0\u1eddng s\u1ea3n xu\u1ea5t nh\u01b0 v\u0103n ph\u00f2ng v\u1edbi nhu c\u1ea7u in s\u1ed1 l\u01b0\u1ee3ng l\u1edbn.<\/p>\n","protected":false},"featured_media":10517,"comment_status":"closed","ping_status":"closed","template":"","meta":[],"product_cat":[154,156],"product_tag":[],"class_list":["post-10058","product","type-product","status-publish","has-post-thumbnail","hentry","product_cat-he-thong-in-san-xuat","product_cat-he-thong-in-trang-den-san-xuat"],"_links":{"self":[{"href":"https:\/\/www.konicaminolta.vn\/business\/wp-json\/wp\/v2\/product\/10058","targetHints":{"allow":["GET"]}}],"collection":[{"href":"https:\/\/www.konicaminolta.vn\/business\/wp-json\/wp\/v2\/product"}],"about":[{"href":"https:\/\/www.konicaminolta.vn\/business\/wp-json\/wp\/v2\/types\/product"}],"replies":[{"embeddable":true,"href":"https:\/\/www.konicaminolta.vn\/business\/wp-json\/wp\/v2\/comments?post=10058"}],"wp:featuredmedia":[{"embeddable":true,"href":"https:\/\/www.konicaminolta.vn\/business\/wp-json\/wp\/v2\/media\/10517"}],"wp:attachment":[{"href":"https:\/\/www.konicaminolta.vn\/business\/wp-json\/wp\/v2\/media?parent=10058"}],"wp:term":[{"taxonomy":"product_cat","embeddable":true,"href":"https:\/\/www.konicaminolta.vn\/business\/wp-json\/wp\/v2\/product_cat?post=10058"},{"taxonomy":"product_tag","embeddable":true,"href":"https:\/\/www.konicaminolta.vn\/business\/wp-json\/wp\/v2\/product_tag?post=10058"}],"curies":[{"name":"wp","href":"https:\/\/api.w.org\/{rel}","templated":true}]}}