{"id":10518,"date":"2023-10-30T10:48:45","date_gmt":"2023-10-30T03:49:42","guid":{"rendered":"https:\/\/www.konicaminolta.vn\/business\/?post_type=product&#038;p=10518"},"modified":"2024-05-06T08:57:43","modified_gmt":"2024-05-06T01:57:43","slug":"accuriopress-7136-7120","status":"publish","type":"product","link":"https:\/\/www.konicaminolta.vn\/business\/product\/accuriopress-7136-7120\/","title":{"rendered":"AccurioPress 7136\/7120"},"content":{"rendered":"<h3 style=\"text-align: center;\"><strong>TH\u00daC \u0110\u1ea8Y HI\u1ec6U QU\u1ea2 HO\u1ea0T \u0110\u1ed8NG V\u1eacN H\u00c0NH<\/strong><\/h3>\n<p><img loading=\"lazy\" decoding=\"async\" class=\"aligncenter size-large wp-image-10588\" src=\"https:\/\/www.konicaminolta.vn\/business\/wp-content\/uploads\/2023\/10\/AccurioPress-7136-7120_Mobile_Banner_960x350-VI.jpg\" alt=\"\" width=\"1024\" height=\"373\" srcset=\"https:\/\/www.konicaminolta.vn\/business\/wp-content\/uploads\/2023\/10\/AccurioPress-7136-7120_Mobile_Banner_960x350-VI.jpg 2560w, https:\/\/www.konicaminolta.vn\/business\/wp-content\/uploads\/2023\/10\/AccurioPress-7136-7120_Mobile_Banner_960x350-VI-300x109.jpg 300w, https:\/\/www.konicaminolta.vn\/business\/wp-content\/uploads\/2023\/10\/AccurioPress-7136-7120_Mobile_Banner_960x350-VI-768x280.jpg 768w, https:\/\/www.konicaminolta.vn\/business\/wp-content\/uploads\/2023\/10\/AccurioPress-7136-7120_Mobile_Banner_960x350-VI-1024x373.jpg 1024w, https:\/\/www.konicaminolta.vn\/business\/wp-content\/uploads\/2023\/10\/AccurioPress-7136-7120_Mobile_Banner_960x350-VI-600x219.jpg 600w\" sizes=\"auto, (max-width: 1024px) 100vw, 1024px\" \/><\/p>\n<p><span style=\"color: #0062c2;\"><strong>HI\u1ec6U SU\u1ea4T B\u1ec0N B\u1ec8<\/strong><\/span><\/p>\n<p><span style=\"color: #c0167b;\"><strong>AccurioPress 7136<\/strong><\/span><\/p>\n<ul style=\"list-style-type: square;\">\n<li>Chu k\u1ef3 L\u00e0m vi\u1ec7c l\u00ean \u0111\u1ebfn 3.24 tri\u1ec7u b\u1ea3n in<\/li>\n<li>Kh\u1ea3 n\u0103ng in l\u00ean \u0111\u1ebfn 136 trang A4 m\u1ed7i ph\u00fat<\/li>\n<li>Kh\u1ea3 n\u0103ng in l\u00ean \u0111\u1ebfn 74 trang SRA3 m\u1ed7i ph\u00fat<\/li>\n<\/ul>\n<p><span style=\"color: #c0167b;\"><strong>AccurioPress 7120<\/strong><\/span><\/p>\n<ul style=\"list-style-type: square;\">\n<li>Chu k\u1ef3 L\u00e0m vi\u1ec7c l\u00ean \u0111\u1ebfn 2.5 tri\u1ec7u b\u1ea3n in<\/li>\n<li>Kh\u1ea3 n\u0103ng in l\u00ean \u0111\u1ebfn 120 trang A4 m\u1ed7i ph\u00fat<\/li>\n<li>Kh\u1ea3 n\u0103ng in l\u00ean \u0111\u1ebfn 66 trang SRA3 m\u1ed7i ph\u00fat<\/li>\n<\/ul>\n<p><span style=\"color: #0062c2;\"><strong>\u00a0<\/strong><strong>\u0110\u1ed8 TIN C\u1eacY T\u1ed0I \u01afU<\/strong><\/span><\/p>\n<ul style=\"list-style-type: square;\">\n<li>C\u1ea5u tr\u00fac n\u1ec1n t\u1ea3ng b\u1ec1n b\u1ec9 v\u00e0 h\u1ea1n ch\u1ebf ti\u00eau hao v\u1eadt t\u01b0<\/li>\n<li>T\u1ed1i \u01b0u h\u00f3a ch\u1ea5t l\u01b0\u1ee3ng in \u0111\u1ea3o tr\u1edf hai m\u1eb7t nh\u1edd v\u00e0o IQ -501<\/li>\n<li>H\u1ec7 th\u1ed1ng truy\u1ec1n \u1ea3nh<\/li>\n<li>Cho ra nh\u1eefng s\u1ea3n ph\u1ea9m in v\u1edbi hi\u1ec7u qu\u1ea3 t\u1ed1i \u0111a<\/li>\n<li>Cung c\u1ea5p kh\u1ea3 n\u0103ng in nhanh ch\u00f3ng v\u00e0 \u0111\u1ea3m b\u1ea3o sinh l\u1eddi cho doanh nghi\u1ec7p<\/li>\n<\/ul>\n<p><span style=\"color: #0062c2;\"><strong>\u00a0<\/strong><strong>D\u1ec4 D\u00c0NG MANG L\u1ea0I HI\u1ec6U QU\u1ea2<\/strong><\/span><\/p>\n<ul style=\"list-style-type: square;\">\n<li>\u0110\u1ed9ng c\u01a1 tuy\u1ebfn t\u00ednh h\u00f3a t\u1ef1 \u0111\u1ed9ng<\/li>\n<li>Ch\u1ee9c n\u0103ng in t\u1ef1 \u0111\u1ed9ng \u0111\u1ea3o tr\u1edf<\/li>\n<li>Ch\u1ee9c n\u0103ng t\u1ef1 \u0111\u1ed9ng t\u1ea1o h\u1ed3 s\u01a1 in<\/li>\n<li>Ch\u1ee9c n\u0103ng canh ch\u1ec9nh t\u1ef1 \u0111\u1ed9ng theo th\u1eddi gian th\u1ef1c t\u1ebf<\/li>\n<li>Ch\u1ee9c n\u0103ng d\u1eabn gi\u1ea5y t\u1ef1 \u0111\u1ed9ng<\/li>\n<\/ul>\n<p><span style=\"color: #0062c2;\"><strong>B\u1ed8 KI\u1ec2M SO\u00c1T IN \u1ea4N CH\u1ea4T L\u01af\u1ee2NG CAO<\/strong><\/span><\/p>\n<ul style=\"list-style-type: square;\">\n<li>B\u1ed9 \u0111i\u1ec1u khi\u1ec3n \u0111\u1ed9c quy\u1ec1n c\u1ee7a Konica Minolta<\/li>\n<li>T\u00edch h\u1ee3p v\u00e0o quy tr\u00ecnh in lai gh\u00e9p<\/li>\n<\/ul>\n<p><span style=\"color: #0062c2;\"><strong>S\u1ea2N XU\u1ea4T TH\u00c0NH PH\u1ea8M IN HO\u00c0N THI\u1ec6N<\/strong><\/span><\/p>\n<ul style=\"list-style-type: square;\">\n<li>Ch\u1ee9c n\u0103ng \u0111\u00f3ng s\u00e1ch c\u00f3 \u0111\u1ed9 d\u00e0y l\u00ean \u0111\u1ebfn 50 trang v\u1edbi \u1ee9ng d\u1ee5ng c\u1eaft x\u00e9n m\u1eb7t tr\u01b0\u1edbc v\u00e0 t\u1ea1o c\u1ea5n, c\u1ea5n r\u0103ng c\u01b0a v\u00e0 bo g\u00f3c t\u1ea1o h\u00ecnh<\/li>\n<li>\u0110\u00f3ng g\u00e1y keo cho s\u00e1ch l\u00ean \u0111\u1ebfn 30 mm<\/li>\n<li>\u0110\u00f3ng ghim l\u00ean \u0111\u1ebfn 100 t\u1edd v\u1edbi c\u01a1 ch\u1ebf c\u1eaft<\/li>\n<li>Ch\u1ee9c n\u0103ng t\u1ef1 \u0111\u1ed9ng \u0111\u00f3ng g\u00e1y l\u00f2 xo l\u00ean \u0111\u1ebfn 102 t\u1edd<\/li>\n<li>Ch\u1ee9c n\u0103ng c\u1eaft danh thi\u1ebfp v\u00e0 b\u01b0u thi\u1ebfp t\u1ef1 \u0111\u1ed9ng ngay trong qu\u00e1 tr\u00ecnh in<\/li>\n<li>Ch\u1ee9c n\u0103ng in poster kh\u1ed5 A3 v\u00e0 A4 tr\u00e0n vi\u1ec1n<\/li>\n<\/ul>\n<p><img loading=\"lazy\" decoding=\"async\" class=\"aligncenter size-large wp-image-10587\" src=\"https:\/\/www.konicaminolta.vn\/business\/wp-content\/uploads\/2023\/10\/10-l\u00fd-do-n\u00ean-ch\u1ecdn-d\u00f2ng-m\u00e1y-AccurioPress-7136-series.jpg\" alt=\"\" width=\"646\" height=\"1024\" srcset=\"https:\/\/www.konicaminolta.vn\/business\/wp-content\/uploads\/2023\/10\/10-l\u00fd-do-n\u00ean-ch\u1ecdn-d\u00f2ng-m\u00e1y-AccurioPress-7136-series.jpg 1614w, https:\/\/www.konicaminolta.vn\/business\/wp-content\/uploads\/2023\/10\/10-l\u00fd-do-n\u00ean-ch\u1ecdn-d\u00f2ng-m\u00e1y-AccurioPress-7136-series-189x300.jpg 189w, https:\/\/www.konicaminolta.vn\/business\/wp-content\/uploads\/2023\/10\/10-l\u00fd-do-n\u00ean-ch\u1ecdn-d\u00f2ng-m\u00e1y-AccurioPress-7136-series-768x1218.jpg 768w, https:\/\/www.konicaminolta.vn\/business\/wp-content\/uploads\/2023\/10\/10-l\u00fd-do-n\u00ean-ch\u1ecdn-d\u00f2ng-m\u00e1y-AccurioPress-7136-series-646x1024.jpg 646w, https:\/\/www.konicaminolta.vn\/business\/wp-content\/uploads\/2023\/10\/10-l\u00fd-do-n\u00ean-ch\u1ecdn-d\u00f2ng-m\u00e1y-AccurioPress-7136-series-600x952.jpg 600w\" sizes=\"auto, (max-width: 646px) 100vw, 646px\" \/><\/p>\n","protected":false},"excerpt":{"rendered":"<p><strong>TH\u00daC \u0110\u1ea8Y HO\u1ea0T \u0110\u1ed8NG KINH DOANH HI\u1ec6U QU\u1ea2<\/strong><\/p>\n<p style=\"text-align: justify;\">\u0110\u1ec3 duy tr\u00ec ho\u1ea1t \u0111\u1ed9ng kinh doanh hi\u1ec7u qu\u1ea3, doanh nghi\u1ec7p c\u1ea7n duy tr\u00ec kh\u1ea3 n\u0103ng s\u1ea3n xu\u1ea5t v\u1edbi n\u0103ng su\u1ea5t cao. D\u00f2ng m\u00e1y AccurioPress 7136 l\u00e0 t\u1ea5t c\u1ea3 nh\u1eefng g\u00ec doanh nghi\u1ec7p c\u1ea7n cho vi\u1ec7c in \u1ea5n t\u1ea1i h\u1ec7 th\u1ed1ng Smart Factory v\u1edbi t\u1ed1c \u0111\u1ed9 nhanh ch\u00f3ng. T\u1ed1i \u01b0u h\u00f3a k\u1ebf ho\u1ea1ch s\u1ea3n xu\u1ea5t v\u00e0 t\u1ed1i \u0111a h\u00f3a l\u1ee3i nhu\u1eadn trong th\u1ecb tr\u01b0\u1eddng in s\u1ea3n l\u01b0\u1ee3ng trung b\u00ecnh v\u1edbi h\u1ec7 th\u1ed1ng m\u00e1y in s\u1ea3n xu\u1ea5t th\u1ebf h\u1ec7 m\u1edbi n\u00e0y. \u0110\u01b0\u1ee3c thi\u1ebft k\u1ebf d\u1ef1a tr\u00ean chuy\u00ean m\u00f4n g\u1ea7n 20 n\u0103m trong l\u0129nh v\u1ef1c in s\u1ea3n xu\u1ea5t, d\u00f2ng m\u00e1y AccurioPress 7136 hi\u1ec3u nh\u1eefng g\u00ec doanh nghi\u1ec7p c\u1ea7n, \u0111\u1ed3ng th\u1eddi t\u00edch h\u1ee3p ho\u00e0n h\u1ea3o v\u1edbi quy tr\u00ecnh l\u00e0m vi\u1ec7c hi\u1ec7n t\u1ea1i c\u1ee7a doang nghi\u1ec7p. Kh\u00f4ng nh\u1eefng v\u1eady, d\u00f2ng m\u00e1y n\u00e0y c\u00f2n h\u1ed7 tr\u1ee3 k\u1ebft n\u1ed1i d\u1ec5 d\u00e0ng v\u1edbi c\u00e1c n\u1ec1n t\u1ea3ng d\u1ecbch v\u1ee5 v\u00e0 kinh doanh c\u1ee7a doanh nghi\u1ec7p \u2013 ngay c\u1ea3 tr\u00ean trang web hay \u0111i\u1ec7n to\u00e1n \u0111\u00e1m m\u00e2y.<\/p>\n","protected":false},"featured_media":10777,"comment_status":"closed","ping_status":"closed","template":"","meta":[],"product_cat":[154,156],"product_tag":[],"class_list":["post-10518","product","type-product","status-publish","has-post-thumbnail","hentry","product_cat-he-thong-in-san-xuat","product_cat-he-thong-in-trang-den-san-xuat"],"_links":{"self":[{"href":"https:\/\/www.konicaminolta.vn\/business\/wp-json\/wp\/v2\/product\/10518","targetHints":{"allow":["GET"]}}],"collection":[{"href":"https:\/\/www.konicaminolta.vn\/business\/wp-json\/wp\/v2\/product"}],"about":[{"href":"https:\/\/www.konicaminolta.vn\/business\/wp-json\/wp\/v2\/types\/product"}],"replies":[{"embeddable":true,"href":"https:\/\/www.konicaminolta.vn\/business\/wp-json\/wp\/v2\/comments?post=10518"}],"wp:featuredmedia":[{"embeddable":true,"href":"https:\/\/www.konicaminolta.vn\/business\/wp-json\/wp\/v2\/media\/10777"}],"wp:attachment":[{"href":"https:\/\/www.konicaminolta.vn\/business\/wp-json\/wp\/v2\/media?parent=10518"}],"wp:term":[{"taxonomy":"product_cat","embeddable":true,"href":"https:\/\/www.konicaminolta.vn\/business\/wp-json\/wp\/v2\/product_cat?post=10518"},{"taxonomy":"product_tag","embeddable":true,"href":"https:\/\/www.konicaminolta.vn\/business\/wp-json\/wp\/v2\/product_tag?post=10518"}],"curies":[{"name":"wp","href":"https:\/\/api.w.org\/{rel}","templated":true}]}}