{"id":10959,"date":"2024-10-02T15:29:09","date_gmt":"2024-10-02T08:29:09","guid":{"rendered":"https:\/\/www.konicaminolta.vn\/business\/product\/bizhub-c361i-c301i-c251i\/"},"modified":"2025-01-21T15:57:44","modified_gmt":"2025-01-21T08:57:44","slug":"bizhub-c361i-c301i-c251i","status":"publish","type":"product","link":"https:\/\/www.konicaminolta.vn\/business\/product\/bizhub-c361i-c301i-c251i\/","title":{"rendered":"bizhub C361i\/C301i\/C251i"},"content":{"rendered":"<p><img loading=\"lazy\" decoding=\"async\" class=\"aligncenter size-large wp-image-10969\" src=\"https:\/\/www.konicaminolta.vn\/business\/wp-content\/uploads\/2024\/10\/bizhub-C251i-location-picture_EM2_4068-1024x683.jpg\" alt=\"\" width=\"1024\" height=\"683\" srcset=\"https:\/\/www.konicaminolta.vn\/business\/wp-content\/uploads\/2024\/10\/bizhub-C251i-location-picture_EM2_4068-1024x683.jpg 1024w, https:\/\/www.konicaminolta.vn\/business\/wp-content\/uploads\/2024\/10\/bizhub-C251i-location-picture_EM2_4068-300x200.jpg 300w, https:\/\/www.konicaminolta.vn\/business\/wp-content\/uploads\/2024\/10\/bizhub-C251i-location-picture_EM2_4068-768x512.jpg 768w, https:\/\/www.konicaminolta.vn\/business\/wp-content\/uploads\/2024\/10\/bizhub-C251i-location-picture_EM2_4068-600x400.jpg 600w\" sizes=\"auto, (max-width: 1024px) 100vw, 1024px\" \/><\/p>\n<p style=\"text-align: justify;\">D\u00f2ng m\u00e1y photocopy \u0111a ch\u1ee9c n\u0103ng m\u00e0u bizhub C361i\/C301i\/C251i s\u1edf h\u1eefu b\u1ed9 m\u00e1y v\u1eadn h\u00e0nh m\u1ea1nh m\u1ebd, b\u1ed9 x\u1eed l\u00fd trung t\u00e2m l\u00f5i t\u1ee9 v\u1edbi b\u1ed9 nh\u1edb trong 8GB ti\u00eau chu\u1ea9n v\u00e0 \u1ed5 c\u1ee9ng SSD 256GB, h\u1ed7 tr\u1ee3 ph\u1ea3n h\u1ed3i l\u1ec7nh nhanh ch\u00f3ng v\u1edbi hi\u1ec7u su\u1ea5t ho\u1ea1t \u0111\u1ed9ng cao. S\u1ef1 k\u1ebft h\u1ee3p b\u1ed5 sung gi\u1eefa t\u00ednh n\u0103ng t\u01b0\u01a1ng th\u00edch t\u1ed1i \u0111a v\u1edbi nhi\u1ec1u lo\u1ea1i gi\u1ea5y,\u00a0b\u1ed9 n\u1ea1p b\u1ea3n g\u1ed1c hai m\u1eb7t t\u1ef1 \u0111\u1ed9ng \u0111\u1ed3ng th\u1eddi t\u1ed1c \u0111\u1ed9 cao, t\u00ednh n\u0103ng \u0111i\u1ec1u ch\u1ec9nh \u0111\u1ed9 l\u1ec7ch k\u1ef9 thu\u1eadt s\u1ed1, v\u00e0 c\u00e1c khay gi\u1ea5y dung l\u01b0\u1ee3ng l\u1edbn, k\u1ebft h\u1ee3p m\u1ed9t c\u00e1ch chuy\u00ean nghi\u1ec7p c\u00f9ng v\u1edbi ch\u1ee9c n\u0103ng x\u00e1c th\u1ef1c v\u00e0 kh\u1ea3 n\u0103ng h\u1ed7 tr\u1ee3 d\u1ecbch v\u1ee5 linh ho\u1ea1t.<\/p>\n<p><img loading=\"lazy\" decoding=\"async\" class=\"aligncenter size-large wp-image-10956\" src=\"https:\/\/www.konicaminolta.vn\/business\/wp-content\/uploads\/2024\/10\/key-visual_vi-03.jpg\" alt=\"\" width=\"1024\" height=\"536\" srcset=\"https:\/\/www.konicaminolta.vn\/business\/wp-content\/uploads\/2024\/10\/key-visual_vi-03.jpg 5000w, https:\/\/www.konicaminolta.vn\/business\/wp-content\/uploads\/2024\/10\/key-visual_vi-03-300x157.jpg 300w, https:\/\/www.konicaminolta.vn\/business\/wp-content\/uploads\/2024\/10\/key-visual_vi-03-768x402.jpg 768w, https:\/\/www.konicaminolta.vn\/business\/wp-content\/uploads\/2024\/10\/key-visual_vi-03-1024x536.jpg 1024w, https:\/\/www.konicaminolta.vn\/business\/wp-content\/uploads\/2024\/10\/key-visual_vi-03-600x314.jpg 600w\" sizes=\"auto, (max-width: 1024px) 100vw, 1024px\" \/><\/p>\n<h4 style=\"text-align: justify;\"><span style=\"color: #0062c2;\"><strong>C\u00e1c t\u00ednh n\u0103ng ch\u00ednh c\u1ee7a bizhub C361i\/C301i\/C251i<\/strong><\/span><\/h4>\n<ul>\n<li style=\"text-align: left;\">In tr\u1eafng \u0111en v\u00e0 in m\u00e0u l\u00ean \u0111\u1ebfn 36\/30\/25 trang\/ph\u00fat<\/li>\n<li style=\"text-align: left;\">H\u1ed7 tr\u1ee3 c\u00e1c kh\u1ed5 gi\u1ea5y: A6-SRA3, c\u00e1c kh\u1ed5 gi\u1ea5y t\u00f9y ch\u1ec9nh v\u00e0 banner c\u00f3 chi\u1ec1u d\u00e0i l\u00ean \u0111\u1ebfn 1,200 mm<\/li>\n<li style=\"text-align: left;\">B\u1ea3ng \u0111i\u1ec1u khi\u1ec3n m\u00e0n h\u00ecnh c\u1ea3m \u1ee9ng m\u00e0u 10.1 inch v\u1edbi thi\u1ebft k\u1ebf t\u01b0\u01a1ng t\u1ef1 nh\u01b0 m\u00e1y t\u00ednh b\u1ea3ng h\u1ed7 tr\u1ee3 c\u1ea3m \u1ee9ng \u0111a \u0111i\u1ec3m, giao di\u1ec7n ng\u01b0\u1eddi d\u00f9ng \u0111\u01b0\u1ee3c thi\u1ebft k\u1ebf l\u1ea1i mang \u0111\u1ebfn kh\u1ea3 n\u0103ng v\u1eadn h\u00e0nh tr\u1ef1c quan v\u00e0 d\u1ec5 s\u1eed d\u1ee5ng.<\/li>\n<li style=\"text-align: left;\">H\u1ea1n ch\u1ebf t\u00e1c \u0111\u1ed9ng \u0111\u1ebfn m\u00f4i tr\u01b0\u1eddng nh\u1edd v\u00e0o c\u00f4ng ngh\u1ec7 ti\u00ean ti\u1ebfn v\u1edbi kh\u1ea3 n\u0103ng ti\u00eau th\u1ee5 \u0111i\u1ec7n n\u0103ng th\u1ea5p gi\u00fap ti\u1ebft ki\u1ec7m n\u0103ng l\u01b0\u1ee3ng v\u00e0 chi ph\u00ed cho doanh nghi\u1ec7p.<\/li>\n<li style=\"text-align: left;\">B\u1ea3o m\u1eadt d\u1eef li\u1ec7u h\u00e0ng \u0111\u1ea7u nh\u1edd v\u00e0o c\u00e1c t\u00ednh n\u0103ng b\u1ea3o m\u1eadt \u0111a d\u1ea1ng, bao g\u1ed3m ph\u1ea7m m\u1ec1m qu\u00e9t vi r\u00fat Bitdefender \u2013 gi\u00fap gi\u1ea3m nguy c\u01a1 m\u1ea5t d\u1eef li\u1ec7u v\u00e0 gi\u1eef an to\u00e0n c\u00e1c d\u1eef li\u1ec7u m\u1eadt.<\/li>\n<li style=\"text-align: left;\">Vi\u1ec7c tu\u00e2n th\u1ee7 ti\u00eau chu\u1ea9n ISO\/IEC 15408 gi\u00fap d\u00f2ng m\u00e1y photocopy \u0111a ch\u1ee9c n\u0103ng bizhub i-Series th\u1ebf h\u1ec7 m\u1edbi \u0111\u1ea3m b\u1ea3o \u0111\u00e1p \u1ee9ng c\u00e1c y\u00eau c\u1ea7u v\u1ec1 b\u1ea3o m\u1eadt m\u1edbi nh\u1ea5t.<\/li>\n<li style=\"text-align: left;\">In m\u1ecdi l\u00fac m\u1ecdi n\u01a1i v\u1edbi c\u00f4ng ngh\u1ec7 di \u0111\u1ed9ng ti\u00ean ti\u1ebfn c\u1ee7a Konica Minolta.<\/li>\n<\/ul>\n<p style=\"text-align: center;\"><iframe loading=\"lazy\" src=\"\/\/www.youtube.com\/embed\/S-O5MxiuuEU\" width=\"560\" height=\"314\" allowfullscreen=\"allowfullscreen\"><\/iframe><\/p>\n<p>&nbsp;<\/p>\n","protected":false},"excerpt":{"rendered":"<p><strong>Hi\u1ec7u su\u1ea5t Ch\u1ea5t l\u01b0\u1ee3ng cao, N\u00e2ng cao T\u00ednh hi\u1ec7u qu\u1ea3 v\u00e0 K\u1ebft n\u1ed1i Li\u1ec1n m\u1ea1ch<\/strong><\/p>\n<p style=\"text-align: justify;\">M\u00e1y photocopy \u0111a ch\u1ee9c n\u0103ng m\u00e0u\u00a0<strong>bizhub C361i\/C301i\/C251i<\/strong> s\u1edf h\u1eefu b\u1ed9 m\u00e1y v\u1eadn h\u00e0nh m\u1ea1nh m\u1ebd, b\u1ed9 x\u1eed l\u00fd trung t\u00e2m l\u00f5i t\u1ee9 v\u1edbi b\u1ed9 nh\u1edb trong 8GB v\u00e0 \u1ed5 c\u1ee9ng SSD 256GB, h\u1ed7 tr\u1ee3 kh\u1ea3 n\u0103ng v\u1eadn h\u00e0nh nhanh ch\u00f3ng v\u1edbi hi\u1ec7u su\u1ea5t cao. K\u1ebft h\u1ee3p v\u1edbi t\u00ednh n\u0103ng t\u01b0\u01a1ng th\u00edch t\u1ed1i \u0111a v\u1edbi nhi\u1ec1u lo\u1ea1i gi\u1ea5y, b\u1ed9 n\u1ea1p b\u1ea3n g\u1ed1c hai m\u1eb7t t\u1ef1 \u0111\u1ed9ng \u0111\u1ed3ng th\u1eddi t\u1ed1c \u0111\u1ed9 cao, t\u00ednh n\u0103ng \u0111i\u1ec1u ch\u1ec9nh \u0111\u1ed9 l\u1ec7ch k\u1ef9 thu\u1eadt s\u1ed1, v\u00e0 c\u00e1c khay gi\u1ea5y dung l\u01b0\u1ee3ng l\u1edbn, k\u1ebft h\u1ee3p m\u1ed9t c\u00e1ch hi\u1ec7u qu\u1ea3 ch\u1ee9c n\u0103ng x\u00e1c th\u1ef1c v\u1edbi kh\u1ea3 n\u0103ng h\u1ed7 tr\u1ee3 d\u1ecbch v\u1ee5 linh ho\u1ea1t.<\/p>\n","protected":false},"featured_media":11150,"comment_status":"closed","ping_status":"closed","template":"","meta":[],"product_cat":[151,152],"product_tag":[],"class_list":["post-10959","product","type-product","status-publish","has-post-thumbnail","hentry","product_cat-in-an-van-phong","product_cat-may-in-mau-da-chuc-nang"],"_links":{"self":[{"href":"https:\/\/www.konicaminolta.vn\/business\/wp-json\/wp\/v2\/product\/10959","targetHints":{"allow":["GET"]}}],"collection":[{"href":"https:\/\/www.konicaminolta.vn\/business\/wp-json\/wp\/v2\/product"}],"about":[{"href":"https:\/\/www.konicaminolta.vn\/business\/wp-json\/wp\/v2\/types\/product"}],"replies":[{"embeddable":true,"href":"https:\/\/www.konicaminolta.vn\/business\/wp-json\/wp\/v2\/comments?post=10959"}],"wp:featuredmedia":[{"embeddable":true,"href":"https:\/\/www.konicaminolta.vn\/business\/wp-json\/wp\/v2\/media\/11150"}],"wp:attachment":[{"href":"https:\/\/www.konicaminolta.vn\/business\/wp-json\/wp\/v2\/media?parent=10959"}],"wp:term":[{"taxonomy":"product_cat","embeddable":true,"href":"https:\/\/www.konicaminolta.vn\/business\/wp-json\/wp\/v2\/product_cat?post=10959"},{"taxonomy":"product_tag","embeddable":true,"href":"https:\/\/www.konicaminolta.vn\/business\/wp-json\/wp\/v2\/product_tag?post=10959"}],"curies":[{"name":"wp","href":"https:\/\/api.w.org\/{rel}","templated":true}]}}