{"id":10977,"date":"2024-10-02T15:22:35","date_gmt":"2024-10-02T08:22:35","guid":{"rendered":"https:\/\/www.konicaminolta.vn\/business\/product\/bizhub-c651i-c551i-c451i\/"},"modified":"2025-01-21T16:03:35","modified_gmt":"2025-01-21T09:03:35","slug":"bizhub-c651i-c551i-c451i","status":"publish","type":"product","link":"https:\/\/www.konicaminolta.vn\/business\/product\/bizhub-c651i-c551i-c451i\/","title":{"rendered":"bizhub C651i\/C551i\/C451i"},"content":{"rendered":"<p><img loading=\"lazy\" decoding=\"async\" class=\"aligncenter size-large wp-image-10976\" src=\"https:\/\/www.konicaminolta.vn\/business\/wp-content\/uploads\/2024\/10\/bizhub-C651i-location-picture_EM2_5141_1-1024x683.jpg\" alt=\"\" width=\"1024\" height=\"683\" srcset=\"https:\/\/www.konicaminolta.vn\/business\/wp-content\/uploads\/2024\/10\/bizhub-C651i-location-picture_EM2_5141_1-1024x683.jpg 1024w, https:\/\/www.konicaminolta.vn\/business\/wp-content\/uploads\/2024\/10\/bizhub-C651i-location-picture_EM2_5141_1-300x200.jpg 300w, https:\/\/www.konicaminolta.vn\/business\/wp-content\/uploads\/2024\/10\/bizhub-C651i-location-picture_EM2_5141_1-768x512.jpg 768w, https:\/\/www.konicaminolta.vn\/business\/wp-content\/uploads\/2024\/10\/bizhub-C651i-location-picture_EM2_5141_1-600x400.jpg 600w\" sizes=\"auto, (max-width: 1024px) 100vw, 1024px\" \/><\/p>\n<p style=\"text-align: justify;\">D\u00f2ng m\u00e1y photocopy \u0111a ch\u1ee9c n\u0103ng m\u00e0u bizhub C651i\/C551i\/C451i s\u1edf h\u1eefu b\u1ed9 m\u00e1y v\u1eadn h\u00e0nh m\u1ea1nh m\u1ebd, b\u1ed9 x\u1eed l\u00fd trung t\u00e2m l\u00f5i t\u1ee9 v\u1edbi b\u1ed9 nh\u1edb trong 8GB ti\u00eau chu\u1ea9n v\u00e0 \u1ed5 c\u1ee9ng SSD 256GB, h\u1ed7 tr\u1ee3 ph\u1ea3n h\u1ed3i l\u1ec7nh nhanh ch\u00f3ng v\u1edbi hi\u1ec7u su\u1ea5t ho\u1ea1t \u0111\u1ed9ng cao. S\u1ef1 k\u1ebft h\u1ee3p b\u1ed5 sung gi\u1eefa t\u00ednh n\u0103ng t\u01b0\u01a1ng th\u00edch t\u1ed1i \u0111a v\u1edbi nhi\u1ec1u lo\u1ea1i gi\u1ea5y,\u00a0b\u1ed9 n\u1ea1p b\u1ea3n g\u1ed1c hai m\u1eb7t t\u1ef1 \u0111\u1ed9ng \u0111\u1ed3ng th\u1eddi t\u1ed1c \u0111\u1ed9 cao, t\u00ednh n\u0103ng \u0111i\u1ec1u ch\u1ec9nh \u0111\u1ed9 l\u1ec7ch k\u1ef9 thu\u1eadt s\u1ed1, v\u00e0 c\u00e1c khay gi\u1ea5y dung l\u01b0\u1ee3ng l\u1edbn, k\u1ebft h\u1ee3p m\u1ed9t c\u00e1ch chuy\u00ean nghi\u1ec7p c\u00f9ng v\u1edbi ch\u1ee9c n\u0103ng x\u00e1c th\u1ef1c v\u00e0 kh\u1ea3 n\u0103ng h\u1ed7 tr\u1ee3 d\u1ecbch v\u1ee5 linh ho\u1ea1t.<\/p>\n<h4 style=\"text-align: justify;\"><span style=\"color: #0062c2;\"><strong>C\u00e1c t\u00ednh n\u0103ng ch\u00ednh c\u1ee7a\u00a0<\/strong><\/span><span style=\"color: #0062c2;\"><strong>bizhub C651i\/C551i\/C451i:<\/strong><\/span><\/h4>\n<ul>\n<li>In \u0111\u01a1n s\u1eafc v\u00e0 in m\u00e0u l\u00ean \u0111\u1ebfn 65\/55\/45 trang\/ph\u00fat.<\/li>\n<li>T\u1ed1c \u0111\u1ed9 scan hai m\u1eb7t l\u00ean \u0111\u1ebfn 280 b\u1ea3n\/ph\u00fat.<\/li>\n<li>Dung l\u01b0\u1ee3ng gi\u1ea5y ti\u00eau chu\u1ea9n \u0111\u1ea1t 1,150 t\u1edd, c\u00f3 th\u1ec3 m\u1edf r\u1ed9ng t\u1ed1i \u0111a l\u00ean \u0111\u1ebfn 6,650 t\u1edd.<\/li>\n<li>Vi\u1ec7c tu\u00e2n th\u1ee7 ti\u00eau chu\u1ea9n ISO\/IEC 15408 gi\u00fap d\u00f2ng m\u00e1y photocopy \u0111a ch\u1ee9c n\u0103ng bizhub i-Series th\u1ebf h\u1ec7 m\u1edbi \u0111\u1ea3m b\u1ea3o \u0111\u00e1p \u1ee9ng c\u00e1c y\u00eau c\u1ea7u v\u1ec1 b\u1ea3o m\u1eadt m\u1edbi nh\u1ea5t.<\/li>\n<li>T\u00edch h\u1ee3p m\u1ea1ng l\u01b0\u1edbi b\u1ea3o m\u1eadt, m\u00e3 h\u00f3a d\u1eef li\u1ec7u, ghi \u0111\u00e8 d\u1eef li\u1ec7u l\u01b0u tr\u1eef, v\u00e0 x\u00e1c th\u1ef1c ng\u01b0\u1eddi d\u00f9ng n\u00e2ng cao.<\/li>\n<li>Vi\u1ec7c s\u1ea3n xu\u1ea5t n\u1ed9i b\u1ed9 c\u00e1c bi\u1ec3u ng\u1eef\/ t\u00e0i li\u1ec7u qu\u1ea3ng c\u00e1o \u0111\u01b0\u1ee3c th\u1ef1c hi\u1ec7n d\u1ec5 d\u00e0ng nh\u1edd B\u1ed9 c\u1ea3m bi\u1ebfn nh\u1eadn di\u1ec7n gi\u1ea5y th\u00f4ng minh, gi\u00fap x\u00e1c \u0111\u1ecbnh v\u00e0 \u00e1p d\u1ee5ng c\u00e1c c\u00e0i \u0111\u1eb7t in \u1ea5n th\u00edch h\u1ee3p.<\/li>\n<li>B\u1ed9 th\u00e0nh ph\u1ea9m ho\u00e0n ch\u1ec9nh h\u1ed7 tr\u1ee3 ch\u1ee9c n\u0103ng g\u1eadp ch\u1eef Z b\u00ean c\u1ea1nh ch\u1ee9c n\u0103ng d\u1eadp ghim, \u0111\u1ee5c l\u1ed7, \u0111\u00f3ng s\u00e1ch v\u00e0 ch\u00e8n b\u00eca.<\/li>\n<\/ul>\n<p><img loading=\"lazy\" decoding=\"async\" class=\"aligncenter size-large wp-image-10954\" src=\"https:\/\/www.konicaminolta.vn\/business\/wp-content\/uploads\/2024\/10\/key-visual_vi-05.jpg\" alt=\"\" width=\"1024\" height=\"536\" srcset=\"https:\/\/www.konicaminolta.vn\/business\/wp-content\/uploads\/2024\/10\/key-visual_vi-05.jpg 5000w, https:\/\/www.konicaminolta.vn\/business\/wp-content\/uploads\/2024\/10\/key-visual_vi-05-300x157.jpg 300w, https:\/\/www.konicaminolta.vn\/business\/wp-content\/uploads\/2024\/10\/key-visual_vi-05-768x402.jpg 768w, https:\/\/www.konicaminolta.vn\/business\/wp-content\/uploads\/2024\/10\/key-visual_vi-05-1024x536.jpg 1024w, https:\/\/www.konicaminolta.vn\/business\/wp-content\/uploads\/2024\/10\/key-visual_vi-05-600x314.jpg 600w\" sizes=\"auto, (max-width: 1024px) 100vw, 1024px\" \/><\/p>\n<p style=\"text-align: center;\"><iframe loading=\"lazy\" src=\"\/\/www.youtube.com\/embed\/S-O5MxiuuEU\" width=\"560\" height=\"314\" allowfullscreen=\"allowfullscreen\"><\/iframe><\/p>\n<p>&nbsp;<\/p>\n<p>&nbsp;<\/p>\n","protected":false},"excerpt":{"rendered":"<p><strong>\u0110\u01a1n gi\u1ea3n, B\u1ea3o m\u1eadt v\u00e0 K\u1ebft n\u1ed1i. Kh\u00e1m ph\u00e1 h\u1ec7 th\u1ed1ng m\u00e1y photocopy \u0111a ch\u1ee9c n\u0103ng cao c\u1ea5p bizhub i-Series th\u1ebf h\u1ec7 m\u1edbi<\/strong><\/p>\n<p style=\"text-align: justify;\">D\u00f2ng m\u00e1y photocopy \u0111a ch\u1ee9c n\u0103ng m\u00e0u<strong>\u00a0bizhub C651i\/C551i\/C451i<\/strong> s\u1edf h\u1eefu b\u1ed9 m\u00e1y v\u1eadn h\u00e0nh m\u1ea1nh m\u1ebd, b\u1ed9 x\u1eed l\u00fd trung t\u00e2m l\u00f5i t\u1ee9 v\u1edbi b\u1ed9 nh\u1edb trong 8GB v\u00e0 \u1ed5 c\u1ee9ng SSD 256GB, h\u1ed7 tr\u1ee3 kh\u1ea3 n\u0103ng v\u1eadn h\u00e0nh nhanh ch\u00f3ng v\u1edbi hi\u1ec7u su\u1ea5t ho\u1ea1t \u0111\u1ed9ng cao. K\u1ebft h\u1ee3p v\u1edbi kh\u1ea3 n\u0103ng t\u01b0\u01a1ng th\u00edch t\u1ed1i \u0111a v\u1edbi nhi\u1ec1u lo\u1ea1i gi\u1ea5y, b\u1ed9 n\u1ea1p b\u1ea3n g\u1ed1c hai m\u1eb7t t\u1ef1 \u0111\u1ed9ng \u0111\u1ed3ng th\u1eddi t\u1ed1c \u0111\u1ed9 cao, t\u00f9y ch\u1ecdn ho\u00e0n thi\u1ec7n th\u00e0nh ph\u1ea9m \u0111a d\u1ea1ng, t\u00ednh n\u0103ng \u0111i\u1ec1u ch\u1ec9nh \u0111\u1ed9 l\u1ec7ch k\u1ef9 thu\u1eadt s\u1ed1, v\u00e0 c\u00e1c khay gi\u1ea5y dung l\u01b0\u1ee3ng l\u1edbn, k\u1ebft h\u1ee3p m\u1ed9t c\u00e1ch hi\u1ec7u qu\u1ea3 ch\u1ee9c n\u0103ng x\u00e1c th\u1ef1c v\u1edbi kh\u1ea3 n\u0103ng h\u1ed7 tr\u1ee3 d\u1ecbch v\u1ee5 linh ho\u1ea1t.<\/p>\n","protected":false},"featured_media":11152,"comment_status":"closed","ping_status":"closed","template":"","meta":[],"product_cat":[151,152],"product_tag":[],"class_list":["post-10977","product","type-product","status-publish","has-post-thumbnail","hentry","product_cat-in-an-van-phong","product_cat-may-in-mau-da-chuc-nang"],"_links":{"self":[{"href":"https:\/\/www.konicaminolta.vn\/business\/wp-json\/wp\/v2\/product\/10977","targetHints":{"allow":["GET"]}}],"collection":[{"href":"https:\/\/www.konicaminolta.vn\/business\/wp-json\/wp\/v2\/product"}],"about":[{"href":"https:\/\/www.konicaminolta.vn\/business\/wp-json\/wp\/v2\/types\/product"}],"replies":[{"embeddable":true,"href":"https:\/\/www.konicaminolta.vn\/business\/wp-json\/wp\/v2\/comments?post=10977"}],"wp:featuredmedia":[{"embeddable":true,"href":"https:\/\/www.konicaminolta.vn\/business\/wp-json\/wp\/v2\/media\/11152"}],"wp:attachment":[{"href":"https:\/\/www.konicaminolta.vn\/business\/wp-json\/wp\/v2\/media?parent=10977"}],"wp:term":[{"taxonomy":"product_cat","embeddable":true,"href":"https:\/\/www.konicaminolta.vn\/business\/wp-json\/wp\/v2\/product_cat?post=10977"},{"taxonomy":"product_tag","embeddable":true,"href":"https:\/\/www.konicaminolta.vn\/business\/wp-json\/wp\/v2\/product_tag?post=10977"}],"curies":[{"name":"wp","href":"https:\/\/api.w.org\/{rel}","templated":true}]}}