{"id":10988,"date":"2024-10-02T16:35:53","date_gmt":"2024-10-02T09:35:53","guid":{"rendered":"https:\/\/www.konicaminolta.vn\/business\/product\/bizhub-c751i\/"},"modified":"2025-01-21T15:33:46","modified_gmt":"2025-01-21T08:33:46","slug":"bizhub-c751i","status":"publish","type":"product","link":"https:\/\/www.konicaminolta.vn\/business\/product\/bizhub-c751i\/","title":{"rendered":"bizhub C751i"},"content":{"rendered":"<p><img loading=\"lazy\" decoding=\"async\" class=\"aligncenter size-large wp-image-10986\" src=\"https:\/\/www.konicaminolta.vn\/business\/wp-content\/uploads\/2024\/10\/bizhub-C751i-location-picture_EM2_7404_2-1024x683.jpg\" alt=\"\" width=\"1024\" height=\"683\" srcset=\"https:\/\/www.konicaminolta.vn\/business\/wp-content\/uploads\/2024\/10\/bizhub-C751i-location-picture_EM2_7404_2-1024x683.jpg 1024w, https:\/\/www.konicaminolta.vn\/business\/wp-content\/uploads\/2024\/10\/bizhub-C751i-location-picture_EM2_7404_2-300x200.jpg 300w, https:\/\/www.konicaminolta.vn\/business\/wp-content\/uploads\/2024\/10\/bizhub-C751i-location-picture_EM2_7404_2-768x512.jpg 768w, https:\/\/www.konicaminolta.vn\/business\/wp-content\/uploads\/2024\/10\/bizhub-C751i-location-picture_EM2_7404_2-600x400.jpg 600w\" sizes=\"auto, (max-width: 1024px) 100vw, 1024px\" \/><\/p>\n<p style=\"text-align: justify;\">D\u00f2ng m\u00e1y photocopy \u0111a ch\u1ee9c n\u0103ng m\u00e0u bizhub C751i s\u1edf h\u1eefu b\u1ed9 m\u00e1y v\u1eadn h\u00e0nh m\u1ea1nh m\u1ebd, b\u1ed9 x\u1eed l\u00fd trung t\u00e2m l\u00f5i t\u1ee9 v\u1edbi b\u1ed9 nh\u1edb trong 8GB ti\u00eau chu\u1ea9n v\u00e0 \u1ed5 c\u1ee9ng SSD 256GB, h\u1ed7 tr\u1ee3 ph\u1ea3n h\u1ed3i l\u1ec7nh nhanh ch\u00f3ng v\u1edbi hi\u1ec7u su\u1ea5t ho\u1ea1t \u0111\u1ed9ng cao. S\u1ef1 k\u1ebft h\u1ee3p b\u1ed5 sung gi\u1eefa t\u00ednh n\u0103ng t\u01b0\u01a1ng th\u00edch t\u1ed1i \u0111a v\u1edbi nhi\u1ec1u lo\u1ea1i gi\u1ea5y,\u00a0b\u1ed9 n\u1ea1p b\u1ea3n g\u1ed1c hai m\u1eb7t t\u1ef1 \u0111\u1ed9ng \u0111\u1ed3ng th\u1eddi t\u1ed1c \u0111\u1ed9 cao, t\u00ednh n\u0103ng \u0111i\u1ec1u ch\u1ec9nh \u0111\u1ed9 l\u1ec7ch k\u1ef9 thu\u1eadt s\u1ed1, v\u00e0 c\u00e1c khay gi\u1ea5y dung l\u01b0\u1ee3ng l\u1edbn, k\u1ebft h\u1ee3p m\u1ed9t c\u00e1ch chuy\u00ean nghi\u1ec7p c\u00f9ng v\u1edbi ch\u1ee9c n\u0103ng x\u00e1c th\u1ef1c v\u00e0 kh\u1ea3 n\u0103ng h\u1ed7 tr\u1ee3 d\u1ecbch v\u1ee5 linh ho\u1ea1t.<\/p>\n<p style=\"text-align: justify;\">Tr\u1ea3i nghi\u1ec7m d\u00f2ng s\u1ea3n ph\u1ea9m c\u00f4ng ngh\u1ec7 bizhub i-Series th\u1ebf h\u1ec7 m\u1edbi v\u1edbi m\u00e0n h\u00ecnh gi\u1ed1ng m\u00e1y t\u00ednh b\u1ea3ng 10,1 inch, s\u1ea3n ph\u1ea9m trang b\u1ecb tr\u1ea3i nghi\u1ec7m ng\u01b0\u1eddi d\u00f9ng t\u1ed1t nh\u1ea5t tr\u00ean th\u1ecb tr\u01b0\u1eddng, c\u00e1c t\u00ednh n\u0103ng b\u1ea3o m\u1eadt s\u1ed1 m\u1ed9t v\u1edbi c\u00f4ng c\u1ee5 qu\u00e9t vi-r\u00fat Bitdefender t\u00edch h\u1ee3p t\u00f9y ch\u1ecdn, c\u00e1c d\u1ecbch v\u1ee5 h\u1ed7 tr\u1ee3 t\u1eeb Konica Minolta v\u00e0 nhi\u1ec1u h\u01a1n n\u1eefa.<\/p>\n<h4 style=\"text-align: justify;\"><span style=\"color: #0062c2;\"><strong>C\u00e1c t\u00ednh n\u0103ng ch\u00ednh c\u1ee7a bizhub C751i:<\/strong><\/span><\/h4>\n<ul>\n<li>In \u0111\u01a1n s\u1eafc v\u00e0 in m\u00e0u l\u00ean \u0111\u1ebfn 75\/70 trang\/ph\u00fat.<\/li>\n<li>T\u1ed1c \u0111\u1ed9 scan hai m\u1eb7t l\u00ean \u0111\u1ebfn 280 b\u1ea3n\/ph\u00fat.<\/li>\n<li>H\u1ed7 tr\u1ee3 c\u00e1c kh\u1ed5 gi\u1ea5y: A6-SRA3, c\u00e1c kh\u1ed5 gi\u1ea5y t\u00f9y ch\u1ec9nh v\u00e0 banner c\u00f3 chi\u1ec1u d\u00e0i l\u00ean \u0111\u1ebfn 1,200 mm.<\/li>\n<li>Dung l\u01b0\u1ee3ng gi\u1ea5y ti\u00eau chu\u1ea9n \u0111\u1ea1t 3,650 t\u1edd, c\u00f3 th\u1ec3 m\u1edf r\u1ed9ng t\u1ed1i \u0111a l\u00ean \u0111\u1ebfn 6,650 t\u1edd.<\/li>\n<li>Kh\u1ea3 n\u0103ng \u0111\u1ecdc nh\u1eadn di\u1ec7n ph\u01b0\u01a1ng ti\u1ec7n d\u1eef li\u1ec7u \u0111\u1ec3 c\u1ea3i thi\u1ec7n tr\u1ea3i nghi\u1ec7m ng\u01b0\u1eddi d\u00f9ng m\u1ed9t c\u00e1ch t\u1ed1t nh\u1ea5t.<\/li>\n<li>B\u1ea3o m\u1eadt d\u1eef li\u1ec7u h\u00e0ng \u0111\u1ea7u nh\u1edd v\u00e0o c\u00e1c t\u00ednh n\u0103ng b\u1ea3o m\u1eadt \u0111a d\u1ea1ng, gi\u00fap gi\u1ea3m nguy c\u01a1 m\u1ea5t d\u1eef li\u1ec7u v\u00e0 gi\u1eef an to\u00e0n c\u00e1c d\u1eef li\u1ec7u m\u1eadt.<\/li>\n<li>Vi\u1ec7c tu\u00e2n th\u1ee7 ti\u00eau chu\u1ea9n ISO\/IEC 15408 gi\u00fap d\u00f2ng m\u00e1y photocopy \u0111a ch\u1ee9c n\u0103ng bizhub i-Series th\u1ebf h\u1ec7 m\u1edbi \u0111\u1ea3m b\u1ea3o \u0111\u00e1p \u1ee9ng c\u00e1c y\u00eau c\u1ea7u v\u1ec1 b\u1ea3o m\u1eadt m\u1edbi nh\u1ea5t.<\/li>\n<\/ul>\n<p><img loading=\"lazy\" decoding=\"async\" class=\"aligncenter size-large wp-image-10951\" src=\"https:\/\/www.konicaminolta.vn\/business\/wp-content\/uploads\/2024\/10\/key-visual_en-01-1024x536.jpg\" alt=\"\" width=\"1024\" height=\"536\" srcset=\"https:\/\/www.konicaminolta.vn\/business\/wp-content\/uploads\/2024\/10\/key-visual_en-01-1024x536.jpg 1024w, https:\/\/www.konicaminolta.vn\/business\/wp-content\/uploads\/2024\/10\/key-visual_en-01-300x157.jpg 300w, https:\/\/www.konicaminolta.vn\/business\/wp-content\/uploads\/2024\/10\/key-visual_en-01-768x402.jpg 768w, https:\/\/www.konicaminolta.vn\/business\/wp-content\/uploads\/2024\/10\/key-visual_en-01-600x314.jpg 600w\" sizes=\"auto, (max-width: 1024px) 100vw, 1024px\" \/><\/p>\n<p style=\"text-align: center;\"><iframe loading=\"lazy\" src=\"\/\/www.youtube.com\/embed\/S-O5MxiuuEU\" width=\"560\" height=\"314\" allowfullscreen=\"allowfullscreen\"><\/iframe><\/p>\n<p>&nbsp;<\/p>\n","protected":false},"excerpt":{"rendered":"<p style=\"text-align: justify;\">D\u00f2ng m\u00e1y photocopy \u0111a ch\u1ee9c n\u0103ng <strong>bizhub 751i<\/strong> trang b\u1ecb \u0111\u1ed9ng c\u01a1 m\u1ea1nh m\u1ebd v\u1edbi b\u1ed9 x\u1eed l\u00fd trung t\u00e2m l\u00f5i t\u1ee9, \u00a0b\u1ed9 nh\u1edb trong 8GB v\u00e0 \u1ed5 c\u1ee9ng SSD 256GB. D\u00f2ng m\u00e1y mang \u0111\u1ebfn kh\u1ea3 n\u0103ng v\u1eadn h\u00e0nh nhanh ch\u00f3ng, n\u0103ng su\u1ea5t n\u1ed5i b\u1eadt v\u1edbi t\u1ed1c \u0111\u1ed9 in n\u00e2ng cao. K\u1ebft h\u1ee3p b\u1ed5 sung v\u1edbi c\u00e1c t\u00ednh n\u0103ng \u1ea5n t\u01b0\u1ee3ng nh\u01b0 kh\u1ea3 n\u0103ng t\u01b0\u01a1ng th\u00edch t\u1ed1i \u0111a v\u1edbi nhi\u1ec1u lo\u1ea1i gi\u1ea5y, b\u1ed9 n\u1ea1p b\u1ea3n g\u1ed1c hai m\u1eb7t t\u1ef1 \u0111\u1ed9ng \u0111\u1ed3ng th\u1eddi t\u1ed1c \u0111\u1ed9 cao, \u0111a d\u1ea1ng t\u00f9y ch\u1ecdn ho\u00e0n thi\u1ec7n th\u00e0nh ph\u1ea9m, t\u00ednh n\u0103ng \u0111i\u1ec1u ch\u1ec9nh \u0111\u1ed9 l\u1ec7ch k\u1ef9 thu\u1eadt s\u1ed1, v\u00e0 c\u00e1c khay gi\u1ea5y dung l\u01b0\u1ee3ng l\u1edbn. S\u1ef1 k\u1ebft h\u1ee3p ho\u00e0n h\u1ea3o gi\u1eefa ch\u1ee9c n\u0103ng x\u00e1c th\u1ef1c v\u00e0 kh\u1ea3 n\u0103ng h\u1ed7 tr\u1ee3 d\u1ecbch v\u1ee5 v\u01b0\u1ee3t tr\u1ed9i \u0111\u00e3 \u0111\u1eb7t ra m\u1ed9t ti\u00eau chu\u1ea9n m\u1edbi v\u1ec1 n\u0103ng su\u1ea5t v\u00e0 ch\u1ea5t l\u01b0\u1ee3ng<em>. <\/em><\/p>\n","protected":false},"featured_media":11134,"comment_status":"closed","ping_status":"closed","template":"","meta":[],"product_cat":[151,152],"product_tag":[],"class_list":["post-10988","product","type-product","status-publish","has-post-thumbnail","hentry","product_cat-in-an-van-phong","product_cat-may-in-mau-da-chuc-nang"],"_links":{"self":[{"href":"https:\/\/www.konicaminolta.vn\/business\/wp-json\/wp\/v2\/product\/10988","targetHints":{"allow":["GET"]}}],"collection":[{"href":"https:\/\/www.konicaminolta.vn\/business\/wp-json\/wp\/v2\/product"}],"about":[{"href":"https:\/\/www.konicaminolta.vn\/business\/wp-json\/wp\/v2\/types\/product"}],"replies":[{"embeddable":true,"href":"https:\/\/www.konicaminolta.vn\/business\/wp-json\/wp\/v2\/comments?post=10988"}],"wp:featuredmedia":[{"embeddable":true,"href":"https:\/\/www.konicaminolta.vn\/business\/wp-json\/wp\/v2\/media\/11134"}],"wp:attachment":[{"href":"https:\/\/www.konicaminolta.vn\/business\/wp-json\/wp\/v2\/media?parent=10988"}],"wp:term":[{"taxonomy":"product_cat","embeddable":true,"href":"https:\/\/www.konicaminolta.vn\/business\/wp-json\/wp\/v2\/product_cat?post=10988"},{"taxonomy":"product_tag","embeddable":true,"href":"https:\/\/www.konicaminolta.vn\/business\/wp-json\/wp\/v2\/product_tag?post=10988"}],"curies":[{"name":"wp","href":"https:\/\/api.w.org\/{rel}","templated":true}]}}