{"id":11010,"date":"2024-10-09T13:59:48","date_gmt":"2024-10-09T07:09:07","guid":{"rendered":"https:\/\/www.konicaminolta.vn\/business\/?post_type=product&#038;p=11010"},"modified":"2025-06-04T14:53:38","modified_gmt":"2025-06-04T07:53:38","slug":"accuriopress-c14000-c12000-2","status":"publish","type":"product","link":"https:\/\/www.konicaminolta.vn\/business\/product\/accuriopress-c14000-c12000-2\/","title":{"rendered":"AccurioPress C14000\/C12000"},"content":{"rendered":"<p><img loading=\"lazy\" decoding=\"async\" class=\"aligncenter size-large wp-image-11016\" src=\"https:\/\/www.konicaminolta.vn\/business\/wp-content\/uploads\/2024\/10\/AccurioPress-C14000-location-picture-1024x683.jpg\" alt=\"\" width=\"1024\" height=\"683\" srcset=\"https:\/\/www.konicaminolta.vn\/business\/wp-content\/uploads\/2024\/10\/AccurioPress-C14000-location-picture-1024x683.jpg 1024w, https:\/\/www.konicaminolta.vn\/business\/wp-content\/uploads\/2024\/10\/AccurioPress-C14000-location-picture-300x200.jpg 300w, https:\/\/www.konicaminolta.vn\/business\/wp-content\/uploads\/2024\/10\/AccurioPress-C14000-location-picture-768x512.jpg 768w, https:\/\/www.konicaminolta.vn\/business\/wp-content\/uploads\/2024\/10\/AccurioPress-C14000-location-picture-600x400.jpg 600w\" sizes=\"auto, (max-width: 1024px) 100vw, 1024px\" \/><\/p>\n<p><img loading=\"lazy\" decoding=\"async\" class=\"aligncenter size-large wp-image-11009\" src=\"https:\/\/www.konicaminolta.vn\/business\/wp-content\/uploads\/2024\/10\/Cypress_content-01-1024x238.jpg\" alt=\"\" width=\"1024\" height=\"238\" srcset=\"https:\/\/www.konicaminolta.vn\/business\/wp-content\/uploads\/2024\/10\/Cypress_content-01-1024x238.jpg 1024w, https:\/\/www.konicaminolta.vn\/business\/wp-content\/uploads\/2024\/10\/Cypress_content-01-300x70.jpg 300w, https:\/\/www.konicaminolta.vn\/business\/wp-content\/uploads\/2024\/10\/Cypress_content-01-768x179.jpg 768w, https:\/\/www.konicaminolta.vn\/business\/wp-content\/uploads\/2024\/10\/Cypress_content-01-600x140.jpg 600w\" sizes=\"auto, (max-width: 1024px) 100vw, 1024px\" \/><\/p>\n<p style=\"text-align: justify;\"><span style=\"color: #0062c2;\"><strong>T\u0103ng tr\u01b0\u1edfng doanh nghi\u1ec7p c\u1ee7a b\u1ea1n<\/strong><\/span><\/p>\n<p style=\"text-align: justify;\">H\u1ec7 th\u1ed1ng m\u1edbi c\u1ee7a ch\u00fang t\u00f4i c\u00f3 nhi\u1ec1u lo\u1ea1i ph\u01b0\u01a1ng ti\u1ec7n h\u1ed7 tr\u1ee3, t\u1eeb gi\u1ea5y m\u1ecfng \u0111\u1ebfn gi\u1ea5y d\u00e0y (l\u00ean t\u1edbi 450 g\/m2), gi\u1ea5y d\u1eadp n\u1ed5i, phong b\u00ec, c\u0169ng nh\u01b0 nh\u00e3n polyester v\u00e0 nh\u00e3n c\u1eaft kh\u1ed5 v\u00e0 kh\u1ed5 in tr\u00ean c\u00e1c t\u1edd d\u00e0i (kh\u1ed5 banner) l\u00ean t\u1edbi 1300 mm\u00a0 khi in m\u1ed9t m\u1eb7t ho\u1eb7c 900 mm khi in hai m\u1eb7t.<\/p>\n<p style=\"text-align: justify;\"><strong><span style=\"color: #0062c2;\">T\u0103ng c\u01b0\u1eddng hi\u1ec7u qu\u1ea3 ho\u1ea1t \u0111\u1ed9ng<\/span><\/strong><\/p>\n<p style=\"text-align: justify;\">\u0110\u01b0\u1ee3c thi\u1ebft k\u1ebf \u0111\u1ec3 t\u0103ng th\u1eddi gian ho\u1ea1t \u0111\u1ed9ng c\u1ee7a m\u00e1y in v\u00e0 in nhi\u1ec1u h\u01a1n trong th\u1eddi gian ng\u1eafn h\u01a1n. C\u00e1c t\u00ednh n\u0103ng m\u1edbi cho ph\u00e9p b\u1ea1n s\u1ea3n xu\u1ea5t nhi\u1ec1u s\u1ea3n ph\u1ea9m in c\u00f3 gi\u00e1 tr\u1ecb cao h\u01a1n nhanh h\u01a1n. V\u1edbi b\u1ed9 \u0111i\u1ec1u khi\u1ec3n in v\u00e0 x\u1eed l\u00fd h\u00ecnh \u1ea3nh k\u1ef9 thu\u1eadt s\u1ed1th\u00f4ng minh, b\u1ea1n s\u1ebd \u0111\u1ea1t \u0111\u01b0\u1ee3c ch\u1ea5t l\u01b0\u1ee3ng in mong mu\u1ed1n trong m\u1ed7i l\u1ea7n in.<\/p>\n<p style=\"text-align: justify;\"><span style=\"color: #0062c2;\"><strong>T\u1ed1i \u0111a h\u00f3a kho\u1ea3n \u0111\u1ea7u t\u01b0 c\u1ee7a b\u1ea1n<\/strong><\/span><\/p>\n<p style=\"text-align: justify;\">Gi\u1ea3m thi\u1ec3u th\u1eddi gian thi\u1ebft l\u1eadp m\u1ed9t c\u00e1ch \u0111\u00e1ng k\u1ec3, gi\u00fap b\u1ea1n c\u00f3 th\u1eddi gian ho\u1ea1t \u0111\u1ed9ng t\u1ed1i \u0111a v\u00e0 k\u1ebft h\u1ee3p v\u1edbi nhi\u1ec1u kh\u1ea3 n\u0103ng ho\u00e0n thi\u1ec7n tr\u1ef1c tuy\u1ebfn \u0111\u1ec3 s\u1ea3n xu\u1ea5t nhi\u1ec1u h\u01a1n bao gi\u1edd h\u1ebft.<\/p>\n<p style=\"text-align: justify;\"><span style=\"color: #0062c2;\"><strong>C\u1ea3i thi\u1ec7n l\u00f2ng trung th\u00e0nh c\u1ee7a kh\u00e1ch h\u00e0ng<\/strong><\/span><\/p>\n<p style=\"text-align: justify;\">V\u1edbi AccurioPress C14000\/C12000 t\u1ef1 \u0111\u1ed9ng \u0111i\u1ec1u ch\u1ec9nh ch\u1ea5t l\u01b0\u1ee3ng in trong qu\u00e1 tr\u00ecnh in, b\u1ea1n c\u00f3 th\u1ec3 ch\u1eafc ch\u1eafn r\u1eb1ng lu\u00f4n s\u1ea3n xu\u1ea5t \u0111\u00fang ch\u1ea5t l\u01b0\u1ee3ng m\u00e0 b\u1ea1n v\u00e0 kh\u00e1ch h\u00e0ng c\u1ee7a b\u1ea1n mong \u0111\u1ee3i, khi\u1ebfn cho kh\u00e1ch h\u00e0ng c\u1ee7a b\u1ea1n s\u1ebd quay l\u1ea1i v\u1edbi b\u1ea1n trong khi s\u1ea3n ph\u1ea9m c\u1ee7a b\u1ea1n kh\u00f4ng b\u1ecb \u1ea3nh h\u01b0\u1edfng!<\/p>\n<p style=\"text-align: justify;\"><span style=\"color: #0062c2;\"><strong>T\u1ef1 \u0111\u1ed9ng h\u00f3a v\u00e0 ti\u1ebft ki\u1ec7m th\u1eddi gian\u00a0<\/strong><\/span><\/p>\n<p style=\"text-align: justify;\">B\u1ed9 \u0111i\u1ec1u khi\u1ec3n in v\u00e0 x\u1eed l\u00fd h\u00ecnh \u1ea3nh k\u1ef9 thu\u1eadt s\u1ed1th\u00f4ng minh IQ-501 cung c\u1ea5p t\u1ef1 \u0111\u1ed9ng h\u00f3a m\u1ea1nh m\u1ebd cho vi\u1ec7c \u0111\u1ecbnh v\u1ecb h\u00ecnh \u1ea3nh v\u00e0 \u0111\u0103ng k\u00fd m\u1ed9t m\u1eb7t v\u00e0 ki\u1ec3m so\u00e1t m\u00e0u s\u1eafc \u1edf m\u1eb7t kia. H\u01a1n n\u1eefa, c\u1ea3m bi\u1ebfn ph\u01b0\u01a1ng ti\u1ec7n m\u1edbi t\u1ef1 \u0111\u1ed9ng ph\u00e1t hi\u1ec7n lo\u1ea1i, tr\u1ecdng l\u01b0\u1ee3ng, \u0111\u1ed9 d\u00e0y v\u00e0 b\u1ec1 m\u1eb7t c\u1ee7a m\u1ed7i ch\u1ea5t l\u01b0\u1ee3ng gi\u1ea5y, \u0111\u1ec1 xu\u1ea5t ch\u1ea5t n\u1ec1n ph\u00f9 h\u1ee3p t\u1eeb danh m\u1ee5c gi\u1ea5y &#8211; t\u1ea5t c\u1ea3 \u0111\u01b0\u1ee3c thi\u1ebft k\u1ebf \u0111\u1ec3 gi\u1ea3m thi\u1ec3u th\u1eddi gian c\u1ee7a ng\u01b0\u1eddi v\u1eadn h\u00e0nh v\u00e0 l\u00e3ng ph\u00ed in \u1ea5n \u0111\u1ed3ng th\u1eddi l\u00e0m t\u0103ng n\u0103ng su\u1ea5t ho\u1ea1t \u0111\u1ed9ng nh\u01b0 mong mu\u1ed1n.<\/p>\n<p style=\"text-align: center;\"><iframe loading=\"lazy\" src=\"\/\/www.youtube.com\/embed\/yvjfgRUdnYk\" width=\"600\" height=\"336\" allowfullscreen=\"allowfullscreen\"><\/iframe><\/p>\n<h4><span style=\"color: #000000;\">C\u00e1c \u0111\u1eb7c t\u00ednh c\u1ee7a AccurioPress C14000\/C12000:<\/span><\/h4>\n<p style=\"text-align: justify;\">H\u1ec7 th\u1ed1ng m\u00e1y in m\u00e0u k\u1ef9 thu\u1eadt s\u1ed1 m\u1edbi nh\u1ea5t n\u00e0y n\u1ed5i b\u1eadt nh\u1edd ch\u1ea5t l\u01b0\u1ee3ng in ho\u00e0n h\u1ea3o, kh\u1ea3 n\u0103ng t\u01b0\u01a1ng th\u00edch v\u1edbi nhi\u1ec1u lo\u1ea1i ph\u01b0\u01a1ng ti\u1ec7n v\u00e0 m\u1ee9c \u0111\u1ed9 t\u1ef1 \u0111\u1ed9ng h\u00f3a cao nh\u1ea5t. V\u1edbi t\u1ed1c \u0111\u1ed9 in l\u00ean t\u1edbi 140\/120 trang\/ph\u00fat, AccurioPress C14000\/C12000 li\u00ean t\u1ee5c mang l\u1ea1i hi\u1ec7u su\u1ea5t cao c\u00e1c nh\u00e0 in nh\u1eb1m \u0111\u1ea3m b\u1ea3o ho\u1ea1t \u0111\u1ed9ng in \u1ea5n th\u01b0\u01a1ng m\u1ea1i \u0111\u00e1ng tin c\u1eady, d\u1ec5 d\u00e0ng v\u00e0 hi\u1ec7u qu\u1ea3 tr\u00ean nhi\u1ec1u lo\u1ea1i ph\u01b0\u01a1ng ti\u1ec7n kh\u00e1c nhau.<\/p>\n<p><strong><span style=\"color: #c0167b;\">Ch\u1ea5t l\u01b0\u1ee3ng h\u00ecnh \u1ea3nh ho\u00e0n h\u1ea3o<\/span><\/strong><\/p>\n<ul style=\"list-style-type: circle;\">\n<li>S.E.A.D X 2,400 x 3600 equiv. dpi x 8bit<\/li>\n<li>C\u00f4ng ngh\u1ec7 m\u1ef1c Smitri V<\/li>\n<li>C\u00f4ng ngh\u1ec7 ki\u1ec3m so\u00e1t m\u1eadt \u0111\u1ed9 h\u00ecnh \u1ea3nh<\/li>\n<\/ul>\n<p><span style=\"color: #c0167b;\"><strong>Hi\u1ec7u su\u1ea5t b\u1ec1n b\u1ec9<\/strong><\/span><\/p>\n<ul style=\"list-style-type: circle;\">\n<li>T\u1ed1c \u0111\u1ed9 in l\u00ean \u0111\u1ebfn 140\/120 trang A4 m\u1ed7i ph\u00fat<\/li>\n<li>T\u1ed1c \u0111\u1ed9 in l\u00ean \u0111\u1ebfn 80\/69 trang A3 m\u1ed7i ph\u00fat<\/li>\n<li>Chu k\u1ef3 l\u00e0m vi\u1ec7c: 2.5 tri\u1ec7u\/2.2 tri\u1ec7u<\/li>\n<\/ul>\n<p><span style=\"color: #c0167b;\"><strong>X\u1eed l\u00fd ph\u01b0\u01a1ng ti\u1ec7n to\u00e0n di\u1ec7n<\/strong><\/span><\/p>\n<ul style=\"list-style-type: circle;\">\n<li>Tr\u1ecdng l\u01b0\u1ee3ng gi\u1ea5y l\u00ean \u0111\u1ebfn 450 g\/m2 trong in m\u1ed9t m\u1eb7t v\u00e0 in hai m\u1eb7t<\/li>\n<li>K\u00edch th\u01b0\u1edbc t\u1edd d\u00e0i l\u00ean \u0111\u1ebfn 1,300mm (in hai m\u1eb7t l\u00ean \u0111\u1ebfn 900mm)<\/li>\n<li>C\u1ea5p gi\u1ea5y m\u1ecfng \u0111\u00e1ng tin c\u1eady th\u00f4ng qua t\u00e1ch fusing b\u1eb1ng kh\u00ed n\u00e9n<\/li>\n<li>In phong b\u00ec<\/li>\n<li>H\u1ed7 tr\u1ee3 gi\u1ea5y n\u1ed5i<\/li>\n<li>B\u1ed9 lo\u1ea1i b\u1ecf cu\u1ed9n t\u1ea3n nhi\u1ec7t t\u00f9y ch\u1ecdn<\/li>\n<\/ul>\n<p><strong><span style=\"color: #c0167b;\">Hi\u1ec7u qu\u1ea3 \u0111\u01a1n gi\u1ea3n<\/span><\/strong><\/p>\n<ul style=\"list-style-type: circle;\">\n<li>T\u1ef1 \u0111\u1ed9ng tuy\u1ebfn t\u00ednh h\u00f3a \u0111\u1ed9ng c\u01a1<\/li>\n<li>\u0110\u0103ng k\u00fd t\u1ef1 \u0111\u1ed9ng in hai m\u1eb7t<\/li>\n<li>T\u1ea1o h\u1ed3 s\u01a1 t\u1ef1 \u0111\u1ed9ng<\/li>\n<li>\u0110i\u1ec1u ch\u1ec9nh theo th\u1eddi gian th\u1ef1c<\/li>\n<\/ul>\n<p><strong><span style=\"color: #c0167b;\">Th\u00e0nh ph\u1ea9m in s\u1eb5n<\/span><\/strong><\/p>\n<ul style=\"list-style-type: circle;\">\n<li>\u0110\u00f3ng b\u00eca ho\u00e0n h\u1ea3o cho s\u00e1ch d\u00e0y l\u00ean \u0111\u1ebfn 30 mm<\/li>\n<li>\u0110\u00f3ng ghim 100 t\u1edd v\u1edbi c\u01a1 ch\u1ebf c\u1eaft<\/li>\n<li>\u0110\u00f3ng ghim v\u00f2ng t\u1ef1 \u0111\u1ed9ng 102 t\u1edd<\/li>\n<li>C\u1eaft danh thi\u1ebfp v\u00e0 b\u01b0u thi\u1ebfp t\u1ef1 \u0111\u1ed9ng trong d\u00e2y chuy\u1ec1n<\/li>\n<li>Banners tr\u00e0n vi\u1ec1n, poster kh\u1ed5 A3 v\u00e0 A4<\/li>\n<\/ul>\n<p style=\"text-align: center;\"><iframe loading=\"lazy\" src=\"\/\/www.youtube.com\/embed\/bCSPGM1htrY\" width=\"600\" height=\"336\" allowfullscreen=\"allowfullscreen\"><\/iframe><\/p>\n","protected":false},"excerpt":{"rendered":"<p style=\"text-align: justify;\"><strong>AccurioPress C14000\/C12000<\/strong> l\u00e0 h\u1ec7 th\u1ed1ng in m\u00e0u th\u1ebf h\u1ec7 m\u1edbi c\u00f3 hi\u1ec7u su\u1ea5t cao, mang l\u1ea1i t\u1ed1c \u0111\u1ed9 \u1ea5n t\u01b0\u1ee3ng l\u00ean t\u1edbi 140\/120 trang m\u1ed7i ph\u00fat v\u00e0 ch\u1ea5t l\u01b0\u1ee3ng in s\u1eafc n\u00e9t l\u00ean \u0111\u1ebfn 3600 x 2400 dpi. D\u00f2ng m\u00e1y h\u1ed7 tr\u1ee3 nhi\u1ec1u lo\u1ea1i gi\u1ea5y v\u00e0 \u0111\u1ecbnh l\u01b0\u1ee3ng gi\u1ea5y kh\u00e1c nhau, l\u00ean t\u1edbi 450 gsm, v\u00e0 c\u00f3 c\u00e1c quy tr\u00ecnh t\u1ef1 \u0111\u1ed9ng h\u00f3a \u0111\u1ec3 t\u0103ng c\u01b0\u1eddng hi\u1ec7u qu\u1ea3. V\u1edbi c\u00e1c t\u00ednh n\u0103ng h\u1ed7 tr\u1ee3 nh\u01b0: in banner m\u1ed9t m\u1eb7t v\u1edbi chi\u1ec1u d\u00e0i l\u00ean \u0111\u1ebfn 1.300 mm v\u00e0 900 mm \u0111\u1ed1i v\u1edbi in banner hai m\u1eb7t, in phong b\u00ec v\u00e0 in d\u1eadp n\u1ed5i, m\u00e1y in s\u1ea3n xu\u1ea5t AccurioPress mang \u0111\u1ebfn cho kh\u00e1ch h\u00e0ng nh\u1eefng d\u1ecbch v\u1ee5 m\u1edbi, nh\u01b0 t\u1edd r\u01a1i qu\u1ea3ng c\u00e1o ki\u1ec3u g\u1ea5p b\u1ed1n hay b\u00eca s\u00e1ch ho\u00e0n thi\u1ec7n.<\/p>\n<p style=\"text-align: justify;\">V\u1edbi qu\u1ea3n l\u00fd m\u00e0u ti\u00ean ti\u1ebfn, c\u00e1c t\u00f9y ch\u1ecdn ho\u00e0n thi\u1ec7n linh ho\u1ea1t v\u00e0 giao di\u1ec7n c\u1ea3m \u1ee9ng tr\u1ef1c quan, AccurioPress C14000\/C12000 \u0111\u01b0\u1ee3c thi\u1ebft k\u1ebf cho c\u00e1c m\u00f4i tr\u01b0\u1eddng in \u1ea5n kh\u1ed1i l\u01b0\u1ee3ng l\u1edbn. Th\u00eam v\u00e0o \u0111\u00f3, d\u00f2ng m\u00e1y n\u00e0y \u0111\u01b0\u1ee3c t\u00edch h\u1ee3p ho\u1ea1t \u0111\u1ed9ng ti\u1ebft ki\u1ec7m n\u0103ng l\u01b0\u1ee3ng v\u00e0 c\u00e1c t\u00ednh n\u0103ng b\u1ea3o m\u1eadt m\u1ea1nh m\u1ebd, khi\u1ebfn n\u00f3 tr\u1edf th\u00e0nh l\u1ef1a ch\u1ecdn l\u00fd t\u01b0\u1edfng cho c\u00e1c nh\u00e0 cung c\u1ea5p d\u1ecbch v\u1ee5 in th\u01b0\u01a1ng m\u1ea1i.<\/p>\n","protected":false},"featured_media":11011,"comment_status":"closed","ping_status":"closed","template":"","meta":[],"product_cat":[154,155],"product_tag":[],"class_list":["post-11010","product","type-product","status-publish","has-post-thumbnail","hentry","product_cat-he-thong-in-san-xuat","product_cat-he-thong-in-mau-san-xuat"],"_links":{"self":[{"href":"https:\/\/www.konicaminolta.vn\/business\/wp-json\/wp\/v2\/product\/11010","targetHints":{"allow":["GET"]}}],"collection":[{"href":"https:\/\/www.konicaminolta.vn\/business\/wp-json\/wp\/v2\/product"}],"about":[{"href":"https:\/\/www.konicaminolta.vn\/business\/wp-json\/wp\/v2\/types\/product"}],"replies":[{"embeddable":true,"href":"https:\/\/www.konicaminolta.vn\/business\/wp-json\/wp\/v2\/comments?post=11010"}],"wp:featuredmedia":[{"embeddable":true,"href":"https:\/\/www.konicaminolta.vn\/business\/wp-json\/wp\/v2\/media\/11011"}],"wp:attachment":[{"href":"https:\/\/www.konicaminolta.vn\/business\/wp-json\/wp\/v2\/media?parent=11010"}],"wp:term":[{"taxonomy":"product_cat","embeddable":true,"href":"https:\/\/www.konicaminolta.vn\/business\/wp-json\/wp\/v2\/product_cat?post=11010"},{"taxonomy":"product_tag","embeddable":true,"href":"https:\/\/www.konicaminolta.vn\/business\/wp-json\/wp\/v2\/product_tag?post=11010"}],"curies":[{"name":"wp","href":"https:\/\/api.w.org\/{rel}","templated":true}]}}