{"id":11417,"date":"2025-05-28T16:29:40","date_gmt":"2025-05-28T09:33:08","guid":{"rendered":"https:\/\/www.konicaminolta.vn\/business\/?post_type=product&#038;p=11417"},"modified":"2025-07-24T09:15:20","modified_gmt":"2025-07-24T02:15:20","slug":"accuriopress-c14010s-c12010s","status":"publish","type":"product","link":"https:\/\/www.konicaminolta.vn\/business\/product\/accuriopress-c14010s-c12010s\/","title":{"rendered":"AccurioPress C14010S\/C12010S"},"content":{"rendered":"<p><img loading=\"lazy\" decoding=\"async\" class=\"aligncenter size-large wp-image-11401\" src=\"https:\/\/www.konicaminolta.vn\/business\/wp-content\/uploads\/2025\/05\/AccurioPress-C14010S-product-1024x215.jpeg\" alt=\"\" width=\"1024\" height=\"215\" srcset=\"https:\/\/www.konicaminolta.vn\/business\/wp-content\/uploads\/2025\/05\/AccurioPress-C14010S-product-1024x215.jpeg 1024w, https:\/\/www.konicaminolta.vn\/business\/wp-content\/uploads\/2025\/05\/AccurioPress-C14010S-product-300x63.jpeg 300w, https:\/\/www.konicaminolta.vn\/business\/wp-content\/uploads\/2025\/05\/AccurioPress-C14010S-product-768x161.jpeg 768w, https:\/\/www.konicaminolta.vn\/business\/wp-content\/uploads\/2025\/05\/AccurioPress-C14010S-product-1536x323.jpeg 1536w, https:\/\/www.konicaminolta.vn\/business\/wp-content\/uploads\/2025\/05\/AccurioPress-C14010S-product-2048x430.jpeg 2048w, https:\/\/www.konicaminolta.vn\/business\/wp-content\/uploads\/2025\/05\/AccurioPress-C14010S-product-600x126.jpeg 600w\" sizes=\"auto, (max-width: 1024px) 100vw, 1024px\" \/><\/p>\n<p style=\"text-align: justify;\"><strong>M\u1edf R\u1ed9ng Ti\u1ec1m N\u0103ng Kinh Doanh Cho Doanh Nghi\u1ec7p<\/strong> &#8211; AccurioPress C14010S\/C12010S s\u1edf h\u1eefu t\u00ednh linh ho\u1ea1t v\u01b0\u1ee3t tr\u1ed9i, kh\u1ea3 n\u0103ng x\u1eed l\u00fd nhi\u1ec1u lo\u1ea1i v\u1eadt li\u1ec7u kh\u00e1c nhau nh\u01b0 gi\u1ea5y m\u1ecfng v\u00e0 gi\u1ea5y d\u00e0y (l\u00ean \u0111\u1ebfn 450 g\/m\u00b2), gi\u1ea5y d\u1eadp n\u1ed5i, b\u00eca th\u01b0, polyester v\u00e0 nh\u00e3n d\u1ea1ng t\u1edd r\u1eddi.<span style=\"color: #0062c2;\"><strong> V\u1edbi c\u00e1c d\u00f2ng m\u00e1y c\u00f3 t\u00f9y ch\u1ecdn m\u1ef1c in m\u00e0u tr\u1eafng<\/strong><\/span>, doanh nghi\u1ec7p c\u00f3 th\u1ec3 m\u1edf r\u1ed9ng c\u00e1c d\u1ecbch v\u1ee5 in \u1ea5n v\u00e0 kh\u00e1m ph\u00e1 nh\u1eefng c\u01a1 h\u1ed9i kinh doanh m\u1edbi.<\/p>\n<p style=\"text-align: justify;\"><strong>T\u0103ng C\u01b0\u1eddng S\u1ef1 Trung Th\u00e0nh C\u1ee7a Kh\u00e1ch H\u00e0ng<\/strong> \u2013 H\u1ec7 t\u1ed1ng AccurioPress C14010S\/C12010S duy tr\u00ec t\u00ednh nh\u1ea5t qu\u00e1n v\u00e0 ch\u1ea5t l\u01b0\u1ee3ng cao cho s\u1ea3n ph\u1ea9m \u0111\u1ea7u ra v\u1edbi kh\u1ea3 n\u0103ng \u0111i\u1ec1u ch\u1ec9nh ch\u1ea5t l\u01b0\u1ee3ng in \u1ea5n t\u1ef1 \u0111\u1ed9ng ngay trong qu\u00e1 tr\u00ecnh in, gi\u00fap doanh nghi\u1ec7p \u0111\u00e1p \u1ee9ng k\u1ef3 v\u1ecdng c\u1ee7a kh\u00e1ch h\u00e0ng tr\u00ean m\u1ed7i trang in. C\u00f4ng ngh\u1ec7 Ki\u1ec3m tra T\u1ef1 \u0111\u1ed9ng ti\u00ean ti\u1ebfn \u0111\u1ea3m b\u1ea3o r\u1eb1ng ch\u1ec9 nh\u1eefng s\u1ea3n ph\u1ea9m \u0111\u1ea1t ti\u00eau chu\u1ea9n ho\u00e0n h\u1ea3o m\u1edbi \u0111\u01b0\u1ee3c xu\u1ea5t x\u01b0\u1edfng, mang l\u1ea1i ch\u1ea5t l\u01b0\u1ee3ng in \u1ea5n t\u1ed1t nh\u1ea5t cho kh\u00e1ch h\u00e0ng.<\/p>\n<p style=\"text-align: justify;\"><strong>\u0110\u01a1n Gi\u1ea3n H\u00f3a Quy Tr\u00ecnh V\u1eadn H\u00e0nh V\u1edbi S\u1ef1 H\u1ed7 Tr\u1ee3 Th\u00f4ng Minh<\/strong> \u2013 H\u1ec7 th\u1ed1ng in s\u1ea3n xu\u1ea5t c\u1ee7a ch\u00fang t\u00f4i \u0111\u01b0\u1ee3c thi\u1ebft k\u1ebf \u0111\u1ec3 t\u1ed1i \u0111a h\u00f3a th\u1eddi gian ho\u1ea1t \u0111\u1ed9ng c\u1ee7a m\u00e1y in, gi\u00fap doanh nghi\u1ec7p s\u1ea3n xu\u1ea5t nhi\u1ec1u h\u01a1n trong th\u1eddi gian ng\u1eafn h\u01a1n. V\u1edbi c\u00e1c t\u00ednh n\u0103ng h\u1ed7 tr\u1ee3 ti\u00ean ti\u1ebfn nh\u1eb1m n\u00e2ng cao t\u1ed1c \u0111\u1ed9 v\u00e0 ch\u1ea5t l\u01b0\u1ee3ng, doanh nghi\u1ec7p c\u00f3 th\u1ec3 cung c\u1ea5p c\u00e1c s\u1ea3n ph\u1ea9m in gi\u00e1 tr\u1ecb cao v\u1edbi t\u1ed1c \u0111\u1ed9 nhanh ch\u00f3ng v\u01b0\u1ee3t tr\u1ed9i. C\u00e1c c\u00f4ng c\u1ee5 nh\u01b0 Tr\u00ecnh T\u1ed1i \u01afu H\u00f3a Ch\u1ea5t L\u01b0\u1ee3ng Th\u00f4ng Minh v\u00e0 B\u1ed9 C\u1ea3m Bi\u1ebfn V\u1eadt Li\u1ec7u Th\u00f4ng Minh cho ph\u00e9p duy tr\u00ec t\u00ednh nh\u1ea5t qu\u00e1n v\u00e0 ch\u1ea5t l\u01b0\u1ee3ng cao trong m\u1ed7i l\u1ec7nh in.<\/p>\n<p style=\"text-align: justify;\"><strong>T\u1ed1i \u0110a H\u00f3a Kho\u1ea3n \u0110\u1ea7u T\u01b0 C\u1ee7a Doanh Nghi\u1ec7p<\/strong> &#8211; AccurioPress C14010S\/C12010S cung c\u1ea5p c\u00e1c t\u00f9y ch\u1ecdn ho\u00e0n thi\u1ec7n th\u00e0nh ph\u1ea9m t\u00edch h\u1ee3p linh ho\u1ea1t, gi\u00fap s\u1ea3n ph\u1ea9m \u0111\u1ea7u ra s\u1eb5n s\u00e0ng v\u1eadn chuy\u1ec3n ngay sau khi in, \u0111\u1ed3ng th\u1eddi trang b\u1ecb kh\u1ea3 n\u0103ng in \u1ea5n t\u1ed1c \u0111\u1ed9 cao cho vi\u1ec7c ho\u00e0n thi\u1ec7n th\u00e0nh ph\u1ea9m b\u00ean ngo\u00e0i. \u0110\u01b0\u1ee3c thi\u1ebft k\u1ebf cho ho\u1ea1t \u0111\u1ed9ng in \u1ea5n s\u1ea3n l\u01b0\u1ee3ng l\u1edbn, h\u1ec7 th\u1ed1ng \u0111\u1ea3m b\u1ea3o vi\u1ec7c n\u1ea1p gi\u1ea5y \u0111\u01b0\u1ee3c di\u1ec5n ra m\u1ed9t c\u00e1ch m\u01b0\u1ee3t m\u00e0 v\u00e0 ch\u00ednh x\u00e1c v\u1edbi m\u1ecdi \u0111\u1ecbnh d\u1ea1ng gi\u1ea5y c\u00f3 chi\u1ec1u d\u00e0i l\u00ean \u0111\u1ebfn 900 mm, s\u1eed d\u1ee5ng c\u01a1 ch\u1ebf t\u00e1ch gi\u1ea5y b\u1eb1ng h\u1ec7 th\u1ed1ng h\u00fat kh\u00ed v\u00e0 c\u00f4ng ngh\u1ec7 n\u1ea1p gi\u1ea5y h\u00fat ch\u00e2n kh\u00f4ng.<\/p>\n<p style=\"text-align: center;\"><iframe loading=\"lazy\" src=\"\/\/www.youtube.com\/embed\/fKsFiCMKnKg\" width=\"560\" height=\"314\" allowfullscreen=\"allowfullscreen\"><\/iframe><\/p>\n<div class=\"mx-2 w-full md:w-[calc(50%-1rem)] mb-4 flex flex-col gap-1\">\n<h4 class=\"style-h4 font-bolder text-header-h4 leading-tight tracking-tighter mb-2 mt-4\" style=\"text-align: center;\"><span style=\"color: #c0167b;\">Key features of AccurioPress C14010S\/C12010S<\/span><\/h4>\n<p><span style=\"color: #0062c2;\"><strong>C\u00f4ng ngh\u1ec7 t\u1ef1 \u0111\u1ed9ng h\u00f3a mang \u0111\u1ebfn ch\u1ea5t l\u01b0\u1ee3ng in \u1ea5n \u01b0u vi\u1ec7t.<\/strong><\/span><\/p>\n<ul style=\"list-style-type: square;\">\n<li>B\u1ed9 T\u1ed1i \u01b0u h\u00f3a ch\u1ea5t l\u01b0\u1ee3ng in th\u00f4ng minh IQ-601 \u0111\u1ed9t ph\u00e1 quy tr\u00ecnh in \u1ea5n v\u1edbi kh\u1ea3 n\u0103ng \u0111\u1ea3m b\u1ea3o \u0111\u1ed9 ch\u00ednh x\u00e1c m\u00e0u s\u1eafc tuy\u1ec7t \u0111\u1ed1i, \u0111i\u1ec1u ch\u1ec9nh theo th\u1eddi gian th\u1ef1c v\u1edbi quy tr\u00ecnh l\u00e0m vi\u1ec7c t\u1ef1 \u0111\u1ed9ng.<\/li>\n<li>\u0110\u01b0\u1ee3c t\u00edch h\u1ee3p m\u00e1y \u0111o quang ph\u1ed5, h\u1ec7 th\u1ed1ng in s\u1ea3n xu\u1ea5t th\u1ebf h\u1ec7 m\u1edbi n\u00e0y \u0111\u1ea3m b\u1ea3o c\u00e1c t\u00f4ng m\u00e0u chu\u1ea9n x\u00e1c, c\u1ea3i thi\u1ec7n \u0111\u1ed9 ch\u1ed3ng kh\u1edbp m\u1eb7t tr\u01b0\u1edbc v\u00e0 m\u1eb7t sau, t\u1ef1 \u0111\u1ed9ng h\u00f3a ho\u00e0n to\u00e0n qu\u00e1 tr\u00ecnh t\u1ea1o profile m\u00e0u, mang l\u1ea1i nh\u1eefng s\u1ea3n ph\u1ea9m in \u1ea5n ch\u1ea5t l\u01b0\u1ee3ng cao m\u1ed9t c\u00e1ch d\u1ec5 d\u00e0ng.<\/li>\n<\/ul>\n<p><span style=\"color: #0062c2;\"><strong>T\u1ef1 \u0111\u1ed9ng h\u00f3a quy tr\u00ecnh x\u1eed l\u00fd v\u1eadt li\u1ec7u in.<\/strong><\/span><\/p>\n<ul style=\"list-style-type: square;\">\n<li>B\u1ed9 c\u1ea3m bi\u1ebfn IM-104 v\u00e0 IM-105 th\u1ebf h\u1ec7 m\u1edbi h\u1ed7 tr\u1ee3 t\u1ef1 \u0111\u1ed9ng h\u00f3a to\u00e0n di\u1ec7n qu\u00e1 tr\u00ecnh c\u00e0i \u0111\u1eb7t v\u1eadt li\u1ec7u in. Gi\u1ea3i ph\u00e1p n\u00e0y \u0111\u01b0\u1ee3c hi\u1ec7n th\u1ef1c h\u00f3a th\u00f4ng qua vi\u1ec7c s\u1eed d\u1ee5ng 7 c\u1ea3m bi\u1ebfn k\u1ebft h\u1ee3p c\u00f9ng thu\u1eadt to\u00e1n h\u1ecdc m\u00e1y ti\u00ean ti\u1ebfn.<\/li>\n<li>C\u00f4ng ngh\u1ec7 n\u00e0y cho ph\u00e9p t\u1ef1 \u0111\u1ed9ng x\u00e1c \u0111\u1ecbnh v\u00e0 c\u00e0i \u0111\u1eb7t c\u00e1c gi\u00e1 tr\u1ecb t\u1ed1i \u01b0u cho nhi\u1ec7t \u0111\u1ed9 s\u1ea5y, lo\u1ea1i gi\u1ea5y, \u0111\u1ecbnh l\u01b0\u1ee3ng gi\u1ea5y v\u00e0 m\u1ee9c \u0111\u1ed9 th\u1ed5i t\u00e1ch s\u1ea5y &#8211; nh\u1eefng th\u00f4ng s\u1ed1 \u0111\u00f2i h\u1ecfi th\u1eddi gian \u0111i\u1ec1u ch\u1ec9nh t\u1ec9 m\u1ec9.<\/li>\n<\/ul>\n<p><span style=\"color: #0062c2;\"><strong>H\u1ed7 tr\u1ee3 \u0111a d\u1ea1ng c\u00e1c lo\u1ea1i v\u1eadt li\u1ec7u in<\/strong><\/span><\/p>\n<ul style=\"list-style-type: square;\">\n<li>T\u1eeb gi\u1ea5y m\u1ecfng \u0111\u1ebfn gi\u1ea5y d\u00e0y (l\u00ean \u0111\u1ebfn 450g\/m\u00b2), b\u00eca th\u01b0, gi\u1ea5y c\u00e1n g\u00e2n, polyester v\u00e0 nh\u00e3n d\u1ea1ng t\u1edd r\u1eddi.<\/li>\n<li>Kh\u1ed5 gi\u1ea5y d\u00e0i l\u00ean \u0111\u1ebfn 1.300mm.<\/li>\n<\/ul>\n<p><span style=\"color: #0062c2;\"><strong>In tr\u00e0n l\u1ec1 chuy\u00ean nghi\u1ec7p.<\/strong><\/span><\/p>\n<ul style=\"list-style-type: square;\">\n<li>B\u1ed9 ph\u1eadn x\u00e9n TU-510 ti\u00ean ti\u1ebfn \u0111\u01b0\u1ee3c thi\u1ebft k\u1ebf \u0111\u1ec3 x\u00e9n v\u00e0 c\u1eaft, t\u1ea1o ra c\u00e1c s\u1ea3n ph\u1ea9m in tr\u00e0n l\u1ec1 ch\u1ea5t l\u01b0\u1ee3ng cao, \u0111\u1ed3ng th\u1eddi h\u1ed7 tr\u1ee3 c\u00e1c ch\u1ee9c n\u0103ng t\u1ea1o n\u1ebfp g\u1ea5p v\u00e0 in tr\u00e0n l\u1ec1 cho danh thi\u1ebfp v\u00e0 b\u01b0u thi\u1ebfp.<\/li>\n<li>Kh\u1ea3 n\u0103ng h\u1ed7 tr\u1ee3 kh\u1ed5 gi\u1ea5y d\u00e0i c\u1ee7a c\u00e1c t\u00f9y ch\u1ecdn m\u1edbi n\u00e0y m\u1edf ra nhi\u1ec1u c\u01a1 h\u1ed9i ph\u00e1t tri\u1ec3n cho doanh nghi\u1ec7p.<\/li>\n<\/ul>\n<p><img loading=\"lazy\" decoding=\"async\" class=\"aligncenter size-large wp-image-11424\" src=\"https:\/\/www.konicaminolta.vn\/business\/wp-content\/uploads\/2025\/05\/AccurioPress-C14010S-sereis_white-tonner-2-01.jpg\" alt=\"\" width=\"1024\" height=\"957\" srcset=\"https:\/\/www.konicaminolta.vn\/business\/wp-content\/uploads\/2025\/05\/AccurioPress-C14010S-sereis_white-tonner-2-01.jpg 1466w, https:\/\/www.konicaminolta.vn\/business\/wp-content\/uploads\/2025\/05\/AccurioPress-C14010S-sereis_white-tonner-2-01-300x280.jpg 300w, https:\/\/www.konicaminolta.vn\/business\/wp-content\/uploads\/2025\/05\/AccurioPress-C14010S-sereis_white-tonner-2-01-1024x957.jpg 1024w, https:\/\/www.konicaminolta.vn\/business\/wp-content\/uploads\/2025\/05\/AccurioPress-C14010S-sereis_white-tonner-2-01-768x718.jpg 768w, https:\/\/www.konicaminolta.vn\/business\/wp-content\/uploads\/2025\/05\/AccurioPress-C14010S-sereis_white-tonner-2-01-600x561.jpg 600w\" sizes=\"auto, (max-width: 1024px) 100vw, 1024px\" \/><\/p>\n<\/div>\n<div class=\"mx-2 w-full md:w-[calc(50%-1rem)] mb-4 flex flex-col gap-1\">\n<div class=\"rich-text\" role=\"none\">\n<h4 style=\"text-align: center;\"><span style=\"color: #c0167b;\">C\u00e1c l\u00fd do n\u00ean l\u1ef1a ch\u1ecdn <strong>AccurioPress C14010S\/C12010S<\/strong><\/span><\/h4>\n<p><span style=\"color: #0062c2;\"><strong>Th\u00fac \u0111\u1ea9y n\u0103ng su\u1ea5t v\u01b0\u1ee3t tr\u1ed9i<\/strong><\/span><\/p>\n<ul style=\"list-style-type: square;\">\n<li>Quy tr\u00ecnh t\u1ef1 \u0111\u1ed9ng h\u00f3a, x\u1eed l\u00fd v\u1eadt li\u1ec7u in th\u00f4ng minh v\u00e0 qu\u1ea3n l\u00fd ch\u1ea5t l\u01b0\u1ee3ng \u0111\u1ea7u ra mang \u0111\u1ebfn kh\u1ea3 n\u0103ng ti\u1ebft ki\u1ec7m l\u00ean \u0111\u1ebfn 300 gi\u1edd l\u00e0m vi\u1ec7c m\u1ed7i n\u0103m. \u0110i\u1ec1u n\u00e0y \u0111\u1ed3ng ngh\u0129a v\u1edbi vi\u1ec7c gi\u1ea3m thi\u1ec3u c\u00e1c thao t\u00e1c th\u1ee7 c\u00f4ng, t\u1ed1i \u01b0u h\u00f3a quy tr\u00ecnh l\u00e0m vi\u1ec7c, n\u00e2ng cao s\u1ef1 h\u00e0i l\u00f2ng trong c\u00f4ng vi\u1ec7c v\u00e0 gia t\u0103ng l\u1ee3i nhu\u1eadn b\u1ec1n v\u1eefng.<\/li>\n<\/ul>\n<p style=\"text-align: left;\"><strong><span style=\"color: #0062c2;\">N\u00e2ng cao hi\u1ec7u qu\u1ea3 ho\u1ea1t \u0111\u1ed9ng<\/span><\/strong><\/p>\n<ul style=\"list-style-type: square;\">\n<li style=\"text-align: left;\">Ti\u1ebft ki\u1ec7m th\u1eddi gian v\u00e0 chi ph\u00ed, \u0111\u1ed3ng th\u1eddi gi\u1ea3m thi\u1ec3u l\u00e3ng ph\u00ed t\u00e0i nguy\u00ean nh\u1edd c\u00e1c c\u00f4ng ngh\u1ec7 c\u1ea3m bi\u1ebfn th\u00f4ng minh. R\u00fat ng\u1eafn th\u1eddi gian thi\u1ebft l\u1eadp m\u00e1y, t\u1ed1i \u01b0u h\u00f3a vi\u1ec7c ti\u00eau th\u1ee5 v\u1eadt t\u01b0 v\u00e0 n\u0103ng l\u01b0\u1ee3ng, gi\u1ea3m thi\u1ec3u t\u00ecnh tr\u1ea1ng k\u1eb9t gi\u1ea5y v\u00e0 gi\u00e1n \u0111o\u1ea1n, \u0111\u1ea3m b\u1ea3o m\u00e1y in ho\u1ea1t \u0111\u1ed9ng v\u1edbi th\u1eddi gian ng\u1eebng t\u1ed1i thi\u1ec3u.<\/li>\n<\/ul>\n<p style=\"text-align: left;\"><strong><span style=\"color: #0062c2;\">C\u1ea3i thi\u1ec7n ch\u1ea5t l\u01b0\u1ee3ng th\u00e0nh ph\u1ea9m<\/span><\/strong><\/p>\n<ul style=\"list-style-type: square;\">\n<li style=\"text-align: left;\">T\u1ef1 \u0111\u1ed9ng h\u00f3a c\u00e1c t\u00e1c v\u1ee5 th\u1ee7 c\u00f4ng \u0111\u01a1n gi\u1ea3n kh\u00f4ng ch\u1ec9 gi\u00fap gi\u1ea3i ph\u00f3ng ngu\u1ed3n l\u1ef1c nh\u00e2n s\u1ef1 \u0111\u1ec3 t\u1eadp trung v\u00e0o c\u00e1c ho\u1ea1t \u0111\u1ed9ng s\u00e1ng t\u1ea1o v\u00e0 ph\u00e1t tri\u1ec3n k\u1ef9 n\u0103ng, m\u00e0 c\u00f2n \u0111\u1ea3m b\u1ea3o mang \u0111\u1ebfn cho kh\u00e1ch h\u00e0ng nh\u1eefng s\u1ea3n ph\u1ea9m in \u1ea5n v\u1edbi m\u00e0u s\u1eafc nh\u1ea5t qu\u00e1n, chu\u1ea9n x\u00e1c v\u00e0 ch\u1ea5t l\u01b0\u1ee3ng v\u01b0\u1ee3t tr\u1ed9i tr\u00ean m\u1ecdi lo\u1ea1i v\u1eadt li\u1ec7u.<\/li>\n<\/ul>\n<p style=\"text-align: left;\"><strong><span style=\"color: #0062c2;\">Ph\u00e1t tri\u1ec3n m\u1ea1nh m\u1ebd c\u00f9ng \u0111\u1ed1i t\u00e1c tin c\u1eady<\/span><\/strong><\/p>\n<ul style=\"list-style-type: square;\">\n<li style=\"text-align: left;\">M\u1edf r\u1ed9ng c\u00e1c d\u1ecbch v\u1ee5 hi\u1ec7n c\u00f3 v\u1edbi nhi\u1ec1u \u1ee9ng d\u1ee5ng ti\u00ean ti\u1ebfn, \u0111\u01b0\u1ee3c tri\u1ec3n khai m\u1ed9t c\u00e1ch chu\u1ea9n x\u00e1c v\u00e0 nh\u1ea5t qu\u00e1n \u1edf t\u1ed1c \u0111\u1ed9 v\u00e0 quy m\u00f4 \u1ea5n t\u01b0\u1ee3ng. Ch\u00fang t\u00f4i \u0111\u1ed3ng h\u00e0nh c\u00f9ng doanh nghi\u1ec7p kh\u00e1m ph\u00e1 nh\u1eefng ti\u1ec1m n\u0103ng m\u1edbi v\u00e0 th\u00fac \u0111\u1ea9y t\u0103ng tr\u01b0\u1edfng v\u1edbi d\u1ecbch v\u1ee5 h\u1ed7 tr\u1ee3 k\u1ef9 thu\u1eadt v\u00e0 kinh doanh chuy\u00ean nghi\u1ec7p, \u0111\u1ea3m b\u1ea3o ph\u1ea3n h\u1ed3i chu \u0111\u00e1o v\u00e0 nhanh ch\u00f3ng.<\/li>\n<\/ul>\n<h4 style=\"text-align: center;\"><a href=\"https:\/\/www.konicaminolta.vn\/business\/contact-us\/?swcfpc=1\"><span style=\"color: #c0167b;\">Y\u00caU C\u1ea6U BU\u1ed4I IN \u1ea4N TH\u1eec NGHI\u1ec6M<\/span><\/a><\/h4>\n<\/div>\n<\/div>\n","protected":false},"excerpt":{"rendered":"<p><strong>AccurioPress C14010S\/C12010S: M\u1edf r\u1ed9ng ti\u1ec1m n\u0103ng kinh doanh, chinh ph\u1ee5c th\u00e0nh c\u00f4ng m\u1edbi c\u1ee7a b\u1ea1n.<\/strong><\/p>\n<p>H\u1ec7 th\u1ed1ng in m\u00e0u s\u1ea3n xu\u1ea5t AccurioPress C14010S\/C12010S c\u1ee7a Konica Minolta h\u1ed7 tr\u1ee3 doanh nghi\u1ec7p m\u1edf ra kh\u1ea3 n\u0103ng in \u1ea5n m\u1edbi v\u1edbi ch\u1ea5t l\u01b0\u1ee3ng in \u1ea5n v\u01b0\u1ee3t tr\u1ed9i, t\u1ed1c \u0111\u1ed9 in \u1ea5n t\u01b0\u1ee3ng l\u00ean \u0111\u1ebfn 140\/120 trang\/ph\u00fat v\u00e0 kh\u1ea3 n\u0103ng x\u1eed l\u00fd \u0111a d\u1ea1ng c\u00e1c v\u1eadt li\u1ec7u in. H\u1ec7 th\u1ed1ng in \u1ea5n cao c\u1ea5p n\u00e0y c\u00f2n c\u00f3 th\u1ec3 t\u00edch h\u1ee3p li\u1ec1n m\u1ea1ch v\u00e0o quy tr\u00ecnh s\u1ea3n xu\u1ea5t c\u1ee7a doanh nghi\u1ec7p, gi\u00fap t\u1ed1i \u01b0u h\u00f3a ho\u1ea1t \u0111\u1ed9ng v\u1eadn h\u00e0nh, gi\u1ea3m thi\u1ec3u s\u1ef1 can thi\u1ec7p th\u1ee7 c\u00f4ng v\u00e0 n\u00e2ng cao hi\u1ec7u su\u1ea5t.<\/p>\n<p><strong><span style=\"color: #c0167b;\">V\u01b0\u1ee3t ra ngo\u00e0i CMYK \u2014 Khai ph\u00f3ng c\u01a1 h\u1ed9i s\u00e1ng t\u1ea1o v\u1edbi kh\u1ea3 n\u0103ng m\u00e0u th\u1ee9 5!<\/span><\/strong><\/p>\n","protected":false},"featured_media":11418,"comment_status":"closed","ping_status":"closed","template":"","meta":[],"product_cat":[154,155],"product_tag":[],"class_list":["post-11417","product","type-product","status-publish","has-post-thumbnail","hentry","product_cat-he-thong-in-san-xuat","product_cat-he-thong-in-mau-san-xuat"],"_links":{"self":[{"href":"https:\/\/www.konicaminolta.vn\/business\/wp-json\/wp\/v2\/product\/11417","targetHints":{"allow":["GET"]}}],"collection":[{"href":"https:\/\/www.konicaminolta.vn\/business\/wp-json\/wp\/v2\/product"}],"about":[{"href":"https:\/\/www.konicaminolta.vn\/business\/wp-json\/wp\/v2\/types\/product"}],"replies":[{"embeddable":true,"href":"https:\/\/www.konicaminolta.vn\/business\/wp-json\/wp\/v2\/comments?post=11417"}],"wp:featuredmedia":[{"embeddable":true,"href":"https:\/\/www.konicaminolta.vn\/business\/wp-json\/wp\/v2\/media\/11418"}],"wp:attachment":[{"href":"https:\/\/www.konicaminolta.vn\/business\/wp-json\/wp\/v2\/media?parent=11417"}],"wp:term":[{"taxonomy":"product_cat","embeddable":true,"href":"https:\/\/www.konicaminolta.vn\/business\/wp-json\/wp\/v2\/product_cat?post=11417"},{"taxonomy":"product_tag","embeddable":true,"href":"https:\/\/www.konicaminolta.vn\/business\/wp-json\/wp\/v2\/product_tag?post=11417"}],"curies":[{"name":"wp","href":"https:\/\/api.w.org\/{rel}","templated":true}]}}