{"id":5123,"date":"2017-08-23T15:16:24","date_gmt":"2017-08-23T07:16:24","guid":{"rendered":"http:\/\/konicaminolta.me\/product\/ps5000c\/"},"modified":"2018-06-29T10:36:20","modified_gmt":"2018-06-29T03:36:20","slug":"ps5000c","status":"publish","type":"product","link":"https:\/\/www.konicaminolta.vn\/business\/product\/ps5000c\/","title":{"rendered":"PS5000C"},"content":{"rendered":"<p>M\u00e1y qu\u00e9t s\u00e1ch Konica Minolta PS5000C cung c\u1ea5p cho b\u1ea1n m\u1ed9t c\u00e1ch nhanh ch\u00f3ng, an to\u00e0n, ti\u1ebft ki\u1ec7m chi ph\u00ed \u0111\u1ec3 qu\u00e9t, s\u1ed1 h\u00f3a v\u00e0 chia s\u1ebb n\u1ed9i dung c\u00e1c \u1ea5n ph\u1ea9m m\u00e0u c\u1ee7a b\u1ea1n. S\u00e1ch, t\u1ea1p ch\u00ed, s\u00e1ch h\u01b0\u1edbng d\u1eabn khoa h\u1ecdc, t\u00e0i li\u1ec7u l\u1ecbch s\u1eed v\u00e0 t\u00e1c ph\u1ea9m ngh\u1ec7 thu\u1eadt \u0111\u1ec1u c\u00f3 th\u1ec3 \u0111\u01b0\u1ee3c b\u1ea3o qu\u1ea3n v\u00e0 chia s\u1ebb \u0111\u1ea7y \u0111\u1ee7 m\u00e0u s\u1eafc m\u00e0 kh\u00f4ng l\u00e0m h\u1ecfng c\u00e1c trang gi\u00f2n ho\u1eb7c c\u00e1c r\u00e0ng bu\u1ed9c m\u1ecfng manh. xxx<\/p>\n<ul>\n<li>Qu\u00e9t k\u1ef9 thu\u1eadt s\u1ed1 ch\u1ec9 trong 3,4 gi\u00e2y m\u1ed7i 8-1 \/ 2 \u2033 \u00d7 11 \u2033 g\u1ed1c<\/li>\n<li>Ch\u1ebf \u0111\u1ed9 qu\u00e9t linh ho\u1ea1t cho s\u00e1ch v\u00e0 c\u00e1c trang \u0111\u01a1n &#8211; v\u00e0 \u0111\u1ed9 ph\u00e2n gi\u1ea3i qu\u00e9t c\u00f3 th\u1ec3 ch\u1ecdn t\u1eeb 200 dpi \u0111\u1ebfn 600 dpi cho ph\u00e9p b\u1ea1n kh\u1edbp ngu\u1ed3n qu\u00e9t theo nhu c\u1ea7u c\u1ee7a t\u1eebng b\u1ea3n g\u1ed1c.<\/li>\n<li>M\u00e1y qu\u00e9t s\u00e1ch c\u00f3 khu v\u1ef1c qu\u00e9t 11,69 \u2033 \u00d7 17,00 to \u0111\u1ec3 ch\u1ee9a kh\u1ed1i l\u01b0\u1ee3ng b\u1ecb r\u00e0ng bu\u1ed9c qu\u00e1 kh\u1ed5, s\u1ed5 c\u00e1i, t\u00e1c ph\u1ea9m ngh\u1ec7 thu\u1eadt, b\u1ea3n \u0111\u1ed3, h\u1ed3 s\u01a1 l\u01b0u tr\u1eef v\u00e0 c\u00e1c t\u00e0i li\u1ec7u l\u1edbn kh\u00e1c.<\/li>\n<li>C\u00e1c t\u00ednh n\u0103ng kh\u00e1c bao g\u1ed3m:\n<ul>\n<li>Giao di\u1ec7n m\u00e1y t\u00ednh tr\u1ef1c ti\u1ebfp v\u1edbi tr\u00ecnh k\u1ebft n\u1ed1i USB v\u00e0 tr\u00ecnh \u0111i\u1ec1u khi\u1ec3n TWAIN \u0111\u1ec3 qu\u00e9t c\u00e1c b\u1ea3n g\u1ed1c m\u00e0u cho m\u00e1y t\u00ednh c\u1ee7a b\u1ea1n \u0111\u1ec3 s\u1eed d\u1ee5ng trong c\u00e1c trang web, xu\u1ea5t b\u1ea3n tr\u00ean m\u00e1y t\u00ednh \u0111\u1ec3 b\u00e0n ho\u1eb7c Email.<\/li>\n<li>Ch\u1ebf \u0111\u1ed9 h\u00ecnh \u1ea3nh c\u00f3 th\u1ec3 ch\u1ecdn \u0111\u1ec3 tinh ch\u1ec9nh \u0111\u1ea7u ra cho V\u0103n b\u1ea3n M\u00e0u, H\u00ecnh \u1ea3nh M\u00e0u, V\u0103n b\u1ea3n M\u00e0u x\u00e1m, \u1ea2nh thang \u0111\u1ed9 x\u00e1m ho\u1eb7c Ngh\u1ec7 thu\u1eadt D\u00f2ng (bitmap cho v\u0103n b\u1ea3n ho\u1eb7c h\u00ecnh \u1ea3nh d\u00f2ng).<\/li>\n<li>T\u1ef1 \u0111\u1ed9ng b\u00f9 cho \u0111\u1ed9 cong c\u1ee7a trang v\u00e0 t\u1ef1 \u0111\u1ed9ng x\u00f3a c\u00e1c \u0111\u01b0\u1eddng b\u00f3ng \u1edf gi\u1eefa, \u0111\u01b0\u1eddng vi\u1ec1n trang v\u00e0 h\u00ecnh \u1ea3nh c\u00e1c ng\u00f3n tay \u0111ang gi\u1eef c\u00e1c trang \u0111\u1ec3 qu\u00e9t.<\/li>\n<li>Qu\u00e9t 3D cho ph\u00e9p b\u1ea1n s\u1ed1 h\u00f3a h\u00ecnh \u1ea3nh c\u1ee7a c\u00e1c \u0111\u1ed1i t\u01b0\u1ee3ng \u0111\u01b0\u1ee3c \u0111\u1eb7t tr\u00ean b\u1ec1 m\u1eb7t qu\u00e9t c\u1ee7a m\u00e1y qu\u00e9t s\u00e1ch Konica Minolta PS5000C.<\/li>\n<\/ul>\n<\/li>\n<\/ul>\n","protected":false},"excerpt":{"rendered":"<p>M\u00e1y qu\u00e9t s\u00e1ch Konica Minolta PS5000C cung c\u1ea5p cho b\u1ea1n m\u1ed9t c\u00e1ch nhanh ch\u00f3ng, an to\u00e0n, ti\u1ebft ki\u1ec7m chi ph\u00ed \u0111\u1ec3 qu\u00e9t, s\u1ed1 h\u00f3a v\u00e0 chia s\u1ebb n\u1ed9i dung c\u00e1c \u1ea5n ph\u1ea9m m\u00e0u c\u1ee7a b\u1ea1n. S\u00e1ch, t\u1ea1p ch\u00ed, s\u00e1ch h\u01b0\u1edbng d\u1eabn khoa h\u1ecdc, t\u00e0i li\u1ec7u l\u1ecbch s\u1eed v\u00e0 t\u00e1c ph\u1ea9m ngh\u1ec7 thu\u1eadt \u0111\u1ec1u c\u00f3 th\u1ec3 \u0111\u01b0\u1ee3c b\u1ea3o qu\u1ea3n v\u00e0 chia s\u1ebb \u0111\u1ea7y \u0111\u1ee7 m\u00e0u s\u1eafc m\u00e0 kh\u00f4ng l\u00e0m h\u1ecfng c\u00e1c trang gi\u00f2n ho\u1eb7c c\u00e1c r\u00e0ng bu\u1ed9c m\u1ecfng manh.<\/p>\n","protected":false},"featured_media":3850,"comment_status":"closed","ping_status":"closed","template":"","meta":[],"product_cat":[150],"product_tag":[],"class_list":["post-5123","product","type-product","status-publish","has-post-thumbnail","hentry","product_cat-vi-do-hoa"],"_links":{"self":[{"href":"https:\/\/www.konicaminolta.vn\/business\/wp-json\/wp\/v2\/product\/5123","targetHints":{"allow":["GET"]}}],"collection":[{"href":"https:\/\/www.konicaminolta.vn\/business\/wp-json\/wp\/v2\/product"}],"about":[{"href":"https:\/\/www.konicaminolta.vn\/business\/wp-json\/wp\/v2\/types\/product"}],"replies":[{"embeddable":true,"href":"https:\/\/www.konicaminolta.vn\/business\/wp-json\/wp\/v2\/comments?post=5123"}],"wp:featuredmedia":[{"embeddable":true,"href":"https:\/\/www.konicaminolta.vn\/business\/wp-json\/wp\/v2\/media\/3850"}],"wp:attachment":[{"href":"https:\/\/www.konicaminolta.vn\/business\/wp-json\/wp\/v2\/media?parent=5123"}],"wp:term":[{"taxonomy":"product_cat","embeddable":true,"href":"https:\/\/www.konicaminolta.vn\/business\/wp-json\/wp\/v2\/product_cat?post=5123"},{"taxonomy":"product_tag","embeddable":true,"href":"https:\/\/www.konicaminolta.vn\/business\/wp-json\/wp\/v2\/product_tag?post=5123"}],"curies":[{"name":"wp","href":"https:\/\/api.w.org\/{rel}","templated":true}]}}