{"id":5140,"date":"2017-07-25T15:20:07","date_gmt":"2017-07-25T07:20:07","guid":{"rendered":"http:\/\/konicaminolta.me\/product\/ms7000-mkii\/"},"modified":"2018-06-29T10:39:30","modified_gmt":"2018-06-29T03:39:30","slug":"ms7000-mkii","status":"publish","type":"product","link":"https:\/\/www.konicaminolta.vn\/business\/product\/ms7000-mkii\/","title":{"rendered":"MS7000 MKII"},"content":{"rendered":"<p>M\u00e1y in microfilm MS7000 MK II cung c\u1ea5p cho b\u1ea1n m\u1ed9t m\u00e0n h\u00ecnh r\u1ed9ng l\u1edbn v\u1ec1 vi phim v\u00e0 microfiche g\u1ed1c, v\u00ec v\u1eady b\u1ea1n c\u00f3 th\u1ec3 nhanh ch\u00f3ng \u0111\u1ecdc v\u00e0 xem l\u1ea1i th\u00eam th\u00f4ng tin tr\u00ean m\u00e0n h\u00ecnh, in tr\u00ean gi\u1ea5y v\u00e0 qu\u00e9t v\u00e0 s\u1ed1 h\u00f3a \u0111\u1ec3 ph\u00e2n ph\u1ed1i \u0111i\u1ec7n t\u1eed.<\/p>\n<ul>\n<li style=\"list-style-type: none\">\n<ul>\n<li>M\u00e0n h\u00ecnh ch\u1ed1ng ch\u00f3i 12 \u2033 \u00d7 17 for \u0111\u1ec3 d\u1ec5 d\u00e0ng xem c\u00e1c trang tr\u1ea3i r\u1ed9ng hai trang v\u00e0 b\u1ea3n g\u1ed1c r\u1ed9ng.<\/li>\n<li>Ch\u1ea5p nh\u1eadn m\u1ed9t lo\u1ea1t c\u00e1c phim v\u00e0 b\u1ed9 ph\u00e1t s\u00f3ng th\u00edch h\u1ee3p cho microfiche, \u00e1o jacket, th\u1ebb kh\u1ea9u \u0111\u1ed9, phim cu\u1ed9n 16mm v\u00e0 35mm v\u00e0 h\u1ed9p m\u1ef1c phim 16mm.<\/li>\n<li>M\u00e1y in microfilm th\u1eadm ch\u00ed c\u00f2n cung c\u1ea5p ch\u1ee9c n\u0103ng x\u1ebfp ch\u1ed3ng ki\u1ec3m tra cho ph\u00e9p b\u1ea1n qu\u00e9t v\u00e0 in ki\u1ec3m tra m\u1eb7t tr\u01b0\u1edbc v\u00e0 m\u1eb7t sau tr\u00ean m\u1ed9t trang t\u00ednh.<\/li>\n<\/ul>\n<\/li>\n<\/ul>\n<ul>\n<li>C\u00e1c t\u00ednh n\u0103ng kh\u00e1c bao g\u1ed3m:\n<ul>\n<li>C\u00e1c t\u00ednh n\u0103ng n\u00e2ng cao v\u00e0 h\u00ecnh \u1ea3nh t\u1ef1 \u0111\u1ed9ng cho ph\u00e9p b\u1ea1n \u0111i\u1ec1u ch\u1ec9nh v\u1ecb tr\u00ed v\u00e0 c\u0103n ch\u1ec9nh h\u00ecnh \u1ea3nh, ph\u00f3ng to c\u00e1c khu v\u1ef1c kh\u00f3 \u0111\u1ecdc, n\u00e2ng cao ch\u1ea5t l\u01b0\u1ee3ng v\u00e0 c\u1eaft v\u00e0 c\u00e1c khu v\u1ef1c qu\u00e9t m\u1eb7t n\u1ea1.<\/li>\n<li>Qu\u00e9t PC c\u00f3 \u0111\u1ed9 ph\u00e2n gi\u1ea3i cao cho ph\u00e9p b\u1ea1n k\u1ebft h\u1ee3p th\u00f4ng tin vi \u0111\u1ecbnh d\u1ea1ng trong c\u00e1c trang web, email, fax v\u00e0 c\u00e1c d\u1ef1 \u00e1n xu\u1ea5t b\u1ea3n tr\u00ean m\u00e1y t\u00ednh \u0111\u1ec3 b\u00e0n.<\/li>\n<li>Tr\u00ecnh k\u1ebft n\u1ed1i SCSI-2 t\u00edch h\u1ee3p cho giao di\u1ec7n PC v\u00e0 \u0111\u1ea7u n\u1ed1i video t\u1ed1c \u0111\u1ed9 cao \u0111\u1ec3 in tr\u1ef1c ti\u1ebfp microfilm nhanh.<\/li>\n<li>Chuy\u1ec3n t\u1eeb ch\u1ebf \u0111\u1ed9 qu\u00e9t PC sang in laser t\u1ea1i c\u00e1c li\u00ean l\u1ea1c c\u1ee7a n\u00fat b\u1ea3ng \u0111i\u1ec1u khi\u1ec3n ph\u00eda tr\u01b0\u1edbc.<\/li>\n<li>M\u00e1y in laser v\u00e0 c\u00e1c t\u00f9y ch\u1ecdn m\u00e1y in microfilm c\u00f3 \u0111\u1ecbnh d\u1ea1ng r\u1ed9ng cung c\u1ea5p cho b\u1ea1n \u0111\u1ea7u ra \u0111\u1ec3 ph\u00f9 h\u1ee3p v\u1edbi nhu c\u1ea7u c\u1ee7a \u1ee9ng d\u1ee5ng c\u1ee7a b\u1ea1n &#8211; v\u00e0 hai m\u00e1y qu\u00e9t MS7000 MK II c\u00f3 th\u1ec3 chia s\u1ebb m\u1ed9t m\u00e1y in \u0111\u1ec3 ti\u1ebft ki\u1ec7m chi ph\u00ed h\u01a1n.<\/li>\n<\/ul>\n<\/li>\n<\/ul>\n","protected":false},"excerpt":{"rendered":"<p>M\u00e1y in microfilm MS7000 MK II cung c\u1ea5p cho b\u1ea1n m\u1ed9t m\u00e0n h\u00ecnh r\u1ed9ng l\u1edbn v\u1ec1 vi phim v\u00e0 microfiche g\u1ed1c, v\u00ec v\u1eady b\u1ea1n c\u00f3 th\u1ec3 nhanh ch\u00f3ng \u0111\u1ecdc v\u00e0 xem l\u1ea1i th\u00eam th\u00f4ng tin tr\u00ean m\u00e0n h\u00ecnh, in tr\u00ean gi\u1ea5y v\u00e0 qu\u00e9t v\u00e0 s\u1ed1 h\u00f3a \u0111\u1ec3 ph\u00e2n ph\u1ed1i \u0111i\u1ec7n t\u1eed.<\/p>\n","protected":false},"featured_media":2924,"comment_status":"closed","ping_status":"closed","template":"","meta":[],"product_cat":[150],"product_tag":[],"class_list":["post-5140","product","type-product","status-publish","has-post-thumbnail","hentry","product_cat-vi-do-hoa"],"_links":{"self":[{"href":"https:\/\/www.konicaminolta.vn\/business\/wp-json\/wp\/v2\/product\/5140","targetHints":{"allow":["GET"]}}],"collection":[{"href":"https:\/\/www.konicaminolta.vn\/business\/wp-json\/wp\/v2\/product"}],"about":[{"href":"https:\/\/www.konicaminolta.vn\/business\/wp-json\/wp\/v2\/types\/product"}],"replies":[{"embeddable":true,"href":"https:\/\/www.konicaminolta.vn\/business\/wp-json\/wp\/v2\/comments?post=5140"}],"wp:featuredmedia":[{"embeddable":true,"href":"https:\/\/www.konicaminolta.vn\/business\/wp-json\/wp\/v2\/media\/2924"}],"wp:attachment":[{"href":"https:\/\/www.konicaminolta.vn\/business\/wp-json\/wp\/v2\/media?parent=5140"}],"wp:term":[{"taxonomy":"product_cat","embeddable":true,"href":"https:\/\/www.konicaminolta.vn\/business\/wp-json\/wp\/v2\/product_cat?post=5140"},{"taxonomy":"product_tag","embeddable":true,"href":"https:\/\/www.konicaminolta.vn\/business\/wp-json\/wp\/v2\/product_tag?post=5140"}],"curies":[{"name":"wp","href":"https:\/\/api.w.org\/{rel}","templated":true}]}}