{"id":5141,"date":"2017-07-24T15:22:12","date_gmt":"2017-07-24T07:22:12","guid":{"rendered":"http:\/\/konicaminolta.me\/product\/ms6000-mkii\/"},"modified":"2018-06-29T10:41:47","modified_gmt":"2018-06-29T03:41:47","slug":"ms6000-mkii","status":"publish","type":"product","link":"https:\/\/www.konicaminolta.vn\/business\/product\/ms6000-mkii\/","title":{"rendered":"MS6000 MKII"},"content":{"rendered":"<p><span data-mce-type=\"bookmark\" style=\"display: inline-block; width: 0px; overflow: hidden; line-height: 0;\" class=\"mce_SELRES_start\">\ufeff<\/span>MS6000 MK II l\u00e0 m\u1ed9t m\u00e1y chuy\u1ec3n \u0111\u1ed5i vi phim m\u1ea1nh m\u1ebd d\u1ec5 s\u1eed d\u1ee5ng v\u00e0 l\u00e0m cho th\u00f4ng tin vi phim v\u00e0 microfiche c\u1ee7a b\u1ea1n m\u1ea1nh m\u1ebd h\u01a1n b\u1eb1ng c\u00e1ch k\u1ebft h\u1ee3p kh\u1ea3 n\u0103ng \u0111\u1ecdc tr\u00ean m\u00e0n h\u00ecnh, in tr\u00ean gi\u1ea5y v\u00e0 qu\u00e9t v\u00e0 s\u1ed1 h\u00f3a \u0111\u1ec3 ph\u00e2n ph\u1ed1i \u0111i\u1ec7n t\u1eed.<\/p>\n<ul>\n<li> 12 \u2033 \u00d7 12 \u2033 m\u00e0n h\u00ecnh ch\u1ed1ng l\u00f3a \u0111\u1ec3 c\u00f3 m\u1ed9t c\u00e1i nh\u00ecn r\u00f5 r\u00e0ng, chi ti\u1ebft v\u1ec1 h\u00ecnh \u1ea3nh vi phim c\u1ee7a b\u1ea1n. <\/li>\n<li> Thi\u1ebft b\u1ecb chuy\u1ec3n \u0111\u1ed5i microfilm ch\u1ea5p nh\u1eadn m\u1ed9t lo\u1ea1t c\u00e1c phim v\u00e0 b\u1ed9 ph\u00e1t s\u00f3ng th\u00edch h\u1ee3p cho microfiche, \u00e1o jacket, th\u1ebb kh\u1ea9u \u0111\u1ed9, phim cu\u1ed9n 16mm v\u00e0 35mm v\u00e0 h\u1ed9p m\u1ef1c phim 16mm. <\/li>\n<li> C\u00e1c t\u00ednh n\u0103ng kh\u00e1c bao g\u1ed3m:\n<ul>\n<li> C\u00e1c t\u00ednh n\u0103ng n\u00e2ng cao v\u00e0 h\u00ecnh \u1ea3nh t\u1ef1 \u0111\u1ed9ng cho ph\u00e9p b\u1ea1n \u0111i\u1ec1u ch\u1ec9nh v\u1ecb tr\u00ed v\u00e0 c\u0103n ch\u1ec9nh h\u00ecnh \u1ea3nh, ph\u00f3ng to c\u00e1c khu v\u1ef1c kh\u00f3 \u0111\u1ecdc, n\u00e2ng cao ch\u1ea5t l\u01b0\u1ee3ng v\u00e0 c\u1eaft v\u00e0 c\u00e1c khu v\u1ef1c qu\u00e9t m\u1eb7t n\u1ea1. <\/li>\n<li> Qu\u00e9t PC \u0111\u1ed9 ph\u00e2n gi\u1ea3i cao cho ph\u00e9p b\u1ea1n k\u1ebft h\u1ee3p th\u00f4ng tin vi m\u00f4 trong c\u00e1c trang web, email, fax v\u00e0 c\u00e1c d\u1ef1 \u00e1n xu\u1ea5t b\u1ea3n tr\u00ean m\u00e1y t\u00ednh \u0111\u1ec3 b\u00e0n. <\/li>\n<li> \u0110\u1ea7u n\u1ed1i video t\u1ed1c \u0111\u1ed9 cao \u0111\u1ec3 in tr\u1ef1c ti\u1ebfp nhanh v\u00e0 \u0111\u1ea7u n\u1ed1i SCSI-2 t\u00f9y ch\u1ecdn cho giao di\u1ec7n PC. <\/li>\n<li> Chuy\u1ec3n t\u1eeb qu\u00e9t PC sang in laser tr\u00ean m\u00e1y chuy\u1ec3n \u0111\u1ed5i microfilm c\u1ee7a b\u1ea1n khi ch\u1ea1m v\u00e0o n\u00fat c\u1ee7a b\u1ea3ng \u0111i\u1ec1u khi\u1ec3n ph\u00eda tr\u01b0\u1edbc. <\/li>\n<li> Hai t\u00f9y ch\u1ecdn m\u00e1y in laser cho ph\u00e9p b\u1ea1n ch\u1ecdn t\u1ed1c \u0111\u1ed9 \u0111\u1ea7u ra t\u1ed1i \u0111a 20 trang \/ ph\u00fat ho\u1eb7c 8 trang \/ ph\u00fat &#8211; t\u00f9y theo \u0111i\u1ec1u ki\u1ec7n n\u00e0o ph\u00f9 h\u1ee3p nh\u1ea5t v\u1edbi nhu c\u1ea7u c\u1ee7a \u1ee9ng d\u1ee5ng c\u1ee7a b\u1ea1n. <\/li>\n<\/ul>\n<\/li>\n<\/ul>\n","protected":false},"excerpt":{"rendered":"<p>MS6000 MK II l\u00e0 m\u1ed9t m\u00e1y chuy\u1ec3n \u0111\u1ed5i vi phim m\u1ea1nh m\u1ebd d\u1ec5 s\u1eed d\u1ee5ng v\u00e0 l\u00e0m cho th\u00f4ng tin vi phim v\u00e0 microfiche c\u1ee7a b\u1ea1n m\u1ea1nh m\u1ebd h\u01a1n b\u1eb1ng c\u00e1ch k\u1ebft h\u1ee3p kh\u1ea3 n\u0103ng \u0111\u1ecdc tr\u00ean m\u00e0n h\u00ecnh, in tr\u00ean gi\u1ea5y v\u00e0 qu\u00e9t v\u00e0 s\u1ed1 h\u00f3a \u0111\u1ec3 ph\u00e2n ph\u1ed1i \u0111i\u1ec7n t\u1eed.<\/p>\n","protected":false},"featured_media":2927,"comment_status":"closed","ping_status":"closed","template":"","meta":[],"product_cat":[150],"product_tag":[],"class_list":["post-5141","product","type-product","status-publish","has-post-thumbnail","hentry","product_cat-vi-do-hoa"],"_links":{"self":[{"href":"https:\/\/www.konicaminolta.vn\/business\/wp-json\/wp\/v2\/product\/5141","targetHints":{"allow":["GET"]}}],"collection":[{"href":"https:\/\/www.konicaminolta.vn\/business\/wp-json\/wp\/v2\/product"}],"about":[{"href":"https:\/\/www.konicaminolta.vn\/business\/wp-json\/wp\/v2\/types\/product"}],"replies":[{"embeddable":true,"href":"https:\/\/www.konicaminolta.vn\/business\/wp-json\/wp\/v2\/comments?post=5141"}],"wp:featuredmedia":[{"embeddable":true,"href":"https:\/\/www.konicaminolta.vn\/business\/wp-json\/wp\/v2\/media\/2927"}],"wp:attachment":[{"href":"https:\/\/www.konicaminolta.vn\/business\/wp-json\/wp\/v2\/media?parent=5141"}],"wp:term":[{"taxonomy":"product_cat","embeddable":true,"href":"https:\/\/www.konicaminolta.vn\/business\/wp-json\/wp\/v2\/product_cat?post=5141"},{"taxonomy":"product_tag","embeddable":true,"href":"https:\/\/www.konicaminolta.vn\/business\/wp-json\/wp\/v2\/product_tag?post=5141"}],"curies":[{"name":"wp","href":"https:\/\/api.w.org\/{rel}","templated":true}]}}