{"id":5144,"date":"2017-07-23T15:25:23","date_gmt":"2017-07-23T07:25:23","guid":{"rendered":"http:\/\/konicaminolta.me\/product\/dr1600\/"},"modified":"2018-06-29T09:23:08","modified_gmt":"2018-06-29T02:23:08","slug":"dr1600","status":"publish","type":"product","link":"https:\/\/www.konicaminolta.vn\/business\/product\/dr1600\/","title":{"rendered":"DR1600"},"content":{"rendered":"<p>M\u00e1y qu\u00e9t vi phim DR1600 \u0111\u01b0\u1ee3c thi\u1ebft k\u1ebf \u0111\u1ec3 gi\u00fap qu\u00e9t vi phim nhanh ch\u00f3ng v\u00e0 d\u1ec5 d\u00e0ng trong m\u1ed9t lo\u1ea1t c\u00e1c \u1ee9ng d\u1ee5ng ghi vi phim. V\u1edbi ho\u1ea1t \u0111\u1ed9ng tr\u1ef1c quan v\u00e0 t\u1ef1 \u0111\u1ed9ng l\u1ea5y n\u00e9t v\u00e0 ki\u1ec3m so\u00e1t ph\u01a1i s\u00e1ng, b\u1ea1n s\u1ebd c\u00f3 m\u1ed9t h\u1ec7 th\u1ed1ng cho ph\u00e9p ngay c\u1ea3 nh\u1eefng ng\u01b0\u1eddi d\u00f9ng l\u1ea7n \u0111\u1ea7u t\u1ea1o ra h\u00ecnh \u1ea3nh s\u1eafc n\u00e9t, r\u00f5 r\u00e0ng ngay t\u1eeb \u0111\u1ea7u.<\/p>\n<ul>\n<li> Giao di\u1ec7n RS-232C t\u00edch h\u1ee3p cho ph\u00e9p b\u1ea1n k\u1ebft n\u1ed1i m\u00e1y qu\u00e9t microfilm v\u1edbi m\u00e1y t\u00ednh \u0111\u1ec3 s\u1eed d\u1ee5ng l\u00e0m m\u00e1y \u1ea3nh nh\u1eadp d\u1eef li\u1ec7u trong h\u1ec7 th\u1ed1ng CAR (M\u00e1y t\u00ednh h\u1ed7 tr\u1ee3 truy xu\u1ea5t), c\u00f3 to\u00e0n quy\u1ec1n \u0111i\u1ec1u khi\u1ec3n m\u00e1y \u1ea3nh t\u1eeb PC c\u1ee7a b\u1ea1n. <\/li>\n<li> C\u00e1c \u1ed1ng k\u00ednh Konica Minolta ch\u00ednh x\u00e1c \u0111\u01b0\u1ee3c thi\u1ebft k\u1ebf cho c\u00e1c h\u00ecnh \u1ea3nh c\u00f3 \u0111\u1ed9 ph\u00e2n gi\u1ea3i cao \u1edf t\u1ea5t c\u1ea3 c\u00e1c \u0111\u1ed9 d\u00e0i ti\u00eau c\u1ef1 &#8211; t\u1eeb c\u00e1c t\u1edd gi\u1ea5y \u0111\u01a1n \u0111\u1ebfn c\u00e1c cu\u1ed1n s\u00e1ch c\u00f3 \u0111\u1ed9 d\u00e0y l\u00ean \u0111\u1ebfn 78 inch (2cm). <\/li>\n<li> C\u00e1c t\u00ednh n\u0103ng kh\u00e1c bao g\u1ed3m:\n<ul>\n<li> \u0110\u00e8n hu\u1ef3nh quang ch\u00ednh x\u00e1c cung c\u1ea5p \u00e1nh s\u00e1ng \u0111\u1ed3ng \u0111\u1ec1u cho ph\u01a1i s\u00e1ng nh\u1ea5t qu\u00e1n, cu\u1ed9n sau khi cu\u1ed9n. <\/li>\n<li> V\u1edbi c\u1ea3m bi\u1ebfn chi\u1ec1u r\u1ed9ng t\u1ef1 \u0111\u1ed9ng, t\u00e0i li\u1ec7u c\u00f3 k\u00edch th\u01b0\u1edbc t\u1ed1i \u0111a 8\/12 \u2033 \u00d7 14 \u2033 \u0111\u01b0\u1ee3c quay trong m\u1ed9t khung h\u00ecnh duy nh\u1ea5t trong khi c\u00e1c t\u00e0i li\u1ec7u l\u1edbn h\u01a1n \u0111\u01b0\u1ee3c quay trong c\u00e1c khung c\u00f3 chi\u1ec1u r\u1ed9ng g\u1ea5p \u0111\u00f4i. <\/li>\n<li> S\u1ed1 khung v\u00e0 \/ ho\u1eb7c nh\u00e3n hi\u1ec7u blip c\u00f3 th\u1ec3 \u0111\u01b0\u1ee3c ch\u1ecdn v\u00e0 ghi l\u1ea1i tr\u00ean phim c\u1ee7a b\u1ea1n b\u1eb1ng c\u00e1ch s\u1eed d\u1ee5ng m\u00e1y qu\u00e9t vi phim \u0111\u1ec3 nh\u1eadn d\u1ea1ng v\u00e0 l\u1eadp ch\u1ec9 m\u1ee5c nhanh h\u01a1n, d\u1ec5 d\u00e0ng h\u01a1n. <\/li>\n<\/ul>\n<\/li>\n<\/ul>\n","protected":false},"excerpt":{"rendered":"<p>M\u00e1y qu\u00e9t vi phim DR1600 \u0111\u01b0\u1ee3c thi\u1ebft k\u1ebf \u0111\u1ec3 gi\u00fap qu\u00e9t vi phim nhanh ch\u00f3ng v\u00e0 d\u1ec5 d\u00e0ng trong m\u1ed9t lo\u1ea1t c\u00e1c \u1ee9ng d\u1ee5ng ghi vi phim. V\u1edbi ho\u1ea1t \u0111\u1ed9ng tr\u1ef1c quan v\u00e0 t\u1ef1 \u0111\u1ed9ng l\u1ea5y n\u00e9t v\u00e0 ki\u1ec3m so\u00e1t ph\u01a1i s\u00e1ng, b\u1ea1n s\u1ebd c\u00f3 m\u1ed9t h\u1ec7 th\u1ed1ng cho ph\u00e9p ngay c\u1ea3 nh\u1eefng ng\u01b0\u1eddi d\u00f9ng l\u1ea7n \u0111\u1ea7u t\u1ea1o ra h\u00ecnh \u1ea3nh s\u1eafc n\u00e9t, r\u00f5 r\u00e0ng ngay t\u1eeb \u0111\u1ea7u.<\/p>\n","protected":false},"featured_media":2932,"comment_status":"closed","ping_status":"closed","template":"","meta":[],"product_cat":[150],"product_tag":[],"class_list":["post-5144","product","type-product","status-publish","has-post-thumbnail","hentry","product_cat-vi-do-hoa"],"_links":{"self":[{"href":"https:\/\/www.konicaminolta.vn\/business\/wp-json\/wp\/v2\/product\/5144","targetHints":{"allow":["GET"]}}],"collection":[{"href":"https:\/\/www.konicaminolta.vn\/business\/wp-json\/wp\/v2\/product"}],"about":[{"href":"https:\/\/www.konicaminolta.vn\/business\/wp-json\/wp\/v2\/types\/product"}],"replies":[{"embeddable":true,"href":"https:\/\/www.konicaminolta.vn\/business\/wp-json\/wp\/v2\/comments?post=5144"}],"wp:featuredmedia":[{"embeddable":true,"href":"https:\/\/www.konicaminolta.vn\/business\/wp-json\/wp\/v2\/media\/2932"}],"wp:attachment":[{"href":"https:\/\/www.konicaminolta.vn\/business\/wp-json\/wp\/v2\/media?parent=5144"}],"wp:term":[{"taxonomy":"product_cat","embeddable":true,"href":"https:\/\/www.konicaminolta.vn\/business\/wp-json\/wp\/v2\/product_cat?post=5144"},{"taxonomy":"product_tag","embeddable":true,"href":"https:\/\/www.konicaminolta.vn\/business\/wp-json\/wp\/v2\/product_tag?post=5144"}],"curies":[{"name":"wp","href":"https:\/\/api.w.org\/{rel}","templated":true}]}}