{"id":6136,"date":"2019-05-24T14:09:42","date_gmt":"2019-05-24T07:25:10","guid":{"rendered":"https:\/\/www.konicaminolta.vn\/business\/?post_type=product&#038;p=6136"},"modified":"2024-07-15T10:34:40","modified_gmt":"2024-07-15T03:34:40","slug":"bizhub-c360i-c300i-c250i","status":"publish","type":"product","link":"https:\/\/www.konicaminolta.vn\/business\/product\/bizhub-c360i-c300i-c250i\/","title":{"rendered":"bizhub C360i\/C300i\/C250i"},"content":{"rendered":"<p style=\"text-align: center;\"><iframe loading=\"lazy\" src=\"\/\/www.youtube.com\/embed\/xdeZNl7cOrk?t=15s\" width=\"560\" height=\"314\" allowfullscreen=\"allowfullscreen\"><\/iframe><\/p>\n<p><strong>bizhub i-Series C360i\/C300i\/C250i<\/strong> l\u00e0 gi\u1ea3i ph\u00e1p in \u1ea5n m\u00e0u to\u00e0n di\u1ec7n d\u00e0nh cho v\u0103n ph\u00f2ng l\u00e0m vi\u1ec7c hi\u1ec7n \u0111\u1ea1i v\u00e0 chuy\u00ean nghi\u1ec7p:<\/p>\n<ul>\n<li>V\u1edbi kh\u1ea3 n\u0103ng ho\u1ea1t \u0111\u1ed9ng \u0111\u01a1n gi\u1ea3n v\u00e0 hi\u1ec7u su\u1ea5t ch\u1ea5t l\u01b0\u1ee3ng cao, bizhub i-Series cho ph\u00e9p m\u1ecdi ng\u01b0\u1eddi ho\u00e0n th\u00e0nh nhi\u1ec7m v\u1ee5 hi\u1ec7u qu\u1ea3 t\u1eeb m\u1ecdi n\u01a1i.<\/li>\n<li>V\u1edbi c\u00e1c d\u1ecbch v\u1ee5 \u0111\u00e1m m\u00e2y t\u00edch h\u1ee3p cung c\u1ea5p c\u00e1c quy tr\u00ecnh ph\u00f9 h\u1ee3p v\u00e0o \u0111\u00fang th\u1eddi \u0111i\u1ec3m, bizhub i-Series x\u00e2y d\u1ef1ng quy tr\u00ecnh l\u00e0m vi\u1ec7c thu\u1eadn ti\u1ec7n h\u01a1n cho m\u1ecdi ng\u01b0\u1eddi.<\/li>\n<li>V\u1edbi c\u00f4ng ngh\u1ec7 b\u1ea3o m\u1eadt th\u1ebf h\u1ec7 m\u1edbi \u0111\u01b0\u1ee3c t\u00edch h\u1ee3p, bizhub i-Series cung c\u1ea5p m\u1ed9t m\u00f4i tr\u01b0\u1eddng an to\u00e0n \u0111\u00e1ng tin c\u1eady cho doanh nghi\u1ec7p c\u1ee7a b\u1ea1n<\/li>\n<\/ul>\n<p><strong>\u0110\u01a0N GI\u1ea2N V\u00c0 B\u1ea2O M\u1eacT:<\/strong> Ch\u00fang t\u00f4i \u0111\u00e3 \u0111\u01a1n gi\u1ea3n h\u00f3a, b\u1ea3o m\u1eadt v\u00e0 n\u00e2ng cao nh\u1eefng g\u00ec c\u00f4ng ngh\u1ec7 c\u00f3 th\u1ec3 l\u00e0m cho doanh nghi\u1ec7p c\u1ee7a b\u1ea1n.<\/p>\n<p><strong>T\u00cdCH H\u1ee2P:<\/strong> L\u1ea5y c\u1ea3m h\u1ee9ng t\u1eeb c\u00e1ch m\u1ecdi ng\u01b0\u1eddi t\u01b0\u01a1ng t\u00e1c v\u1edbi c\u00f4ng ngh\u1ec7, ch\u00fang t\u00f4i \u0111\u00e3 thi\u1ebft k\u1ebf l\u1ea1i ho\u00e0n to\u00e0n tr\u1ea3i nghi\u1ec7m ng\u01b0\u1eddi d\u00f9ng.<\/p>\n<p><strong>KH\u1ea2 N\u0102NG KH\u00d4NG GI\u1edaI H\u1ea0N:<\/strong> \u0110\u1ec3 m\u1edf r\u1ed9ng kh\u1ea3 n\u0103ng x\u1eed l\u00fd c\u00f4ng vi\u1ec7c c\u1ee7a i-Series bizhub v\u00e0 t\u0103ng t\u00ednh linh ho\u1ea1t trong v\u0103n ph\u00f2ng c\u1ee7a b\u1ea1n, ch\u00fang t\u00f4i \u0111\u00e3 ph\u00e1t tri\u1ec3n Gi\u1ea3i ph\u00e1p B\u1ed9 \u0111i\u1ec1u khi\u1ec3n to\u00e0n di\u1ec7n Dispatcher Suite.<\/p>\n<p><img loading=\"lazy\" decoding=\"async\" class=\"aligncenter wp-image-6137\" src=\"https:\/\/www.konicaminolta.vn\/business\/wp-content\/uploads\/2019\/05\/bizhub-C360i-studio-picture-01-white-1.jpg\" alt=\"\" width=\"600\" height=\"400\" srcset=\"https:\/\/www.konicaminolta.vn\/business\/wp-content\/uploads\/2019\/05\/bizhub-C360i-studio-picture-01-white-1.jpg 4960w, https:\/\/www.konicaminolta.vn\/business\/wp-content\/uploads\/2019\/05\/bizhub-C360i-studio-picture-01-white-1-300x200.jpg 300w, https:\/\/www.konicaminolta.vn\/business\/wp-content\/uploads\/2019\/05\/bizhub-C360i-studio-picture-01-white-1-768x512.jpg 768w, https:\/\/www.konicaminolta.vn\/business\/wp-content\/uploads\/2019\/05\/bizhub-C360i-studio-picture-01-white-1-1024x683.jpg 1024w, https:\/\/www.konicaminolta.vn\/business\/wp-content\/uploads\/2019\/05\/bizhub-C360i-studio-picture-01-white-1-600x400.jpg 600w\" sizes=\"auto, (max-width: 600px) 100vw, 600px\" \/><\/p>\n<p><img loading=\"lazy\" decoding=\"async\" class=\"aligncenter wp-image-6138\" src=\"https:\/\/www.konicaminolta.vn\/business\/wp-content\/uploads\/2019\/05\/bizhub_C360i_Panel_studio_picture-1.jpg\" alt=\"\" width=\"800\" height=\"612\" srcset=\"https:\/\/www.konicaminolta.vn\/business\/wp-content\/uploads\/2019\/05\/bizhub_C360i_Panel_studio_picture-1.jpg 4016w, https:\/\/www.konicaminolta.vn\/business\/wp-content\/uploads\/2019\/05\/bizhub_C360i_Panel_studio_picture-1-300x229.jpg 300w, https:\/\/www.konicaminolta.vn\/business\/wp-content\/uploads\/2019\/05\/bizhub_C360i_Panel_studio_picture-1-768x587.jpg 768w, https:\/\/www.konicaminolta.vn\/business\/wp-content\/uploads\/2019\/05\/bizhub_C360i_Panel_studio_picture-1-1024x783.jpg 1024w, https:\/\/www.konicaminolta.vn\/business\/wp-content\/uploads\/2019\/05\/bizhub_C360i_Panel_studio_picture-1-600x459.jpg 600w\" sizes=\"auto, (max-width: 800px) 100vw, 800px\" \/><\/p>\n","protected":false},"excerpt":{"rendered":"<p style=\"text-align: justify;\"><strong>bizhub C360i \/ C300i \/ C250i<\/strong> &#8211; Thi\u1ebft k\u1ebf hi\u1ec7n \u0111\u1ea1i, s\u00e0nh \u0111i\u1ec7u t\u1ef1 h\u00e0o c\u00f3 giao di\u1ec7n ng\u01b0\u1eddi d\u00f9ng ki\u1ec3u \u0111i\u1ec7n tho\u1ea1i th\u00f4ng minh tr\u1ef1c quan v\u1edbi b\u1ea3ng \u0111i\u1ec1u khi\u1ec3n m\u00e0n h\u00ecnh c\u1ea3m \u1ee9ng 10.1 nghi\u00eang, n\u1ed5i, c\u00e1c c\u1ea1nh tr\u00f2n v\u00e0 \u0111\u00e8n b\u00e1o tr\u1ea1ng th\u00e1i ho\u1ea1t \u0111\u1ed9ng.\u00a0V\u1edbi Konica Minolta, i-Series \u0111\u01b0\u1ee3c xem l\u00e0 b\u01b0\u1edbc ti\u1ebfn m\u1edbi, c\u00f4ng ngh\u1ec7 ti\u00ean ti\u1ebfn mang l\u1ea1i hi\u1ec7u qu\u1ea3 t\u1ed1i \u01b0u cho doanh nghi\u1ec7p, n\u00e2ng cao ch\u1ea5t l\u01b0\u1ee3ng c\u00f4ng vi\u1ec7c, \u0111\u1ed3ng th\u1eddi mang l\u1ea1i s\u1ef1 an t\u00e2m cho doanh nghi\u1ec7p \u0111\u1ec3 t\u1eadp trung ph\u00e1t tri\u1ec3n c\u00e1c v\u1ea5n \u0111\u1ec1 quan tr\u1ecdng h\u01a1n.<\/p>\n<p><a href=\"https:\/\/rethinkthefuture.konicaminolta.asia\/?__hstc=253233494.ef694c44f2ecbdda9a7ae7fd2b981c03.1598493244714.1608535487063.1608690211546.23&amp;__hssc=253233494.9.1608690211546&amp;__hsfp=2967768925\">XEM TH\u00caM<\/a><\/p>\n","protected":false},"featured_media":10808,"comment_status":"closed","ping_status":"closed","template":"","meta":[],"product_cat":[151,152],"product_tag":[],"class_list":["post-6136","product","type-product","status-publish","has-post-thumbnail","hentry","product_cat-in-an-van-phong","product_cat-may-in-mau-da-chuc-nang"],"_links":{"self":[{"href":"https:\/\/www.konicaminolta.vn\/business\/wp-json\/wp\/v2\/product\/6136","targetHints":{"allow":["GET"]}}],"collection":[{"href":"https:\/\/www.konicaminolta.vn\/business\/wp-json\/wp\/v2\/product"}],"about":[{"href":"https:\/\/www.konicaminolta.vn\/business\/wp-json\/wp\/v2\/types\/product"}],"replies":[{"embeddable":true,"href":"https:\/\/www.konicaminolta.vn\/business\/wp-json\/wp\/v2\/comments?post=6136"}],"wp:featuredmedia":[{"embeddable":true,"href":"https:\/\/www.konicaminolta.vn\/business\/wp-json\/wp\/v2\/media\/10808"}],"wp:attachment":[{"href":"https:\/\/www.konicaminolta.vn\/business\/wp-json\/wp\/v2\/media?parent=6136"}],"wp:term":[{"taxonomy":"product_cat","embeddable":true,"href":"https:\/\/www.konicaminolta.vn\/business\/wp-json\/wp\/v2\/product_cat?post=6136"},{"taxonomy":"product_tag","embeddable":true,"href":"https:\/\/www.konicaminolta.vn\/business\/wp-json\/wp\/v2\/product_tag?post=6136"}],"curies":[{"name":"wp","href":"https:\/\/api.w.org\/{rel}","templated":true}]}}