{"id":6208,"date":"2019-05-31T10:42:03","date_gmt":"2019-05-31T03:51:43","guid":{"rendered":"https:\/\/www.konicaminolta.vn\/business\/?post_type=product&#038;p=6208"},"modified":"2021-03-10T15:03:29","modified_gmt":"2021-03-10T08:03:29","slug":"accurio-press-c83hc","status":"publish","type":"product","link":"https:\/\/www.konicaminolta.vn\/business\/product\/accurio-press-c83hc\/","title":{"rendered":"AccurioPress C83hc"},"content":{"rendered":"<p><strong>\u0110i\u1ec1u ch\u1ec9nh t\u1ef1 \u0111\u1ed9ng<\/strong><\/p>\n<p>M\u00e0u s\u1eafc th\u1eddi gian th\u1ef1c v\u00e0 ch\u1ee9c n\u0103ng ch\u1ec9nh s\u1eeda \u0111\u0103ng k\u00fd c\u1ee7a IQ-501 h\u1ee9a h\u1eb9n s\u1ebd duy tr\u00ec ch\u1ea5t l\u01b0\u1ee3ng cao nh\u1ea5t c\u1ee7a c\u00e1c s\u1ea3n ph\u1ea9m in.<\/p>\n<p><strong>N\u00e2ng cao n\u0103ng su\u1ea5t<\/strong><\/p>\n<p>N\u0103ng su\u1ea5t cao (81ppm \/ A4), x\u1eed l\u00fd gi\u1ea5y dung l\u01b0\u1ee3ng cao v\u00e0 t\u00f9y ch\u1ecdn ho\u00e0n thi\u1ec7n th\u00f4ng s\u1ed1 k\u1ef9 thu\u1eadt cao \u0111\u1ec3 in s\u1ed1 l\u01b0\u1ee3ng l\u1edbn.<\/p>\n<p><strong>T\u00e1i t\u1ea1o m\u00e0u s\u1eafc tuy\u1ec7t v\u1eddi<\/strong><\/p>\n<p>B\u1eb1ng ch\u1ebf \u0111\u1ed9 in c\u00f3 th\u1ec3 ch\u1ecdn, c\u1ea3 hai m\u00e0u g\u1ea7n v\u1edbi SRGB v\u00e0 m\u00e0u g\u1ea7n v\u1edbi CMYK c\u00f3 th\u1ec3 \u0111\u01b0\u1ee3c l\u1ea5y b\u1eb1ng m\u1ed9t h\u1ec7 th\u1ed1ng.<\/p>\n<p><strong>T\u00ednh linh ho\u1ea1t chuy\u00ean nghi\u1ec7p<\/strong><\/p>\n<p>V\u1edbi l\u1edbp in banner h\u00e0ng \u0111\u1ea7u, in phong b\u00ec v\u00e0 kh\u1ea3 n\u0103ng in gi\u1ea5y k\u1ebft c\u1ea5u. Tr\u1ecdng l\u01b0\u1ee3ng gi\u1ea5y r\u1ed9ng t\u01b0\u01a1ng th\u00edch l\u00ean t\u1edbi 350 gsm.<\/p>\n","protected":false},"excerpt":{"rendered":"<p style=\"text-align: justify;\">M\u00e1y in Accurio Press C83hc, h\u1ec7 th\u1ed1ng in s\u1eafc \u0111\u1ed9 cao, \u0111\u01b0a kh\u1ea3 n\u0103ng in v\u00e0 hi\u1ec7u qu\u1ea3 in l\u00ean c\u1ea5p \u0111\u1ed9 chuy\u00ean nghi\u1ec7p v\u00e0 ho\u00e0n thi\u1ec7n h\u01a1n. Kh\u1ea3 n\u0103ng t\u1ea1o m\u00e0u VIVID c\u00f3 t\u00e1c \u0111\u1ed9ng cao v\u1edbi c\u00f4ng c\u1ee5 in m\u1ef1c s\u1ea3n xu\u1ea5t l\u00e0 duy nh\u1ea5t v\u1edbi tuy\u1ec7t ph\u1ea9m n\u00e0y c\u1ee7a Konica Minolta, \u0111\u01b0\u1ee3c thi\u1ebft k\u1ebf \u0111\u1ec3 t\u00edch h\u1ee3p hi\u1ec7u qu\u1ea3 v\u1edbi c\u00e1c t\u1ec7p RGB v\u00e0 quy tr\u00ecnh l\u00e0m vi\u1ec7c gi\u00fap mang l\u1ea1i s\u1ee9c s\u1ed1ng b\u1ea3n in ph\u1ea3n \u00e1nh s\u1eafc th\u00e1i v\u00e0 chi ti\u1ebft trong m\u00e0u s\u1eafc r\u1ef1c r\u1ee1.<\/p>\n","protected":false},"featured_media":7648,"comment_status":"closed","ping_status":"closed","template":"","meta":[],"product_cat":[154,155],"product_tag":[],"class_list":["post-6208","product","type-product","status-publish","has-post-thumbnail","hentry","product_cat-he-thong-in-san-xuat","product_cat-he-thong-in-mau-san-xuat"],"_links":{"self":[{"href":"https:\/\/www.konicaminolta.vn\/business\/wp-json\/wp\/v2\/product\/6208","targetHints":{"allow":["GET"]}}],"collection":[{"href":"https:\/\/www.konicaminolta.vn\/business\/wp-json\/wp\/v2\/product"}],"about":[{"href":"https:\/\/www.konicaminolta.vn\/business\/wp-json\/wp\/v2\/types\/product"}],"replies":[{"embeddable":true,"href":"https:\/\/www.konicaminolta.vn\/business\/wp-json\/wp\/v2\/comments?post=6208"}],"wp:featuredmedia":[{"embeddable":true,"href":"https:\/\/www.konicaminolta.vn\/business\/wp-json\/wp\/v2\/media\/7648"}],"wp:attachment":[{"href":"https:\/\/www.konicaminolta.vn\/business\/wp-json\/wp\/v2\/media?parent=6208"}],"wp:term":[{"taxonomy":"product_cat","embeddable":true,"href":"https:\/\/www.konicaminolta.vn\/business\/wp-json\/wp\/v2\/product_cat?post=6208"},{"taxonomy":"product_tag","embeddable":true,"href":"https:\/\/www.konicaminolta.vn\/business\/wp-json\/wp\/v2\/product_tag?post=6208"}],"curies":[{"name":"wp","href":"https:\/\/api.w.org\/{rel}","templated":true}]}}