{"id":6354,"date":"2019-07-18T10:11:26","date_gmt":"2019-07-18T03:21:32","guid":{"rendered":"https:\/\/www.konicaminolta.vn\/business\/?post_type=product&#038;p=6354"},"modified":"2024-06-11T18:17:04","modified_gmt":"2024-06-11T11:17:04","slug":"bizhub-306i-266i","status":"publish","type":"product","link":"https:\/\/www.konicaminolta.vn\/business\/product\/bizhub-306i-266i\/","title":{"rendered":"bizhub 306i\/266i"},"content":{"rendered":"<p><strong>C\u00e1c \u0111\u1eb7c \u0111i\u1ec3m n\u1ed5i b\u1eadt c\u1ee7a bizhub 306i\/266i:<\/strong><\/p>\n<p style=\"text-align: justify;\"><strong>B\u1ea3ng \u0111i\u1ec1u khi\u1ec3n c\u1ea3m \u1ee9ng 7-inch v\u00e0 giao di\u1ec7n ng\u01b0\u1eddi d\u00f9ng m\u1edbi<\/strong><\/p>\n<p style=\"text-align: justify;\">\u0110i\u1ec1u khi\u1ec3n bizhub c\u1ee7a b\u1ea1n t\u1eeb m\u1ed9t b\u1ea3ng \u0111i\u1ec1u khi\u1ec3n l\u1edbn, \u0111a ch\u1ea1m. V\u1edbi \u0111\u1ea7y \u0111\u1ee7 m\u00e0u s\u1eafc v\u00e0 ho\u1ea1t \u0111\u1ed9ng li\u1ec1n m\u1ea1ch, b\u1ea1n s\u1ebd c\u1ea3m th\u1ea5y quen thu\u1ed9c ngay t\u1eeb l\u1ea7n ch\u1ea1m \u0111\u1ea7u ti\u00ean nh\u1edd giao di\u1ec7n ng\u01b0\u1eddi d\u00f9ng tr\u1ef1c quan, t\u01b0\u01a1ng t\u1ef1 nh\u01b0 \u0111i\u1ec7n tho\u1ea1i th\u00f4ng minh<\/p>\n<p style=\"text-align: justify;\"><strong>B\u1ea3o m\u1eadt t\u1eadp trung<\/strong><\/p>\n<p style=\"text-align: justify;\">Tr\u00e1nh c\u00e1c l\u1ed7 h\u1ed5ng nghi\u00eam tr\u1ecdng trong b\u1ea3o m\u1eadt c\u1ee7a b\u1ea1n b\u1eb1ng c\u00e1ch ki\u1ec3m tra menu B\u1ea3o m\u1eadt nhanh. T\u1ea1i \u0111\u00e2y, b\u1ea1n s\u1ebd t\u00ecm th\u1ea5y t\u1ea5t c\u1ea3 c\u00e1c m\u1ee5c b\u1ea3o m\u1eadt m\u00e0 ch\u00fang t\u00f4i khuy\u00ean b\u1ea1n n\u00ean c\u00e0i \u0111\u1eb7t khi m\u00e1y c\u1ee7a b\u1ea1n \u0111\u01b0\u1ee3c l\u1eafp \u0111\u1eb7t, t\u1ea5t c\u1ea3 c\u00f9ng \u1edf m\u1ed9t n\u01a1i.<\/p>\n<ul style=\"text-align: left;\">\n<li>M\u1eadt kh\u1ea9u qu\u1ea3n tr\u1ecb vi\u00ean<\/li>\n<li>C\u00e1c quy t\u1eafc \u0111\u1eb7t m\u1eadt kh\u1ea9u<\/li>\n<li>C\u00e0i \u0111\u1eb7t k\u1ebft n\u1ed1i web<\/li>\n<li>C\u00e0i \u0111\u1eb7t hi\u1ec3n th\u1ecb c\u1ea3nh b\u00e1o b\u1ea3o m\u1eadt<\/li>\n<li>C\u00e0i \u0111\u1eb7t k\u1ebft n\u1ed1i USB<\/li>\n<\/ul>\n<p style=\"text-align: justify;\"><strong>In v\u00e0 qu\u00e9t t\u1eeb c\u00e1c thi\u1ebft b\u1ecb di \u0111\u1ed9ng c\u1ee7a b\u1ea1n<\/strong><\/p>\n<p style=\"text-align: justify;\">Lo\u1ea1i b\u1ecf s\u1ef1 ph\u1ee9c t\u1ea1p c\u1ee7a vi\u1ec7c chuy\u1ec3n t\u1eadp tin gi\u1eefa c\u00e1c thi\u1ebft b\u1ecb b\u1eb1ng c\u00e1ch truy c\u1eadp tr\u1ef1c ti\u1ebfp bizhub c\u1ee7a b\u1ea1n t\u1eeb nhi\u1ec1u lo\u1ea1i thi\u1ebft b\u1ecb di \u0111\u1ed9ng. H\u00e3y t\u00ecm cho m\u00ecnh m\u1ed9t l\u1ef1a ch\u1ecdn di \u0111\u1ed9ng ph\u00f9 h\u1ee3p v\u1edbi phong c\u00e1ch l\u00e0m vi\u1ec7c c\u00e1 nh\u00e2n c\u1ee7a b\u1ea1n b\u1eb1ng c\u00e1ch ch\u1ea1m \u0111\u1ec3 in t\u1eeb \u1ee9ng d\u1ee5ng in trong nh\u00e0 c\u1ee7a ch\u00fang t\u00f4i, truy c\u1eadp t\u1eeb xa qua Google Cloud Print ho\u1eb7c bao g\u1ed3m nhi\u1ec1u lo\u1ea1i m\u00e1y in h\u01a1n v\u1edbi \u1ee9ng d\u1ee5ng Mopria.<\/p>\n<p style=\"text-align: justify;\"><strong>In v\u00e0 scan tr\u1ef1c ti\u1ebfp th\u00f4ng qua USB<\/strong><\/p>\n<p style=\"text-align: justify;\">K\u1ebft n\u1ed1i USB v\u00e0 truy c\u1eadp c\u00e1c file tr\u00ean m\u00e0n h\u00ecnh c\u1ea3m \u1ee9ng. Ch\u1ecdn file \u0111\u1ec3 in ho\u1eb7c scan t\u00e0i li\u1ec7u tr\u1ef1c ti\u1ebfp tr\u00ean thi\u1ebft b\u1ecb. H\u1ed7 tr\u1ee3 c\u00e1c \u0111\u1ecbnh d\u1ea1ng file: TIFF, PDF, Compact PDF, JPEG, XPS, Compact XPS, PPTX<\/p>\n","protected":false},"excerpt":{"rendered":"<p>V\u1edbi th\u1ebf h\u1ec7 m\u1edbi c\u1ee7a Bizhub, Konica Minolta \u0111ang thay \u0111\u1ed5i c\u00e1ch suy ngh\u0129 v\u1ec1 c\u00e1ch th\u1ee9c c\u00e1c thi\u1ebft b\u1ecb \u0111a ch\u1ee9c n\u0103ng l\u00e0m vi\u1ec7c cho doanh nghi\u1ec7p c\u1ee7a b\u1ea1n. V\u1edbi \u00fd t\u01b0\u1edfng l\u00e0 m\u1ed9t thi\u1ebft b\u1ecb \u0111\u1ed9c l\u1eadp ho\u1eb7c l\u00e0 m\u1ed9t ph\u1ea7n c\u1ee7a chu\u1ed7i m\u00e1y Bizhub l\u1edbn, d\u00f2ng 306i\/266i nh\u1ecf g\u1ecdn cho ph\u00e9p b\u1ea1n ho\u00e0n th\u00e0nh c\u00f4ng vi\u1ec7c m\u1ed9t c\u00e1ch \u0111\u01a1n gi\u1ea3n, an to\u00e0n v\u00e0 thu\u1eadn ti\u1ec7n.<\/p>\n","protected":false},"featured_media":8025,"comment_status":"closed","ping_status":"closed","template":"","meta":[],"product_cat":[151,153],"product_tag":[],"class_list":["post-6354","product","type-product","status-publish","has-post-thumbnail","hentry","product_cat-in-an-van-phong","product_cat-may-in-trang-den-da-chuc-nang"],"_links":{"self":[{"href":"https:\/\/www.konicaminolta.vn\/business\/wp-json\/wp\/v2\/product\/6354","targetHints":{"allow":["GET"]}}],"collection":[{"href":"https:\/\/www.konicaminolta.vn\/business\/wp-json\/wp\/v2\/product"}],"about":[{"href":"https:\/\/www.konicaminolta.vn\/business\/wp-json\/wp\/v2\/types\/product"}],"replies":[{"embeddable":true,"href":"https:\/\/www.konicaminolta.vn\/business\/wp-json\/wp\/v2\/comments?post=6354"}],"wp:featuredmedia":[{"embeddable":true,"href":"https:\/\/www.konicaminolta.vn\/business\/wp-json\/wp\/v2\/media\/8025"}],"wp:attachment":[{"href":"https:\/\/www.konicaminolta.vn\/business\/wp-json\/wp\/v2\/media?parent=6354"}],"wp:term":[{"taxonomy":"product_cat","embeddable":true,"href":"https:\/\/www.konicaminolta.vn\/business\/wp-json\/wp\/v2\/product_cat?post=6354"},{"taxonomy":"product_tag","embeddable":true,"href":"https:\/\/www.konicaminolta.vn\/business\/wp-json\/wp\/v2\/product_tag?post=6354"}],"curies":[{"name":"wp","href":"https:\/\/api.w.org\/{rel}","templated":true}]}}