{"id":6407,"date":"2019-10-30T10:09:24","date_gmt":"2019-10-30T03:36:31","guid":{"rendered":"https:\/\/www.konicaminolta.vn\/business\/?post_type=product&#038;p=6407"},"modified":"2021-06-07T10:35:57","modified_gmt":"2021-06-07T03:35:57","slug":"accuriolabel-230","status":"publish","type":"product","link":"https:\/\/www.konicaminolta.vn\/business\/product\/accuriolabel-230\/","title":{"rendered":"AccurioLabel 230"},"content":{"rendered":"<h4 style=\"text-align: center;\"><span style=\"color: #0062c2;\"><strong>Gi\u1edbi thi\u1ec7u<\/strong><\/span><\/h4>\n<p style=\"text-align: center;\"><strong>Konica Minolta AccurioLabel 230<\/strong><\/p>\n<p style=\"text-align: justify;\">H\u1ec7 th\u1ed1ng in tem nh\u00e3n k\u0129 thu\u1eadt s\u1ed1 gi\u00fap n\u00e2ng cao n\u0103ng su\u1ea5t, \u0111\u1ed9 linh ho\u1ea1t trong c\u00f4ng vi\u1ec7c, kh\u1ea3 n\u0103ng v\u1eadn h\u00e0nh v\u00e0 ch\u1ea5t l\u01b0\u1ee3ng h\u00ecnh \u1ea3nh xu\u1ea5t s\u1eafc v\u1edbi chi ph\u00ed h\u1ec7 th\u1ed1ng th\u1ea5p. \u0110\u00e2y l\u00e0 m\u1ed9t \u201cl\u1ef1a ch\u1ecdn ho\u00e0n h\u1ea3o\u201d \u0111\u1ec3 m\u1edf r\u1ed9ng kinh doanh v\u00e0 c\u00f3 th\u1ec3 s\u1eed d\u1ee5ng song song v\u1edbi m\u00e1y in truy\u1ec1n th\u1ed1ng.<\/p>\n<p>M\u00e1y in tem nh\u00e3n AccurioLabel 230 v\u1edbi n\u0103ng su\u1ea5t l\u00e0m vi\u1ec7c, ch\u1ea5t l\u01b0\u1ee3ng h\u00ecnh \u1ea3nh v\u00e0 kh\u1ea3 n\u0103ng v\u1eadn h\u00e0nh tuy\u1ec7t v\u1eddi c\u0169ng nh\u01b0 c\u00e1c t\u00ednh n\u0103ng \u00edt t\u1ed1n k\u00e9m gi\u00fap n\u00e2ng cao ch\u1ed7 \u0111\u1ee9ng c\u1ee7a doanh nghi\u1ec7p trong th\u1ecb tr\u01b0\u1eddng in tem nh\u00e3n v\u00e0 nhu c\u1ea7u s\u1eed d\u1ee5ng m\u00e1y song song v\u1edbi m\u00e1y in truy\u1ec1n th\u1ed1ng.<\/p>\n<p><img loading=\"lazy\" decoding=\"async\" class=\"aligncenter size-full wp-image-8278\" src=\"https:\/\/www.konicaminolta.vn\/business\/wp-content\/uploads\/2019\/10\/Brotech-230_center_02B.jpg\" alt=\"\" width=\"2667\" height=\"1500\" srcset=\"https:\/\/www.konicaminolta.vn\/business\/wp-content\/uploads\/2019\/10\/Brotech-230_center_02B.jpg 2667w, https:\/\/www.konicaminolta.vn\/business\/wp-content\/uploads\/2019\/10\/Brotech-230_center_02B-300x169.jpg 300w, https:\/\/www.konicaminolta.vn\/business\/wp-content\/uploads\/2019\/10\/Brotech-230_center_02B-768x432.jpg 768w, https:\/\/www.konicaminolta.vn\/business\/wp-content\/uploads\/2019\/10\/Brotech-230_center_02B-1024x576.jpg 1024w, https:\/\/www.konicaminolta.vn\/business\/wp-content\/uploads\/2019\/10\/Brotech-230_center_02B-600x337.jpg 600w\" sizes=\"auto, (max-width: 2667px) 100vw, 2667px\" \/><\/p>\n<h4 style=\"text-align: center;\"><span style=\"color: #0062c2;\"><strong>Nh\u1eefng \u0110\u1eb7c T\u00ednh N\u1ed5i B\u1eadt c\u1ee7a <\/strong><strong>AccurioLabel 230<\/strong><\/span><\/h4>\n<ul>\n<li>H\u1ec7 th\u1ed1ng nh\u1ecf g\u1ecdn v\u1edbi hi\u1ec7u su\u1ea5t l\u00e0m vi\u1ec7c cao<\/li>\n<li>In n\u0103ng su\u1ea5t cao v\u1edbi t\u1ed1c \u0111\u1ed9 in t\u1ed1i \u0111a 23.4 m\/ph\u00fat<\/li>\n<li>Ch\u1ea5t l\u01b0\u1ee3ng h\u00ecnh \u1ea3nh xu\u1ea5t s\u1eafc \u0111\u00e1p \u1ee9ng nhi\u1ec1u y\u00eau c\u1ea7u kh\u00e1c nhau<\/li>\n<li>T\u01b0\u01a1ng th\u00edch v\u1edbi nhi\u1ec1u v\u1eadt li\u1ec7u m\u00e0 kh\u00f4ng c\u1ea7n nh\u1eefng kh\u00e2u x\u1eed l\u00fd tr\u01b0\u1edbc<\/li>\n<li>D\u1ec5 d\u00e0ng nhanh ch\u00f3ng ki\u1ec3m so\u00e1t ch\u1ea5t l\u01b0\u1ee3ng m\u00e1y in<\/li>\n<li>Kh\u1ea3 n\u0103ng v\u1eadn h\u00e0nh tuy\u1ec7t v\u1eddi.<\/li>\n<li>T\u00ednh n\u0103ng qu\u1ea3n l\u00fd m\u00e0u s\u1eafc tinh vi.<\/li>\n<li>\u0110\u1ed9 \u1ed5n \u0111\u1ecbnh m\u00e0u cao<\/li>\n<\/ul>\n<h4 style=\"text-align: center;\"><iframe loading=\"lazy\" src=\"\/\/www.youtube.com\/embed\/fnu7v5ekmnY\" width=\"560\" height=\"314\" allowfullscreen=\"allowfullscreen\"><\/iframe><\/h4>\n<h4 style=\"text-align: center;\"><span style=\"color: #0062c2;\">Bu\u1ed5i gi\u1edbi thi\u1ec7u v\u00e0 tr\u1ea3i nghi\u1ec7m s\u1ea3n ph\u1ea9m tr\u1ef1c tuy\u1ebfn<\/span><\/h4>\n<p style=\"text-align: justify;\">Hi\u1ec7n nay Konica Minolta \u0111ang cung c\u1ea5p nh\u1eefng bu\u1ed5i gi\u1edbi thi\u1ec7u s\u1ea3n ph\u1ea9m th\u00f4ng qua showroom tr\u01b0ng b\u00e0y tr\u1ef1c tuy\u1ebfn m\u1edbi ra m\u1eaft. Ch\u00fang t\u00f4i r\u1ea5t vui khi \u0111\u01b0\u1ee3c k\u1ebft n\u1ed1i v\u1edbi qu\u00fd kh\u00e1ch h\u00e0ng th\u00f4ng qua n\u1ec1n t\u1ea3ng tr\u1ef1c tuy\u1ebfn v\u00e0 c\u00f9ng nhau th\u1ea3o lu\u1eadn v\u1ec1 c\u00e1c s\u1ea3n ph\u1ea9m c\u1ee7a Konica Minolta b\u1ea5t k\u1ef3 l\u00fac n\u00e0o. Nh\u1ea5p v\u00e0o n\u00fat \u0111\u0103ng k\u00fd b\u00ean d\u01b0\u1edbi \u0111\u1ec3 \u0111\u1eb7t l\u1ecbch tham gia bu\u1ed5i tr\u00ecnh b\u00e0y s\u1ea3n ph\u1ea9m tr\u1ef1c tuy\u1ebfn c\u1ee7a Konica Minolta ngay h\u00f4m nay!\u00a0<strong><a href=\"https:\/\/rethinkthefuture.konicaminolta.asia\/vn\/showroom.html?__hstc=253233494.ef694c44f2ecbdda9a7ae7fd2b981c03.1620196356549.1622432897357.1622789307993.12&amp;__hssc=253233494.2.1622789307993&amp;__hsfp=3321913263#showroom-form\"><span style=\"text-align: center;\">\u0110\u0103ng k\u00fd t\u1ea1i \u0111\u00e2y<\/span><\/a><\/strong><\/p>\n<p><a href=\"https:\/\/rethinkthefuture.konicaminolta.asia\/vn\/showroom.html?__hstc=253233494.ef694c44f2ecbdda9a7ae7fd2b981c03.1620196356549.1622432897357.1622789307993.12&amp;__hssc=253233494.2.1622789307993&amp;__hsfp=3321913263#showroom-form\"><img loading=\"lazy\" decoding=\"async\" class=\"aligncenter size-full wp-image-8277\" src=\"https:\/\/www.konicaminolta.vn\/business\/wp-content\/uploads\/2021\/01\/km_showroom.jpg\" alt=\"\" width=\"768\" height=\"432\" srcset=\"https:\/\/www.konicaminolta.vn\/business\/wp-content\/uploads\/2021\/01\/km_showroom.jpg 768w, https:\/\/www.konicaminolta.vn\/business\/wp-content\/uploads\/2021\/01\/km_showroom-300x169.jpg 300w, https:\/\/www.konicaminolta.vn\/business\/wp-content\/uploads\/2021\/01\/km_showroom-600x338.jpg 600w\" sizes=\"auto, (max-width: 768px) 100vw, 768px\" \/><\/a><\/p>\n","protected":false},"excerpt":{"rendered":"<p style=\"text-align: justify;\"><strong>M\u1ed9t s\u1ef1 ph\u00f9 h\u1ee3p ho\u00e0n h\u1ea3o cho vi\u1ec7c m\u1edf r\u1ed9ng kinh doanh<\/strong><\/p>\n<p style=\"text-align: justify;\">M\u1ed9t h\u1ec7 th\u1ed1ng in nh\u00e3n k\u1ef9 thu\u1eadt s\u1ed1 cung c\u1ea5p n\u0103ng su\u1ea5t n\u00e2ng cao, t\u00ednh linh ho\u1ea1t trong c\u00f4ng vi\u1ec7c, kh\u1ea3 n\u0103ng ho\u1ea1t \u0111\u1ed9ng v\u00e0 ch\u1ea5t l\u01b0\u1ee3ng h\u00ecnh \u1ea3nh tuy\u1ec7t v\u1eddi v\u1edbi chi ph\u00ed h\u1ec7 th\u1ed1ng ph\u1ea3i ch\u0103ng, l\u00e0 m\u1ed9t &#8220;S\u1ef1 l\u1ef1a ch\u1ecdn ho\u00e0n h\u1ea3o&#8221; \u0111\u1ec3 m\u1edf r\u1ed9ng kinh doanh v\u00e0 s\u1eed d\u1ee5ng song song v\u1edbi m\u00e1y in t\u01b0\u01a1ng t\u1ef1 hi\u1ec7n c\u00f3.<\/p>\n","protected":false},"featured_media":7234,"comment_status":"closed","ping_status":"closed","template":"","meta":[],"product_cat":[146],"product_tag":[],"class_list":["post-6407","product","type-product","status-publish","has-post-thumbnail","hentry","product_cat-in-cong-nghiep"],"_links":{"self":[{"href":"https:\/\/www.konicaminolta.vn\/business\/wp-json\/wp\/v2\/product\/6407","targetHints":{"allow":["GET"]}}],"collection":[{"href":"https:\/\/www.konicaminolta.vn\/business\/wp-json\/wp\/v2\/product"}],"about":[{"href":"https:\/\/www.konicaminolta.vn\/business\/wp-json\/wp\/v2\/types\/product"}],"replies":[{"embeddable":true,"href":"https:\/\/www.konicaminolta.vn\/business\/wp-json\/wp\/v2\/comments?post=6407"}],"wp:featuredmedia":[{"embeddable":true,"href":"https:\/\/www.konicaminolta.vn\/business\/wp-json\/wp\/v2\/media\/7234"}],"wp:attachment":[{"href":"https:\/\/www.konicaminolta.vn\/business\/wp-json\/wp\/v2\/media?parent=6407"}],"wp:term":[{"taxonomy":"product_cat","embeddable":true,"href":"https:\/\/www.konicaminolta.vn\/business\/wp-json\/wp\/v2\/product_cat?post=6407"},{"taxonomy":"product_tag","embeddable":true,"href":"https:\/\/www.konicaminolta.vn\/business\/wp-json\/wp\/v2\/product_tag?post=6407"}],"curies":[{"name":"wp","href":"https:\/\/api.w.org\/{rel}","templated":true}]}}