{"id":6497,"date":"2019-11-25T14:30:19","date_gmt":"2019-11-26T04:05:04","guid":{"rendered":"https:\/\/www.konicaminolta.vn\/business\/?post_type=product&#038;p=6497"},"modified":"2019-11-26T11:05:49","modified_gmt":"2019-11-26T04:05:49","slug":"riso-comcolor-fw5230","status":"publish","type":"product","link":"https:\/\/www.konicaminolta.vn\/business\/product\/riso-comcolor-fw5230\/","title":{"rendered":"Riso ComColor FW5230"},"content":{"rendered":"<p><strong>M\u00e1y in phun Riso ComColor FW5230<\/strong> &#8211; Tr\u1ea3i nghi\u1ec7m s\u1ef1 kh\u00e1c bi\u1ec7t v\u1edbi m\u00e1y in nh\u1ecf g\u1ecdn c\u1ef1c nhanh n\u00e0y th\u1ef1c s\u1ef1 mang l\u1ea1i.<\/p>\n<p><strong><em>S\u1ee9c m\u1ea1nh c\u1ee7a m\u00e1y in phun:<\/em><\/strong><\/p>\n<ul>\n<li>T\u1ed1c \u0111\u1ed9 v\u00e0 hi\u1ec7u qu\u1ea3 cu\u1ed1i c\u00f9ng.<\/li>\n<li>N\u0103ng su\u1ea5t cao cho b\u1ea5t k\u1ef3 n\u01a1i l\u00e0m vi\u1ec7c.<\/li>\n<li>Hi\u1ec7u qu\u1ea3 tuy\u1ec7t v\u1eddi cho in \u1ea5n kh\u1ed1i l\u01b0\u1ee3ng cao.<\/li>\n<li>Kh\u1ea3 n\u0103ng s\u1eed d\u1ee5ng tuy\u1ec7t v\u1eddi cho m\u1ecdi m\u00f4i tr\u01b0\u1eddng l\u00e0m vi\u1ec7c.<\/li>\n<li>M\u00e1y in phun kh\u00f4ng c\u1ea7n nhi\u1ec7t khi in kh\u00f4ng gi\u1ed1ng nh\u01b0 m\u00e1y in laser.<\/li>\n<\/ul>\n<p><img loading=\"lazy\" decoding=\"async\" class=\"alignnone size-full wp-image-6498\" src=\"https:\/\/www.konicaminolta.vn\/business\/wp-content\/uploads\/2019\/11\/index_img_01.jpg\" alt=\"\" width=\"730\" height=\"193\" srcset=\"https:\/\/www.konicaminolta.vn\/business\/wp-content\/uploads\/2019\/11\/index_img_01.jpg 730w, https:\/\/www.konicaminolta.vn\/business\/wp-content\/uploads\/2019\/11\/index_img_01-300x79.jpg 300w, https:\/\/www.konicaminolta.vn\/business\/wp-content\/uploads\/2019\/11\/index_img_01-600x159.jpg 600w\" sizes=\"auto, (max-width: 730px) 100vw, 730px\" \/><\/p>\n","protected":false},"excerpt":{"rendered":"<p style=\"text-align: justify;\"><strong>ComColor FW5230<\/strong> t\u1ef1 h\u00e0o c\u00f3 t\u1ed1c \u0111\u1ed9 in c\u1ef1c nhanh k\u1ebft h\u1ee3p v\u1edbi th\u1eddi gian in nhanh \u0111\u1ea7u ti\u00ean \u0111\u1ec3 h\u1ee3p l\u00fd h\u00f3a vi\u1ec7c in, gi\u00fap l\u00e0m cho m\u00f4i tr\u01b0\u1eddng l\u00e0m vi\u1ec7c b\u1eadn r\u1ed9n hi\u1ec7u qu\u1ea3 h\u01a1n. Ti\u00eau th\u1ee5 n\u0103ng l\u01b0\u1ee3ng th\u1ea5p cu\u1ed1i c\u00f9ng c\u1ee7a n\u00f3 ng\u0103n ch\u1eb7n gi\u1ea5y cu\u1ed9n \u0111\u1ec3 gi\u1ea3m k\u1eb9t gi\u1ea5y. V\u00e0 v\u00ec \u0111\u1ea7u ra kh\u00f4ng c\u1ea7n l\u00e0m m\u00e1t, c\u00e1c trang c\u00f3 th\u1ec3 \u0111\u01b0\u1ee3c g\u1eedi ngay sau khi in t\u1edbi b\u1ea5t k\u1ef3 b\u1ed9 ho\u00e0n thi\u1ec7n t\u00f9y ch\u1ecdn n\u00e0o c\u1ee7a b\u1ea1n, gi\u00fap gi\u1ea3m \u0111\u00e1ng k\u1ec3 th\u1eddi gian s\u1ea3n xu\u1ea5t.<\/p>\n","protected":false},"featured_media":6499,"comment_status":"closed","ping_status":"closed","template":"","meta":[],"product_cat":[171],"product_tag":[],"class_list":["post-6497","product","type-product","status-publish","has-post-thumbnail","hentry","product_cat-may-in-riso"],"_links":{"self":[{"href":"https:\/\/www.konicaminolta.vn\/business\/wp-json\/wp\/v2\/product\/6497","targetHints":{"allow":["GET"]}}],"collection":[{"href":"https:\/\/www.konicaminolta.vn\/business\/wp-json\/wp\/v2\/product"}],"about":[{"href":"https:\/\/www.konicaminolta.vn\/business\/wp-json\/wp\/v2\/types\/product"}],"replies":[{"embeddable":true,"href":"https:\/\/www.konicaminolta.vn\/business\/wp-json\/wp\/v2\/comments?post=6497"}],"wp:featuredmedia":[{"embeddable":true,"href":"https:\/\/www.konicaminolta.vn\/business\/wp-json\/wp\/v2\/media\/6499"}],"wp:attachment":[{"href":"https:\/\/www.konicaminolta.vn\/business\/wp-json\/wp\/v2\/media?parent=6497"}],"wp:term":[{"taxonomy":"product_cat","embeddable":true,"href":"https:\/\/www.konicaminolta.vn\/business\/wp-json\/wp\/v2\/product_cat?post=6497"},{"taxonomy":"product_tag","embeddable":true,"href":"https:\/\/www.konicaminolta.vn\/business\/wp-json\/wp\/v2\/product_tag?post=6497"}],"curies":[{"name":"wp","href":"https:\/\/api.w.org\/{rel}","templated":true}]}}