{"id":6528,"date":"2019-11-25T13:13:21","date_gmt":"2019-11-26T07:43:49","guid":{"rendered":"https:\/\/www.konicaminolta.vn\/business\/?post_type=product&#038;p=6528"},"modified":"2019-11-26T14:58:24","modified_gmt":"2019-11-26T07:58:24","slug":"riso-digital-duplicator-sf-5030","status":"publish","type":"product","link":"https:\/\/www.konicaminolta.vn\/business\/product\/riso-digital-duplicator-sf-5030\/","title":{"rendered":"Riso Digital Duplicator SF 5030"},"content":{"rendered":"<p><img loading=\"lazy\" decoding=\"async\" class=\"size-full wp-image-6516 aligncenter\" src=\"https:\/\/www.konicaminolta.vn\/business\/wp-content\/uploads\/2019\/11\/SF-EII-1.jpg\" alt=\"\" width=\"780\" height=\"327\" srcset=\"https:\/\/www.konicaminolta.vn\/business\/wp-content\/uploads\/2019\/11\/SF-EII-1.jpg 780w, https:\/\/www.konicaminolta.vn\/business\/wp-content\/uploads\/2019\/11\/SF-EII-1-300x126.jpg 300w, https:\/\/www.konicaminolta.vn\/business\/wp-content\/uploads\/2019\/11\/SF-EII-1-768x322.jpg 768w, https:\/\/www.konicaminolta.vn\/business\/wp-content\/uploads\/2019\/11\/SF-EII-1-600x252.jpg 600w\" sizes=\"auto, (max-width: 780px) 100vw, 780px\" \/><\/p>\n<h3>T\u1ed1c \u0111\u1ed9 cao v\u00e0 chi ph\u00ed th\u1ea5p<\/h3>\n<p style=\"text-align: justify;\"><strong>In t\u1ed1c \u0111\u1ed9 cao 130 ppm<\/strong><br \/>\n\u0110\u1ea1t \u0111\u01b0\u1ee3c 1000 trang in trong kho\u1ea3ng. 8 ph\u00fat, t\u1ed1c \u0111\u1ed9 nhanh \u0111\u00e1ng ng\u1ea1c nhi\u00ean n\u00e0y s\u1ebd h\u1ed7 tr\u1ee3 hi\u1ec7u qu\u1ea3 c\u00e1c y\u00eau c\u1ea7u gi\u1ea5y t\u1edd n\u1eb7ng n\u1ec1 c\u1ee7a b\u1ea1n.<\/p>\n<p style=\"text-align: justify;\"><strong>Ch\u1ebf \u0111\u1ed9 l\u00e0m ch\u1ee7 nhanh<\/strong><br \/>\nM\u1ed9t ch\u1ee9c n\u0103ng m\u1edbi, ch\u1ebf \u0111\u1ed9 Quick Master Making, r\u00fat \u200b\u200bng\u1eafn th\u1eddi gian t\u1ea1o t\u1ed5ng th\u1ec3 trong khi v\u1eabn duy tr\u00ec ch\u1ea5t l\u01b0\u1ee3ng h\u00ecnh \u1ea3nh cao.<\/p>\n<p style=\"text-align: justify;\"><strong>Khay n\u1ea1p gi\u1ea5y l\u1edbn<\/strong><\/p>\n<p style=\"text-align: justify;\">Khay n\u1ea1p gi\u1ea5y c\u00f3 dung l\u01b0\u1ee3ng 1000 t\u1edd * cho c\u1ea3 n\u1ea1p v\u00e0 nh\u1eadn, \u0111\u1ea3m b\u1ea3o in li\u00ean t\u1ee5c trong th\u1eddi gian d\u00e0i h\u01a1n.<\/p>\n<p style=\"text-align: justify;\">* Khi s\u1eed d\u1ee5ng c\u00e1c tr\u1ecdng l\u01b0\u1ee3ng gi\u1ea5y sau: 64 gsm \u0111\u1ebfn 80 gsm.<\/p>\n<p style=\"text-align: justify;\"><strong>Chi ph\u00ed in \u1ea5n c\u1ef1c k\u1ef3 ti\u1ebft ki\u1ec7m<\/strong><br \/>\nS\u00ea-ri SF E\u2161 t\u1ea1o b\u1ea3n in t\u1eeb b\u1ea3n g\u1ed1c. C\u00e0ng nhi\u1ec1u trang \u0111\u01b0\u1ee3c t\u1ea1o t\u1eeb m\u1ed7i ch\u1ee7, chi ph\u00ed cho m\u1ed7i l\u1ea7n in c\u00e0ng th\u1ea5p. \u0110i\u1ec1u n\u00e0y c\u00f3 ngh\u0129a l\u00e0 b\u1ea1n c\u00f3 th\u1ec3 h\u01b0\u1edfng l\u1ee3i t\u1eeb vi\u1ec7c in s\u1ed1 l\u01b0\u1ee3ng l\u1edbn kinh t\u1ebf cao trong th\u1eddi gian d\u00e0i.<\/p>\n<p style=\"text-align: justify;\"><strong>In nhi\u1ec1u trang<\/strong><br \/>\nIn b\u1ed1 c\u1ee5c trang k\u1ebft h\u1ee3p nhi\u1ec1u b\u1ea3n sao c\u1ee7a c\u00f9ng m\u1ed9t trang ho\u1eb7c b\u1ea3n sao c\u1ee7a nhi\u1ec1u trang tr\u00ean m\u1ed9t trang in \u0111\u1ec3 ti\u1ebft ki\u1ec7m gi\u1ea5y. Thu\u1eadn ti\u1ec7n ng\u01b0ng t\u1ee5 c\u00e1c t\u00e0i li\u1ec7u nhi\u1ec1u trang c\u1ed3ng k\u1ec1nh \u1edf \u0111\u1ecbnh d\u1ea1ng d\u1ec5 \u0111\u1ecdc. C\u00e1c ch\u1ee9c n\u0103ng n\u00e0y c\u00f3 s\u1eb5n khi s\u1eed d\u1ee5ng tr\u00ecnh \u0111i\u1ec1u khi\u1ec3n m\u00e1y in.<\/p>\n<p style=\"text-align: justify;\"><strong>Kh\u1ea3 n\u0103ng x\u1eed l\u00fd gi\u1ea5y \u0111a n\u0103ng<\/strong><br \/>\nS\u00ea-ri SF E\u2161 \u0111\u00f3ng nhi\u1ec1u vai tr\u00f2, ch\u1ea5p nh\u1eadn nhi\u1ec1u lo\u1ea1i gi\u1ea5y nh\u01b0 gi\u1ea5y t\u00e1i ch\u1ebf, gi\u1ea5y th\u00f4, th\u1ebb v\u00e0 phong b\u00ec.<\/p>\n","protected":false},"excerpt":{"rendered":"<p><strong>Riso SF 5030 EII A<\/strong> &#8211; M\u1ed9t h\u1ec7 th\u1ed1ng in \u0111\u01b0\u1ee3c n\u00e2ng c\u1ea5p \u0111\u1ec3 s\u1eed d\u1ee5ng trong c\u00e1c c\u00e0i \u0111\u1eb7t kh\u00e1c nhau<\/p>\n","protected":false},"featured_media":6515,"comment_status":"closed","ping_status":"closed","template":"","meta":[],"product_cat":[171],"product_tag":[],"class_list":["post-6528","product","type-product","status-publish","has-post-thumbnail","hentry","product_cat-may-in-riso"],"_links":{"self":[{"href":"https:\/\/www.konicaminolta.vn\/business\/wp-json\/wp\/v2\/product\/6528","targetHints":{"allow":["GET"]}}],"collection":[{"href":"https:\/\/www.konicaminolta.vn\/business\/wp-json\/wp\/v2\/product"}],"about":[{"href":"https:\/\/www.konicaminolta.vn\/business\/wp-json\/wp\/v2\/types\/product"}],"replies":[{"embeddable":true,"href":"https:\/\/www.konicaminolta.vn\/business\/wp-json\/wp\/v2\/comments?post=6528"}],"wp:featuredmedia":[{"embeddable":true,"href":"https:\/\/www.konicaminolta.vn\/business\/wp-json\/wp\/v2\/media\/6515"}],"wp:attachment":[{"href":"https:\/\/www.konicaminolta.vn\/business\/wp-json\/wp\/v2\/media?parent=6528"}],"wp:term":[{"taxonomy":"product_cat","embeddable":true,"href":"https:\/\/www.konicaminolta.vn\/business\/wp-json\/wp\/v2\/product_cat?post=6528"},{"taxonomy":"product_tag","embeddable":true,"href":"https:\/\/www.konicaminolta.vn\/business\/wp-json\/wp\/v2\/product_tag?post=6528"}],"curies":[{"name":"wp","href":"https:\/\/api.w.org\/{rel}","templated":true}]}}