{"id":6634,"date":"2020-01-21T09:10:39","date_gmt":"2020-01-21T02:45:02","guid":{"rendered":"https:\/\/www.konicaminolta.vn\/business\/?post_type=product&#038;p=6634"},"modified":"2023-01-16T16:05:44","modified_gmt":"2023-01-16T09:05:44","slug":"bizhub-225i-205i","status":"publish","type":"product","link":"https:\/\/www.konicaminolta.vn\/business\/product\/bizhub-225i-205i\/","title":{"rendered":"bizhub 225i\/205i"},"content":{"rendered":"<p><strong>C\u00e1c \u0111\u1eb7c \u0111i\u1ec3m n\u1ed5i b\u1eadt c\u1ee7a m\u00e1y photocopy \u0111a ch\u1ee9c n\u0103ng \u0111\u01a1n s\u1eafc bizhub 225i\/205i:<\/strong><\/p>\n<p><strong>B\u1ea2NG \u0110I\u1ec0U KHI\u1ec2N<\/strong><\/p>\n<ul>\n<li>D\u1ec5 hi\u1ec3u v\u00e0 d\u1ec5 s\u1eed d\u1ee5ng.<\/li>\n<li>C\u00e1c n\u00fat m\u1ed9t ch\u1ea1m \u0111\u1ec3 thao t\u00e1c th\u1ef1c hi\u1ec7n nhanh ch\u00f3ng.<\/li>\n<\/ul>\n<p><strong>SAO CH\u00c9P &amp; IN<\/strong><\/p>\n<ul>\n<li>R\u1ea5t nhi\u1ec1u t\u00f9y ch\u1ecdn b\u1ed1 tr\u00ed h\u1eefu \u00edch \u0111\u1ec3 gi\u1eef cho t\u00e0i li\u1ec7u c\u1ee7a b\u1ea1n \u0111\u01b0\u1ee3c t\u1ed5 ch\u1ee9c.<\/li>\n<\/ul>\n<p><strong>QU\u00c9T &amp; FAX<\/strong><\/p>\n<ul>\n<li>S\u1ed1 h\u00f3a t\u00e0i li\u1ec7u c\u1ee7a b\u1ea1n v\u1edbi \u0111\u1ea7y \u0111\u1ee7 m\u00e0u s\u1eafc v\u00e0 g\u1eedi th\u1eb3ng \u0111\u1ebfn n\u01a1i b\u1ea1n c\u1ea7n.<\/li>\n<\/ul>\n<p><strong>IN \u1ea4N DI \u0110\u1ed8NG<\/strong><\/p>\n<ul>\n<li>Kh\u00f4ng c\u1ea7n ph\u1ea3i l\u00e3ng ph\u00ed th\u1eddi gian chuy\u1ec3n t\u00e0i li\u1ec7u v\u00e0o m\u00e1y t\u00ednh v\u0103n ph\u00f2ng c\u1ee7a b\u1ea1n \u0111\u1ec3 in. Cho ph\u00e9p ng\u01b0\u1eddi d\u00f9ng th\u1ef1 c hi\u1ec7n ch\u1ee9c n\u0103ng in \u1ea5n di \u0111\u1ed9ng.<\/li>\n<\/ul>\n<p><strong>B\u1ea2O M\u1eacT<\/strong><\/p>\n<ul>\n<li>B\u1ea3o v\u1ec7 th\u00f4ng tin c\u1ee7a b\u1ea1n v\u00e0 gi\u1eef an to\u00e0n cho m\u00f4i tr\u01b0\u1eddng c\u1ee7a b\u1ea1n.<\/li>\n<\/ul>\n","protected":false},"excerpt":{"rendered":"<p>bizhub 225i\/205i: m\u00e1y photocopy \u0111a ch\u1ee9c n\u0103ng tr\u1eafng \u0111en kh\u1ed5 A3 v\u1edbi t\u1ed1c \u0111\u1ed9 in 22\/20 trang\/ph\u00fat<\/p>\n","protected":false},"featured_media":8021,"comment_status":"closed","ping_status":"closed","template":"","meta":[],"product_cat":[151,153],"product_tag":[],"class_list":["post-6634","product","type-product","status-publish","has-post-thumbnail","hentry","product_cat-in-an-van-phong","product_cat-may-in-trang-den-da-chuc-nang"],"_links":{"self":[{"href":"https:\/\/www.konicaminolta.vn\/business\/wp-json\/wp\/v2\/product\/6634","targetHints":{"allow":["GET"]}}],"collection":[{"href":"https:\/\/www.konicaminolta.vn\/business\/wp-json\/wp\/v2\/product"}],"about":[{"href":"https:\/\/www.konicaminolta.vn\/business\/wp-json\/wp\/v2\/types\/product"}],"replies":[{"embeddable":true,"href":"https:\/\/www.konicaminolta.vn\/business\/wp-json\/wp\/v2\/comments?post=6634"}],"wp:featuredmedia":[{"embeddable":true,"href":"https:\/\/www.konicaminolta.vn\/business\/wp-json\/wp\/v2\/media\/8021"}],"wp:attachment":[{"href":"https:\/\/www.konicaminolta.vn\/business\/wp-json\/wp\/v2\/media?parent=6634"}],"wp:term":[{"taxonomy":"product_cat","embeddable":true,"href":"https:\/\/www.konicaminolta.vn\/business\/wp-json\/wp\/v2\/product_cat?post=6634"},{"taxonomy":"product_tag","embeddable":true,"href":"https:\/\/www.konicaminolta.vn\/business\/wp-json\/wp\/v2\/product_tag?post=6634"}],"curies":[{"name":"wp","href":"https:\/\/api.w.org\/{rel}","templated":true}]}}