{"id":7356,"date":"2020-11-09T13:46:20","date_gmt":"2020-11-09T06:46:06","guid":{"rendered":"https:\/\/www.konicaminolta.vn\/business\/?post_type=product&#038;p=7356"},"modified":"2025-05-13T11:40:22","modified_gmt":"2025-05-13T04:40:22","slug":"bizhub-650i-550i-450i","status":"publish","type":"product","link":"https:\/\/www.konicaminolta.vn\/business\/product\/bizhub-650i-550i-450i\/","title":{"rendered":"bizhub 650i\/550i\/450i"},"content":{"rendered":"<p><strong>C\u00e1c \u0111\u1eb7c \u0111i\u1ec3m n\u1ed5i b\u1eadt c\u1ee7a m\u00e1y photocopy\u00a0\u0111\u01a1n s\u1eafc \u0111a ch\u1ee9c n\u0103ng bizhub 650i \/550i\/450i:<\/strong><\/p>\n<ul>\n<li>In tr\u1eafng \u0111en c\u00f3 \u0111\u1ed9 ph\u00e2n gi\u1ea3i cao l\u00ean \u0111\u1ebfn 65\/55\/45 trang\/ph\u00fat<\/li>\n<li>T\u00f9y ch\u1ecdn scan 2 m\u1eb7t l\u00ean \u0111\u1ebfn 280 ipm<\/li>\n<li>H\u1ed7 tr\u1ee3 in t\u1eeb xa v\u1edbi kh\u1ea3 n\u0103ng truy c\u1eadp \u0111i\u1ec3m<\/li>\n<li>Dung t\u00edch gi\u1ea5y t\u1ed1i \u0111a \u0111\u1ea1t 6,650 t\u1edd<\/li>\n<li>Kh\u1ea3 n\u0103ng thao t\u00e1c tr\u1ef1c quan \u2013 d\u00f2ng m\u00e1y photocopy \u0111a ch\u1ee9c n\u0103ng\u00a0 th\u1ebf h\u1ec7 m\u1edbi bizhub i-series h\u1ed7 tr\u1ee3 v\u1eadn h\u00e0nh nh\u01b0 m\u1ed9t chi\u1ebfc \u0111i\u1ec7n tho\u1ea1i ho\u1eb7c m\u00e1y t\u00ednh b\u1ea3ng th\u00f4ng minh v\u1edbi giao di\u1ec7n t\u00f9y ch\u1ec9nh to\u00e0n di\u1ec7n<\/li>\n<li>T\u00edch h\u1ee3p m\u1ea1ng l\u01b0\u1edbi b\u1ea3o m\u1eadt, m\u00e3 h\u00f3a d\u1eef li\u1ec7u, c\u00e1c t\u1eadp tin \u0111\u01b0\u1ee3c ghi \u0111\u00e8 l\u00ean \u1ed5 c\u1ee9ng HDD, v\u00e0 x\u00e1c th\u1ef1c ng\u01b0\u1eddi d\u00f9ng n\u00e2ng cao<\/li>\n<li>N\u00e2ng cao n\u0103ng su\u1ea5t nh\u1edd danh m\u1ee5c \u1ee9ng d\u1ee5ng phong ph\u00fa c\u1ee7a Konica Minolta<\/li>\n<\/ul>\n<p><img loading=\"lazy\" decoding=\"async\" class=\"aligncenter wp-image-7357 size-large\" src=\"https:\/\/www.konicaminolta.vn\/business\/wp-content\/uploads\/2020\/11\/bizhub-650i-location-picture-150709-1.jpg\" alt=\"\" width=\"1024\" height=\"682\" srcset=\"https:\/\/www.konicaminolta.vn\/business\/wp-content\/uploads\/2020\/11\/bizhub-650i-location-picture-150709-1.jpg 1772w, https:\/\/www.konicaminolta.vn\/business\/wp-content\/uploads\/2020\/11\/bizhub-650i-location-picture-150709-1-300x200.jpg 300w, https:\/\/www.konicaminolta.vn\/business\/wp-content\/uploads\/2020\/11\/bizhub-650i-location-picture-150709-1-768x512.jpg 768w, https:\/\/www.konicaminolta.vn\/business\/wp-content\/uploads\/2020\/11\/bizhub-650i-location-picture-150709-1-1024x682.jpg 1024w, https:\/\/www.konicaminolta.vn\/business\/wp-content\/uploads\/2020\/11\/bizhub-650i-location-picture-150709-1-600x400.jpg 600w\" sizes=\"auto, (max-width: 1024px) 100vw, 1024px\" \/><\/p>\n","protected":false},"excerpt":{"rendered":"<p style=\"text-align: justify;\"><strong>Hi\u1ec7u su\u1ea5t Ch\u1ea5t l\u01b0\u1ee3ng cao, N\u00e2ng cao T\u00ednh hi\u1ec7u qu\u1ea3 v\u00e0 K\u1ebft n\u1ed1i li\u1ec1n m\u1ea1ch<\/strong><\/p>\n<p style=\"text-align: justify;\">D\u00f2ng m\u00e1y photocopy \u0111\u01a1n s\u1eafc \u0111a ch\u1ee9c n\u0103ng bizhub i-Series 550i\/450i c\u00f3 b\u1ed9 m\u00e1y v\u1eadn h\u00e0nh m\u1ea1nh m\u1ebd, b\u1ed9 x\u1eed l\u00fd trung t\u00e2m l\u00f5i t\u1ee9 v\u1edbi b\u1ed9 nh\u1edb trong 8GB ti\u00eau chu\u1ea9n v\u00e0 \u1ed5 c\u1ee9ng SSD 256GB, h\u1ed7 tr\u1ee3 ph\u1ea3n h\u1ed3i l\u1ec7nh nhanh ch\u00f3ng v\u1edbi hi\u1ec7u su\u1ea5t ho\u1ea1t \u0111\u1ed9ng cao. V\u1edbi s\u1ef1 k\u1ebft h\u1ee3p b\u1ed5 sung gi\u1eefa t\u00ednh n\u0103ng t\u01b0\u01a1ng th\u00edch t\u1ed1i \u0111a v\u1edbi nhi\u1ec1u lo\u1ea1i gi\u1ea5y, b\u1ed9 ph\u1eadn n\u1ea1p t\u00e0i li\u1ec7u scan 2 m\u1eb7t c\u00f9ng l\u00fac v\u1edbi t\u1ed1c \u0111\u1ed9 nhanh c\u0169ng nh\u01b0 c\u00e1c t\u00f9y ch\u1ecdn th\u00e0nh ph\u1ea9m, \u0111i\u1ec1u ch\u1ec9nh \u0111\u1ed9 l\u1ec7ch k\u1ef9 thu\u1eadt s\u1ed1, v\u00e0 c\u00e1c khay n\u1ea1p gi\u1ea5y dung t\u00edch l\u1edbn, k\u1ebft h\u1ee3p chuy\u00ean nghi\u1ec7p c\u00f9ng v\u1edbi ch\u1ee9c n\u0103ng x\u00e1c th\u1ef1c v\u00e0 kh\u1ea3 n\u0103ng h\u1ed7 tr\u1ee3 d\u1ecbch v\u1ee5 linh ho\u1ea1t.<\/p>\n<p style=\"text-align: justify;\"><a href=\"https:\/\/rethinkthefuture.konicaminolta.asia\/vn\/index.html\">T\u00ccM HI\u1ec2U TH\u00caM<\/a><\/p>\n","protected":false},"featured_media":8027,"comment_status":"closed","ping_status":"closed","template":"","meta":[],"product_cat":[151,153],"product_tag":[],"class_list":["post-7356","product","type-product","status-publish","has-post-thumbnail","hentry","product_cat-in-an-van-phong","product_cat-may-in-trang-den-da-chuc-nang"],"_links":{"self":[{"href":"https:\/\/www.konicaminolta.vn\/business\/wp-json\/wp\/v2\/product\/7356","targetHints":{"allow":["GET"]}}],"collection":[{"href":"https:\/\/www.konicaminolta.vn\/business\/wp-json\/wp\/v2\/product"}],"about":[{"href":"https:\/\/www.konicaminolta.vn\/business\/wp-json\/wp\/v2\/types\/product"}],"replies":[{"embeddable":true,"href":"https:\/\/www.konicaminolta.vn\/business\/wp-json\/wp\/v2\/comments?post=7356"}],"wp:featuredmedia":[{"embeddable":true,"href":"https:\/\/www.konicaminolta.vn\/business\/wp-json\/wp\/v2\/media\/8027"}],"wp:attachment":[{"href":"https:\/\/www.konicaminolta.vn\/business\/wp-json\/wp\/v2\/media?parent=7356"}],"wp:term":[{"taxonomy":"product_cat","embeddable":true,"href":"https:\/\/www.konicaminolta.vn\/business\/wp-json\/wp\/v2\/product_cat?post=7356"},{"taxonomy":"product_tag","embeddable":true,"href":"https:\/\/www.konicaminolta.vn\/business\/wp-json\/wp\/v2\/product_tag?post=7356"}],"curies":[{"name":"wp","href":"https:\/\/api.w.org\/{rel}","templated":true}]}}