{"id":7480,"date":"2021-01-11T11:04:31","date_gmt":"2021-01-11T04:03:27","guid":{"rendered":"https:\/\/www.konicaminolta.vn\/business\/?post_type=product&#038;p=7480"},"modified":"2024-07-15T10:19:47","modified_gmt":"2024-07-15T03:19:47","slug":"bizhub-c287i-c227i","status":"publish","type":"product","link":"https:\/\/www.konicaminolta.vn\/business\/product\/bizhub-c287i-c227i\/","title":{"rendered":"bizhub C287i\/C227i"},"content":{"rendered":"<p><strong>C\u00e1c \u0111\u1eb7c \u0111i\u1ec3m n\u1ed5i b\u1eadt c\u1ee7a m\u00e1y photocopy\u00a0m\u00e0u \u0111a ch\u1ee9c n\u0103ng bizhub C287i\/C227i:<\/strong><\/p>\n<ul>\n<li>In m\u00e0u v\u00e0 \u0111\u01a1n s\u1eafc v\u1edbi \u0111\u1ed9 ph\u00e2n gi\u1ea3i cao l\u00ean \u0111\u1ebfn 28\/22trang\/ph\u00fat<\/li>\n<li>T\u1ed1c \u0111\u1ed9 scan 1 m\u1eb7t l\u00ean \u0111\u1ebfn 55 trang\/ph\u00fat<\/li>\n<li>H\u1ed7 tr\u1ee3 in t\u1eeb xa v\u1edbi kh\u1ea3 n\u0103ng truy c\u1eadp \u0111i\u1ec3m<\/li>\n<li>Kh\u1ea3 n\u0103ng n\u1ea1p gi\u1ea5y l\u00ean \u0111\u1ebfn 3,600 t\u1edd<\/li>\n<li>Kh\u1ea3 n\u0103ng ho\u1ea1t \u0111\u1ed9ng tr\u1ef1c quan \u2013 V\u1eadn h\u00e0nh m\u00e1y in bizhub nh\u01b0 m\u1ed9t chi\u1ebfc \u0111i\u1ec7n tho\u1ea1i th\u00f4ng minh ho\u1eb7c m\u00e1y t\u00ednh b\u1ea3ng v\u1edbi giao di\u1ec7n ng\u01b0\u1eddi d\u00f9ng t\u00f9y ch\u1ec9nh ho\u00e0n to\u00e0n<\/li>\n<li>T\u00edch h\u1ee3p m\u1ea1ng l\u01b0\u1edbi b\u1ea3o m\u1eadt, m\u00e3 h\u00f3a d\u1eef li\u1ec7u, ghi \u0111\u00e8 \u1ed5 c\u1ee9ng v\u00e0 x\u00e1c th\u1ef1c ng\u01b0\u1eddi d\u00f9ng n\u00e2ng cao<\/li>\n<li>N\u00e2ng cao hi\u1ec7u qu\u1ea3 ho\u1ea1t \u0111\u1ed9ng nh\u1edd v\u00e0o danh m\u1ee5c c\u00e1c \u1ee9ng d\u1ee5ng phong ph\u00fa c\u1ee7a Konica Minolta<\/li>\n<\/ul>\n<p><img loading=\"lazy\" decoding=\"async\" class=\"aligncenter size-large wp-image-7481\" src=\"https:\/\/www.konicaminolta.vn\/business\/wp-content\/uploads\/2021\/01\/bizhub-C287i-series-location-picture-148255-1.jpg\" alt=\"\" width=\"1024\" height=\"682\" srcset=\"https:\/\/www.konicaminolta.vn\/business\/wp-content\/uploads\/2021\/01\/bizhub-C287i-series-location-picture-148255-1.jpg 1772w, https:\/\/www.konicaminolta.vn\/business\/wp-content\/uploads\/2021\/01\/bizhub-C287i-series-location-picture-148255-1-300x200.jpg 300w, https:\/\/www.konicaminolta.vn\/business\/wp-content\/uploads\/2021\/01\/bizhub-C287i-series-location-picture-148255-1-768x512.jpg 768w, https:\/\/www.konicaminolta.vn\/business\/wp-content\/uploads\/2021\/01\/bizhub-C287i-series-location-picture-148255-1-1024x682.jpg 1024w, https:\/\/www.konicaminolta.vn\/business\/wp-content\/uploads\/2021\/01\/bizhub-C287i-series-location-picture-148255-1-600x400.jpg 600w\" sizes=\"auto, (max-width: 1024px) 100vw, 1024px\" \/><\/p>\n<p style=\"text-align: justify;\">\n","protected":false},"excerpt":{"rendered":"<p style=\"text-align: justify;\"><strong>T\u1eeb kh\u00f4ng gian v\u0103n ph\u00f2ng \u0111\u1ebfn c\u1ed9ng s\u1ef1 h\u1ed7 tr\u1ee3 t\u0103ng c\u01b0\u1eddng s\u1ee9c s\u00e1ng t\u1ea1o<\/strong><\/p>\n<p style=\"text-align: justify;\">D\u00f2ng i-Series s\u1edf h\u1eefu \u0111\u1ed9ng c\u01a1 m\u1ea1nh m\u1ebd, b\u1ed9 x\u1eed l\u00fd trung t\u00e2m l\u00f5i t\u1ee9 v\u1edbi b\u1ed9 nh\u1edb ti\u00eau chu\u1ea9n 6GB v\u00e0 th\u1ebb nh\u1edb microSD 8GB, cho ph\u00e9p ph\u1ea3n h\u1ed3i nhanh ch\u00f3ng v\u00e0 ho\u1ea1t \u0111\u1ed9ng v\u1edbi hi\u1ec7u su\u1ea5t cao. V\u1edbi s\u1ef1 k\u1ebft h\u1ee3p b\u1ed5 sung c\u1ee7a d\u1ea3i v\u1eadt li\u1ec7u in t\u1ed1c \u0111\u1ed9 cao, c\u0169ng nh\u01b0 c\u00e1c t\u00f9y ch\u1ecdn ho\u00e0n thi\u1ec7n, hi\u1ec7u ch\u1ec9nh \u0111\u1ed9 l\u1ec7ch k\u1ef9 thu\u1eadt s\u1ed1 v\u00e0 c\u00e1c khay n\u1ea1p gi\u1ea5y l\u1edbn, k\u1ebft h\u1ee3p m\u1ed9t c\u00e1ch chuy\u00ean nghi\u1ec7p c\u00e1c ch\u1ee9c n\u0103ng \u0111\u00e1ng tin c\u1eady c\u00f9ng kh\u1ea3 n\u0103ng b\u1ea3o d\u01b0\u1ee1ng linh ho\u1ea1t.<\/p>\n<p style=\"text-align: justify;\"><a href=\"https:\/\/rethinkthefuture.konicaminolta.asia\/?__hstc=253233494.ef694c44f2ecbdda9a7ae7fd2b981c03.1598493244714.1608535487063.1608690211546.23&amp;__hssc=253233494.9.1608690211546&amp;__hsfp=2967768925\">XEM TH\u00caM<\/a><\/p>\n","protected":false},"featured_media":10804,"comment_status":"closed","ping_status":"closed","template":"","meta":[],"product_cat":[151,152],"product_tag":[],"class_list":["post-7480","product","type-product","status-publish","has-post-thumbnail","hentry","product_cat-in-an-van-phong","product_cat-may-in-mau-da-chuc-nang"],"_links":{"self":[{"href":"https:\/\/www.konicaminolta.vn\/business\/wp-json\/wp\/v2\/product\/7480","targetHints":{"allow":["GET"]}}],"collection":[{"href":"https:\/\/www.konicaminolta.vn\/business\/wp-json\/wp\/v2\/product"}],"about":[{"href":"https:\/\/www.konicaminolta.vn\/business\/wp-json\/wp\/v2\/types\/product"}],"replies":[{"embeddable":true,"href":"https:\/\/www.konicaminolta.vn\/business\/wp-json\/wp\/v2\/comments?post=7480"}],"wp:featuredmedia":[{"embeddable":true,"href":"https:\/\/www.konicaminolta.vn\/business\/wp-json\/wp\/v2\/media\/10804"}],"wp:attachment":[{"href":"https:\/\/www.konicaminolta.vn\/business\/wp-json\/wp\/v2\/media?parent=7480"}],"wp:term":[{"taxonomy":"product_cat","embeddable":true,"href":"https:\/\/www.konicaminolta.vn\/business\/wp-json\/wp\/v2\/product_cat?post=7480"},{"taxonomy":"product_tag","embeddable":true,"href":"https:\/\/www.konicaminolta.vn\/business\/wp-json\/wp\/v2\/product_tag?post=7480"}],"curies":[{"name":"wp","href":"https:\/\/api.w.org\/{rel}","templated":true}]}}