{"id":7496,"date":"2021-01-11T12:09:18","date_gmt":"2021-01-11T05:09:30","guid":{"rendered":"https:\/\/www.konicaminolta.vn\/business\/?post_type=product&#038;p=7496"},"modified":"2023-02-06T10:44:58","modified_gmt":"2023-02-06T03:44:58","slug":"accuriojet-km1-e","status":"publish","type":"product","link":"https:\/\/www.konicaminolta.vn\/business\/product\/accuriojet-km1-e\/","title":{"rendered":"AccurioJet KM1-e v\u1edbi t\u00f9y ch\u1ecdn HD"},"content":{"rendered":"<h4 style=\"text-align: center;\"><span style=\"color: #0062c2;\"><strong>Gi\u1edbi <span style=\"color: #0062c2;\">thi\u1ec7u<\/span><\/strong><\/span><\/h4>\n<p style=\"text-align: center;\"><strong>Konica Minolta AccurioJet KM-1e<\/strong><\/p>\n<p style=\"text-align: center;\"><strong><iframe loading=\"lazy\" src=\"\/\/www.youtube.com\/embed\/xVcwcFKVHYg\" width=\"560\" height=\"314\" allowfullscreen=\"allowfullscreen\"><\/iframe><\/strong><\/p>\n<p style=\"text-align: justify;\"><strong>AccurioJet KM-1e<\/strong> l\u00e0 m\u00e1y in phun \u1ee9ng d\u1ee5ng c\u00f4ng ngh\u1ec7 29.5-inch sheet-fed LED UV v\u1edbi \u0111\u1ea7y \u0111\u1ee7 c\u00e1c ch\u1ee9c n\u0103ng in m\u00e0u k\u1ef9 thu\u1eadt s\u1ed1 v\u00e0 c\u00f3 kh\u1ea3 n\u0103ng \u0111\u00e1p \u1ee9ng m\u1ecdi nhu c\u1ea7u in \u1ea5n chuy\u00ean nghi\u1ec7p. V\u1edbi d\u00f2ng m\u00e1y KM-1e th\u1ebf h\u1ec7 m\u1edbi, doanh nghi\u1ec7p c\u00f3 th\u1ec3 s\u1ea3n xu\u1ea5t ra nh\u1eefng b\u1ea3n in ch\u1ea5t l\u01b0\u1ee3ng cao v\u1edbi t\u1ed1c \u0111\u1ed9 nhanh h\u01a1n so v\u1edbi c\u00f4ng ngh\u1ec7 in offset hay in phun n\u01b0\u1edbc. Kh\u00f4ng c\u1ea7n chu\u1ea9n b\u1ecb s\u1eb5n v\u00e0 kh\u00f4ng c\u1ea7n th\u1eddi gian ch\u1edd kh\u00f4. C\u00f4ng ngh\u1ec7 x\u1eed l\u00fd b\u1ea3n in b\u1eb1ng \u00e1nh s\u00e1ng UV c\u1ee7a Konica Minolta cung c\u1ea5p kh\u1ea3 n\u0103ng l\u00e0m kh\u00f4 m\u1ef1c t\u1ee9c th\u1eddi, gi\u00fap mang l\u1ea1i nh\u1eefng b\u1ea3n in v\u1edbi h\u00ecnh \u1ea3nh s\u1eafc n\u00e9t c\u00f3 \u0111\u1ed9 \u1ed5n \u0111\u1ecbnh v\u00e0 t\u00ednh nh\u1ea5t qu\u00e1n m\u00e0u s\u1eafc v\u01b0\u1ee3t tr\u1ed9i. V\u1edbi c\u00e1c \u1ee9ng d\u1ee5ng l\u1ec7nh in m\u1edf r\u1ed9ng c\u1ee7a KM-1e, doanh nghi\u1ec7p s\u1ebd ti\u1ebft ki\u1ec7m \u0111\u01b0\u1ee3c th\u1eddi gian v\u1eadn h\u00e0nh v\u00e0 \u1ee9ng d\u1ee5ng t\u00ednh linh ho\u1ea1t cao h\u01a1n, gi\u00fap n\u00e2ng cao n\u0103ng su\u1ea5t \u0111\u1ec3 n\u1eafm b\u1eaft th\u00eam nhi\u1ec1u d\u1ef1 \u00e1n m\u1edbi v\u00e0 t\u0103ng ngu\u1ed3n doanh thu.<\/p>\n<h4 style=\"text-align: center;\"><span style=\"color: #0062c2;\"><strong>Nh\u1eefng \u0110\u1eb7c T\u00ednh N\u1ed5i B\u1eadt c\u1ee7a <\/strong><strong>AccurioJet KM-1e<\/strong><\/span><\/h4>\n<p style=\"text-align: center;\"><iframe loading=\"lazy\" src=\"\/\/www.youtube.com\/embed\/AoLBV4zHH6I\" width=\"560\" height=\"314\" allowfullscreen=\"allowfullscreen\"><\/iframe><\/p>\n<p><strong>\u1ee8ng d\u1ee5ng C\u00f4ng ngh\u1ec7 Dot Freeze &#8211; in phun ch\u1ea5t l\u01b0\u1ee3ng cao v\u1edbi AccurioJet KM-1e<\/strong><\/p>\n<ul>\n<li style=\"text-align: justify;\">N\u0103ng su\u1ea5t cao l\u00ean \u0111\u1ebfn 3.000 t\u1edd \/ gi\u1edd \u1edf ch\u1ebf \u0111\u1ed9 in m\u1ed9t m\u1eb7t v\u00e0 1.500 t\u1edd \/ gi\u1edd \u1edf ch\u1ebf \u0111\u1ed9 in hai m\u1eb7t<\/li>\n<li style=\"text-align: justify;\">Kh\u1ea3 n\u0103ng t\u01b0\u01a1ng th\u00edch v\u1edbi \u0111a d\u1ea1ng v\u1eadt li\u1ec7u c\u00f3 k\u00edch th\u01b0\u1edbc l\u00ean \u0111\u1ebfn 585 x 750 mm ho\u1eb7c kh\u1ed5 B2+<\/li>\n<li style=\"text-align: justify;\">Ch\u1ea5t l\u01b0\u1ee3ng h\u00ecnh \u1ea3nh v\u01b0\u1ee3t tr\u1ed9i, \u0111\u1ed9 ph\u00e2n gi\u1ea3i \u0111\u1ea7u ra 1.200 x 1.200 dpi<\/li>\n<li style=\"text-align: justify;\">In tr\u00ean nhi\u1ec1u lo\u1ea1i ph\u01b0\u01a1ng ti\u1ec7n kh\u00e1c nhau nh\u01b0 gi\u1ea5y foil, phim trong v\u00e0 ch\u1ea5t n\u1ec1n t\u1ed5ng h\u1ee3p<\/li>\n<li style=\"text-align: justify;\">T\u0103ng t\u00ednh \u0111a d\u1ea1ng c\u1ee7a c\u00e1c l\u0129nh v\u1ef1c \u1ee9ng d\u1ee5ng v\u00e0 ti\u1ec1m n\u0103ng kinh doanh m\u1edbi cho doanh nghi\u1ec7p<\/li>\n<\/ul>\n<h4 style=\"text-align: center;\"><span style=\"color: #0062c2;\">Bu\u1ed5i gi\u1edbi thi\u1ec7u v\u00e0 tr\u1ea3i nghi\u1ec7m s\u1ea3n ph\u1ea9m tr\u1ef1c tuy\u1ebfn<\/span><\/h4>\n<p style=\"text-align: justify;\">Hi\u1ec7n nay Konica Minolta \u0111ang cung c\u1ea5p nh\u1eefng bu\u1ed5i gi\u1edbi thi\u1ec7u s\u1ea3n ph\u1ea9m th\u00f4ng qua showroom tr\u01b0ng b\u00e0y tr\u1ef1c tuy\u1ebfn m\u1edbi ra m\u1eaft. Ch\u00fang t\u00f4i r\u1ea5t vui khi \u0111\u01b0\u1ee3c k\u1ebft n\u1ed1i v\u1edbi qu\u00fd kh\u00e1ch h\u00e0ng th\u00f4ng qua n\u1ec1n t\u1ea3ng tr\u1ef1c tuy\u1ebfn v\u00e0 c\u00f9ng nhau th\u1ea3o lu\u1eadn v\u1ec1 c\u00e1c s\u1ea3n ph\u1ea9m c\u1ee7a Konica Minolta b\u1ea5t k\u1ef3 l\u00fac n\u00e0o. Nh\u1ea5p v\u00e0o n\u00fat \u0111\u0103ng k\u00fd b\u00ean d\u01b0\u1edbi \u0111\u1ec3 \u0111\u1eb7t l\u1ecbch tham gia bu\u1ed5i tr\u00ecnh b\u00e0y s\u1ea3n ph\u1ea9m tr\u1ef1c tuy\u1ebfn c\u1ee7a Konica Minolta ngay h\u00f4m nay!\u00a0<strong><a href=\"https:\/\/rethinkthefuture.konicaminolta.asia\/vn\/showroom.html?__hstc=253233494.ef694c44f2ecbdda9a7ae7fd2b981c03.1620196356549.1622432897357.1622789307993.12&amp;__hssc=253233494.2.1622789307993&amp;__hsfp=3321913263#showroom-form\"><span style=\"text-align: center;\">\u0110\u0103ng k\u00fd t\u1ea1i \u0111\u00e2y<\/span><\/a><\/strong><\/p>\n<p><a href=\"https:\/\/rethinkthefuture.konicaminolta.asia\/vn\/showroom.html?__hstc=253233494.ef694c44f2ecbdda9a7ae7fd2b981c03.1620196356549.1622432897357.1622789307993.12&amp;__hssc=253233494.2.1622789307993&amp;__hsfp=3321913263#showroom-form\"><img loading=\"lazy\" decoding=\"async\" class=\"aligncenter size-full wp-image-8277\" src=\"https:\/\/www.konicaminolta.vn\/business\/wp-content\/uploads\/2021\/01\/km_showroom.jpg\" alt=\"\" width=\"768\" height=\"432\" srcset=\"https:\/\/www.konicaminolta.vn\/business\/wp-content\/uploads\/2021\/01\/km_showroom.jpg 768w, https:\/\/www.konicaminolta.vn\/business\/wp-content\/uploads\/2021\/01\/km_showroom-300x169.jpg 300w, https:\/\/www.konicaminolta.vn\/business\/wp-content\/uploads\/2021\/01\/km_showroom-600x338.jpg 600w\" sizes=\"auto, (max-width: 768px) 100vw, 768px\" \/><\/a><\/p>\n<p>&nbsp;<\/p>\n<h4 style=\"text-align: center;\"><strong><span style=\"color: #0062c2;\">Gi\u1edbi thi\u1ec7u Konica Minolta AccurioJet KM-1e v\u1edbi t\u00f9y ch\u1ecdn m\u1edbi HD<\/span><\/strong><\/h4>\n<p style=\"text-align: justify;\">Kh\u1ea3 n\u0103ng t\u01b0\u01a1ng th\u00edch nhi\u1ec1u lo\u1ea1i v\u1eadt li\u1ec7u v\u00e0 n\u0103ng su\u1ea5t tuy\u1ec7t v\u1eddi, \u0111\u1ed3ng th\u1eddi t\u01b0\u01a1ng th\u00edch v\u1edbi quy tr\u00ecnh c\u00f4ng vi\u1ec7c k\u1ebft h\u1ee3p v\u1edbi ch\u1ea5t l\u01b0\u1ee3ng h\u00ecnh \u1ea3nh v\u00e0 \u0111\u1ed9 tin c\u1eady v\u01b0\u1ee3t tr\u1ed9i m\u1edf ra ti\u1ec1m n\u0103ng cho c\u00e1c d\u1ecbch v\u1ee5 in m\u1edbi. AccurioJet KM-1e v\u1edbi HD hi\u1ec7n k\u1ebft h\u1ee3p thi\u1ebft k\u1ebf \u0111\u1ea7u in phun th\u1eadm ch\u00ed c\u00f2n ti\u00ean ti\u1ebfn h\u01a1n.<\/p>\n<h4 style=\"text-align: center;\"><span style=\"color: #0062c2;\"><strong>AccurioJet KM-1e v\u1edbi t\u00f9y ch\u1ecdn HD<\/strong><\/span><\/h4>\n<p><img loading=\"lazy\" decoding=\"async\" class=\"aligncenter size-full wp-image-10129\" src=\"https:\/\/www.konicaminolta.vn\/business\/wp-content\/uploads\/2021\/01\/ACCURIOJETKM1EHD_SAMPLE.jpg\" alt=\"\" width=\"582\" height=\"326\" srcset=\"https:\/\/www.konicaminolta.vn\/business\/wp-content\/uploads\/2021\/01\/ACCURIOJETKM1EHD_SAMPLE.jpg 582w, https:\/\/www.konicaminolta.vn\/business\/wp-content\/uploads\/2021\/01\/ACCURIOJETKM1EHD_SAMPLE-300x168.jpg 300w, https:\/\/www.konicaminolta.vn\/business\/wp-content\/uploads\/2021\/01\/ACCURIOJETKM1EHD_SAMPLE-350x195.jpg 350w\" sizes=\"auto, (max-width: 582px) 100vw, 582px\" \/><\/p>\n<p style=\"text-align: justify;\">AccurioJet KM-1e v\u1edbi t\u00f9y ch\u1ecdn HD gi\u1edd \u0111\u00e2y c\u00f3 ngh\u0129a l\u00e0 c\u00e1c b\u1ea3n in kh\u00f4ng c\u00f2n xu\u1ea5t hi\u1ec7n c\u00e1c ch\u1ea5m\u00a0 nh\u1ecf tr\u00ean b\u1ea3n in c\u00f3 th\u1ec3 nh\u00ecn th\u1ea5y c\u1ea1nh nhau \u1edf khu v\u1ef1c c\u1ea7n hi\u1ec3n th\u1ecb k\u1ebft c\u1ea5u, ch\u1eb3ng h\u1ea1n nh\u01b0 ph\u1ea7n da ho\u1eb7c v\u1ea3i. \u0110i\u1ec1u n\u00e0y s\u1ebd gi\u00fap c\u1ea3i thi\u1ec7n n\u0103ng su\u1ea5t cho c\u00e1c th\u1ecb tr\u01b0\u1eddng nh\u01b0 s\u00e1ch \u1ea3nh, \u1ea3nh c\u01b0\u1edbi, \u1ea3nh ID, bao b\u00ec v\u00e0 t\u00e0i li\u1ec7u qu\u1ea3ng c\u00e1o ch\u1ea5t l\u01b0\u1ee3ng kh\u00e1c.<\/p>\n<p style=\"text-align: justify;\">C\u00e1c d\u1ecbch v\u1ee5 xu\u1ea5t b\u1ea3n, th\u1ecb tr\u01b0\u1eddng s\u00e1ch \u1ea3nh c\u01b0\u1edbi, s\u00e1ch \u1ea3nh tr\u1ef1c tuy\u1ebfn v\u00e0 h\u01a1n th\u1ebf n\u1eefa gi\u1edd \u0111\u00e2y cho ph\u00e9p xu\u1ea5t ra h\u00ecnh \u1ea3nh c\u00f3 \u0111\u1ed9 ph\u00e2n gi\u1ea3i ch\u00ednh x\u00e1c cao, khi\u1ebfn AccurioJet KM-1e v\u1edbi t\u00f9y ch\u1ecdn HD tr\u1edf n\u00ean l\u00fd t\u01b0\u1edfng cho s\u00e1ch \u1ea3nh v\u00e0 \u1ea5n ph\u1ea9m in \u1ea5n cao c\u1ea5p, n\u01a1i ch\u1ea5t l\u01b0\u1ee3ng h\u00ecnh \u1ea3nh \u0111\u01b0\u1ee3c \u0111\u1eb7t l\u00ean h\u00e0ng \u0111\u1ea7u. AccurioJet KM-1e v\u1edbi t\u00f9y ch\u1ecdn HD c\u00f3 th\u1ec3 gi\u00fap m\u1edf r\u1ed9ng ho\u1ea1t \u0111\u1ed9ng kinh doanh c\u1ee7a kh\u00e1ch h\u00e0ng ngay c\u1ea3 khi n\u00f3 m\u1edf r\u1ed9ng ph\u1ea1m vi gi\u1ea5y c\u00f3 th\u1ec3 \u0111\u01b0\u1ee3c s\u1eed d\u1ee5ng.<\/p>\n<p><strong><a href=\"mailto:info.bvn@konicaminolta.com\">Y\u00eau c\u1ea7u nh\u1eadn t\u00e0i li\u1ec7u s\u1ea3n ph\u1ea9m t\u1ea1i \u0111\u00e2y:<\/a><\/strong><br \/>\n<a href=\"info.bvn@konicaminolta.com\"><img loading=\"lazy\" decoding=\"async\" class=\"alignnone size-thumbnail wp-image-10130\" src=\"https:\/\/www.konicaminolta.vn\/business\/wp-content\/uploads\/2021\/01\/ACCURIOJETKM1EHD_BROCHUREFP-218x300.jpg\" alt=\"\" width=\"218\" height=\"300\" srcset=\"https:\/\/www.konicaminolta.vn\/business\/wp-content\/uploads\/2021\/01\/ACCURIOJETKM1EHD_BROCHUREFP-218x300.jpg 218w, https:\/\/www.konicaminolta.vn\/business\/wp-content\/uploads\/2021\/01\/ACCURIOJETKM1EHD_BROCHUREFP-600x825.jpg 600w, https:\/\/www.konicaminolta.vn\/business\/wp-content\/uploads\/2021\/01\/ACCURIOJETKM1EHD_BROCHUREFP.jpg 660w\" sizes=\"auto, (max-width: 218px) 100vw, 218px\" \/><\/a><\/p>\n","protected":false},"excerpt":{"rendered":"<p style=\"text-align: justify;\"><strong>Kh\u00e1m ph\u00e1 s\u1ef1 ph\u00e1t tri\u1ec3n c\u1ee7a xu h\u01b0\u1edbng in \u1ea5n th\u1ebf h\u1ec7 m\u1edbi<\/strong><\/p>\n<p style=\"text-align: justify;\">T\u1ea1o ra m\u1ed9t n\u1ec1n t\u1ea3ng m\u00e1y in k\u1ef9 thu\u1eadt s\u1ed1 c\u00f3 \u0111\u1ed9 ch\u00ednh x\u00e1c cao v\u00e0 \u1ed5n \u0111\u1ecbnh v\u1ec1 m\u00e0u s\u1eafc, D\u00f2ng AccurioJet KM-1e th\u1ebf h\u1ec7 m\u1edbi c\u1ee7a Konica Minolta \u0111\u01b0\u1ee3c k\u1ebft h\u1ee3p thi\u1ebft k\u1ebf \u0111\u1ea7u in phun ti\u00ean ti\u1ebfn h\u01a1n so v\u1edbi C\u00f4ng ngh\u1ec7 \u0111\u01b0\u1ee3c c\u1ea5p b\u1eb1ng s\u00e1ng ch\u1ebf Dot Freeze &#x2122;, \u0111\u1ed3ng th\u1eddi k\u1ebft h\u1ee3p v\u1edbi t\u00ednh linh ho\u1ea1t ch\u01b0a t\u1eebng c\u00f3 trong c\u00f4ng ngh\u1ec7 x\u1eed l\u00fd ch\u1ea5t n\u1ec1n offset. M\u00e1y in phun UV k\u1ef9 thu\u1eadt s\u1ed1 m\u1edbi nh\u1ea5t c\u1ee7a Konica Minolta c\u00f3 th\u1ec3 k\u1ebft h\u1ee3p v\u1eadt li\u1ec7u in v\u00e0 \u0111\u1eb7c t\u00ednh \u1ed5n \u0111\u1ecbnh c\u1ee7a m\u00e1y in offset v\u1edbi nh\u1eefng l\u1ee3i \u00edch c\u1ee7a c\u00f4ng ngh\u1ec7 k\u1ef9 thu\u1eadt s\u1ed1 m\u1edbi nh\u1ea5t. \u0110\u1ed3ng th\u1eddi v\u1eadn d\u1ee5ng t\u00ednh linh ho\u1ea1t, ch\u1ee9c n\u0103ng chu\u1ea9n b\u1ecb s\u1eb5n s\u00e0ng cho \u0111a d\u1ea1ng c\u00e1c lo\u1ea1i v\u1eadt li\u1ec7u in bi\u1ebfn \u0111\u1ed5i v\u00e0 kh\u1ea3 n\u0103ng in tr\u00ean c\u00e1c t\u1edd gi\u1ea5y B2 kh\u1ed5 l\u1edbn.<\/p>\n","protected":false},"featured_media":7502,"comment_status":"closed","ping_status":"closed","template":"","meta":[],"product_cat":[146],"product_tag":[],"class_list":["post-7496","product","type-product","status-publish","has-post-thumbnail","hentry","product_cat-in-cong-nghiep"],"_links":{"self":[{"href":"https:\/\/www.konicaminolta.vn\/business\/wp-json\/wp\/v2\/product\/7496","targetHints":{"allow":["GET"]}}],"collection":[{"href":"https:\/\/www.konicaminolta.vn\/business\/wp-json\/wp\/v2\/product"}],"about":[{"href":"https:\/\/www.konicaminolta.vn\/business\/wp-json\/wp\/v2\/types\/product"}],"replies":[{"embeddable":true,"href":"https:\/\/www.konicaminolta.vn\/business\/wp-json\/wp\/v2\/comments?post=7496"}],"wp:featuredmedia":[{"embeddable":true,"href":"https:\/\/www.konicaminolta.vn\/business\/wp-json\/wp\/v2\/media\/7502"}],"wp:attachment":[{"href":"https:\/\/www.konicaminolta.vn\/business\/wp-json\/wp\/v2\/media?parent=7496"}],"wp:term":[{"taxonomy":"product_cat","embeddable":true,"href":"https:\/\/www.konicaminolta.vn\/business\/wp-json\/wp\/v2\/product_cat?post=7496"},{"taxonomy":"product_tag","embeddable":true,"href":"https:\/\/www.konicaminolta.vn\/business\/wp-json\/wp\/v2\/product_tag?post=7496"}],"curies":[{"name":"wp","href":"https:\/\/api.w.org\/{rel}","templated":true}]}}