{"id":7791,"date":"2021-04-14T10:35:06","date_gmt":"2021-04-14T04:15:59","guid":{"rendered":"https:\/\/www.konicaminolta.vn\/business\/?post_type=product&#038;p=7791"},"modified":"2024-07-15T10:56:11","modified_gmt":"2024-07-15T03:56:11","slug":"bizhub-c4050i-c3350i","status":"publish","type":"product","link":"https:\/\/www.konicaminolta.vn\/business\/product\/bizhub-c4050i-c3350i\/","title":{"rendered":"bizhub C4050i \/ C3350i"},"content":{"rendered":"<p><strong>C\u00e1c \u0111\u1eb7c \u0111i\u1ec3m n\u1ed5i b\u1eadt c\u1ee7a m\u00e1y in m\u00e0u \u0111a ch\u1ee9c n\u0103ng kh\u1ed5 A4 bizhub C4050i\/C3350i:<\/strong><\/p>\n<ul>\n<li>B\u1ea3n in m\u00e0u c\u00f3 \u0111\u1ed9 ph\u00e2n gi\u1ea3i cao l\u00ean \u0111\u1ebfn 40 trang\/ph\u00fat<\/li>\n<li>Ch\u1ee9c n\u0103ng scan v\u1edbi t\u00f9y ch\u1ecdn k\u00e9p l\u00ean \u0111\u1ebfn 90 b\u1ea3n\/ph\u00fat<\/li>\n<li>H\u1ed7 tr\u1ee3 in th\u00f4ng qua thi\u1ebft b\u1ecb di \u0111\u1ed9ng v\u1edbi kh\u1ea3 n\u0103ng x\u00e1c \u0111\u1ecbnh \u0111\u1ecba \u0111i\u1ec3m truy c\u1eadp<\/li>\n<li>Dung l\u01b0\u1ee3ng gi\u1ea5y t\u1ed1i \u0111a 1,600 t\u1edd<\/li>\n<li>Kh\u1ea3 n\u0103ng ho\u1ea1t \u0111\u1ed9ng tr\u1ef1c quan &#8211; V\u1eadn h\u00e0nh bizhub nh\u01b0 m\u1ed9t chi\u1ebfc \u0111i\u1ec7n tho\u1ea1i th\u00f4ng minh ho\u1eb7c m\u00e1y t\u00ednh b\u1ea3ng v\u1edbi giao di\u1ec7n ng\u01b0\u1eddi d\u00f9ng d\u1ec5 d\u00e0ng t\u00f9y ch\u1ec9nh<\/li>\n<li>T\u00edch h\u1ee3p m\u1ea1ng an to\u00e0n, m\u00e3 h\u00f3a d\u1eef li\u1ec7u, ch\u1ee9c n\u0103ng ghi \u0111\u00e8 l\u00ean \u1ed5 HDD v\u00e0 x\u00e1c th\u1ef1c ng\u01b0\u1eddi d\u00f9ng \u0111\u01b0\u1ee3c n\u00e2ng cao<\/li>\n<li>Hi\u1ec7u qu\u1ea3 n\u00e2ng cao nh\u1edd danh m\u1ee5c \u1ee9ng d\u1ee5ng phong ph\u00fa c\u1ee7a Konica Minolta<\/li>\n<\/ul>\n<p><img loading=\"lazy\" decoding=\"async\" class=\"aligncenter wp-image-7801 size-large\" src=\"https:\/\/www.konicaminolta.vn\/business\/wp-content\/uploads\/2021\/04\/bizhub-C4050i-2.jpg\" alt=\"\" width=\"1024\" height=\"683\" srcset=\"https:\/\/www.konicaminolta.vn\/business\/wp-content\/uploads\/2021\/04\/bizhub-C4050i-2.jpg 1440w, https:\/\/www.konicaminolta.vn\/business\/wp-content\/uploads\/2021\/04\/bizhub-C4050i-2-300x200.jpg 300w, https:\/\/www.konicaminolta.vn\/business\/wp-content\/uploads\/2021\/04\/bizhub-C4050i-2-768x512.jpg 768w, https:\/\/www.konicaminolta.vn\/business\/wp-content\/uploads\/2021\/04\/bizhub-C4050i-2-1024x683.jpg 1024w, https:\/\/www.konicaminolta.vn\/business\/wp-content\/uploads\/2021\/04\/bizhub-C4050i-2-600x400.jpg 600w\" sizes=\"auto, (max-width: 1024px) 100vw, 1024px\" \/><\/p>\n<p><strong>Gi\u1ea3i th\u01b0\u1edfng c\u1ee7a d\u00f2ng bizhub C4050i\/C3350i<\/strong><\/p>\n<p><strong>Gi<\/strong><strong>\u1ea3<\/strong><strong>i th<\/strong><strong>\u01b0\u1edf<\/strong><strong>ng v<\/strong><strong>\u1ec1<\/strong><strong> Thi<\/strong><strong>\u1ebf<\/strong><strong>t k<\/strong><strong>\u1ebf<\/strong><strong> c<\/strong><strong>\u1ee7<\/strong><strong>a RedDot 2020<\/strong><\/p>\n<p><img loading=\"lazy\" decoding=\"async\" class=\"size-full wp-image-7463 alignleft\" src=\"https:\/\/www.konicaminolta.vn\/business\/wp-content\/uploads\/2021\/01\/Reddot-award-2020-1.png\" alt=\"\" width=\"180\" height=\"95\" \/><\/p>\n<p style=\"text-align: justify;\">M\u00e1y in m\u00e0u \u0111a ch\u1ee9c n\u0103ng kh\u1ed5 A4 bizhub C4050i\/C3350i \u0111\u00e3 nh\u1eadn \u0111\u01b0\u1ee3c Gi\u1ea3i th\u01b0\u1edfng danh gi\u00e1 c\u1ee7a RedDot n\u0103m 2020 \u1edf h\u1ea1ng m\u1ee5c \u201cThi\u1ebft k\u1ebf S\u1ea3n ph\u1ea9m 2020\u201d cho d\u00f2ng s\u1ea3n ph\u1ea9m b\u00e1n ch\u1ea1y nh\u1ea5t c\u1ee7a Konica Minolta &#8211; M\u00e1y in m\u00e0u \u0111a ch\u1ee9c n\u0103ng A4 bizhub i-Series, nh\u1edd v\u00e0o giao di\u1ec7n tr\u1ef1c quan n\u00e2ng cao v\u1edbi thi\u1ebft k\u1ebf n\u1ed5i b\u1eadt v\u00e0 kh\u1ea3 n\u0103ng th\u00e2n thi\u1ec7n v\u1edbi ng\u01b0\u1eddi d\u00f9ng.<\/p>\n<p style=\"text-align: justify;\">\n","protected":false},"excerpt":{"rendered":"<p style=\"text-align: justify;\"><strong>T<\/strong><strong>\u1eeb<\/strong><strong> m<\/strong><strong>\u1ed9<\/strong><strong>t trung t\u00e2m v\u0103n ph\u00f2ng &#8211; tr<\/strong><strong>\u1edf<\/strong><strong> th<\/strong><strong>\u00e0<\/strong><strong>nh <\/strong><strong>\u0111<\/strong><strong>\u1ed1<\/strong><strong>i t<\/strong><strong>\u00e1<\/strong><strong>c gi\u00fap b<\/strong><strong>\u1ea1<\/strong><strong>n n\u00e2ng cao kh<\/strong><strong>\u1ea3<\/strong><strong> n<\/strong><strong>\u0103<\/strong><strong>ng s<\/strong><strong>\u00e1<\/strong><strong>ng t<\/strong><strong>\u1ea1<\/strong><strong>o<\/strong><\/p>\n<p style=\"text-align: justify;\">\u0110\u00e2y l\u00e0 m\u1ed9t chi\u1ebfc m\u00e1y in c\u00f3 kh\u1ea3 n\u0103ng sao ch\u00e9p d\u1eef li\u1ec7u v\u00e0 in m\u00e0u v\u1edbi ch\u1ea5t l\u01b0\u1ee3ng cao trong m\u00f4i tr\u01b0\u1eddng m\u1ea1ng l\u01b0\u1edbi m\u00e1y in \u0111a ch\u1ee9c n\u0103ng. V\u1edbi \u0111\u1ea7u ra 40 ppm in m\u00e0u v\u00e0 \u0111en tr\u1eafng, qu\u00e9t nhanh l\u00ean \u0111\u1ebfn 90 ipm, m\u00e0n h\u00ecnh c\u1ea3m \u1ee9ng 10.1 inch ti\u1ec7n l\u1ee3i cho vi\u1ec7c v\u1eadn h\u00e0nh m\u1ed9t c\u00e1ch d\u1ec5 d\u00e0ng, c\u00f9ng v\u1edbi ch\u1ee9c n\u0103ng in Emperon t\u00edch h\u1ee3p v\u1edbi PCL v\u00e0 m\u00f4 ph\u1ecfng PostScript &#8211; t\u1ea5t c\u1ea3 \u0111\u1ec1u \u0111\u01b0\u1ee3c \u0111\u1eb7t trong m\u1ed9t thi\u1ebft b\u1ecb v\u1edbi k\u00edch th\u01b0\u1edbc nh\u1ecf g\u1ecdn.<\/p>\n<p><a href=\"https:\/\/rethinkthefuture.konicaminolta.asia\/?__hstc=253233494.ef694c44f2ecbdda9a7ae7fd2b981c03.1598493244714.1608535487063.1608690211546.23&amp;__hssc=253233494.9.1608690211546&amp;__hsfp=2967768925\">XEM TH\u00caM<\/a><\/p>\n","protected":false},"featured_media":10813,"comment_status":"closed","ping_status":"closed","template":"","meta":[],"product_cat":[147,148],"product_tag":[],"class_list":["post-7791","product","type-product","status-publish","has-post-thumbnail","hentry","product_cat-may-in-laser-va-all-in-ones","product_cat-may-in-mau-a4"],"_links":{"self":[{"href":"https:\/\/www.konicaminolta.vn\/business\/wp-json\/wp\/v2\/product\/7791","targetHints":{"allow":["GET"]}}],"collection":[{"href":"https:\/\/www.konicaminolta.vn\/business\/wp-json\/wp\/v2\/product"}],"about":[{"href":"https:\/\/www.konicaminolta.vn\/business\/wp-json\/wp\/v2\/types\/product"}],"replies":[{"embeddable":true,"href":"https:\/\/www.konicaminolta.vn\/business\/wp-json\/wp\/v2\/comments?post=7791"}],"wp:featuredmedia":[{"embeddable":true,"href":"https:\/\/www.konicaminolta.vn\/business\/wp-json\/wp\/v2\/media\/10813"}],"wp:attachment":[{"href":"https:\/\/www.konicaminolta.vn\/business\/wp-json\/wp\/v2\/media?parent=7791"}],"wp:term":[{"taxonomy":"product_cat","embeddable":true,"href":"https:\/\/www.konicaminolta.vn\/business\/wp-json\/wp\/v2\/product_cat?post=7791"},{"taxonomy":"product_tag","embeddable":true,"href":"https:\/\/www.konicaminolta.vn\/business\/wp-json\/wp\/v2\/product_tag?post=7791"}],"curies":[{"name":"wp","href":"https:\/\/api.w.org\/{rel}","templated":true}]}}