{"id":7805,"date":"2021-04-14T11:35:40","date_gmt":"2021-04-14T04:39:51","guid":{"rendered":"https:\/\/www.konicaminolta.vn\/business\/?post_type=product&#038;p=7805"},"modified":"2024-07-15T10:50:14","modified_gmt":"2024-07-15T03:50:14","slug":"bizhub-c3320i","status":"publish","type":"product","link":"https:\/\/www.konicaminolta.vn\/business\/product\/bizhub-c3320i\/","title":{"rendered":"bizhub C3320i"},"content":{"rendered":"<p style=\"text-align: justify;\"><strong>B<\/strong><strong>\u1ea3<\/strong><strong>ng <\/strong><strong>\u0111<\/strong><strong>i<\/strong><strong>\u1ec1<\/strong><strong>u khi<\/strong><strong>\u1ec3<\/strong><strong>n c<\/strong><strong>\u1ea3<\/strong><strong>m <\/strong><strong>\u1ee9<\/strong><strong>ng 7 inch &amp; giao di<\/strong><strong>\u1ec7<\/strong><strong>n ng<\/strong><strong>\u01b0\u1edd<\/strong><strong>i d<\/strong><strong>\u00f9<\/strong><strong>ng m<\/strong><strong>\u1edb<\/strong><strong>i<\/strong><\/p>\n<ul>\n<li style=\"text-align: justify;\">Ng\u01b0\u1eddi d\u00f9ng c\u00f3 th\u1ec3 \u0111i\u1ec1u khi\u1ec3n thi\u1ebft b\u1ecb bizhub tr\u00ean b\u1ea3ng \u0111i\u1ec1u khi\u1ec3n \u0111a \u0111i\u1ec3m l\u1edbn. V\u1edbi \u0111\u1ea7y \u0111\u1ee7 m\u00e0u s\u1eafc v\u00e0 ho\u1ea1t \u0111\u1ed9ng li\u1ec1n m\u1ea1ch, gi\u00fap mang l\u1ea1i c\u1ea3m gi\u00e1c quen thu\u1ed9c ngay t\u1eeb l\u1ea7n ch\u1ea1m \u0111\u1ea7u ti\u00ean nh\u1edd giao di\u1ec7n ng\u01b0\u1eddi d\u00f9ng tr\u1ef1c quan, nh\u01b0 m\u1ed9t chi\u1ebfc \u0111i\u1ec7n tho\u1ea1i th\u00f4ng minh.<\/li>\n<\/ul>\n<p style=\"text-align: justify;\"><strong>B<\/strong><strong>\u1ea3<\/strong><strong>o m<\/strong><strong>\u1ead<\/strong><strong>t t<\/strong><strong>\u1ed1<\/strong><strong>i <\/strong><strong>\u01b0<\/strong><strong>u <\/strong><strong>\u0111<\/strong><strong>\u01b0\u1ee3<\/strong><strong>c t<\/strong><strong>\u00ed<\/strong><strong>ch h<\/strong><strong>\u1ee3<\/strong><strong>p c<\/strong><strong>\u00f9<\/strong><strong>ng m<\/strong><strong>\u1ed9<\/strong><strong>t n<\/strong><strong>\u01a1<\/strong><strong>i<\/strong><\/p>\n<ul>\n<li style=\"text-align: justify;\">Gi\u00fap doanh nghi\u1ec7p c\u00f3 th\u1ec3 kh\u1eafc ph\u1ee5c nh\u1eefng l\u1ed7 h\u1ed5ng nghi\u00eam tr\u1ecdng trong vi\u1ec7c b\u1ea3o m\u1eadt th\u00f4ng tin b\u1eb1ng c\u00e1ch ki\u1ec3m tra menu Quick Security. T\u1ea1i \u0111\u00e2y, ng\u01b0\u1eddi d\u00f9ng s\u1ebd t\u00ecm th\u1ea5y t\u1ea5t c\u1ea3 c\u00e1c danh m\u1ee5c b\u1ea3o m\u1eadt m\u00e0 h\u1ec7 th\u1ed1ng y\u00eau c\u1ea7u thi\u1ebft l\u1eadp khi c\u00e0i \u0111\u1eb7t m\u00e1y, t\u1ea5t c\u1ea3 \u0111\u1ec1u \u0111\u01b0\u1ee3c t\u00edch h\u1ee3p \u1edf c\u00f9ng m\u1ed9t n\u01a1i.<\/li>\n<\/ul>\n<p style=\"text-align: justify;\"><strong>Ch<\/strong><strong>\u1ee9<\/strong><strong>c n<\/strong><strong>\u0103<\/strong><strong>ng in v<\/strong><strong>\u00e0<\/strong><strong> scan <\/strong><strong>\u0111<\/strong><strong>\u1ebf<\/strong><strong>n c\u00e1c thi<\/strong><strong>\u1ebf<\/strong><strong>t b<\/strong><strong>\u1ecb<\/strong><strong> di <\/strong><strong>\u0111<\/strong><strong>\u1ed9<\/strong><strong>ng<\/strong><\/p>\n<ul>\n<li style=\"text-align: justify;\">Chi\u1ebfc m\u00e1y in n\u00e0y s\u1ebd gi\u00fap lo\u1ea1i b\u1ecf nh\u1eefng phi\u1ec1n ph\u1ee9c t\u1eeb vi\u1ec7c chuy\u1ec3n giao gi\u1eefa c\u00e1c thi\u1ebft b\u1ecb b\u1eb1ng c\u00e1ch truy c\u1eadp v\u00e0o bizhub tr\u1ef1c ti\u1ebfp t\u1eeb nhi\u1ec1u thi\u1ebft b\u1ecb di \u0111\u1ed9ng. T\u00f9y ch\u1ecdn thi\u1ebft b\u1ecb di \u0111\u1ed9ng ph\u00f9 h\u1ee3p v\u1edbi phong c\u00e1ch l\u00e0m vi\u1ec7c c\u00e1 nh\u00e2n b\u1eb1ng c\u00e1ch ch\u1ea1m \u0111\u1ec3 in t\u1eeb \u1ee9ng d\u1ee5ng in tr\u00ean m\u00e1y, truy c\u1eadp t\u1eeb xa qua Google Cloud Print ho\u1eb7c v\u1edbi \u1ee9ng d\u1ee5ng Mopria t\u00edch h\u1ee3p \u0111a d\u1ea1ng c\u00e1c lo\u1ea1i m\u00e1y in.<\/li>\n<\/ul>\n<p style=\"text-align: justify;\"><strong>In v\u00e0 scan tr<\/strong><strong>\u1ef1<\/strong><strong>c ti<\/strong><strong>\u1ebf<\/strong><strong>p qua USB<\/strong><\/p>\n<ul>\n<li style=\"text-align: justify;\">K\u1ebft n\u1ed1i thi\u1ebft b\u1ecb b\u1ed9 nh\u1edb USB v\u00e0 truy c\u1eadp tr\u00ean b\u1ea3ng \u0111i\u1ec1u khi\u1ec3n c\u1ea3m \u1ee9ng. Ch\u1ecdn \ufb01les \u0111\u1ec3 in ho\u1eb7c scan t\u00e0i li\u1ec7u tr\u1ef1c ti\u1ebfp \u0111\u1ebfn thi\u1ebft b\u1ecb. C\u00e1c \u0111\u1ecbnh d\u1ea1ng \u0111\u01b0\u1ee3c h\u1ed7 tr\u1ee3: TIFF, PDF, Compact PDF, JPEG, XPS, Compact XPS, PPTX.<\/li>\n<\/ul>\n<p>&nbsp;<\/p>\n","protected":false},"excerpt":{"rendered":"<p style=\"text-align: justify;\"><strong>N\u0103ng su<\/strong><strong>\u1ea5<\/strong><strong>t v<\/strong><strong>\u00e0<\/strong><strong> kh<\/strong><strong>\u1ea3<\/strong><strong> n<\/strong><strong>\u0103<\/strong><strong>ng v<\/strong><strong>\u1ead<\/strong><strong>n h<\/strong><strong>\u00e0<\/strong><strong>nh v<\/strong><strong>\u01b0\u1ee3<\/strong><strong>t tr<\/strong><strong>\u1ed9<\/strong><strong>i trong m<\/strong><strong>\u1ed9<\/strong><strong>t th<\/strong><strong>\u00e2<\/strong><strong>n m<\/strong><strong>\u00e1<\/strong><strong>y nh<\/strong><strong>\u1ecf<\/strong><strong> g<\/strong><strong>\u1ecd<\/strong><strong>n<\/strong><\/p>\n<p style=\"text-align: justify;\">M\u00e1y in m\u00e0u \u0111a ch\u1ee9c n\u0103ng bizhub C3320i mang l\u1ea1i m\u00e0u s\u1eafc ch\u00e2n th\u1ef1c: ch\u1ea5t l\u01b0\u1ee3ng h\u00ecnh \u1ea3nh r\u1ef1c r\u1ee1 l\u00ean \u0111\u1ebfn 35 trang \/ ph\u00fat, b\u1ed9 \u0111i\u1ec1u khi\u1ec3n in \u1ea5n Emperon, khay n\u1ea1p t\u00e0i li\u1ec7u scan 2 m\u1eb7t ti\u00eau chu\u1ea9n, v\u00e0 chi ph\u00ed m\u1ed7i trang th\u1ea5p, t\u1ea5t c\u1ea3 \u0111\u1ec1u \u0111\u01b0\u1ee3c t\u00edch h\u1ee3p trong m\u1ed9t thi\u1ebft k\u1ebf nh\u1ecf g\u1ecdn &#8211; ti\u1ebft ki\u1ec7m kh\u00f4ng gian, ho\u00e0n to\u00e0n ph\u00f9 h\u1ee3p v\u1edbi m\u00f4i tr\u01b0\u1eddng h\u1ed7n h\u1ee3p g\u1ed3m nhi\u1ec1u m\u00e1y t\u00ednh v\u00e0 m\u00e1y in \u0111a ch\u1ee9c n\u0103ng.<\/p>\n","protected":false},"featured_media":10810,"comment_status":"closed","ping_status":"closed","template":"","meta":[],"product_cat":[147,148],"product_tag":[],"class_list":["post-7805","product","type-product","status-publish","has-post-thumbnail","hentry","product_cat-may-in-laser-va-all-in-ones","product_cat-may-in-mau-a4"],"_links":{"self":[{"href":"https:\/\/www.konicaminolta.vn\/business\/wp-json\/wp\/v2\/product\/7805","targetHints":{"allow":["GET"]}}],"collection":[{"href":"https:\/\/www.konicaminolta.vn\/business\/wp-json\/wp\/v2\/product"}],"about":[{"href":"https:\/\/www.konicaminolta.vn\/business\/wp-json\/wp\/v2\/types\/product"}],"replies":[{"embeddable":true,"href":"https:\/\/www.konicaminolta.vn\/business\/wp-json\/wp\/v2\/comments?post=7805"}],"wp:featuredmedia":[{"embeddable":true,"href":"https:\/\/www.konicaminolta.vn\/business\/wp-json\/wp\/v2\/media\/10810"}],"wp:attachment":[{"href":"https:\/\/www.konicaminolta.vn\/business\/wp-json\/wp\/v2\/media?parent=7805"}],"wp:term":[{"taxonomy":"product_cat","embeddable":true,"href":"https:\/\/www.konicaminolta.vn\/business\/wp-json\/wp\/v2\/product_cat?post=7805"},{"taxonomy":"product_tag","embeddable":true,"href":"https:\/\/www.konicaminolta.vn\/business\/wp-json\/wp\/v2\/product_tag?post=7805"}],"curies":[{"name":"wp","href":"https:\/\/api.w.org\/{rel}","templated":true}]}}