{"id":7810,"date":"2021-04-14T10:11:13","date_gmt":"2021-04-14T03:12:30","guid":{"rendered":"https:\/\/www.konicaminolta.vn\/business\/?post_type=product&#038;p=7810"},"modified":"2021-05-06T11:58:36","modified_gmt":"2021-05-06T04:58:36","slug":"bizhub-c4000i-c3300i","status":"publish","type":"product","link":"https:\/\/www.konicaminolta.vn\/business\/product\/bizhub-c4000i-c3300i\/","title":{"rendered":"bizhub C4000i \/ C3300i"},"content":{"rendered":"<p><strong>C\u00e1c \u0111\u1eb7c \u0111i\u1ec3m n\u1ed5i b\u1eadt c\u1ee7a m\u00e1y in m\u00e0u \u0111a ch\u1ee9c n\u0103ng kh\u1ed5 A4 bizhub C4000i \/ C3300i:<\/strong><\/p>\n<ul>\n<li>T\u1ed1c \u0111\u1ed9 in m\u00e0u v\u00e0 tr\u1eafng \u0111en l\u00ean \u0111\u1ebfn 40\/40 trang\/ph\u00fat<\/li>\n<li>\u0110\u1ecbnh d\u1ea1ng gi\u1ea5y: A6-A4, k\u00edch th\u01b0\u1edbc t\u00f9y ch\u1ec9nh<\/li>\n<li>B\u1ea3ng \u0111i\u1ec1u khi\u1ec3n c\u1ea3m \u1ee9ng m\u00e0u 7 inch v\u1edbi h\u1ed7 tr\u1ee3 c\u1ea3m \u1ee9ng \u0111a \u0111i\u1ec3m v\u00e0 giao di\u1ec7n ng\u01b0\u1eddi d\u00f9ng \u0111\u01b0\u1ee3c t\u00e1i thi\u1ebft k\u1ebf gi\u00fap h\u1ed7 tr\u1ee3 thao t\u00e1c tr\u1ef1c quan v\u00e0 d\u1ec5 s\u1eed d\u1ee5ng<\/li>\n<li>Gi\u1ea3m t\u00e1c \u0111\u1ed9ng \u0111\u1ebfn m\u00f4i tr\u01b0\u1eddng nh\u1edd c\u00f4ng ngh\u1ec7 hi\u1ec7n \u0111\u1ea1i v\u1edbi m\u1ee9c ti\u00eau th\u1ee5 \u0111i\u1ec7n n\u0103ng th\u1ea5p \u2013 gi\u00fap ti\u1ebft ki\u1ec7m c\u1ea3 v\u1ec1 n\u0103ng l\u01b0\u1ee3ng l\u1eabn chi ph\u00ed<\/li>\n<li>Ch\u1ee9c n\u0103ng b\u1ea3o m\u1eadt t\u1ed1i \u01b0u v\u1edbi \u0111a d\u1ea1ng c\u00e1c ph\u01b0\u01a1ng th\u1ee9c b\u1ea3o m\u1eadt gi\u00fap gi\u1ea3m thi\u1ec3u nguy c\u01a1 \u0111\u00e1nh m\u1ea5t d\u1eef li\u1ec7u v\u00e0 gi\u1eef an to\u00e0n cho c\u00e1c th\u00f4ng tin m\u1eadt<\/li>\n<\/ul>\n","protected":false},"excerpt":{"rendered":"<p style=\"text-align: justify;\"><strong>Gi<\/strong><strong>\u1ea3<\/strong><strong>i ph<\/strong><strong>\u00e1<\/strong><strong>p ch<\/strong><strong>\u1ea5<\/strong><strong>t l<\/strong><strong>\u01b0\u1ee3<\/strong><strong>ng mang l<\/strong><strong>\u1ea1<\/strong><strong>i hi<\/strong><strong>\u1ec7<\/strong><strong>u su<\/strong><strong>\u1ea5<\/strong><strong>t v<\/strong><strong>\u0103<\/strong><strong>n ph\u00f2ng t<\/strong><strong>\u1ed1<\/strong><strong>t h<\/strong><strong>\u01a1<\/strong><strong>n<\/strong><\/p>\n<p style=\"text-align: justify;\">D\u00f2ng m\u00e1y in iSeries m\u1edbi &#8211; bizhub C4000i v\u00e0 C3300i, v\u1edbi thi\u1ebft k\u1ebf ti\u1ebft ki\u1ec7m kh\u00f4ng gian k\u1ebft h\u1ee3p c\u00f9ng b\u1ed9 \u0111i\u1ec1u khi\u1ec3n Emperon v\u00e0 \u0111\u1ea7u ra t\u1ed1c \u0111\u1ed9 cao l\u00ean \u0111\u1ebfn 42 b\u1ea3n in m\u00e0u m\u1ed7i ph\u00fat \u2013 \u0111\u00e2y ch\u00ednh l\u00e0 m\u1ed9t gi\u1ea3i ph\u00e1p l\u00fd t\u01b0\u1edfng v\u1ec1 n\u0103ng su\u1ea5t trong m\u00f4i tr\u01b0\u1eddng t\u00edch h\u1ee3p gi\u1eefa m\u00e1y t\u00ednh v\u1edbi m\u00e1y in \u0111a ch\u1ee9c n\u0103ng, gi\u1eefa nhi\u1ec1u v\u1ecb tr\u00ed c\u1ee7a c\u00e1c chi nh\u00e1nh c\u00f4ng ty v\u00e0 c\u00e1c doanh nghi\u1ec7p v\u1eeba v\u00e0 nh\u1ecf v\u1edbi nhu c\u1ea7u in \u1ea5n t\u00e0i li\u1ec7u ng\u00e0y c\u00e0ng gia t\u0103ng.<\/p>\n","protected":false},"featured_media":8034,"comment_status":"closed","ping_status":"closed","template":"","meta":[],"product_cat":[147,148],"product_tag":[],"class_list":["post-7810","product","type-product","status-publish","has-post-thumbnail","hentry","product_cat-may-in-laser-va-all-in-ones","product_cat-may-in-mau-a4"],"_links":{"self":[{"href":"https:\/\/www.konicaminolta.vn\/business\/wp-json\/wp\/v2\/product\/7810","targetHints":{"allow":["GET"]}}],"collection":[{"href":"https:\/\/www.konicaminolta.vn\/business\/wp-json\/wp\/v2\/product"}],"about":[{"href":"https:\/\/www.konicaminolta.vn\/business\/wp-json\/wp\/v2\/types\/product"}],"replies":[{"embeddable":true,"href":"https:\/\/www.konicaminolta.vn\/business\/wp-json\/wp\/v2\/comments?post=7810"}],"wp:featuredmedia":[{"embeddable":true,"href":"https:\/\/www.konicaminolta.vn\/business\/wp-json\/wp\/v2\/media\/8034"}],"wp:attachment":[{"href":"https:\/\/www.konicaminolta.vn\/business\/wp-json\/wp\/v2\/media?parent=7810"}],"wp:term":[{"taxonomy":"product_cat","embeddable":true,"href":"https:\/\/www.konicaminolta.vn\/business\/wp-json\/wp\/v2\/product_cat?post=7810"},{"taxonomy":"product_tag","embeddable":true,"href":"https:\/\/www.konicaminolta.vn\/business\/wp-json\/wp\/v2\/product_tag?post=7810"}],"curies":[{"name":"wp","href":"https:\/\/api.w.org\/{rel}","templated":true}]}}