{"id":7816,"date":"2021-05-05T14:28:30","date_gmt":"2021-05-05T07:36:11","guid":{"rendered":"https:\/\/www.konicaminolta.vn\/business\/?post_type=product&#038;p=7816"},"modified":"2021-05-06T12:09:09","modified_gmt":"2021-05-06T05:09:09","slug":"bizhub-4752-4052","status":"publish","type":"product","link":"https:\/\/www.konicaminolta.vn\/business\/product\/bizhub-4752-4052\/","title":{"rendered":"bizhub 4752\/4052"},"content":{"rendered":"<p style=\"text-align: justify;\"><b>In \u1ea5n v\u1edbi t\u1ed1c \u0111\u1ed9 cao<\/b><\/p>\n<ul>\n<li style=\"text-align: justify;\">T\u1ed1c \u0111\u1ed9 in tr\u1eafng \u0111en l\u1ea7n l\u01b0\u1ee3t l\u00e0 47\/40 trang\/ph\u00fat cho c\u00e1c b\u1ea3n in \/ sao ch\u00e9p tr\u00ean kh\u1ed5 gi\u1ea5y A4, d\u00f2ng m\u00e1y in bizhub 4752\/4052 \u0111\u01b0\u1ee3c thi\u1ebft k\u1ebf gi\u00fap \u0111\u1ea9y m\u1ea1nh hi\u1ec7u su\u1ea5t c\u1ee7a doanh nghi\u1ec7p. B\u1ea1n c\u00f3 th\u1ec3 l\u1ea5y t\u00e0i li\u1ec7u in ch\u1ec9 trong v\u00f2ng 8,5 gi\u00e2y.<\/li>\n<\/ul>\n<p style=\"text-align: justify;\"><strong>Thi<\/strong><strong>\u1ebf<\/strong><strong>t k<\/strong><strong>\u1ebf<\/strong><strong> nh<\/strong><strong>\u1ecf<\/strong><strong> g<\/strong><strong>\u1ecd<\/strong><strong>n<\/strong><\/p>\n<ul>\n<li style=\"text-align: justify;\">V\u1edbi di\u1ec7n t\u00edch ch\u1ec9 0,25 m\u00b2, d\u00f2ng m\u00e1y in \u0111a ch\u1ee9c n\u0103ng bizhub c\u00f3 k\u00edch th\u01b0\u1edbc nh\u1ecf g\u1ecdn \u0111\u1ee7 \u0111\u1ec3 \u0111\u1eb7t tr\u00ean b\u00e0n l\u00e0m vi\u1ec7c trong c\u00f4ng ty ho\u1eb7c trong b\u1ea5t k\u1ef3 kh\u00f4ng gian thu\u1eadn ti\u1ec7n n\u00e0o.<\/li>\n<\/ul>\n<p style=\"text-align: justify;\"><strong>Kh<\/strong><strong>\u1ea3<\/strong><strong> n<\/strong><strong>\u0103<\/strong><strong>ng n<\/strong><strong>\u1ea1<\/strong><strong>p gi<\/strong><strong>\u1ea5<\/strong><strong>y v<\/strong><strong>\u1edb<\/strong><strong>i dung l<\/strong><strong>\u01b0\u1ee3<\/strong><strong>ng l<\/strong><strong>\u1edb<\/strong><strong>n<\/strong><strong><br \/>\n<\/strong><\/p>\n<ul>\n<li style=\"text-align: justify;\">T\u0103ng s\u1ee9c ch\u1ee9a gi\u1ea5y ti\u00eau chu\u1ea9n l\u00ean \u0111\u1ebfn 550 t\u1edd v\u1edbi c\u00e1c \u0111\u01a1n v\u1ecb n\u1ea1p gi\u1ea5y t\u00f9y ch\u1ecdn.<\/li>\n<li style=\"text-align: justify;\">Th\u00eam t\u1ed1i \u0111a 3 \u0111\u01a1n v\u1ecb khay gi\u1ea5y s\u1ee9c ch\u1ee9a l\u00ean \u0111\u1ebfn 550 t\u1edd ho\u1eb7c b\u1ed9 n\u1ea1p gi\u1ea5y 250 t\u1edd \u0111\u1ec3 t\u0103ng dung l\u01b0\u1ee3ng m\u00e0 v\u1eabn duy tr\u00ec \u0111\u01b0\u1ee3c k\u00edch th\u01b0\u1edbc nh\u1ecf g\u1ecdn<\/li>\n<\/ul>\n<p style=\"text-align: justify;\"><strong>\u00a0<\/strong><strong>M<\/strong><strong>\u1edf<\/strong><strong> r<\/strong><strong>\u1ed9<\/strong><strong>ng ti<\/strong><strong>\u1ec1<\/strong><strong>m n<\/strong><strong>\u0103<\/strong><strong>ng v<\/strong><strong>\u1edb<\/strong><strong>i i-Option<\/strong><\/p>\n<ul>\n<li style=\"text-align: justify;\">Gi\u1ea3i ph\u00e1p i-Option s\u1ebd gi\u00fap m\u1edf r\u1ed9ng ti\u1ec1m n\u0103ng cho thi\u1ebft b\u1ecb bizhub. Ph\u1ea7n m\u1ec1m n\u00e0y c\u00f3 th\u1ec3 c\u00e0i \u0111\u1eb7t d\u1ec5 d\u00e0ng c\u00e1c ti\u1ec7n \u00edch m\u1edf r\u1ed9ng, ch\u1eb3ng h\u1ea1n nh\u01b0 m\u00e3 v\u1ea1ch, ph\u00f4ng ch\u1eef Unicode, ph\u00f4ng ch\u1eef OCR v\u00e0 ch\u1ee9c n\u0103ng ThinPrint.<\/li>\n<\/ul>\n<p style=\"text-align: justify;\"><strong>\u00a0<\/strong><strong>X\u00e1c th<\/strong><strong>\u1ef1<\/strong><strong>c Ng<\/strong><strong>\u01b0\u1edd<\/strong><strong>i d<\/strong><strong>\u00f9<\/strong><strong>ng<\/strong><\/p>\n<ul>\n<li style=\"text-align: justify;\">H\u1ec7 th\u1ed1ng x\u00e1c th\u1ef1c t\u00f9y ch\u1ecdn cho ph\u00e9p qu\u1ea3n tr\u1ecb vi\u00ean thi\u1ebft l\u1eadp c\u00e1c h\u1ea1n ch\u1ebf v\u1ec1 thao t\u00e1c sao ch\u00e9p, in, scan v\u00e0 fax, gi\u00fap x\u00e2y d\u1ef1ng m\u1ed9t h\u1ec7 th\u1ed1ng x\u00e1c th\u1ef1c ph\u00f9 h\u1ee3p v\u1edbi nhu c\u1ea7u c\u1ee7a doanh nghi\u1ec7p.<\/li>\n<\/ul>\n","protected":false},"excerpt":{"rendered":"<p style=\"text-align: justify;\"><strong>Gi\u00fap doanh nghi<\/strong><strong>\u1ec7<\/strong><strong>p n<\/strong><strong>\u00e2<\/strong><strong>ng cao n<\/strong><strong>\u0103<\/strong><strong>ng su<\/strong><strong>\u1ea5<\/strong><strong>t v<\/strong><strong>\u1edb<\/strong><strong>i nhi<\/strong><strong>\u1ec1<\/strong><strong>u t<\/strong><strong>\u00ed<\/strong><strong>nh n<\/strong><strong>\u0103<\/strong><strong>ng th<\/strong><strong>\u00f4<\/strong><strong>ng minh.<\/strong><\/p>\n<p style=\"text-align: justify;\">T\u1ed1c \u0111\u1ed9 v\u01b0\u1ee3t tr\u1ed9i v\u00e0 t\u00ednh n\u0103ng t\u00edch h\u1ee3p li\u1ec1n m\u1ea1ch v\u00e0o mang l\u01b0\u1edbi hi\u1ec7n c\u00f3 c\u1ee7a d\u00f2ng m\u00e1y in bizhub 4752\/4052 s\u1ebd gi\u00fap ph\u00e1t tri\u1ec3n kh\u1ea3 n\u0103ng c\u1ee7a c\u00e1 nh\u00e2n v\u00e0 doanh nghi\u1ec7p. D\u00f2ng m\u00e1y bizhub 4752\/4052 \u0111\u1ea1t ti\u00eau chu\u1ea9n qu\u1ed1c t\u1ebf IEEE 2600.1 v\u1ec1 kh\u1ea3 n\u0103ng b\u1ea3o v\u1ec7 d\u1eef li\u1ec7u m\u1ed9t c\u00e1ch chuy\u00ean nghi\u1ec7p. T\u1ea5t c\u1ea3 c\u00e1c t\u00ednh n\u0103ng b\u1ea3o m\u1eadt \u0111\u00e3 \u0111\u01b0\u1ee3c \u0111\u00e1nh gi\u00e1 \u0111\u1ed9c l\u1eadp v\u00e0 \u0111\u1ea1t gi\u1ea5y ch\u1ee9ng nh\u1eadn c\u1ee7a ISO 15408 EAL3, v\u00ec v\u1eady doanh nghi\u1ec7p c\u00f3 th\u1ec3 th\u1ef1c hi\u1ec7n c\u00e1c c\u00f4ng vi\u1ec7c in m\u1ed9t c\u00e1ch an to\u00e0n nh\u1edd v\u00e0o t\u00ednh n\u0103ng b\u1ea3o m\u1eadt t\u00e0i li\u1ec7u t\u1ed1i \u01b0u.<\/p>\n","protected":false},"featured_media":8036,"comment_status":"closed","ping_status":"closed","template":"","meta":[],"product_cat":[147,149],"product_tag":[],"class_list":["post-7816","product","type-product","status-publish","has-post-thumbnail","hentry","product_cat-may-in-laser-va-all-in-ones","product_cat-may-in-mono-a4"],"_links":{"self":[{"href":"https:\/\/www.konicaminolta.vn\/business\/wp-json\/wp\/v2\/product\/7816","targetHints":{"allow":["GET"]}}],"collection":[{"href":"https:\/\/www.konicaminolta.vn\/business\/wp-json\/wp\/v2\/product"}],"about":[{"href":"https:\/\/www.konicaminolta.vn\/business\/wp-json\/wp\/v2\/types\/product"}],"replies":[{"embeddable":true,"href":"https:\/\/www.konicaminolta.vn\/business\/wp-json\/wp\/v2\/comments?post=7816"}],"wp:featuredmedia":[{"embeddable":true,"href":"https:\/\/www.konicaminolta.vn\/business\/wp-json\/wp\/v2\/media\/8036"}],"wp:attachment":[{"href":"https:\/\/www.konicaminolta.vn\/business\/wp-json\/wp\/v2\/media?parent=7816"}],"wp:term":[{"taxonomy":"product_cat","embeddable":true,"href":"https:\/\/www.konicaminolta.vn\/business\/wp-json\/wp\/v2\/product_cat?post=7816"},{"taxonomy":"product_tag","embeddable":true,"href":"https:\/\/www.konicaminolta.vn\/business\/wp-json\/wp\/v2\/product_tag?post=7816"}],"curies":[{"name":"wp","href":"https:\/\/api.w.org\/{rel}","templated":true}]}}