{"id":7821,"date":"2021-05-05T14:13:24","date_gmt":"2021-05-05T07:19:06","guid":{"rendered":"https:\/\/www.konicaminolta.vn\/business\/?post_type=product&#038;p=7821"},"modified":"2021-05-06T12:12:53","modified_gmt":"2021-05-06T05:12:53","slug":"bizhub-4422-3622","status":"publish","type":"product","link":"https:\/\/www.konicaminolta.vn\/business\/product\/bizhub-4422-3622\/","title":{"rendered":"bizhub 4422\/3622"},"content":{"rendered":"<p><strong>C\u00e1c \u0111\u1eb7c \u0111i\u1ec3m n\u1ed5i b\u1eadt c\u1ee7a m\u00e1y in tr\u1eafng \u0111en \u0111a ch\u1ee9c n\u0103ng kh\u1ed5 A4 bizhub 4422\/3622:<\/strong><\/p>\n<ul>\n<li>T\u1ed1c \u0111\u1ed9 in tr\u1eafng \u0111en kh\u1ed5 A4 l\u00ean \u0111\u1ebfn 44 trang\/ph\u00fat<\/li>\n<li>\u0110\u1ecbnh d\u1ea1ng kh\u1ed5 gi\u1ea5y: A6-A4, v\u00e0 c\u00e1c k\u00edch th\u01b0\u1edbc t\u00f9y ch\u1ec9nh kh\u00e1c<\/li>\n<li>Mang l\u1ea1i tr\u1ea3i nghi\u1ec7m l\u00e0m vi\u1ec7c th\u00fa v\u1ecb h\u01a1n nh\u1edd v\u00e0o nh\u1eefng thao t\u00e1c tr\u1ef1c quan v\u1edbi m\u00e0n h\u00ecnh c\u1ea3m \u1ee9ng m\u00e0u 4.3 inch \u0111\u01b0\u1ee3c l\u1eafp \u0111\u1eb7t tr\u00ean thi\u1ebft b\u1ecb<\/li>\n<li>Mang \u0111\u1ebfn \u0111\u1ed9 linh ho\u1ea1t cao trong c\u00e1c thao t\u00e1c h\u00e0ng ng\u00e0y nh\u1edd v\u00e0o t\u00ednh n\u0103ng thi\u1ebft l\u1eadp nhi\u1ec1u lo\u1ea1i gi\u1ea5y kh\u00e1c nhau v\u00e0 \u0111a d\u1ea1ng c\u00e1c c\u00f4ng vi\u1ec7c nh\u01b0 in, scan, sao ch\u00e9p v\u00e0 fax<\/li>\n<li>Ti\u00eau th\u1ee5 gi\u1ea5y v\u00e0 n\u0103ng l\u01b0\u1ee3ng th\u1ea5p h\u01a1n gi\u00fap gi\u1ea3m chi ph\u00ed cho doanh nghi\u1ec7p<\/li>\n<\/ul>\n","protected":false},"excerpt":{"rendered":"<p style=\"text-align: justify;\"><strong>Thi<\/strong><strong>\u1ebf<\/strong><strong>t k<\/strong><strong>\u1ebf<\/strong><strong> nh<\/strong><strong>\u1ecf<\/strong><strong> g<\/strong><strong>\u1ecd<\/strong><strong>n v<\/strong><strong>\u1edb<\/strong><strong>i nhi<\/strong><strong>\u1ec1<\/strong><strong>u t\u00ednh n\u0103ng th\u00f4ng minh<\/strong><\/p>\n<p style=\"text-align: justify;\">D\u00f2ng m\u00e1y in tr\u1eafng \u0111en \u0111a ch\u1ee9c n\u0103ng bizhub 4422\/3622 c\u00f3 n\u0103ng su\u1ea5t t\u1ed1c \u0111\u1ed9 cao v\u00e0 k\u00edch th\u01b0\u1edbc nh\u1ecf g\u1ecdn gi\u00fap ti\u1ebft ki\u1ec7m kh\u00f4ng gian, mang l\u1ea1i ch\u1ea5t l\u01b0\u1ee3ng \u0111\u1ea7u ra v\u1edbi \u0111\u1ed9 ph\u00e2n gi\u1ea3i cao l\u00ean \u0111\u1ebfn 46 ppm cho c\u00e1c b\u1ea3n in \/ sao ch\u00e9p tr\u1eafng \u0111en, \u0111\u1ed3ng th\u1eddi h\u1ed7 tr\u1ee3 th\u00eam nhi\u1ec1u t\u00ednh n\u0103ng ti\u1ec7n l\u1ee3i kh\u00e1c bao g\u1ed3m k\u1ebft n\u1ed1i kh\u00f4ng d\u00e2y, ch\u1ee9c n\u0103ng in th\u00f4ng qua thi\u1ebft b\u1ecb di \u0111\u1ed9ng, kh\u1ea3 n\u0103ng fax t\u00edch h\u1ee3p v\u00e0 c\u00e1c h\u1ed7 tr\u1ee3 v\u1ec1 ph\u1ea7n m\u1ec1m ti\u1ec7n \u00edch kh\u00e1c gi\u00fap doanh nghi\u1ec7p ph\u00e1t tri\u1ec3n.<\/p>\n","protected":false},"featured_media":8038,"comment_status":"closed","ping_status":"closed","template":"","meta":[],"product_cat":[147,149],"product_tag":[],"class_list":["post-7821","product","type-product","status-publish","has-post-thumbnail","hentry","product_cat-may-in-laser-va-all-in-ones","product_cat-may-in-mono-a4"],"_links":{"self":[{"href":"https:\/\/www.konicaminolta.vn\/business\/wp-json\/wp\/v2\/product\/7821","targetHints":{"allow":["GET"]}}],"collection":[{"href":"https:\/\/www.konicaminolta.vn\/business\/wp-json\/wp\/v2\/product"}],"about":[{"href":"https:\/\/www.konicaminolta.vn\/business\/wp-json\/wp\/v2\/types\/product"}],"replies":[{"embeddable":true,"href":"https:\/\/www.konicaminolta.vn\/business\/wp-json\/wp\/v2\/comments?post=7821"}],"wp:featuredmedia":[{"embeddable":true,"href":"https:\/\/www.konicaminolta.vn\/business\/wp-json\/wp\/v2\/media\/8038"}],"wp:attachment":[{"href":"https:\/\/www.konicaminolta.vn\/business\/wp-json\/wp\/v2\/media?parent=7821"}],"wp:term":[{"taxonomy":"product_cat","embeddable":true,"href":"https:\/\/www.konicaminolta.vn\/business\/wp-json\/wp\/v2\/product_cat?post=7821"},{"taxonomy":"product_tag","embeddable":true,"href":"https:\/\/www.konicaminolta.vn\/business\/wp-json\/wp\/v2\/product_tag?post=7821"}],"curies":[{"name":"wp","href":"https:\/\/api.w.org\/{rel}","templated":true}]}}