{"id":7825,"date":"2021-05-05T14:09:56","date_gmt":"2021-05-05T07:09:33","guid":{"rendered":"https:\/\/www.konicaminolta.vn\/business\/?post_type=product&#038;p=7825"},"modified":"2021-05-06T13:17:44","modified_gmt":"2021-05-06T06:17:44","slug":"bizhub-4702p-4402p-3602p","status":"publish","type":"product","link":"https:\/\/www.konicaminolta.vn\/business\/product\/bizhub-4702p-4402p-3602p\/","title":{"rendered":"bizhub 4702P\/4402P\/3602P"},"content":{"rendered":"<p><strong>C\u00e1c \u0111\u1eb7c \u0111i\u1ec3m n\u1ed5i b\u1eadt c\u1ee7a d\u00f2ng m\u00e1y in v\u0103n ph\u00f2ng kh\u1ed5 A4 bizhub 4702P\/4402P\/3602P:<\/strong><\/p>\n<p style=\"text-align: justify;\"><strong>\u0110<\/strong><strong>\u01b0\u1ee3<\/strong><strong>c thi<\/strong><strong>\u1ebf<\/strong><strong>t k<\/strong><strong>\u1ebf<\/strong><strong> gi\u00fap doanh nghi<\/strong><strong>\u1ec7<\/strong><strong>p \u0111<\/strong><strong>\u1ea1<\/strong><strong>t hi<\/strong><strong>\u1ec7<\/strong><strong>u qu<\/strong><strong>\u1ea3<\/strong><strong> t<\/strong><strong>\u1ed1<\/strong><strong>i <\/strong><strong>\u01b0<\/strong><strong>u<\/strong><\/p>\n<ul>\n<li style=\"text-align: justify;\">S\u1ea3n ph\u1ea9m \u0111\u01b0\u1ee3c thi\u1ebft k\u1ebf v\u1edbi kh\u1ea3 n\u0103ng in t\u1ed1c \u0111\u1ed9 cao l\u00ean \u0111\u1ebfn 47\/44\/36\u00a0 trang\/ph\u00fat, t\u1ed1i \u01b0u h\u00f3a quy tr\u00ecnh l\u00e0m vi\u1ec7c c\u1ee7a doanh nghi\u1ec7p b\u1eb1ng \u0111a d\u1ea1ng c\u00e1c thi\u1ebft b\u1ecb l\u00fd t\u01b0\u1edfng gi\u00fap h\u1ed7 tr\u1ee3 c\u00e1c c\u00f4ng vi\u1ec7c \u0111\u00f2i h\u1ecfi n\u0103ng su\u1ea5t cao.<\/li>\n<\/ul>\n<p style=\"text-align: justify;\"><strong>Ti<\/strong><strong>\u1ebf<\/strong><strong>t ki<\/strong><strong>\u1ec7<\/strong><strong>m kh<\/strong><strong>\u00f4<\/strong><strong>ng gian l<\/strong><strong>\u00e0<\/strong><strong>m vi<\/strong><strong>\u1ec7<\/strong><strong>c qu<\/strong><strong>\u00fd<\/strong><strong> gi<\/strong><strong>\u00e1<\/strong><\/p>\n<ul>\n<li style=\"text-align: justify;\">Kh\u00f4ng c\u1ea7n ph\u1ea3i hy sinh t\u1ed1c \u0111\u1ed9 hay hi\u1ec7u qu\u1ea3 \u0111\u1ec3 c\u00f3 \u0111\u01b0\u1ee3c k\u00edch th\u01b0\u1edbc ph\u00f9 h\u1ee3p cho m\u1ed9t chi\u1ebfc m\u00e1y in. D\u00f2ng m\u00e1y in bizhub 4702P series c\u00f3 k\u00edch th\u01b0\u1edbc ch\u1ec9 399mm x 374mm, tuy nhi\u00ean v\u1eabn \u0111\u1ea3m b\u1ea3o mang l\u1ea1i s\u1ef1 ph\u00f9 h\u1ee3p cho m\u00f4i tr\u01b0\u1eddng l\u00e0m vi\u1ec7c c\u1ee7a doanh nghi\u1ec7p, ngay c\u1ea3 v\u1edbi nh\u1eefng kh\u00f4ng gian b\u1ecb h\u1ea1n ch\u1ebf.<\/li>\n<\/ul>\n<p style=\"text-align: justify;\"><strong>Thi<\/strong><strong>\u1ebf<\/strong><strong>t k<\/strong><strong>\u1ebf<\/strong><strong> khay m<\/strong><strong>\u1ef1<\/strong><strong>c v<\/strong><strong>\u00e0<\/strong><strong> gi<\/strong><strong>\u1ea5<\/strong><strong>y ph<\/strong><strong>\u00ed<\/strong><strong>a tr<\/strong><strong>\u01b0\u1edb<\/strong><strong>c<\/strong><\/p>\n<ul>\n<li style=\"text-align: justify;\">Khi h\u1ebft m\u1ef1c ho\u1eb7c gi\u1ea5y, b\u1ea1n kh\u00f4ng c\u1ea7n ph\u1ea3i di chuy\u1ec3n ho\u1eb7c nh\u1ea5c chi\u1ebfc m\u00e1y in l\u00ean nh\u1edd v\u00e0o thi\u1ebft k\u1ebf khay m\u1ef1c v\u00e0 gi\u1ea5y \u1edf ph\u00eda tr\u01b0\u1edbc m\u00e1y, b\u1ea1n c\u00f3 th\u1ec3 d\u1ec5 d\u00e0ng thay m\u1ef1c v\u00e0 b\u1ed5 sung gi\u1ea5y v\u00e0o c\u00e1c khay m\u1ed9t c\u00e1ch nhanh ch\u00f3ng.<\/li>\n<\/ul>\n","protected":false},"excerpt":{"rendered":"<p style=\"text-align: justify;\"><strong>Hi<\/strong><strong>\u1ec7<\/strong><strong>u su<\/strong><strong>\u1ea5<\/strong><strong>t v<\/strong><strong>\u01b0\u1ee3<\/strong><strong>t tr<\/strong><strong>\u1ed9<\/strong><strong>i &amp; T<\/strong><strong>\u1ed1<\/strong><strong>i <\/strong><strong>\u01b0<\/strong><strong>u h<\/strong><strong>\u00f3<\/strong><strong>a hi<\/strong><strong>\u1ec7<\/strong><strong>u qu<\/strong><strong>\u1ea3<\/strong><strong> in <\/strong><strong>\u1ea5<\/strong><strong>n<\/strong><\/p>\n<p style=\"text-align: justify;\">D\u00f2ng m\u00e1y in \u0111\u01a1n s\u1eafc kh\u1ed5 A4 &#8211; bizhub 4702P \u0111\u01b0\u1ee3c thi\u1ebft k\u1ebf nh\u1ecf g\u1ecdn d\u00e0nh ri\u00eang cho c\u00e1c doanh nghi\u1ec7p v\u1eeba v\u00e0 nh\u1ecf c\u00f3 y\u00eau c\u1ea7u v\u1ec1 ch\u1ea5t l\u01b0\u1ee3ng v\u00e0 ch\u1ee9c n\u0103ng in v\u1edbi t\u1ed5ng chi ph\u00ed s\u1edf h\u1eefu th\u1ea5p h\u01a1n.<\/p>\n","protected":false},"featured_media":8042,"comment_status":"closed","ping_status":"closed","template":"","meta":[],"product_cat":[147,149],"product_tag":[],"class_list":["post-7825","product","type-product","status-publish","has-post-thumbnail","hentry","product_cat-may-in-laser-va-all-in-ones","product_cat-may-in-mono-a4"],"_links":{"self":[{"href":"https:\/\/www.konicaminolta.vn\/business\/wp-json\/wp\/v2\/product\/7825","targetHints":{"allow":["GET"]}}],"collection":[{"href":"https:\/\/www.konicaminolta.vn\/business\/wp-json\/wp\/v2\/product"}],"about":[{"href":"https:\/\/www.konicaminolta.vn\/business\/wp-json\/wp\/v2\/types\/product"}],"replies":[{"embeddable":true,"href":"https:\/\/www.konicaminolta.vn\/business\/wp-json\/wp\/v2\/comments?post=7825"}],"wp:featuredmedia":[{"embeddable":true,"href":"https:\/\/www.konicaminolta.vn\/business\/wp-json\/wp\/v2\/media\/8042"}],"wp:attachment":[{"href":"https:\/\/www.konicaminolta.vn\/business\/wp-json\/wp\/v2\/media?parent=7825"}],"wp:term":[{"taxonomy":"product_cat","embeddable":true,"href":"https:\/\/www.konicaminolta.vn\/business\/wp-json\/wp\/v2\/product_cat?post=7825"},{"taxonomy":"product_tag","embeddable":true,"href":"https:\/\/www.konicaminolta.vn\/business\/wp-json\/wp\/v2\/product_tag?post=7825"}],"curies":[{"name":"wp","href":"https:\/\/api.w.org\/{rel}","templated":true}]}}