{"id":9148,"date":"2021-10-13T10:16:38","date_gmt":"2021-10-14T09:30:43","guid":{"rendered":"https:\/\/www.konicaminolta.vn\/business\/?post_type=product&#038;p=9148"},"modified":"2025-06-04T15:24:30","modified_gmt":"2025-06-04T08:24:30","slug":"accuriopress-c4080-c4070-accurioprint-c4065","status":"publish","type":"product","link":"https:\/\/www.konicaminolta.vn\/business\/product\/accuriopress-c4080-c4070-accurioprint-c4065\/","title":{"rendered":"AccurioPress C4080\/C4070 \/ AccurioPrint C4065"},"content":{"rendered":"<h4 style=\"text-align: center;\"><span style=\"color: #0062c2;\"><strong>X\u00c2Y D\u1ef0NG C\u1ea6U N\u1ed0I MANG L\u1ea0I TH\u00c0NH C\u00d4NG CHO DOANH NGHI\u1ec6P IN \u1ea4N<\/strong><\/span><\/h4>\n<p style=\"text-align: center;\"><iframe loading=\"lazy\" src=\"\/\/www.youtube.com\/embed\/5bfM0U9jEwQ\" width=\"560\" height=\"314\" allowfullscreen=\"allowfullscreen\"><\/iframe><\/p>\n<h4 style=\"text-align: justify;\"><span style=\"color: #0062c2;\"><strong>AccurioPress C4080\/C4070<\/strong><\/span><\/h4>\n<p style=\"text-align: justify;\">M\u00e1y in k\u1ef9 thu\u1eadt s\u1ed1 <strong>AccurioPress C4080\/C4070<\/strong> \u0111a ch\u1ee9c n\u0103ng l\u00e0 m\u1ed9t h\u1ec7 th\u1ed1ng in s\u1ea3n xu\u1ea5t t\u00edch h\u1ee3p c\u00f3 kh\u1ea3 n\u0103ng h\u1ee3p l\u00fd h\u00f3a quy tr\u00ecnh in \u1ea5n v\u00e0 th\u1ef1c hi\u1ec7n c\u00e1c c\u00f4ng vi\u1ec7c in v\u1edbi s\u1ea3n l\u01b0\u1ee3ng l\u1edbn, \u0111\u1ee7 ti\u00eau chu\u1ea9n \u0111\u1ec3 \u0111\u00e1p \u1ee9ng t\u1ed1t m\u1ecdi nhu c\u1ea7u c\u1ee7a kh\u00e1ch h\u00e0ng. D\u00f2ng m\u00e1y in m\u00e0u s\u1ea3n xu\u1ea5t th\u1ebf h\u1ec7 m\u1edbi n\u00e0y \u0111\u00e3 \u0111\u01b0\u1ee3c n\u00e2ng c\u1ea5p v\u1edbi nhi\u1ec1u t\u00ednh n\u0103ng t\u1ef1 \u0111\u1ed9ng h\u00f3a cao c\u1ea5p h\u01a1n v\u1ec1 ch\u1ee9c n\u0103ng t\u1ef1 \u0111\u1ed9ng qu\u1ea3n l\u00fd m\u00e0u s\u1eafc v\u00e0 ch\u1ee9c n\u0103ng in ch\u1ed3ng m\u00e0u, k\u1ebft h\u1ee3p c\u00f9ng nhi\u1ec1u t\u00f9y ch\u1ecdn \u0111\u1ed1i v\u1edbi ch\u1ee9c n\u0103ng ho\u00e0n thi\u1ec7n th\u00e0nh ph\u1ea9m m\u1ed9t c\u00e1ch tinh x\u1ea3o ngay trong qu\u00e1 tr\u00ecnh in, chi\u1ebfc m\u00e1y n\u00e0y s\u1ebd mang \u0111\u1ebfn c\u00e1c t\u00ednh n\u0103ng v\u01b0\u1ee3t tr\u1ed9i cho doanh nghi\u1ec7p trong vi\u1ec7c cung c\u1ea5p \u0111a d\u1ea1ng nhi\u1ec1u \u1ee9ng d\u1ee5ng in kh\u00e1c nhau.<\/p>\n<p style=\"text-align: justify;\">V\u1edbi B\u1ed9 ph\u1eadn c\u1eaft ho\u00e0n thi\u1ec7n th\u00e0nh ph\u1ea9m TU-510 v\u00e0 Tr\u00ecnh t\u1ed1i \u01b0u h\u00f3a ch\u1ea5t l\u01b0\u1ee3ng Intelligent IQ-501, chi\u1ebfc m\u00e1y in k\u1ef9 thu\u1eadt s\u1ed1 n\u00e0y cam k\u1ebft mang l\u1ea1i nh\u1eefng s\u1ea3n ph\u1ea9m \u0111\u1ea7u ra ho\u00e0n ch\u1ec9nh. V\u1edbi t\u1ed1c \u0111\u1ed9 81\/71 ppm, chi\u1ebfc m\u00e1y n\u00e0y c\u00f3 kh\u1ea3 n\u0103ng t\u1ea1o n\u00ean s\u1ef1 linh ho\u1ea1t tr\u00ean c\u00e1c t\u1edd in 2 m\u1eb7t d\u00e0i t\u1edbi 34\u201d v\u1edbi ch\u1ea5t l\u01b0\u1ee3ng h\u00ecnh \u1ea3nh v\u01b0\u1ee3t tr\u1ed9i. \u0110\u00e2y kh\u00f4ng ch\u1ec9 l\u00e0 m\u1ed9t chi\u1ebfc m\u00e1y in k\u1ef9 thu\u1eadt s\u1ed1 th\u00f4ng th\u01b0\u1eddng \u2013 \u0111\u00e2y c\u00f2n l\u00e0 c\u01a1 h\u1ed9i \u0111\u1ec3 doanh nghi\u1ec7p ph\u00e1t tri\u1ec3n kinh doanh.<\/p>\n<h4><span style=\"color: #c0167b;\"><strong>\u0110\u1eb7c \u0111i\u1ec3m n\u1ed5i b\u1eadt c\u1ee7a d\u00f2ng\u00a0 AccurioPress C4080\/C4070:<\/strong><\/span><\/h4>\n<ul>\n<li style=\"text-align: justify;\"><strong>B\u1ed9 m\u00e1y in \u1ea5n to\u00e0n di\u1ec7n:<\/strong> D\u00f2ng m\u00e1y AccurioPress C4080\/C4070 l\u00e0 h\u1ec7 th\u1ed1ng in \u1ea5n to\u00e0n di\u1ec7n gi\u00fap m\u1edf r\u1ed9ng ho\u1ea1t \u0111\u1ed9ng kinh doanh. Doanh nghi\u1ec7p c\u00f3 th\u1ec3 in t\u1edd g\u1ea5p, in hai m\u1eb7t tr\u00ean t\u1edd d\u00e0i l\u00ean \u0111\u1ebfn 864mm, ho\u00e0n thi\u1ec7n th\u00e0nh ph\u1ea9m ngay trong m\u1ed9t quy tr\u00ecnh s\u1ea3n xu\u1ea5t t\u00edch h\u1ee3p v\u1edbi nhi\u1ec1u s\u1ef1 l\u1ef1a ch\u1ecdn phong ph\u00fa v\u1ec1 m\u1eb7t t\u00f9y ch\u1ec9nh \u0111\u1ec3 \u0111\u00e1p \u1ee9ng m\u1ecdi nhu c\u1ea7u in \u1ea5n.<\/li>\n<li style=\"text-align: justify;\"><strong>Ch\u1ea5t l\u01b0\u1ee3ng v\u01b0\u1ee3t tr\u1ed9i tr\u00ean m\u1ecdi b\u1ea3n in:<\/strong> Tr\u00ecnh t\u1ed1i \u01b0u h\u00f3a ch\u1ea5t l\u01b0\u1ee3ng h\u00ecnh \u1ea3nh th\u00f4ng minh IQ-501 \u0111\u1ed9c quy\u1ec1n c\u1ee7a Konica Minolta v\u1edbi c\u00f4ng ngh\u1ec7 h\u00ecnh \u1ea3nh v\u01b0\u1ee3t tr\u1ed9i, gi\u00fap doanh nghi\u1ec7p li\u00ean t\u1ee5c t\u1ea1o ra nh\u1eefng b\u1ea3n in c\u00f3 m\u00e0u s\u1eafc nh\u1ea5t qu\u00e1n v\u00e0 s\u1ed1ng \u0111\u1ed9ng.<\/li>\n<li style=\"text-align: justify;\"><strong>C\u01a1 h\u1ed9i m\u1edf r\u1ed9ng kinh doanh:<\/strong> D\u00f2ng m\u00e1y AccurioPress C4080\/C4070 c\u00f3 kh\u1ea3 n\u0103ng h\u1ed7 tr\u1ee3 doanh nghi\u1ec7p m\u1edf r\u1ed9ng ho\u1ea1t \u0111\u1ed9ng kinh doanh nh\u1edd v\u00e0o nh\u1eefng t\u00ednh n\u0103ng m\u1edbi. H\u1ec7 th\u1ed1ng in c\u1ee7a Konica Minolta c\u00f3 kh\u1ea3 n\u0103ng t\u01b0\u01a1ng th\u00edch v\u1edbi nhi\u1ec1u lo\u1ea1i gi\u1ea5y in nh\u1ea5t tr\u00ean th\u1ecb tr\u01b0\u1eddng, t\u1eeb gi\u1ea5y in m\u1ecfng cho \u0111\u1ebfn d\u00e0y, gi\u1ea5y in n\u1ed5i, phong b\u00ec, v\u00e0 \u0111a d\u1ea1ng nhi\u1ec1u lo\u1ea1i v\u1eadt li\u1ec7u kh\u00e1c. T\u1ea5t c\u1ea3 s\u1ebd \u0111\u01b0\u1ee3c h\u1ed7 tr\u1ee3 b\u1edfi m\u1ed9t b\u1ed9 c\u1ea3m bi\u1ebfn ph\u01b0\u01a1ng ti\u1ec7n t\u00f9y ch\u1ecdn th\u1ebf h\u1ec7 m\u1edbi, \u0111\u1ea3m b\u1ea3o mang \u0111\u1ebfn m\u1ed9t quy tr\u00ecnh v\u1eadn h\u00e0nh su\u00f4n s\u1ebb cho doanh nghi\u1ec7p.<\/li>\n<li style=\"text-align: justify;\"><strong>N\u00e2ng cao hi\u1ec7u qu\u1ea3 in \u1ea5n:<\/strong> Ng\u01b0\u1eddi d\u00f9ng c\u00f3 th\u1ec3 ho\u00e0n to\u00e0n tin t\u01b0\u1edfng v\u00e0o h\u1ec7 th\u1ed1ng thi\u1ebft l\u1eadp \u0111\u01a1n gi\u1ea3n c\u1ee7a AccurioPress v\u1edbi \u0111\u01b0\u1eddng d\u1eabn gi\u1ea5y ch\u1eafc ch\u1eafn, n\u0103ng su\u1ea5t v\u1eadn h\u00e0nh cao v\u00e0 ch\u1ee9c n\u0103ng t\u1ef1 \u0111\u1ed9ng \u1ed5n \u0111\u1ecbnh h\u00ecnh \u1ea3nh v\u01b0\u1ee3t tr\u1ed9i. B\u1ed9 ph\u1eadn Nghi\u00ean c\u1ee9u v\u00e0 Ph\u00e1t tri\u1ec3n c\u1ee7a Konica Minolta \u0111\u00e3 \u0111\u1eb7t tr\u1ecdng t\u00e2m trong vi\u1ec7c t\u1ea1o ra nh\u1eefng s\u1ea3n ph\u1ea9m nh\u1eb1m \u0111\u00e1p \u1ee9ng c\u00e1c y\u00eau c\u1ea7u ng\u00e0y c\u00e0ng cao c\u1ee7a ng\u00e0nh in. Ngo\u00e0i ra, h\u1ec7 th\u1ed1ng m\u00e1y in m\u00e0u s\u1ea3n xu\u1ea5t AccurioPress c\u00f2n h\u1ed7 tr\u1ee3 trong vi\u1ec7c \u0111\u1ea9y m\u1ea1nh l\u1ee3i \u00edch kinh t\u1ebf cho doanh nghi\u1ec7p khi \u0111\u01b0\u1ee3c s\u1eed d\u1ee5ng k\u1ebft h\u1ee3p c\u00f9ng v\u1edbi m\u1ed9t s\u1ed1 \u1ee9ng d\u1ee5ng kh\u00e1c trong danh m\u1ee5c c\u00e1c ph\u1ea7n m\u1ec1m gi\u1ea3i ph\u00e1p c\u1ee7a Konica Minolta. Mang l\u1ea1i nhi\u1ec1u t\u00ednh n\u0103ng ph\u00f9 h\u1ee3p \u0111\u1ec3 \u0111\u00e1p \u1ee9ng m\u1ecdi nhu c\u1ea7u c\u1ee7a kh\u00e1ch h\u00e0ng.<\/li>\n<\/ul>\n<hr \/>\n<h4 style=\"text-align: justify;\"><span style=\"color: #0062c2;\"><strong>AccurioPrint C4065<\/strong><\/span><\/h4>\n<p style=\"text-align: justify;\">M\u00e1y in k\u1ef9 thu\u1eadt s\u1ed1 <strong>AccurioPrint C4065<\/strong> mang l\u1ea1i n\u0103ng su\u1ea5t v\u00e0 t\u00ednh linh ho\u1ea1t trong m\u1ed9t thi\u1ebft b\u1ecb nh\u1ecf g\u1ecdn, gi\u00e1 c\u1ea3 ph\u1ea3i ch\u0103ng. \u0110\u00e2y l\u00e0 m\u00e1y in k\u1ef9 thu\u1eadt s\u1ed1 ho\u00e0n h\u1ea3o d\u00e0nh cho c\u00e1c c\u1eeda h\u00e0ng in \u1ea5n s\u1ed1 l\u01b0\u1ee3ng \u00edt v\u00e0 m\u00f4i tr\u01b0\u1eddng v\u0103n ph\u00f2ng.<\/p>\n<p style=\"text-align: justify;\">Ch\u1ea5t l\u01b0\u1ee3ng h\u00ecnh \u1ea3nh v\u00e0 m\u00e0u s\u1eafc v\u01b0\u1ee3t tr\u1ed9i, t\u00ednh linh ho\u1ea1t c\u1ee7a gi\u1ea5y in v\u00e0 t\u1ed1c \u0111\u1ed9 in nhanh 66 trang\/ph\u00fat khi\u1ebfn m\u00e1y in n\u00e0y tr\u1edf th\u00e0nh gi\u1ea3i ph\u00e1p c\u00f3 gi\u00e1 tr\u1ecb cao nh\u01b0ng ti\u1ebft ki\u1ec7m chi ph\u00ed cho c\u00e1c chuy\u00ean gia in \u1ea5n. C\u00f3 s\u1eb5n v\u1edbi t\u00ednh n\u0103ng ho\u00e0n thi\u1ec7n t\u1eadp s\u00e1ch v\u00e0 ghim, m\u00e1y \u00e9p k\u1ef9 thu\u1eadt s\u1ed1 linh ho\u1ea1t n\u00e0y c\u00f3 th\u1ec3 xu\u1ea5t ra c\u00e1c t\u1edd in 2 m\u1eb7t d\u00e0i t\u1edbi 34\u201d v\u00e0 phong b\u00ec m\u1ed9t c\u00e1ch d\u1ec5 d\u00e0ng m\u00e0 kh\u00f4ng c\u1ea7n th\u00eam b\u1ed9 nhi\u1ec7t \u00e1p. AccurioPrint C4065 cung c\u1ea5p m\u1ecdi th\u1ee9 m\u00e0 doanh nghi\u1ec7p c\u1ee7a b\u1ea1n c\u1ea7n \u0111\u1ec3 th\u00e0nh c\u00f4ng.<\/p>\n<h4><span style=\"color: #c0167b;\"><strong>\u0110\u1eb7c \u0111i\u1ec3m n\u1ed5i b\u1eadt c\u1ee7a d\u00f2ng\u00a0 AccurioPrint C4065:<\/strong><\/span><\/h4>\n<ul>\n<li style=\"text-align: justify;\"><strong>M\u1ed9t c\u00f4ng c\u1ee5 nh\u1ecf g\u1ecdn c\u00f3 th\u1ec3 l\u00e0m \u0111\u01b0\u1ee3c t\u1ea5t c\u1ea3:\u00a0<\/strong>AccurioPrint C4065 l\u00e0 gi\u1ea3i ph\u00e1p th\u00f4ng minh cho nh\u1eefng m\u00f4i tr\u01b0\u1eddng c\u00f3 kh\u00f4ng gian h\u1ea1n ch\u1ebf. B\u1ea1n c\u00f3 th\u1ec3 in c\u00e1c t\u1edd gi\u1ea5y ph\u1eb3ng, gi\u1ea5y in hai m\u1eb7t d\u00e0i l\u00ean \u0111\u1ebfn 864mm ho\u1eb7c ho\u00e0n thi\u1ec7n tr\u1ef1c ti\u1ebfp c\u00e1c b\u1ea3n in n\u1ed9i tuy\u1ebfn \u0111\u1ec3 \u0111\u00e1p \u1ee9ng m\u1ecdi nhu c\u1ea7u c\u1ee7a kh\u00e1ch h\u00e0ng trong m\u1ed9t quy tr\u00ecnh s\u1ea3n xu\u1ea5t t\u00edch h\u1ee3p.<\/li>\n<li style=\"text-align: justify;\"><strong>Ph\u00e1t tri\u1ec3n doanh nghi\u1ec7p c\u1ee7a b\u1ea1n:<\/strong>\u00a0AccurioPrint C4065 h\u1ed7 tr\u1ee3 m\u1edf r\u1ed9ng ho\u1ea1t \u0111\u1ed9ng kinh doanh c\u1ee7a b\u1ea1n v\u1edbi c\u00e1c kh\u1ea3 n\u0103ng m\u1edbi. H\u1ec7 th\u1ed1ng c\u1ee7a ch\u00fang t\u00f4i cung c\u1ea5p nhi\u1ec1u lo\u1ea1i ph\u01b0\u01a1ng ti\u1ec7n truy\u1ec1n th\u00f4ng l\u1edbn nh\u1ea5t tr\u00ean th\u1ecb tr\u01b0\u1eddng, t\u1eeb gi\u1ea5y m\u1ecfng \u0111\u1ebfn gi\u1ea5y d\u00e0y, gi\u1ea5y d\u1eadp n\u1ed5i, phong b\u00ec v\u00e0 nhi\u1ec1u lo\u1ea1i gi\u1ea5y kh\u00e1c. T\u1ea5t c\u1ea3 \u0111\u1ec1u \u0111\u01b0\u1ee3c h\u1ed7 tr\u1ee3 b\u1edfi c\u1ea3m bi\u1ebfn ph\u01b0\u01a1ng ti\u1ec7n t\u00f9y ch\u1ecdn m\u1edbi c\u1ee7a ch\u00fang t\u00f4i \u0111\u1ec3 \u0111\u1ea3m b\u1ea3o ho\u1ea1t \u0111\u1ed9ng kh\u00f4ng c\u1ea7n lo l\u1eafng.<\/li>\n<li style=\"text-align: justify;\"><strong>T\u0103ng c\u01b0\u1eddng hi\u1ec7u qu\u1ea3:<\/strong>\u00a0Ng\u01b0\u1eddi v\u1eadn h\u00e0nh b\u1ea5t k\u1ef3 h\u1ec7 th\u1ed1ng AccurioPress n\u00e0o c\u0169ng c\u00f3 th\u1ec3 tin t\u01b0\u1edfng v\u00e0o thi\u1ebft l\u1eadp \u0111\u01a1n gi\u1ea3n, \u0111\u01b0\u1eddng d\u1eabn gi\u1ea5y c\u1ef1c k\u1ef3 \u0111\u00e1ng tin c\u1eady, n\u0103ng su\u1ea5t v\u01b0\u1ee3t tr\u1ed9i v\u00e0 \u0111\u1ed9 \u1ed5n \u0111\u1ecbnh h\u00ecnh \u1ea3nh t\u1ef1 \u0111\u1ed9ng v\u01b0\u1ee3t tr\u1ed9i.<\/li>\n<li style=\"text-align: justify;\"><strong>T\u00ednh linh ho\u1ea1t cao c\u0169ng v\u1edbi t\u00ednh n\u0103ng qu\u00e9t:<\/strong>\u00a0H\u1ec7 th\u1ed1ng \u0111\u01b0\u1ee3c trang b\u1ecb m\u00e1y qu\u00e9t m\u00e0u k\u00e9p v\u1edbi t\u1ed1c \u0111\u1ed9 qu\u00e9t cao nh\u1ea5t trong nh\u00f3m, cho ph\u00e9p qu\u00e9t l\u00ean t\u1edbi 280ipm<\/li>\n<\/ul>\n<p>&nbsp;<\/p>\n<p><img loading=\"lazy\" decoding=\"async\" class=\"aligncenter wp-image-9154\" src=\"https:\/\/www.konicaminolta.vn\/business\/wp-content\/uploads\/2021\/10\/C4080_Fact_Sheet_10_Reasons_LI_Carousel_1080x1080_Page_1-1.jpg\" alt=\"\" width=\"800\" height=\"800\" srcset=\"https:\/\/www.konicaminolta.vn\/business\/wp-content\/uploads\/2021\/10\/C4080_Fact_Sheet_10_Reasons_LI_Carousel_1080x1080_Page_1-1.jpg 4500w, https:\/\/www.konicaminolta.vn\/business\/wp-content\/uploads\/2021\/10\/C4080_Fact_Sheet_10_Reasons_LI_Carousel_1080x1080_Page_1-1-150x150.jpg 150w, https:\/\/www.konicaminolta.vn\/business\/wp-content\/uploads\/2021\/10\/C4080_Fact_Sheet_10_Reasons_LI_Carousel_1080x1080_Page_1-1-300x300.jpg 300w, https:\/\/www.konicaminolta.vn\/business\/wp-content\/uploads\/2021\/10\/C4080_Fact_Sheet_10_Reasons_LI_Carousel_1080x1080_Page_1-1-768x768.jpg 768w, https:\/\/www.konicaminolta.vn\/business\/wp-content\/uploads\/2021\/10\/C4080_Fact_Sheet_10_Reasons_LI_Carousel_1080x1080_Page_1-1-1024x1024.jpg 1024w, https:\/\/www.konicaminolta.vn\/business\/wp-content\/uploads\/2021\/10\/C4080_Fact_Sheet_10_Reasons_LI_Carousel_1080x1080_Page_1-1-50x50.jpg 50w, https:\/\/www.konicaminolta.vn\/business\/wp-content\/uploads\/2021\/10\/C4080_Fact_Sheet_10_Reasons_LI_Carousel_1080x1080_Page_1-1-320x320.jpg 320w, https:\/\/www.konicaminolta.vn\/business\/wp-content\/uploads\/2021\/10\/C4080_Fact_Sheet_10_Reasons_LI_Carousel_1080x1080_Page_1-1-600x600.jpg 600w, https:\/\/www.konicaminolta.vn\/business\/wp-content\/uploads\/2021\/10\/C4080_Fact_Sheet_10_Reasons_LI_Carousel_1080x1080_Page_1-1-100x100.jpg 100w\" sizes=\"auto, (max-width: 800px) 100vw, 800px\" \/><\/p>\n<p><img loading=\"lazy\" decoding=\"async\" class=\"aligncenter wp-image-9150\" src=\"https:\/\/www.konicaminolta.vn\/business\/wp-content\/uploads\/2021\/10\/C4080_Fact_Sheet_10_Reasons_LI_Carousel_1080x1080_Page_2.jpg\" alt=\"\" width=\"800\" height=\"800\" srcset=\"https:\/\/www.konicaminolta.vn\/business\/wp-content\/uploads\/2021\/10\/C4080_Fact_Sheet_10_Reasons_LI_Carousel_1080x1080_Page_2.jpg 3000w, https:\/\/www.konicaminolta.vn\/business\/wp-content\/uploads\/2021\/10\/C4080_Fact_Sheet_10_Reasons_LI_Carousel_1080x1080_Page_2-150x150.jpg 150w, https:\/\/www.konicaminolta.vn\/business\/wp-content\/uploads\/2021\/10\/C4080_Fact_Sheet_10_Reasons_LI_Carousel_1080x1080_Page_2-300x300.jpg 300w, https:\/\/www.konicaminolta.vn\/business\/wp-content\/uploads\/2021\/10\/C4080_Fact_Sheet_10_Reasons_LI_Carousel_1080x1080_Page_2-768x768.jpg 768w, https:\/\/www.konicaminolta.vn\/business\/wp-content\/uploads\/2021\/10\/C4080_Fact_Sheet_10_Reasons_LI_Carousel_1080x1080_Page_2-1024x1024.jpg 1024w, https:\/\/www.konicaminolta.vn\/business\/wp-content\/uploads\/2021\/10\/C4080_Fact_Sheet_10_Reasons_LI_Carousel_1080x1080_Page_2-50x50.jpg 50w, https:\/\/www.konicaminolta.vn\/business\/wp-content\/uploads\/2021\/10\/C4080_Fact_Sheet_10_Reasons_LI_Carousel_1080x1080_Page_2-320x320.jpg 320w, https:\/\/www.konicaminolta.vn\/business\/wp-content\/uploads\/2021\/10\/C4080_Fact_Sheet_10_Reasons_LI_Carousel_1080x1080_Page_2-600x600.jpg 600w, https:\/\/www.konicaminolta.vn\/business\/wp-content\/uploads\/2021\/10\/C4080_Fact_Sheet_10_Reasons_LI_Carousel_1080x1080_Page_2-100x100.jpg 100w\" sizes=\"auto, (max-width: 800px) 100vw, 800px\" \/><\/p>\n<p><img loading=\"lazy\" decoding=\"async\" class=\"aligncenter wp-image-9151\" src=\"https:\/\/www.konicaminolta.vn\/business\/wp-content\/uploads\/2021\/10\/C4080_Fact_Sheet_10_Reasons_LI_Carousel_1080x1080_Page_3.jpg\" alt=\"\" width=\"800\" height=\"800\" srcset=\"https:\/\/www.konicaminolta.vn\/business\/wp-content\/uploads\/2021\/10\/C4080_Fact_Sheet_10_Reasons_LI_Carousel_1080x1080_Page_3.jpg 3000w, https:\/\/www.konicaminolta.vn\/business\/wp-content\/uploads\/2021\/10\/C4080_Fact_Sheet_10_Reasons_LI_Carousel_1080x1080_Page_3-150x150.jpg 150w, https:\/\/www.konicaminolta.vn\/business\/wp-content\/uploads\/2021\/10\/C4080_Fact_Sheet_10_Reasons_LI_Carousel_1080x1080_Page_3-300x300.jpg 300w, https:\/\/www.konicaminolta.vn\/business\/wp-content\/uploads\/2021\/10\/C4080_Fact_Sheet_10_Reasons_LI_Carousel_1080x1080_Page_3-768x768.jpg 768w, https:\/\/www.konicaminolta.vn\/business\/wp-content\/uploads\/2021\/10\/C4080_Fact_Sheet_10_Reasons_LI_Carousel_1080x1080_Page_3-1024x1024.jpg 1024w, https:\/\/www.konicaminolta.vn\/business\/wp-content\/uploads\/2021\/10\/C4080_Fact_Sheet_10_Reasons_LI_Carousel_1080x1080_Page_3-50x50.jpg 50w, https:\/\/www.konicaminolta.vn\/business\/wp-content\/uploads\/2021\/10\/C4080_Fact_Sheet_10_Reasons_LI_Carousel_1080x1080_Page_3-320x320.jpg 320w, https:\/\/www.konicaminolta.vn\/business\/wp-content\/uploads\/2021\/10\/C4080_Fact_Sheet_10_Reasons_LI_Carousel_1080x1080_Page_3-600x600.jpg 600w, https:\/\/www.konicaminolta.vn\/business\/wp-content\/uploads\/2021\/10\/C4080_Fact_Sheet_10_Reasons_LI_Carousel_1080x1080_Page_3-100x100.jpg 100w\" sizes=\"auto, (max-width: 800px) 100vw, 800px\" \/><\/p>\n<p><img loading=\"lazy\" decoding=\"async\" class=\"aligncenter wp-image-9152\" src=\"https:\/\/www.konicaminolta.vn\/business\/wp-content\/uploads\/2021\/10\/C4080_Fact_Sheet_10_Reasons_LI_Carousel_1080x1080_Page_4.jpg\" alt=\"\" width=\"800\" height=\"800\" srcset=\"https:\/\/www.konicaminolta.vn\/business\/wp-content\/uploads\/2021\/10\/C4080_Fact_Sheet_10_Reasons_LI_Carousel_1080x1080_Page_4.jpg 3000w, https:\/\/www.konicaminolta.vn\/business\/wp-content\/uploads\/2021\/10\/C4080_Fact_Sheet_10_Reasons_LI_Carousel_1080x1080_Page_4-150x150.jpg 150w, https:\/\/www.konicaminolta.vn\/business\/wp-content\/uploads\/2021\/10\/C4080_Fact_Sheet_10_Reasons_LI_Carousel_1080x1080_Page_4-300x300.jpg 300w, https:\/\/www.konicaminolta.vn\/business\/wp-content\/uploads\/2021\/10\/C4080_Fact_Sheet_10_Reasons_LI_Carousel_1080x1080_Page_4-768x768.jpg 768w, https:\/\/www.konicaminolta.vn\/business\/wp-content\/uploads\/2021\/10\/C4080_Fact_Sheet_10_Reasons_LI_Carousel_1080x1080_Page_4-1024x1024.jpg 1024w, https:\/\/www.konicaminolta.vn\/business\/wp-content\/uploads\/2021\/10\/C4080_Fact_Sheet_10_Reasons_LI_Carousel_1080x1080_Page_4-50x50.jpg 50w, https:\/\/www.konicaminolta.vn\/business\/wp-content\/uploads\/2021\/10\/C4080_Fact_Sheet_10_Reasons_LI_Carousel_1080x1080_Page_4-320x320.jpg 320w, https:\/\/www.konicaminolta.vn\/business\/wp-content\/uploads\/2021\/10\/C4080_Fact_Sheet_10_Reasons_LI_Carousel_1080x1080_Page_4-600x600.jpg 600w, https:\/\/www.konicaminolta.vn\/business\/wp-content\/uploads\/2021\/10\/C4080_Fact_Sheet_10_Reasons_LI_Carousel_1080x1080_Page_4-100x100.jpg 100w\" sizes=\"auto, (max-width: 800px) 100vw, 800px\" \/><\/p>\n","protected":false},"excerpt":{"rendered":"<p style=\"text-align: justify;\"><strong>M\u00c1Y IN M\u00c0U S\u1ea2N XU\u1ea4T \u0110A N\u0102NG TH\u1ebe H\u1ec6 M\u1edaI<\/strong><\/p>\n<p style=\"text-align: justify;\">Doanh nghi\u1ec7p c\u00f3 th\u1ec3 tr\u1ea3i nghi\u1ec7m \u0111a d\u1ea1ng nhi\u1ec1u ch\u1ee9c n\u0103ng in \u1ea5n khi s\u1edf h\u1eefu chi\u1ebfc m\u00e1y in m\u00e0u d\u00e0nh cho s\u1ea3n xu\u1ea5t <strong>AccurioPress C4080\/C4070 \/ AccurioPrint C4065 <\/strong>v\u1edbi\u00a0ch\u1ee9c n\u0103ng in banner \u0111\u1ea3o tr\u1edf 2 m\u1eb7t, ch\u1ee9c n\u0103ng ho\u00e0n thi\u1ec7n th\u00e0nh ph\u1ea9m chuy\u00ean nghi\u1ec7p v\u1edbi n\u0103ng su\u1ea5t cao, c\u00e1c t\u00ednh n\u0103ng t\u1ef1 \u0111\u1ed9ng \u0111i\u1ec1u ch\u1ec9nh ch\u1ea5t l\u01b0\u1ee3ng gi\u00fap mang l\u1ea1i nh\u1eefng b\u1ea3n in s\u1eafc n\u00e9t nh\u1ea5t, v\u00e0 \u0111a d\u1ea1ng nhi\u1ec1u ch\u1ee9c n\u0103ng kh\u00e1c. V\u1edbi kh\u1ea3 n\u0103ng v\u1eadn h\u00e0nh nhanh ch\u00f3ng v\u00e0 nh\u1eefng t\u00ednh n\u0103ng v\u01b0\u1ee3t tr\u1ed9i m\u00e0 chi\u1ebfc m\u00e1y in m\u00e0u s\u1ea3n xu\u1ea5t n\u00e0y c\u1ee7a Konica Minolta mang l\u1ea1i, doanh nghi\u1ec7p c\u00f3 th\u1ec3 m\u1edf r\u1ed9ng quy m\u00f4 sang c\u00e1c th\u1ecb tr\u01b0\u1eddng m\u1edbi v\u00e0 ph\u00e1t tri\u1ec3n th\u00eam nhi\u1ec1u ngu\u1ed3n thu l\u1ee3i nhu\u1eadn kh\u00e1c nhau.<\/p>\n","protected":false},"featured_media":11019,"comment_status":"closed","ping_status":"closed","template":"","meta":[],"product_cat":[154,155],"product_tag":[],"class_list":["post-9148","product","type-product","status-publish","has-post-thumbnail","hentry","product_cat-he-thong-in-san-xuat","product_cat-he-thong-in-mau-san-xuat"],"_links":{"self":[{"href":"https:\/\/www.konicaminolta.vn\/business\/wp-json\/wp\/v2\/product\/9148","targetHints":{"allow":["GET"]}}],"collection":[{"href":"https:\/\/www.konicaminolta.vn\/business\/wp-json\/wp\/v2\/product"}],"about":[{"href":"https:\/\/www.konicaminolta.vn\/business\/wp-json\/wp\/v2\/types\/product"}],"replies":[{"embeddable":true,"href":"https:\/\/www.konicaminolta.vn\/business\/wp-json\/wp\/v2\/comments?post=9148"}],"wp:featuredmedia":[{"embeddable":true,"href":"https:\/\/www.konicaminolta.vn\/business\/wp-json\/wp\/v2\/media\/11019"}],"wp:attachment":[{"href":"https:\/\/www.konicaminolta.vn\/business\/wp-json\/wp\/v2\/media?parent=9148"}],"wp:term":[{"taxonomy":"product_cat","embeddable":true,"href":"https:\/\/www.konicaminolta.vn\/business\/wp-json\/wp\/v2\/product_cat?post=9148"},{"taxonomy":"product_tag","embeddable":true,"href":"https:\/\/www.konicaminolta.vn\/business\/wp-json\/wp\/v2\/product_tag?post=9148"}],"curies":[{"name":"wp","href":"https:\/\/api.w.org\/{rel}","templated":true}]}}