{"id":9424,"date":"2021-12-16T10:48:04","date_gmt":"2021-12-16T04:51:47","guid":{"rendered":"https:\/\/www.konicaminolta.vn\/business\/?post_type=product&#038;p=9424"},"modified":"2023-10-30T10:28:04","modified_gmt":"2023-10-30T03:28:04","slug":"accurioshine-101","status":"publish","type":"product","link":"https:\/\/www.konicaminolta.vn\/business\/product\/accurioshine-101\/","title":{"rendered":"AccurioShine 101"},"content":{"rendered":"<h4 style=\"text-align: center;\"><span style=\"color: #0062c2;\"><strong>Gi\u1ea3i ph\u00e1p trang tr\u00ed ho\u00e0n thi\u1ec7n b\u1ea3n in \u0111a n\u0103ng c\u1ee7a Konica Minolta<\/strong><\/span><br \/>\n<span style=\"color: #0062c2;\"><strong>C\u00e2n nh\u1eafc l\u1ea1i v\u1ec1 vi\u1ec7c t\u0103ng gi\u00e1 tr\u1ecb cho c\u00e1c b\u1ea3n in c\u1ee7a b\u1ea1n<\/strong><\/span><\/h4>\n<p style=\"text-align: center;\"><iframe loading=\"lazy\" src=\"\/\/www.youtube.com\/embed\/M6AElxZTLC4\" width=\"560\" height=\"314\" allowfullscreen=\"allowfullscreen\"><\/iframe><\/p>\n<p style=\"text-align: justify;\"><strong>AccurioShine 101<\/strong> cung c\u1ea5p c\u00e1c hi\u1ec7u \u1ee9ng ho\u00e0n thi\u1ec7n t\u00f4 \u0111i\u1ec3m chuy\u00ean bi\u1ec7t k\u1ebft h\u1ee3p v\u1edbi m\u00e1y in s\u1ea3n xu\u1ea5t Konica Minolta, v\u1edbi \u0111\u1ed9 chi ti\u1ebft s\u1eafc s\u1ea3o, gi\u00e1 c\u1ea3 ph\u00f9 h\u1ee3p v\u00e0\u1edbi m\u1ed9t s\u1ed1 ch\u1ee9c n\u0103ng ph\u1ee7 \u0111a l\u1edbp.<\/p>\n<p style=\"text-align: justify;\">V\u1edbi gi\u1ea3i ph\u00e1p n\u00e0y, quy tr\u00ecnh thi\u1ebft l\u1eadp c\u00f4ng vi\u1ec7c \u0111\u01a1n gi\u1ea3n, nhanh ch\u00f3ng gi\u00fap cho vi\u1ec7c trang tr\u00ed ho\u00e0n thi\u1ec7n b\u1ea3n in c\u00f3 s\u1eb5n ngay\u00a0 trong t\u1ea7m tay c\u1ee7a ng\u01b0\u1eddi d\u00f9ng m\u00e1y. C\u00e1c l\u1ee3i \u00edch bao g\u1ed3m gia t\u0103ng gi\u00e1 tr\u1ecb b\u1ea3n in v\u00e0 in CMYK ch\u1ea5t l\u01b0\u1ee3ng cao tr\u00ean n\u1ec1n ph\u00f4i. C\u00e1c hi\u1ec7u \u1ee9ng \u0111\u1eb7c bi\u1ec7t bao g\u1ed3m ph\u1ee7 ph\u00f4i, t\u1ea1o l\u1edbp ph\u00f4i m\u00e0u kim lo\u1ea1i, m\u00e0ng c\u00e1n b\u00f3ng v\u00e0 c\u00e1c \u0111i\u1ec3m ph\u1ee7 b\u00f3ng n\u1ed5i b\u1eadt.<\/p>\n<p style=\"text-align: justify;\">V\u1eadn h\u00e0nh d\u1ec5 d\u00e0ng cho ph\u00e9p th\u1eddi gian th\u1ef1c hi\u1ec7n ng\u1eafn \u0111\u1ed1i v\u1edbi c\u00e1c d\u1ecbch v\u1ee5 gia t\u0103ng gi\u00e1 tr\u1ecb b\u1ea3n in v\u1edbi gi\u00e1 c\u1ea3 ph\u00f9 h\u1ee3p s\u1ebd cho ph\u00e9p ng\u01b0\u1eddi d\u00f9ng mang l\u1ea1i \u201cnh\u1eefng \u0111i\u1ec1u \u0111\u1eb7c s\u1eafc kh\u00e1c bi\u1ec7t\u201d cho c\u00e1c d\u1ef1 \u00e1n c\u1ee7a m\u00ecnh.<\/p>\n<h4><span style=\"color: #c0167b;\"><strong>\u0110\u1eb7c \u0111i\u1ec3m n\u1ed5i b\u1eadt c\u1ee7a d\u00f2ng AccurioShine 101<\/strong><\/span><\/h4>\n<ul>\n<li style=\"text-align: justify;\"><strong>B\u1ed9 n\u1ea1p gi\u1ea5y h\u00fat kh\u00ed:<\/strong> L\u00fd t\u01b0\u1edfng cho c\u00e1c t\u00e0i li\u1ec7u in k\u1ef9 thu\u1eadt s\u1ed1, b\u1ed9 n\u1ea1p gi\u1ea5y h\u00fat kh\u00ed gi\u00fap gi\u1ea3m thi\u1ec3u h\u01b0 h\u1ecfng. B\u1ea1n c\u00f3 th\u1ec3 \u0111i\u1ec1u ch\u1ec9nh l\u01b0\u1ee3ng kh\u00f4ng kh\u00ed v\u00e0 ng\u0103n vi\u1ec7c n\u1ea1p hai t\u1edd gi\u1ea5y.<\/li>\n<li style=\"text-align: justify;\"><strong>Thao t\u00e1c d\u1ec5 s\u1eed d\u1ee5ng:<\/strong> M\u00e0n h\u00ecnh c\u1ea3m \u1ee9ng cho ph\u00e9p b\u1ea1n d\u1ec5 d\u00e0ng th\u1ef1c hi\u1ec7n c\u00e1c \u0111i\u1ec1u ch\u1ec9nh kh\u00e1c nhau m\u1ed9t c\u00e1ch nhanh ch\u00f3ng. B\u1ea1n th\u1eadm ch\u00ed c\u00f3 th\u1ec3 t\u1ef1 \u0111\u1ed9ng \u0111i\u1ec1u ch\u1ec9nh nhi\u1ec7t \u0111\u1ed9 ch\u1ec9 b\u1eb1ng c\u00e1ch nh\u1ea5n v\u00e0o c\u00f4ng t\u1eafc.<\/li>\n<li style=\"text-align: justify;\"><strong>Ch\u1ee9c n\u0103ng lo\u1ea1i b\u1ecf b\u1ee5i:<\/strong> Lo\u1ea1i b\u1ecf b\u1ee5i tr\u00ean gi\u1ea5y tr\u01b0\u1edbc khi c\u00e1n m\u00e0n m\u1ecfng ho\u1eb7c chuy\u1ec3n ph\u00f4i \u0111\u1ec3 tr\u00e1nh c\u00e1c v\u1ea5n \u0111\u1ec1 v\u1ec1 ch\u1ea5t l\u01b0\u1ee3ng.<\/li>\n<li style=\"text-align: justify;\"><strong>Ch\u1ea5t l\u01b0\u1ee3ng cao:<\/strong> S\u1eed d\u1ee5ng c\u00e1c l\u00e1 ph\u00f4i \u0111\u01b0\u1ee3c thi\u1ebft k\u1ebf t\u1ed1i \u01b0u cho m\u1ef1c in d\u00f2ng AccurioPress. C\u00e1c \u0111\u1eb7c t\u00ednh chuy\u1ec3n giao tuy\u1ec7t v\u1eddi c\u1ee7a n\u00f3 c\u00f3 ngh\u0129a l\u00e0 ch\u1ea5t l\u01b0\u1ee3ng cao s\u1ebd \u0111\u1ea1t \u0111\u01b0\u1ee3c v\u1edbi m\u1ee9c gi\u00e1 th\u1ea5p.<\/li>\n<li style=\"text-align: justify;\"><strong>\u0110a nhi\u1ec7m v\u1ee5:<\/strong> C\u00f3 th\u1ec3 th\u1ef1c hi\u1ec7n nhi\u1ec1u thao t\u00e1c ch\u1ec9nh trang kh\u00e1c nhau ch\u1ec9 \u0111\u01a1n gi\u1ea3n b\u1eb1ng c\u00e1ch thay \u0111\u1ed5i phim. Kh\u00f4ng t\u1ed1n th\u1eddi gian ho\u1eb7c thi\u1ebft l\u1eadp t\u1ed1n k\u00e9m.<\/li>\n<\/ul>\n","protected":false},"excerpt":{"rendered":"<p><strong>T\u1ea1o n\u00ean nh\u1eefng \u0111i\u1ec1u kh\u00e1c bi\u1ec7t cho b\u1ea3n in\u00a0<\/strong><\/p>\n<p style=\"text-align: justify;\">Th\u1ecb tr\u01b0\u1eddng ng\u00e0y nay y\u00eau c\u1ea7u c\u00e1c nh\u00e0 in ph\u1ea3i li\u00ean t\u1ee5c th\u00eam c\u00e1c d\u1ecbch v\u1ee5 v\u00e0o doanh nghi\u1ec7p c\u1ee7a h\u1ecd \u0111\u1ec3 gi\u00fap kh\u00e1ch h\u00e0ng n\u1ed5i b\u1eadt tr\u00ean th\u1ecb tr\u01b0\u1eddng. In k\u1ef9 thu\u1eadt s\u1ed1 th\u00f4i l\u00e0 ch\u01b0a \u0111\u1ee7 &#8211; ch\u00fang ta ph\u1ea3i suy ngh\u0129 l\u1ea1i v\u1ec1 c\u00e1ch t\u0103ng gi\u00e1 tr\u1ecb cho b\u1ea3n in v\u00e0 t\u0103ng t\u1ef7 su\u1ea5t l\u1ee3i nhu\u1eadn. <strong>AccurioShine 101<\/strong> cung c\u1ea5p c\u00e1c trang tr\u00ed gi\u00fap c\u00e1c t\u00e1c ph\u1ea9m in \u1ea5n b\u1eaft m\u1eaft h\u01a1n v\u00e0 kh\u00f4ng th\u1ec3 ph\u1ee7 nh\u1eadn hi\u1ec7u qu\u1ea3.<\/p>\n","protected":false},"featured_media":10511,"comment_status":"closed","ping_status":"closed","template":"","meta":[],"product_cat":[154,155],"product_tag":[],"class_list":["post-9424","product","type-product","status-publish","has-post-thumbnail","hentry","product_cat-he-thong-in-san-xuat","product_cat-he-thong-in-mau-san-xuat"],"_links":{"self":[{"href":"https:\/\/www.konicaminolta.vn\/business\/wp-json\/wp\/v2\/product\/9424","targetHints":{"allow":["GET"]}}],"collection":[{"href":"https:\/\/www.konicaminolta.vn\/business\/wp-json\/wp\/v2\/product"}],"about":[{"href":"https:\/\/www.konicaminolta.vn\/business\/wp-json\/wp\/v2\/types\/product"}],"replies":[{"embeddable":true,"href":"https:\/\/www.konicaminolta.vn\/business\/wp-json\/wp\/v2\/comments?post=9424"}],"wp:featuredmedia":[{"embeddable":true,"href":"https:\/\/www.konicaminolta.vn\/business\/wp-json\/wp\/v2\/media\/10511"}],"wp:attachment":[{"href":"https:\/\/www.konicaminolta.vn\/business\/wp-json\/wp\/v2\/media?parent=9424"}],"wp:term":[{"taxonomy":"product_cat","embeddable":true,"href":"https:\/\/www.konicaminolta.vn\/business\/wp-json\/wp\/v2\/product_cat?post=9424"},{"taxonomy":"product_tag","embeddable":true,"href":"https:\/\/www.konicaminolta.vn\/business\/wp-json\/wp\/v2\/product_tag?post=9424"}],"curies":[{"name":"wp","href":"https:\/\/api.w.org\/{rel}","templated":true}]}}