{"id":9519,"date":"2022-02-11T10:52:13","date_gmt":"2022-02-11T06:14:29","guid":{"rendered":"https:\/\/www.konicaminolta.vn\/business\/?post_type=product&#038;p=9519"},"modified":"2025-06-04T15:24:22","modified_gmt":"2025-06-04T08:24:22","slug":"accuriopress-c7100-c7090","status":"publish","type":"product","link":"https:\/\/www.konicaminolta.vn\/business\/product\/accuriopress-c7100-c7090\/","title":{"rendered":"AccurioPress C7100\/C7090"},"content":{"rendered":"<h4 style=\"text-align: center;\"><span style=\"color: #0062c2;\"><strong>H\u1ec7 Th\u1ed1ng In \u1ea4n T\u1ed1i \u01afu Mang \u0110\u1ebfn Nhi\u1ec1u C\u01a1 H\u1ed9i Kinh Doanh<\/strong><\/span><\/h4>\n<p style=\"text-align: center;\"><iframe loading=\"lazy\" src=\"\/\/www.youtube.com\/embed\/MGqMz9tfi2g\" width=\"560\" height=\"314\" allowfullscreen=\"allowfullscreen\"><\/iframe><\/p>\n<h4 style=\"text-align: justify;\"><span style=\"color: #0062c2;\"><strong>Gi\u1edbi thi\u1ec7u AccurioPress C7100\/C7090<\/strong><\/span><\/h4>\n<p style=\"text-align: justify;\">V\u1edbi mong mu\u1ed1n mang \u0111\u1ebfn m\u1ed9t gi\u1ea3i ph\u00e1p gi\u00fap doanh nghi\u1ec7p \u0111\u1ea1t l\u1ee3i nhu\u1eadn cao h\u01a1n trong su\u1ed1t qu\u00e1 tr\u00ecnh kinh doanh, Konica Minolta \u0111\u00e3 n\u1ed7 l\u1ef1c ph\u00e1t tri\u1ec3n n\u00ean d\u00f2ng s\u1ea3n ph\u1ea9m AccurioPress C7100\/C7090. \u0110\u00e2y l\u00e0 H\u1ec7 th\u1ed1ng in s\u1ea3n xu\u1ea5t \u0111\u01b0\u1ee3c thi\u1ebft k\u1ebf v\u1edbi kh\u1ea3 n\u0103ng v\u1eadn h\u00e0nh t\u1ed1i \u01b0u, gi\u00fap doanh nghi\u1ec7p m\u1edf r\u1ed9ng kh\u1ea3 n\u0103ng cung c\u1ea5p c\u00e1c d\u1ecbch v\u1ee5 in \u1ea5n m\u1edbi l\u1ea1 v\u00e0 n\u00e2ng cao, \u0111\u1ec3 t\u1eeb \u0111\u00f3 \u0111\u01b0a doanh nghi\u1ec7p ng\u00e0y m\u1ed9t ph\u00e1t tri\u1ec3n ti\u1ebfn xa h\u01a1n n\u1eefa.V\u1edbi h\u1ec7 th\u1ed1ng m\u00e1y in m\u00e0u th\u1ebf h\u1ec7 m\u1edbi n\u00e0y, doanh nghi\u1ec7p c\u00f3 th\u1ec3 n\u00e2ng cao kh\u1ea3 n\u0103ng ph\u1ee5c v\u1ee5 s\u1ed1 l\u01b0\u1ee3ng kh\u00e1ch h\u00e0ng l\u1edbn h\u01a1n v\u00e0 t\u1ea1o ra nhi\u1ec1u th\u00e0nh ph\u1ea9m nhanh h\u01a1n nh\u1edd v\u00e0o c\u00f4ng ngh\u1ec7 ti\u00ean ti\u1ebfn gi\u00fap \u0111\u1ea9y m\u1ea1nh kh\u1ea3 n\u0103ng v\u1eadn h\u00e0nh c\u1ee7a quy tr\u00ecnh in \u1ea5n m\u1ed9t c\u00e1ch hi\u1ec7u qu\u1ea3 nh\u1ea5t.<\/p>\n<h4><span style=\"color: #c0167b;\"><strong>\u0110\u1eb7c \u0111i\u1ec3m n\u1ed5i b\u1eadt c\u1ee7a d\u00f2ng<\/strong><\/span><span style=\"color: #c0167b;\"><strong>\u00a0AccurioPress C7100\/C7090:<\/strong><\/span><\/h4>\n<ul>\n<li><strong>\u1ee8ng d\u1ee5ng c\u00f4ng ngh\u1ec7 v\u1eadn h\u00e0nh t\u1ef1 \u0111\u1ed9ng th\u00f4ng minh<\/strong><\/li>\n<\/ul>\n<p style=\"text-align: justify;\">B\u1eb1ng c\u00e1ch x\u00e1c \u0111\u1ecbnh nhanh ch\u00f3ng \u0111\u1eb7c \u0111i\u1ec3m v\u1eadt li\u1ec7u \u0111ang s\u1eed d\u1ee5ng, B\u1ed9 C\u1ea3m bi\u1ebfn V\u1eadt li\u1ec7u Th\u00f4ng minh IM-101 gi\u00fap doanh nghi\u1ec7p c\u00f3 th\u1ec3 ti\u1ebft ki\u1ec7m th\u1eddi gian s\u1ea3n xu\u1ea5t m\u1ed9t c\u00e1ch t\u1ed1i \u01b0u. \u0110\u1ed3ng th\u1eddi v\u1edbi s\u1ef1 k\u1ebft h\u1ee3p c\u1ee7a t\u00f9y ch\u1ecdn T\u1ed1i \u01b0u h\u00f3a ch\u1ea5t l\u01b0\u1ee3ng th\u00f4ng minh IQ-501, vi\u1ec7c \u1ed5n \u0111\u1ecbnh ch\u1ea5t l\u01b0\u1ee3ng m\u00e0u s\u1eafc v\u00e0 \u0111\u1ed9 ch\u00ednh x\u00e1c ch\u1ed3ng bon hai m\u1eb7t \u0111\u01b0\u1ee3c \u0111\u1ea3m b\u1ea3o ho\u00e0n h\u00e1o \u1edf t\u1eebng t\u1edd in m\u1ed9t c\u00e1ch nhanh ch\u00f3ng t\u1ee9c th\u1eddi. V\u00e0 nh\u1edd vi\u1ec7c kh\u00f4ng c\u1ea7n hi\u1ec7u chu\u1ea9n l\u1ea1i c\u0169ng nh\u01b0 d\u1eebng ki\u1ec3m tra gi\u1eefa ch\u1eebng, doanh nghi\u1ec7p s\u1ebd c\u00f3 th\u1ec3 c\u1ea3i thi\u1ec7n n\u0103ng su\u1ea5t v\u00e0 n\u00e2ng cao l\u1ee3i nhu\u1eadn<\/p>\n<ul>\n<li><strong>N\u00e2ng cao kh\u1ea3 n\u0103ng th\u00e0nh ph\u1ea9m<\/strong><\/li>\n<\/ul>\n<p style=\"text-align: justify;\">V\u1edbi t\u00f9y ch\u1ecdn b\u1ed9 t\u1ec1 4 c\u1ea1nh TU-510 \u0111\u01b0\u1ee3c t\u00edch h\u1ee3p tr\u00ean c\u00f9ng h\u1ec7 th\u1ed1ng in, doanh nghi\u1ec7p s\u1ebd \u0111\u01b0\u1ee3c h\u1ed7 tr\u1ee3 \u0111a d\u1ea1ng nhi\u1ec1u d\u1ea1ng th\u00e0nh ph\u1ea9m nh\u01b0 c\u1eaft, c\u1ea5n, t\u1ea1o b\u1ea3n in tr\u00e0n vi\u1ec1n cho b\u00eca s\u00e1ch, c\u1eaft ho\u00e0n thi\u1ec7n danh thi\u1ebfp, b\u01b0u thi\u1ebfp, phi\u1ebfu coupons v\u00e0 nhi\u1ec1u th\u00e0nh ph\u1ea9m in kh\u00e1c n\u1eefa. B\u1ecf qua vi\u1ec7c s\u1eed d\u1ee5ng c\u00e1c thi\u1ebft b\u1ecb th\u00e0nh ph\u1ea9m chuy\u00ean d\u1ee5ng, ngh\u0129a l\u00e0 doanh nghi\u1ec7p \u0111\u00e3 t\u1ed1i \u01b0u h\u00f3a \u0111\u01b0\u1ee3c chi ph\u00ed \u0111\u1ea7u t\u01b0 nh\u00e2n l\u1ef1c v\u1eadn h\u00e0nh c\u00e1c thi\u1ebft b\u1ecb \u0111\u00f3, nh\u1edd \u0111\u00f3 doanh nghi\u1ec7p s\u1ebd \u0111\u1ea1t \u0111\u01b0\u1ee3c l\u1ee3i th\u1ebf c\u1ea1nh tranh nh\u1edd v\u00e0o kh\u1ea3 n\u0103ng in v\u00e0 ho\u00e0n thi\u1ec7n s\u1ea3n ph\u1ea9m nhanh h\u01a1n, hi\u1ec7u qu\u1ea3 h\u01a1n<\/p>\n<ul>\n<li><strong>Cung c\u1ea5p ch\u1ea5t l\u01b0\u1ee3ng b\u1ea3n in ho\u00e0n h\u1ea3o<\/strong>.<\/li>\n<\/ul>\n<p style=\"text-align: justify;\">C\u00f4ng ngh\u1ec7 m\u1ef1c in th\u00e2n thi\u1ec7n v\u1edbi m\u00f4i tr\u01b0\u1eddng Simitri V m\u1edbi nh\u1ea5t c\u1ee7a Konica Minolta s\u1ebd gi\u00fap t\u1ed1i \u01b0u h\u00f3a ch\u1ea5t l\u01b0\u1ee3ng b\u1ea3n in. Ngo\u00e0i vi\u1ec7c b\u00e1m d\u00ednh nhanh v\u00e0o v\u1eadt li\u1ec7u, ti\u1ebft ki\u1ec7m n\u0103ng l\u01b0\u1ee3ng v\u1eadn h\u00e0nh c\u1ee7a h\u1ec7 th\u1ed1ng, gi\u1ea3m thi\u1ec3u y\u00eau c\u1ea7u b\u1ea3o tr\u00ec b\u1ea3o d\u01b0\u1ee1ng, c\u00f4ng ngh\u1ec7 m\u1ef1c n\u00e0y c\u00f2n t\u1ea1o n\u00ean ch\u1ea5t l\u01b0\u1ee3ng tuy\u1ec7t v\u1eddi tr\u00ean \u0111a d\u1ea1ng v\u1eadt li\u1ec7u v\u00e0 \u0111\u1ecbnh l\u01b0\u1ee3ng kh\u00e1c nhau l\u00ean \u0111\u1ebfn 400g\/m2. K\u1ebft h\u1ee3p v\u1edbi \u0111\u1ed9 ph\u00e2n gi\u1ea3i \u0111\u1ea7u ra 3.600 dpi t\u01b0\u01a1ng \u0111\u01b0\u01a1ng x 2.400 dpi, doanh nghi\u1ec7p s\u1ebd thu \u0111\u01b0\u1ee3c th\u00e0nh ph\u1ea9m in xu\u1ea5t s\u1eafc ngay c\u1ea3 t\u1eeb nh\u1eefng \u0111\u01a1n b\u00e0i in ng\u1eafn nh\u1ea5t v\u00e0 d\u00e0i nh\u1ea5t.<\/p>\n<ul>\n<li><strong>N\u00e2ng cao ch\u1ee9c n\u0103ng in \u1ea5n<\/strong><\/li>\n<\/ul>\n<p style=\"text-align: justify;\">V\u1edbi kh\u1ea3 n\u0103ng in banner t\u1ef1 \u0111\u1ed9ng 2 m\u1eb7t c\u00f3 chi\u1ec1u d\u00e0i l\u00ean \u0111\u1ebfn 900mm c\u00f9ng kh\u1ea3 n\u0103ng x\u1eed l\u00fd linh ho\u1ea1t tr\u00ean c\u00e1c lo\u1ea1i v\u1eadt li\u1ec7u d\u1eadp ch\u00ecm n\u1ed5i v\u00e0 c\u00f3 s\u1eb5n v\u00e2n ho\u1ea1 ti\u1ebft, vi\u1ec7c in \u1ea5n tr\u1edf n\u00ean \u0111\u01a1n gi\u1ea3n h\u01a1n b\u00e0o gi\u1edd h\u1ebft khi m\u00e0 ch\u1ec9 v\u1edbi m\u1ed9t ng\u01b0\u1eddi v\u1eadn h\u00e0nh c\u0169ng c\u00f3 th\u1ec3 th\u1ef1c hi\u1ec7n nh\u1eefng y\u00eau c\u1ea7u in ph\u1ee9c t\u1ea1p nh\u1ea5t m\u1ed9t c\u00e1ch nhanh ch\u00f3ng. C\u00f2n ch\u1ea7n ch\u1edd g\u00ec n\u1eefa m\u00e0 kh\u00f4ng \u0111\u1ea7u t\u01b0 ngay v\u00e0o m\u1ed9t h\u1ec7 th\u1ed1ng gi\u00fap mang \u0111\u1ebfn nhi\u1ec1u c\u01a1 h\u1ed9i kinh doanh v\u00e0 ph\u00e1t tri\u1ec3n doanh nghi\u1ec7p nh\u01b0 AccurioPress C7100\/C7090.<\/p>\n<ul>\n<li><strong>\u0110\u1ed9 b\u1ec1n v\u01b0\u1ee3t tr\u1ed9i<\/strong><\/li>\n<\/ul>\n<p style=\"text-align: justify;\">M\u1ed9t trong nh\u1eefng y\u1ebfu t\u1ed1 th\u00fac \u0111\u1ea9y l\u1ee3i nhu\u1eadn cho doanh nghi\u1ec7p ch\u00ednh l\u00e0 s\u1ef1 \u0111\u00e1ng tin c\u1eady \u0111\u1ebfn t\u1eeb \u0111\u1ed9 b\u1ec1n c\u1ee7a h\u1ec7 th\u1ed1ng in \u1ea5n. Trong s\u1ed1 nh\u1eefng c\u00f4ng ngh\u1ec7 m\u1edbi \u0111\u01b0\u1ee3c t\u00edch h\u1ee3p s\u1eb5n v\u00e0o h\u1ec7 th\u1ed1ng \u0111\u1ed9ng c\u01a1 th\u00ec c\u00f3 th\u1ec3 k\u1ec3 \u0111\u1ebfn tu\u1ed5i th\u1ecd b\u1ed9 tr\u1ed1ng \u1ea3nh cao h\u01a1n, d\u00e2y corona \u0111\u00f4i l\u00e0m s\u1ea1ch t\u1ef1 \u0111\u1ed9ng, gi\u1ea3i ph\u00e1p t\u1ed1i \u01b0u h\u00f3a \u0111\u01b0\u1eddng d\u1eabn gi\u1ea5y v\u00e0 h\u1ec7 th\u1ed1ng \u0111\u1ea3o tr\u1edf k\u00e9p gi\u00fap n\u00e2ng cao kh\u1ea3 n\u0103ng t\u01b0\u01a1ng th\u00edch gi\u1ea5y v\u00e0 n\u1ea1p gi\u1ea5y ch\u00ednh x\u00e1c.<\/p>\n<p><strong>\u00a0<\/strong><\/p>\n","protected":false},"excerpt":{"rendered":"<p style=\"text-align: justify;\"><strong>H\u1ec6 TH\u1ed0NG IN \u1ea4N T\u1ed0I \u01afU MANG \u0110\u1ebeN NHI\u1ec0U C\u01a0 H\u1ed8I KINH DOANH<\/strong><\/p>\n<p style=\"text-align: justify;\">Mang l\u1ea1i l\u1ee3i nhu\u1eadn cao h\u01a1n cho doanh nghi\u1ec7p nh\u1edd v\u00e0o h\u1ec7 th\u1ed1ng in \u1ea5n c\u00f3 kh\u1ea3 n\u0103ng v\u1eadn h\u00e0nh th\u00f4ng minh v\u00e0 hi\u1ec7u qu\u1ea3. V\u1edbi H\u1ec7 th\u1ed1ng in s\u1ea3n xu\u1ea5t AccurioPress C7100\/C7900 th\u1ebf h\u1ec7 m\u1edbi \u0111\u1ebfn t\u1eeb Konica Minolta, doanh nghi\u1ec7p c\u00f3 th\u1ec3 t\u1ea1o n\u00ean \u1ea5n t\u01b0\u1ee3ng m\u1ea1nh m\u1ebd v\u1edbi qu\u00fd kh\u00e1ch h\u00e0ng th\u00f4ng qua nh\u1eefng th\u00e0nh ph\u1ea9m in ch\u00ednh x\u00e1c v\u00e0 \u0111\u1ea1t ch\u1ea5t l\u01b0\u1ee3ng cao.<\/p>\n","protected":false},"featured_media":10509,"comment_status":"closed","ping_status":"closed","template":"","meta":[],"product_cat":[154,155],"product_tag":[],"class_list":["post-9519","product","type-product","status-publish","has-post-thumbnail","hentry","product_cat-he-thong-in-san-xuat","product_cat-he-thong-in-mau-san-xuat"],"_links":{"self":[{"href":"https:\/\/www.konicaminolta.vn\/business\/wp-json\/wp\/v2\/product\/9519","targetHints":{"allow":["GET"]}}],"collection":[{"href":"https:\/\/www.konicaminolta.vn\/business\/wp-json\/wp\/v2\/product"}],"about":[{"href":"https:\/\/www.konicaminolta.vn\/business\/wp-json\/wp\/v2\/types\/product"}],"replies":[{"embeddable":true,"href":"https:\/\/www.konicaminolta.vn\/business\/wp-json\/wp\/v2\/comments?post=9519"}],"wp:featuredmedia":[{"embeddable":true,"href":"https:\/\/www.konicaminolta.vn\/business\/wp-json\/wp\/v2\/media\/10509"}],"wp:attachment":[{"href":"https:\/\/www.konicaminolta.vn\/business\/wp-json\/wp\/v2\/media?parent=9519"}],"wp:term":[{"taxonomy":"product_cat","embeddable":true,"href":"https:\/\/www.konicaminolta.vn\/business\/wp-json\/wp\/v2\/product_cat?post=9519"},{"taxonomy":"product_tag","embeddable":true,"href":"https:\/\/www.konicaminolta.vn\/business\/wp-json\/wp\/v2\/product_tag?post=9519"}],"curies":[{"name":"wp","href":"https:\/\/api.w.org\/{rel}","templated":true}]}}