{"id":9525,"date":"2022-02-11T13:41:50","date_gmt":"2022-02-11T07:17:19","guid":{"rendered":"https:\/\/www.konicaminolta.vn\/business\/?post_type=product&#038;p=9525"},"modified":"2023-10-30T10:07:51","modified_gmt":"2023-10-30T03:07:51","slug":"jetvarnish-3d-web","status":"publish","type":"product","link":"https:\/\/www.konicaminolta.vn\/business\/product\/jetvarnish-3d-web\/","title":{"rendered":"JETvarnish 3D Web"},"content":{"rendered":"<p style=\"line-height: 16.5pt; margin: 0in 0in 11.25pt; text-align: justify;\"><span style=\"font-size: 12pt; font-family: georgia, palatino, serif; color: #000000;\">M\u00e1y in tem nh\u00e3n k\u1ef9 thu\u1eadt s\u1ed1 \u0111\u1ea7u ti\u00ean tr\u00ean th\u1ebf gi\u1edbi v\u1edbi kh\u1ea3 n\u0103ng \u1ee9ng d\u1ee5ng tr\u00e1ng ph\u1ee7 c\u1ee5c b\u1ed9 2D, t\u1ea1o hi\u1ec7u \u1ee9ng k\u1ebft c\u1ea5u 3D, \u00e9p nh\u0169 n\u00f3ng tr\u00ean c\u00e1c v\u1ecb tr\u00ed d\u1eadp n\u1ed5i \u0111\u01b0\u1ee3c x\u00e1c \u0111\u1ecbnh, c\u0169ng nh\u01b0 t\u00edch h\u1ee3p ngay tr\u00ean c\u00f9ng m\u1ed9t h\u1ec7 th\u1ed1ng c\u00e1c tu\u1ef3 ch\u1ecdn in k\u1ef9 thu\u1eadt s\u1ed1 CMYK v\u00e0 b\u1ebf cu\u1ed9n demi d\u00e0nh cho c\u00e1c th\u00e0nh ph\u1ea9m d\u1ea1ng cu\u1ed9n m\u00e0 Kh\u00f4ng c\u1ea7n d\u00f9ng \u0111\u1ebfn khu\u00f4n b\u1ebf, Kh\u00f4ng c\u1ea7n khu\u00f4n in v\u00e0 l\u1ea1i d\u1ec5 s\u1eed d\u1ee5ng.<\/span><\/p>\n<p style=\"text-align: center;\"><iframe loading=\"lazy\" src=\"\/\/www.youtube.com\/embed\/T86XCuWcrQ8\" width=\"560\" height=\"314\" allowfullscreen=\"allowfullscreen\"><\/iframe><\/p>\n<h4><span style=\"color: #c0167b;\"><strong>\u0110\u1eb7c t\u00ednh n\u1ed5i b\u1eadt c\u1ee7a d\u00f2ng JETvarnish 3D Web<\/strong><\/span><\/h4>\n<p style=\"text-align: center;\"><strong>C\u00e1c m\u1eabu in th\u00e0nh ph\u1ea9m tr\u00ean in tr\u00ean d\u00f2ng MGI<\/strong><\/p>\n<p style=\"text-align: center;\"><iframe loading=\"lazy\" src=\"\/\/www.youtube.com\/embed\/O3cUWqwY6R0?feature=emb_logo\" width=\"560\" height=\"314\" allowfullscreen=\"allowfullscreen\"><\/iframe><\/p>\n<ul>\n<li>N\u0103ng su\u1ea5t cao ch\u1ec9 v\u1edbi m\u1ed9t l\u1ea7n ch\u1ea1y<\/li>\n<li>Gi\u1ea3i ph\u00e1p k\u1ef9 thu\u1eadt s\u1ed1 t\u1ea1o hi\u1ec7u \u1ee9ng \u0111\u1eb7c bi\u1ec7t 2D\/3D<\/li>\n<li>\u0110\u1ecbnh v\u1ecb t\u1ef1 \u0111\u1ed9ng to\u00e0n b\u1ed9 v\u1ecb tr\u00ed tr\u00e1ng ph\u1ee7 nh\u1edd v\u00e0o AIS SmartScanner<\/li>\n<li>T\u1ed1c \u0111\u1ed9 tr\u00e1ng ph\u1ee7 l\u00ean \u0111\u1ebfn 2.077 t\u1edd kh\u1ed5 A3 m\u1ed7i gi\u1edd<\/li>\n<li>B\u1ed9 Software Suite \u0111\u01b0\u1ee3c cung c\u1ea5p \u0111\u1ec3 h\u1ed7 tr\u1ee3 s\u1eafp x\u1ebfp h\u1ee3p l\u00fd v\u00e0 trang b\u1ecb cho quy tr\u00ecnh s\u1ea3n xu\u1ea5t m\u1ed9t c\u00e1ch t\u1ed1i \u01b0u<\/li>\n<li>C\u00f4ng ngh\u1ec7 in phun UV Inkjet k\u1ebft h\u1ee3p v\u1edbi \u0111\u1ea7u in \u00e1p \u0111i\u1ec7n h\u1ed7 tr\u1ee3 ch\u1ee9c n\u0103ng phun m\u1ef1c theo y\u00eau c\u1ea7u s\u1ebd gi\u00fap mang l\u1ea1i nh\u1eefng b\u1ea3n in ch\u1ea5t l\u01b0\u1ee3ng cao cho doanh nghi\u1ec7p<\/li>\n<\/ul>\n<h4><span style=\"color: #c0167b;\"><strong>B\u1ea1n c\u00f3 bi\u1ebft?<\/strong><\/span><\/h4>\n<h4><img loading=\"lazy\" decoding=\"async\" class=\"aligncenter wp-image-9540 size-full\" src=\"https:\/\/www.konicaminolta.vn\/business\/wp-content\/uploads\/2022\/02\/MGI-Combined-Infographic-1-768x2631-vi-01.jpg\" alt=\"\" width=\"768\" height=\"2629\" srcset=\"https:\/\/www.konicaminolta.vn\/business\/wp-content\/uploads\/2022\/02\/MGI-Combined-Infographic-1-768x2631-vi-01.jpg 768w, https:\/\/www.konicaminolta.vn\/business\/wp-content\/uploads\/2022\/02\/MGI-Combined-Infographic-1-768x2631-vi-01-88x300.jpg 88w, https:\/\/www.konicaminolta.vn\/business\/wp-content\/uploads\/2022\/02\/MGI-Combined-Infographic-1-768x2631-vi-01-299x1024.jpg 299w, https:\/\/www.konicaminolta.vn\/business\/wp-content\/uploads\/2022\/02\/MGI-Combined-Infographic-1-768x2631-vi-01-600x2054.jpg 600w\" sizes=\"auto, (max-width: 768px) 100vw, 768px\" \/><\/h4>\n","protected":false},"excerpt":{"rendered":"<p style=\"text-align: justify;\"><strong>N\u00e2ng cao ch\u1ea5t l\u01b0\u1ee3ng v\u00e0 t\u00ednh linh ho\u1ea1t cho quy tr\u00ecnh s\u1ea3n xu\u1ea5t bao b\u00ec tem nh\u00e3n<\/strong><\/p>\n<p style=\"text-align: justify;\">JETvarnish 3D Web ch\u00ednh l\u00e0 gi\u1ea3i ph\u00e1p l\u00fd t\u01b0\u1edfng d\u00e0nh cho h\u1ec7 th\u1ed1ng in tem nh\u00e3n v\u00e0 c\u00e1c nh\u00e0 s\u1ea3n xu\u1ea5t in \u1ea5n bao b\u00ec \u0111ang t\u00ecm ki\u1ebfm nh\u1eefng ph\u01b0\u01a1ng th\u1ee9c \u0111\u1ec3 \u1ee9ng d\u1ee5ng k\u1ef9 thu\u1eadt s\u1ed1 t\u1ea1o n\u00ean s\u1ef1 kh\u00e1c bi\u1ec7t trong d\u1ecbch v\u1ee5. Gi\u1ea3i ph\u00e1p tr\u00ean web s\u1ebd bi\u1ebfn th\u00e0nh ph\u1ea9m in th\u00e0nh nh\u1eefng s\u1ea3n ph\u1ea9m \u1ea5n t\u01b0\u1ee3ng thu h\u00fat nhi\u1ec1u s\u1ef1 ch\u00fa \u00fd c\u1ee7a kh\u00e1ch h\u00e0ng. Th\u1ecb tr\u01b0\u1eddng in bao b\u00ec v\u00e0 tem nh\u00e3n \u0111ang ng\u00e0y m\u1ed9t ph\u00e1t tri\u1ec3n \u0111\u00f2i h\u1ecfi doanh nghi\u1ec7p ph\u1ea3i n\u1ed7 l\u1ef1c \u0111\u1ec3 \u0111\u1ea1t t\u00ednh linh ho\u1ea1t cao h\u01a1n, t\u1ed1c \u0111\u1ed9 in nhanh h\u01a1n, th\u1eddi gian giao h\u00e0ng s\u1edbm h\u01a1n v\u00e0 n\u00e2ng cao t\u00ednh c\u00e1 nh\u00e2n h\u00f3a tr\u00ean t\u1eebng s\u1ea3n ph\u1ea9m. V\u1edbi JETvarnish 3D Web, doanh nghi\u1ec7p c\u00f3 th\u1ec3 d\u1ec5 d\u00e0ng t\u1ea1o n\u00ean nh\u1eefng th\u00e0nh ph\u1ea9m in v\u1edbi c\u00e1c chi ti\u1ebft n\u1ed5i b\u1eadt v\u00e0 hi\u1ec7u \u1ee9ng 3D mang l\u1ea1i c\u1ea3m nh\u1eadn x\u00fac gi\u00e1c cho ng\u01b0\u1eddi d\u00f9ng b\u1ea5t k\u1ec3 \u0111\u1ed1i v\u1edbi m\u1ecdi b\u1ea3n in k\u1ef9 thu\u1eadt s\u1ed1, in flexo hay in offset.<\/p>\n","protected":false},"featured_media":10507,"comment_status":"closed","ping_status":"closed","template":"","meta":[],"product_cat":[146],"product_tag":[],"class_list":["post-9525","product","type-product","status-publish","has-post-thumbnail","hentry","product_cat-in-cong-nghiep"],"_links":{"self":[{"href":"https:\/\/www.konicaminolta.vn\/business\/wp-json\/wp\/v2\/product\/9525","targetHints":{"allow":["GET"]}}],"collection":[{"href":"https:\/\/www.konicaminolta.vn\/business\/wp-json\/wp\/v2\/product"}],"about":[{"href":"https:\/\/www.konicaminolta.vn\/business\/wp-json\/wp\/v2\/types\/product"}],"replies":[{"embeddable":true,"href":"https:\/\/www.konicaminolta.vn\/business\/wp-json\/wp\/v2\/comments?post=9525"}],"wp:featuredmedia":[{"embeddable":true,"href":"https:\/\/www.konicaminolta.vn\/business\/wp-json\/wp\/v2\/media\/10507"}],"wp:attachment":[{"href":"https:\/\/www.konicaminolta.vn\/business\/wp-json\/wp\/v2\/media?parent=9525"}],"wp:term":[{"taxonomy":"product_cat","embeddable":true,"href":"https:\/\/www.konicaminolta.vn\/business\/wp-json\/wp\/v2\/product_cat?post=9525"},{"taxonomy":"product_tag","embeddable":true,"href":"https:\/\/www.konicaminolta.vn\/business\/wp-json\/wp\/v2\/product_tag?post=9525"}],"curies":[{"name":"wp","href":"https:\/\/api.w.org\/{rel}","templated":true}]}}