{"id":9533,"date":"2022-02-11T14:46:09","date_gmt":"2022-02-11T08:18:10","guid":{"rendered":"https:\/\/www.konicaminolta.vn\/business\/?post_type=product&#038;p=9533"},"modified":"2026-01-08T09:54:56","modified_gmt":"2026-01-08T02:54:56","slug":"accurioshine-3600","status":"publish","type":"product","link":"https:\/\/www.konicaminolta.vn\/business\/product\/accurioshine-3600\/","title":{"rendered":"AccurioShine 3600 v\u1edbi iFOIL One"},"content":{"rendered":"<h4 style=\"text-align: center;\"><span style=\"color: #0062c2;\"><strong>D\u00f2ng m\u00e1y AccurioShine 3600 \u0111\u1ebfn t\u1eeb Konica Minolta<br \/>\nGi\u1ea3i ph\u00e1p h\u1ed7 tr\u1ee3 doanh nghi\u1ec7p trang tr\u00ed th\u00e0nh ph\u1ea9m in<\/strong><\/span><\/h4>\n<p style=\"text-align: center;\"><iframe loading=\"lazy\" src=\"\/\/www.youtube.com\/embed\/je3Fr8sjLB4\" width=\"560\" height=\"314\" allowfullscreen=\"allowfullscreen\"><\/iframe><\/p>\n<p style=\"text-align: justify;\">D\u00f2ng m\u00e1y\u00a0<strong>AccurioShine 3600<\/strong> \u1ee9ng d\u1ee5ng c\u00f4ng ngh\u1ec7 \u0111\u1ed9t ph\u00e1 v\u1edbi hi\u1ec7u \u1ee9ng \u0111\u1ed5 b\u00f3ng 2D v\u00e0 3D, gi\u00fap \u0111\u01a1n gi\u1ea3n h\u00f3a quy tr\u00ecnh trang tr\u00ed th\u00e0nh ph\u1ea9m sau in, h\u1ed7 tr\u1ee3 doanh nghi\u1ec7p trong vi\u1ec7c t\u00f4 \u0111i\u1ec3m cho c\u00e1c b\u1ea3n in v\u1edbi m\u1ed9t chi ph\u00ed h\u1ee3p l\u00fd. V\u1edbi thi\u1ebft k\u1ebf nh\u1ecf g\u1ecdn, d\u00f2ng m\u00e1y AccurioShine 3600 l\u00e0 m\u1ed9t \u1ee9ng d\u1ee5ng in \u1ea5n k\u1ef9 thu\u1eadt s\u1ed1 to\u00e0n di\u1ec7n, <span id=\"7p67e_6qh2m_5i0ek\" class=\"\" data-text=\"true\" data-z-element-type=\"rtf-text\" data-is-whitespace=\"false\">k\u1ebft h\u1ee3p <\/span><span id=\"7p67e_6qh2m_87vab\" class=\"\" data-text=\"true\" data-z-element-type=\"rtf-text\" data-is-whitespace=\"false\">c\u00f4ng ngh\u1ec7 \u0111\u1ecbnh v\u1ecb \u0111a \u0111i\u1ec3m \u0111\u1ed9c quy\u1ec1n d\u1ef1a tr\u00ean n\u1ec1n t\u1ea3ng AI h\u00e0ng \u0111\u1ea7u <\/span><span id=\"7p67e_6qh2m_dogna\" class=\"\" data-text=\"true\" data-z-element-type=\"rtf-text\" data-is-whitespace=\"false\">v\u00e0 h\u1ec7 th\u1ed1ng s\u1ea5y b\u1eb1ng \u0111\u00e8n LED th\u00e2n thi\u1ec7n v\u1edbi m\u00f4i tr\u01b0\u1eddng<\/span>. AccurioShine 3600 h\u1ed7 tr\u1ee3 doanh nghi\u1ec7p trong vi\u1ec7c \u0111\u00e1p \u1ee9ng m\u1ecdi nhu c\u1ea7u c\u1ee7a kh\u00e1ch h\u00e0ng nh\u1edd v\u00e0o c\u00e1c th\u00e0nh ph\u1ea9m in \u0111\u01b0\u1ee3c trang tr\u00ed v\u1edbi hi\u1ec7u \u1ee9ng n\u1ed5i b\u1eadt, \u0111\u1ed3ng th\u1eddi h\u1ed7 tr\u1ee3 n\u00e2ng cao t\u1ef7 su\u1ea5t l\u1ee3i nhu\u1eadn cho doanh nghi\u1ec7p<\/p>\n<h4><span style=\"color: #c0167b;\"><strong>\u0110\u1eb7c t\u00ednh n\u1ed5i b\u1eadt\u00a0<\/strong><\/span><\/h4>\n<p style=\"text-align: center;\"><strong>H\u1ed7 tr\u1ee3 doanh nghi\u1ec7p ph\u00e1t tri\u1ec3n v\u1edbi ch\u1ee9c n\u0103ng ho\u00e0n thi\u1ec7n th\u00e0nh ph\u1ea9m in mang gi\u00e1 tr\u1ecb cao v\u00e0 mang \u0111\u1ebfn s\u1ef1 h\u00e0i l\u00f2ng cho qu\u00fd kh\u00e1ch h\u00e0ng<\/strong><\/p>\n<p><img loading=\"lazy\" decoding=\"async\" class=\"aligncenter wp-image-9530 size-full\" src=\"https:\/\/www.konicaminolta.vn\/business\/wp-content\/uploads\/2022\/02\/Picture1.jpg\" alt=\"\" width=\"325\" height=\"217\" srcset=\"https:\/\/www.konicaminolta.vn\/business\/wp-content\/uploads\/2022\/02\/Picture1.jpg 325w, https:\/\/www.konicaminolta.vn\/business\/wp-content\/uploads\/2022\/02\/Picture1-300x200.jpg 300w\" sizes=\"auto, (max-width: 325px) 100vw, 325px\" \/><\/p>\n<ul>\n<li>Thi\u1ebft k\u1ebf nh\u1ecf g\u1ecdn nh\u01b0ng c\u00f3 kh\u1ea3 n\u0103ng cung c\u1ea5p \u0111a d\u1ea1ng nhi\u1ec1u \u1ee9ng d\u1ee5ng trang tr\u00ed th\u00e0nh ph\u1ea9m sau in \u0111\u1ed9c \u0111\u00e1o v\u00e0 \u1ea5n t\u01b0\u1ee3ng<\/li>\n<li>C\u00f3 kh\u1ea3 n\u0103ng ho\u00e0n thi\u1ec7n hi\u1ec7u \u1ee9ng 2D v\u00e0 3D tr\u00ean nhi\u1ec1u lo\u1ea1i gi\u1ea5y, v\u1eadt li\u1ec7u nh\u1ef1a, ch\u1ea5t t\u1ed5ng h\u1ee3p v\u00e0 th\u00f9ng carton t\u1eeb 135 cho \u0111\u1ebfn 450 gsm<\/li>\n<li><span id=\"63qvo_9jv3g_c2hjm\" class=\"\" data-text=\"true\" data-z-element-type=\"rtf-text\" data-is-whitespace=\"false\">H\u1ec7 th\u1ed1ng \u0111\u1ecbnh v\u1ecb t\u1ef1 \u0111\u1ed9ng th\u00f4ng minh v\u00e0 linh ho\u1ea1t<\/span><span id=\"63qvo_9jv3g_8d2af\" class=\"\" data-text=\"true\" data-z-element-type=\"rtf-text\" data-is-whitespace=\"false\"> cho ph\u00e9p b\u1ea1n d\u1ec5 d\u00e0ng t\u1ea1o c\u00e1c t\u1ec7p in v\u1edbi \u0111\u1ed9 ch\u00ednh x\u00e1c ho\u00e0n h\u1ea3o v\u00e0 gi\u1ea3m thi\u1ec3u l\u00e3ng ph\u00ed.<\/span><\/li>\n<li>C\u00f4ng ngh\u1ec7 th\u00e2n thi\u1ec7n v\u1edbi m\u00f4i tr\u01b0\u1eddng \u0111\u01b0\u1ee3c \u1ee9ng d\u1ee5ng gi\u00fap gi\u1ea3m l\u00e3ng ph\u00ed trong qu\u00e1 tr\u00ecnh in, ti\u1ebft ki\u1ec7m gi\u1ea5y v\u00e0 \u0111i\u1ec7n n\u0103ng ti\u00eau th\u1ee5<\/li>\n<li>R\u00fat ng\u1eafn th\u1eddi gian in v\u00e0 thi\u1ebft l\u1eadp h\u1ec7 th\u1ed1ng \u0111\u01a1n gi\u1ea3n<\/li>\n<li>M\u1ed9t s\u1ed1 t\u00f9y ch\u1ecdn b\u1ed5 sung bao g\u1ed3m H\u1ec7 th\u1ed1ng X\u1eed l\u00fd Corona (CTS) v\u00e0 Tr\u00ecnh chuy\u1ec3n \u0111\u1ed5i t\u1ec7p PDF t\u1ef1 \u0111\u1ed9ng gi\u00fap m\u1edf ra nhi\u1ec1u c\u01a1 h\u1ed9i kinh doanh<\/li>\n<\/ul>\n<h4><span style=\"color: #c0167b;\">Gi\u1edbi thi\u1ec7u AccurioShine 3600 v\u1edbi iFOIL One<\/span><\/h4>\n<p style=\"text-align: center;\"><iframe loading=\"lazy\" src=\"\/\/www.youtube.com\/embed\/iHAXHMAYvRs\" width=\"560\" height=\"314\" allowfullscreen=\"allowfullscreen\"><\/iframe><\/p>\n<p style=\"text-align: justify;\">Kh\u00f4ng c\u00f3 g\u00ec t\u1ea1o \u1ea5n t\u01b0\u1ee3ng b\u1eb1ng nh\u1eefng v\u1eadt ph\u1ea9m c\u00e1 nh\u00e2n y\u00eau th\u00edch \u0111\u01b0\u1ee3c m\u1ea1 v\u00e0ng. L\u1ea7n \u0111\u1ea7u ti\u00ean, b\u1ea1n c\u00f3 th\u1ec3 d\u1eadp n\u1ed5i c\u00e1c t\u00e1c v\u1ee5 d\u1eef li\u1ec7u bi\u1ebfn \u0111\u1ed5i v\u1edbi\u00a0iFOIL One \u0111\u1ed9t ph\u00e1. \u0110\u01a1n v\u1ecb t\u00f9y ch\u1ecdn n\u00e0y c\u00f3 th\u1ec3 \u0111\u01b0\u1ee3c th\u00eam v\u00e0o h\u1ec7 th\u1ed1ng c\u1ee7a b\u1ea1n \u0111\u1ec3 k\u00edch ho\u1ea1t c\u00e1c ph\u1ea7n t\u1eed l\u00e1 kim lo\u1ea1i d\u1eebng hi\u1ec3n th\u1ecb trong t\u00e1c ph\u1ea9m in c\u1ee7a b\u1ea1n \u1edf c\u1ea3 2D v\u00e0 3D tr\u00ean t\u1ea5t c\u1ea3 c\u00e1c b\u1ec1 m\u1eb7t gi\u1ed1ng nh\u01b0 \u0111\u1ed9 b\u00f3ng. Ho\u00e0n to\u00e0n s\u1ed1 h\u00f3a, bi\u1ebfn \u0111\u1ed5i v\u00e0 t\u00edch h\u1ee3p.<\/p>\n<p><strong>iFOIL One &#8211; D\u1eadp l\u00e1 ph\u00f4i n\u00f3ng bi\u1ebfn \u0111\u1ed5i<\/strong><\/p>\n<p><img loading=\"lazy\" decoding=\"async\" class=\"aligncenter size-full wp-image-10126\" src=\"https:\/\/www.konicaminolta.vn\/business\/wp-content\/uploads\/2022\/02\/IMG_001-300x181.jpeg\" alt=\"\" width=\"300\" height=\"181\" \/><\/p>\n<p style=\"text-align: justify;\">Ch\u01b0a bao gi\u1edd s\u1ef1 phong ph\u00fa c\u1ee7a vi\u1ec7c d\u1eadp n\u1ed5i nh\u0169\/ kim lo\u1ea1i x\u00e1c v\u00e0 s\u1ef1 d\u1ec5 d\u00e0ng c\u1ee7a vi\u1ec7c in d\u1eef li\u1ec7u bi\u1ebfn s\u1ed1 k\u1ef9 thu\u1eadt s\u1ed1 n\u1ed9i tuy\u1ebfn l\u1ea1i \u0111\u01b0\u1ee3c k\u1ebft h\u1ee3p nh\u01b0 v\u1eady. Theo ph\u01b0\u01a1ng th\u1ee9c truy\u1ec1n th\u1ed1ng, m\u1ed9t quy tr\u00ecnh s\u1eed d\u1ee5ng nhi\u1ec1u lao \u0111\u1ed9ng \u0111\u00f2i h\u1ecfi chuy\u00ean m\u00f4n cao v\u00e0 ph\u1ee9c t\u1ea1p, hi\u1ec7u \u1ee9ng d\u1eadp n\u1ed5i l\u00e1 ph\u00f4i v\u1eabn n\u1eb1m ngo\u00e0i t\u1ea7m v\u1edbi c\u1ee7a nhi\u1ec1u m\u00e1y in s\u1ea3n xu\u1ea5t. Thi\u1ebft b\u1ecb\u00a0iFOIL One\u00a0\u0111\u1ea7u ti\u00ean trong ng\u00e0nh gi\u00fap vi\u1ec7c n\u00e0y tr\u1edf n\u00ean d\u1ec5 d\u00e0ng, t\u00edch h\u1ee3p t\u00ednh n\u0103ng d\u1eadp n\u00f3ng \u1edf d\u1ea1ng 2D v\u00e0 3D v\u00e0o m\u00e1y AccurioShine 3600 c\u1ee7a Konica Minolta. S\u1eed d\u1ee5ng h\u1ec7 th\u1ed1ng \u0111\u01b0\u1ee3c s\u1ed1 h\u00f3a ho\u00e0n to\u00e0n v\u1edbi d\u1eef li\u1ec7u bi\u1ebfn \u0111\u1ed5i \u0111\u1ec3 \u00e1p d\u1ee5ng c\u00e1c y\u1ebfu t\u1ed1 gi\u1ea5y b\u1ea1c \u0111\u01b0\u1ee3c c\u00e1 nh\u00e2n h\u00f3a nh\u1eb1m \u0111\u1ea1t \u0111\u01b0\u1ee3c s\u1ef1 th\u1ec3 hi\u1ec7n sang tr\u1ecdng t\u1ed1i \u01b0u. iFOIL One \u00e1p d\u1ee5ng vecni, nhi\u1ec7t v\u00e0 \u00e1p su\u1ea5t \u0111\u1ec3 th\u1ef1c hi\u1ec7n t\u00e1c l\u1ec7nh t\u1ea1o th\u00e0nh ph\u1ea9m v\u1edbi \u0111\u1ed9 ch\u00ednh x\u00e1c cao \u1edf t\u1ed1c \u0111\u1ed9 l\u00ean t\u1edbi 2.298 t\u1edd A3 m\u1ed7i gi\u1edd.<\/p>\n<h4><span style=\"color: #c0167b;\"><strong>B\u1ea1n c\u00f3 <span style=\"color: #c0167b;\">bi\u1ebft<\/span>?<\/strong><\/span><\/h4>\n<p><img loading=\"lazy\" decoding=\"async\" class=\"aligncenter wp-image-9538 size-full\" src=\"https:\/\/www.konicaminolta.vn\/business\/wp-content\/uploads\/2022\/02\/Advantage_of_AccurioShine3600_Infographic-vi-01.jpg\" alt=\"\" width=\"570\" height=\"2016\" srcset=\"https:\/\/www.konicaminolta.vn\/business\/wp-content\/uploads\/2022\/02\/Advantage_of_AccurioShine3600_Infographic-vi-01.jpg 570w, https:\/\/www.konicaminolta.vn\/business\/wp-content\/uploads\/2022\/02\/Advantage_of_AccurioShine3600_Infographic-vi-01-85x300.jpg 85w\" sizes=\"auto, (max-width: 570px) 100vw, 570px\" \/><\/p>\n","protected":false},"excerpt":{"rendered":"<p style=\"text-align: justify;\"><strong>N\u00e2ng cao hi\u1ec7u \u1ee9ng 3D v\u1edbi l\u1edbp ph\u1ee7 UV c\u1ee5c b\u1ed9 k\u1ef9 thu\u1eadt s\u1ed1<\/strong><\/p>\n<p style=\"text-align: justify;\">Trong ng\u00e0nh c\u00f4ng nghi\u1ec7p in \u1ea5n, nhu c\u1ea7u t\u1ea1o n\u00ean nh\u1eefng s\u1ea3n ph\u1ea9m mang d\u1ea5u \u1ea5n ri\u00eang m\u00e0 \u0111\u1eadm t\u00ednh c\u00e1 nh\u00e2n h\u00f3a \u0111ang ng\u00e0y m\u1ed9t gia t\u0103ng. V\u1edbi hi\u1ec7u \u1ee9ng 2D v\u00e0 3D, doanh nghi\u1ec7p c\u00f3 th\u1ec3 mang \u0111\u1ebfn cho qu\u00fd kh\u00e1ch h\u00e0ng nh\u1eefng th\u00e0nh ph\u1ea9m in b\u1eaft m\u1eaft, \u0111\u1ec3 t\u1eeb \u0111\u00f3 thu \u0111\u01b0\u1ee3c l\u1ee3i nhu\u1eadn cao h\u01a1n. V\u1edbi d\u00f2ng m\u00e1y AccurioShine 3600 \u0111\u1ebfn t\u1eeb Konica Minolta, doanh nghi\u1ec7p c\u00f3 th\u1ec3 \u0111\u00e1p \u1ee9ng m\u1ecdi nhu c\u1ea7u in \u1ea5n ph\u1ee9c t\u1ea1p nh\u1ea5t v\u00e0 \u0111\u1ea3m b\u1ea3o cho m\u1ecdi ho\u1ea1t \u0111\u1ed9ng kinh doanh \u0111\u1ea1t hi\u1ec7u qu\u1ea3 cao.<\/p>\n","protected":false},"featured_media":10505,"comment_status":"closed","ping_status":"closed","template":"","meta":[],"product_cat":[146],"product_tag":[],"class_list":["post-9533","product","type-product","status-publish","has-post-thumbnail","hentry","product_cat-in-cong-nghiep"],"_links":{"self":[{"href":"https:\/\/www.konicaminolta.vn\/business\/wp-json\/wp\/v2\/product\/9533","targetHints":{"allow":["GET"]}}],"collection":[{"href":"https:\/\/www.konicaminolta.vn\/business\/wp-json\/wp\/v2\/product"}],"about":[{"href":"https:\/\/www.konicaminolta.vn\/business\/wp-json\/wp\/v2\/types\/product"}],"replies":[{"embeddable":true,"href":"https:\/\/www.konicaminolta.vn\/business\/wp-json\/wp\/v2\/comments?post=9533"}],"wp:featuredmedia":[{"embeddable":true,"href":"https:\/\/www.konicaminolta.vn\/business\/wp-json\/wp\/v2\/media\/10505"}],"wp:attachment":[{"href":"https:\/\/www.konicaminolta.vn\/business\/wp-json\/wp\/v2\/media?parent=9533"}],"wp:term":[{"taxonomy":"product_cat","embeddable":true,"href":"https:\/\/www.konicaminolta.vn\/business\/wp-json\/wp\/v2\/product_cat?post=9533"},{"taxonomy":"product_tag","embeddable":true,"href":"https:\/\/www.konicaminolta.vn\/business\/wp-json\/wp\/v2\/product_tag?post=9533"}],"curies":[{"name":"wp","href":"https:\/\/api.w.org\/{rel}","templated":true}]}}